{"id":10134,"date":"2025-03-15T13:29:20","date_gmt":"2025-03-15T11:29:20","guid":{"rendered":"https:\/\/keluvo.com\/no\/produkt\/selvlasende-hengsler-2\/"},"modified":"2025-03-16T11:32:08","modified_gmt":"2025-03-16T09:32:08","slug":"selvlasende-hengsler-2","status":"publish","type":"product","link":"https:\/\/keluvo.com\/no\/produkt\/selvlasende-hengsler-2\/","title":{"rendered":"Selvl\u00e5sende hengsler"},"content":{"rendered":"<h2 style=\"text-align: center;\">Sikkert Selvl\u00e5sende Design<\/h2>\n<p style=\"text-align: center;\">For \u00e5 \u00f8ke sikkerheten har disse hengslene en fj\u00e6raktivert, selvlukkende funksjon som kan l\u00e5ses i \u00e5pen stilling. N\u00e5r de ikke er i bruk, klikker du bare p\u00e5 l\u00e5sen og sl\u00e5r dem sammen for \u00e5 f\u00e5 mer plass.<\/p>\n<p><img decoding=\"async\" class=\"alignnone size-medium wp-image-4608 aligncenter\" src=\"https:\/\/keluvo.com\/template\/wp-content\/uploads\/sites\/5\/2024\/12\/0e0df975-a829-4e92-8507-d85b10809958.webp\" alt=\"\" \/><\/p>\n<h2><\/h2>\n<h2 style=\"text-align: center;\"><strong>Justerbare Og Allsidige<\/strong><\/h2>\n<p style=\"text-align: center;\">Med et rotasjonsomr\u00e5de p\u00e5 90 grader gj\u00f8r de selvl\u00e5sende hengslene det enkelt \u00e5 justere dem for ulike m\u00f8beltyper. De er ideelle for \u00e5 lage sammenleggbare bord, sovesofaer eller forlenge m\u00f8belben. Fleksibiliteten gj\u00f8r dem egnet for b\u00e5de hjemmebruk og industriell bruk.<\/p>\n<h2 style=\"text-align: center;\"><img decoding=\"async\" class=\"alignnone size-medium wp-image-4609 aligncenter\" src=\"https:\/\/keluvo.com\/template\/wp-content\/uploads\/sites\/5\/2024\/12\/1229ffa8-ef6b-499e-b00c-2df64d92a25b.webp\" alt=\"\" \/><br \/>\n<strong>Usynlig<\/strong><\/h2>\n<p style=\"text-align: center;\">Den lille st\u00f8rrelsen s\u00f8rger for at den ikke er synlig mesteparten av tiden.<\/p>\n<h2 style=\"text-align: center;\"><img decoding=\"async\" class=\"size-medium wp-image-12333 aligncenter\" src=\"https:\/\/keluvo.com\/template\/wp-content\/uploads\/sites\/5\/2024\/12\/30-8_39780437-b318-493a-9660-e6f707f09e3b_480x480.webp\" alt=\"\" \/><br \/>\n<strong>Kraftig<\/strong><\/h2>\n<p style=\"text-align: center;\">Foldbart, selvl\u00e5sende bordstativ med kraftig konstruksjon.<\/p>\n<h2 style=\"text-align: center;\"><img decoding=\"async\" class=\"size-medium wp-image-12335 aligncenter\" src=\"https:\/\/keluvo.com\/template\/wp-content\/uploads\/sites\/5\/2024\/12\/7_2bf83b0d-f9f0-46f6-9e15-dab5ba2ed190_480x480.webp\" alt=\"\" \/><br \/>\n<strong>Bredt Bruksomr\u00e5de<\/strong><\/h2>\n<p style=\"text-align: center;\">Foldbart stativ er ideelt for kj\u00f8kken, klesvask, detaljhandel, supermarked, lagring, industrielt vedlikehold, kontor, boligoppbevaring.<\/p>\n<p><img decoding=\"async\" class=\"size-medium wp-image-12336 aligncenter\" src=\"https:\/\/keluvo.com\/template\/wp-content\/uploads\/sites\/5\/2024\/12\/30-6_43724804-725c-463f-ba58-c1725c3bb34f_480x480.webp\" alt=\"\" \/><\/p>\n","protected":false},"excerpt":{"rendered":"<p>Sikkert Selvl\u00e5sende Design For \u00e5 \u00f8ke sikkerheten har disse hengslene en fj\u00e6raktivert, selvlukkende funksjon som kan l\u00e5ses i \u00e5pen stilling. [&hellip;]<\/p>\n","protected":false},"featured_media":10130,"comment_status":"open","ping_status":"closed","template":"","meta":{"site-sidebar-layout":"default","site-content-layout":"","ast-site-content-layout":"default","site-content-style":"default","site-sidebar-style":"default","ast-global-header-display":"","ast-banner-title-visibility":"","ast-main-header-display":"","ast-hfb-above-header-display":"","ast-hfb-below-header-display":"","ast-hfb-mobile-header-display":"","site-post-title":"","ast-breadcrumbs-content":"","ast-featured-img":"","footer-sml-layout":"","theme-transparent-header-meta":"default","adv-header-id-meta":"","stick-header-meta":"","header-above-stick-meta":"","header-main-stick-meta":"","header-below-stick-meta":"","astra-migrate-meta-layouts":"set","ast-page-background-enabled":"default","ast-page-background-meta":{"desktop":{"background-color":"var(--ast-global-color-4)","background-image":"","background-repeat":"repeat","background-position":"center center","background-size":"auto","background-attachment":"scroll","background-type":"","background-media":"","overlay-type":"","overlay-color":"","overlay-opacity":"","overlay-gradient":""},"tablet":{"background-color":"","background-image":"","background-repeat":"repeat","background-position":"center center","background-size":"auto","background-attachment":"scroll","background-type":"","background-media":"","overlay-type":"","overlay-color":"","overlay-opacity":"","overlay-gradient":""},"mobile":{"background-color":"","background-image":"","background-repeat":"repeat","background-position":"center center","background-size":"auto","background-attachment":"scroll","background-type":"","background-media":"","overlay-type":"","overlay-color":"","overlay-opacity":"","overlay-gradient":""}},"ast-content-background-meta":{"desktop":{"background-color":"var(--ast-global-color-5)","background-image":"","background-repeat":"repeat","background-position":"center center","background-size":"auto","background-attachment":"scroll","background-type":"","background-media":"","overlay-type":"","overlay-color":"","overlay-opacity":"","overlay-gradient":""},"tablet":{"background-color":"var(--ast-global-color-5)","background-image":"","background-repeat":"repeat","background-position":"center center","background-size":"auto","background-attachment":"scroll","background-type":"","background-media":"","overlay-type":"","overlay-color":"","overlay-opacity":"","overlay-gradient":""},"mobile":{"background-color":"var(--ast-global-color-5)","background-image":"","background-repeat":"repeat","background-position":"center center","background-size":"auto","background-attachment":"scroll","background-type":"","background-media":"","overlay-type":"","overlay-color":"","overlay-opacity":"","overlay-gradient":""}}},"product_brand":[],"product_cat":[1001],"product_tag":[],"class_list":{"0":"post-10134","1":"product","2":"type-product","3":"status-publish","4":"has-post-thumbnail","6":"product_cat-husholdningsartikler","7":"pa_xb18qbkc-gull","8":"pa_xb18qbkc-hvit","9":"pa_xb18qbkc-svart","10":"desktop-align-left","11":"tablet-align-left","12":"mobile-align-left","14":"first","15":"instock","16":"shipping-taxable","17":"purchasable","18":"product-type-variable"},"_links":{"self":[{"href":"https:\/\/keluvo.com\/no\/wp-json\/wp\/v2\/product\/10134","targetHints":{"allow":["GET"]}}],"collection":[{"href":"https:\/\/keluvo.com\/no\/wp-json\/wp\/v2\/product"}],"about":[{"href":"https:\/\/keluvo.com\/no\/wp-json\/wp\/v2\/types\/product"}],"replies":[{"embeddable":true,"href":"https:\/\/keluvo.com\/no\/wp-json\/wp\/v2\/comments?post=10134"}],"wp:featuredmedia":[{"embeddable":true,"href":"https:\/\/keluvo.com\/no\/wp-json\/wp\/v2\/media\/10130"}],"wp:attachment":[{"href":"https:\/\/keluvo.com\/no\/wp-json\/wp\/v2\/media?parent=10134"}],"wp:term":[{"taxonomy":"product_brand","embeddable":true,"href":"https:\/\/keluvo.com\/no\/wp-json\/wp\/v2\/product_brand?post=10134"},{"taxonomy":"product_cat","embeddable":true,"href":"https:\/\/keluvo.com\/no\/wp-json\/wp\/v2\/product_cat?post=10134"},{"taxonomy":"product_tag","embeddable":true,"href":"https:\/\/keluvo.com\/no\/wp-json\/wp\/v2\/product_tag?post=10134"}],"curies":[{"name":"wp","href":"https:\/\/api.w.org\/{rel}","templated":true}]}}