{"id":10119,"date":"2025-03-15T13:18:34","date_gmt":"2025-03-15T11:18:34","guid":{"rendered":"https:\/\/keluvo.com\/no\/produkt\/negletrimmer-for-babynegler-2\/"},"modified":"2025-03-16T11:36:10","modified_gmt":"2025-03-16T09:36:10","slug":"negleklipperen-til-baby","status":"publish","type":"product","link":"https:\/\/keluvo.com\/no\/produkt\/negleklipperen-til-baby\/","title":{"rendered":"Negleklipperen til baby"},"content":{"rendered":"<h2 style=\"text-align: center;\"><strong>Praktisk Og Ergonomisk<\/strong><\/h2>\n<p style=\"text-align: center;\">Negleklipperen til baby er spesialdesignet for \u00e5 gi trygg og komfortabel negleklipping for den lille.<\/p>\n<p style=\"text-align: center;\">Med sin kompakte st\u00f8rrelse og ergonomiske design er den enkel for foreldre \u00e5 bruke, selv n\u00e5r de er p\u00e5 farten.<\/p>\n<p style=\"text-align: center;\">Det lette designet gj\u00f8r at du kan ta den med deg hvor som helst, enten det er hjemme eller p\u00e5 utflukter.<\/p>\n<p style=\"text-align: center;\">Hver detalj er designet for \u00e5 gj\u00f8re negleklipping enklere, noe som reduserer stresset for deg og babyen din.<\/p>\n<p><img decoding=\"async\" class=\"alignnone size-medium wp-image-4084 aligncenter\" src=\"https:\/\/keluvo.com\/template\/wp-content\/uploads\/sites\/5\/2024\/11\/Sb1b7b685e2a1434db32659c04657b4e8N.jpg\" alt=\"\" \/><\/p>\n<h2><\/h2>\n<h2 style=\"text-align: center;\">Fullstendig Sikkerhet Og Komfort<\/h2>\n<p style=\"text-align: center;\">Laget av materialer av h\u00f8y kvalitet, er negleklipperen til baby slitesterk og enkel \u00e5 rengj\u00f8re.<br \/>\nDet kompakte designet gj\u00f8r den enkel \u00e5 oppbevare og transportere uten problemer.<br \/>\nDen er utstyrt med et beskyttelsesdeksel, slik at den alltid er ren og klar til bruk.<br \/>\nTakket v\u00e6re antisklisystemet har du bedre kontroll n\u00e5r du klipper neglene til babyen, slik at du f\u00e5r et rent og pent resultat.<\/p>\n<h2 style=\"text-align: center;\"><img decoding=\"async\" class=\"alignnone size-medium wp-image-4082 aligncenter\" src=\"https:\/\/keluvo.com\/template\/wp-content\/uploads\/sites\/5\/2024\/11\/S6bd073f9520a4380a2ffea5050f09ba14.jpg\" alt=\"\" \/><br \/>\n<strong>Stilleg\u00e5ende Og Komfortabel Passform<\/strong><\/h2>\n<p style=\"text-align: center;\">Negleklipperen til baby er stilleg\u00e5ende, noe som gj\u00f8r den ideell til \u00e5 klippe neglene til babyen din mens de sover.<\/p>\n<p style=\"text-align: center;\">Det vibrasjons-dempende designet s\u00f8rger for en jevn klipping uten \u00e5 forstyrre barnet ditt.<\/p>\n<p style=\"text-align: center;\">Den er enkel \u00e5 h\u00e5ndtere og gir rask og uanstrengt klipping, noe som gj\u00f8r dette \u00f8yeblikket hyggelig for b\u00e5de barnet og foreldrene.<\/p>\n<p style=\"text-align: center;\">Den er perfekt for daglig bruk og garanterer en pen manikyr med full sjelefred.<\/p>\n<p><img decoding=\"async\" class=\"size-medium wp-image-12328 aligncenter\" src=\"https:\/\/keluvo.com\/template\/wp-content\/uploads\/sites\/5\/2024\/11\/10-3-600x600-1.png\" alt=\"\" \/><\/p>\n","protected":false},"excerpt":{"rendered":"<p>Praktisk Og Ergonomisk Negleklipperen til baby er spesialdesignet for \u00e5 gi trygg og komfortabel negleklipping for den lille. Med sin [&hellip;]<\/p>\n","protected":false},"featured_media":10115,"comment_status":"open","ping_status":"closed","template":"","meta":{"site-sidebar-layout":"default","site-content-layout":"","ast-site-content-layout":"default","site-content-style":"default","site-sidebar-style":"default","ast-global-header-display":"","ast-banner-title-visibility":"","ast-main-header-display":"","ast-hfb-above-header-display":"","ast-hfb-below-header-display":"","ast-hfb-mobile-header-display":"","site-post-title":"","ast-breadcrumbs-content":"","ast-featured-img":"","footer-sml-layout":"","theme-transparent-header-meta":"default","adv-header-id-meta":"","stick-header-meta":"","header-above-stick-meta":"","header-main-stick-meta":"","header-below-stick-meta":"","astra-migrate-meta-layouts":"set","ast-page-background-enabled":"default","ast-page-background-meta":{"desktop":{"background-color":"var(--ast-global-color-4)","background-image":"","background-repeat":"repeat","background-position":"center center","background-size":"auto","background-attachment":"scroll","background-type":"","background-media":"","overlay-type":"","overlay-color":"","overlay-opacity":"","overlay-gradient":""},"tablet":{"background-color":"","background-image":"","background-repeat":"repeat","background-position":"center center","background-size":"auto","background-attachment":"scroll","background-type":"","background-media":"","overlay-type":"","overlay-color":"","overlay-opacity":"","overlay-gradient":""},"mobile":{"background-color":"","background-image":"","background-repeat":"repeat","background-position":"center center","background-size":"auto","background-attachment":"scroll","background-type":"","background-media":"","overlay-type":"","overlay-color":"","overlay-opacity":"","overlay-gradient":""}},"ast-content-background-meta":{"desktop":{"background-color":"var(--ast-global-color-5)","background-image":"","background-repeat":"repeat","background-position":"center center","background-size":"auto","background-attachment":"scroll","background-type":"","background-media":"","overlay-type":"","overlay-color":"","overlay-opacity":"","overlay-gradient":""},"tablet":{"background-color":"var(--ast-global-color-5)","background-image":"","background-repeat":"repeat","background-position":"center center","background-size":"auto","background-attachment":"scroll","background-type":"","background-media":"","overlay-type":"","overlay-color":"","overlay-opacity":"","overlay-gradient":""},"mobile":{"background-color":"var(--ast-global-color-5)","background-image":"","background-repeat":"repeat","background-position":"center center","background-size":"auto","background-attachment":"scroll","background-type":"","background-media":"","overlay-type":"","overlay-color":"","overlay-opacity":"","overlay-gradient":""}}},"product_brand":[],"product_cat":[990],"product_tag":[],"class_list":{"0":"post-10119","1":"product","2":"type-product","3":"status-publish","4":"has-post-thumbnail","6":"product_cat-leker-barne-og-babyprodukter","7":"pa_qs6wbbnd-bla","8":"pa_qs6wbbnd-gul","9":"pa_qs6wbbnd-hvit","10":"pa_qs6wbbnd-oransje","11":"pa_qs6wbbnd-rosa","12":"desktop-align-left","13":"tablet-align-left","14":"mobile-align-left","16":"first","17":"instock","18":"shipping-taxable","19":"purchasable","20":"product-type-variable"},"_links":{"self":[{"href":"https:\/\/keluvo.com\/no\/wp-json\/wp\/v2\/product\/10119","targetHints":{"allow":["GET"]}}],"collection":[{"href":"https:\/\/keluvo.com\/no\/wp-json\/wp\/v2\/product"}],"about":[{"href":"https:\/\/keluvo.com\/no\/wp-json\/wp\/v2\/types\/product"}],"replies":[{"embeddable":true,"href":"https:\/\/keluvo.com\/no\/wp-json\/wp\/v2\/comments?post=10119"}],"wp:featuredmedia":[{"embeddable":true,"href":"https:\/\/keluvo.com\/no\/wp-json\/wp\/v2\/media\/10115"}],"wp:attachment":[{"href":"https:\/\/keluvo.com\/no\/wp-json\/wp\/v2\/media?parent=10119"}],"wp:term":[{"taxonomy":"product_brand","embeddable":true,"href":"https:\/\/keluvo.com\/no\/wp-json\/wp\/v2\/product_brand?post=10119"},{"taxonomy":"product_cat","embeddable":true,"href":"https:\/\/keluvo.com\/no\/wp-json\/wp\/v2\/product_cat?post=10119"},{"taxonomy":"product_tag","embeddable":true,"href":"https:\/\/keluvo.com\/no\/wp-json\/wp\/v2\/product_tag?post=10119"}],"curies":[{"name":"wp","href":"https:\/\/api.w.org\/{rel}","templated":true}]}}