{"id":10084,"date":"2025-03-14T13:42:35","date_gmt":"2025-03-14T11:42:35","guid":{"rendered":"https:\/\/keluvo.com\/no\/produkt\/led-lys\/"},"modified":"2025-03-14T17:48:42","modified_gmt":"2025-03-14T15:48:42","slug":"led-lys","status":"publish","type":"product","link":"https:\/\/keluvo.com\/no\/produkt\/led-lys\/","title":{"rendered":"LED-lys"},"content":{"rendered":"<h2 style=\"text-align: center;\">Lysere Veier, Tryggere Kj\u00f8ring<\/h2>\n<p style=\"text-align: center;\">Ikke la de svake fabrikklysene begrense sikten din. Dette kraftige ekstralyset lyser opp veien foran deg, reduserer belastningen p\u00e5 \u00f8ynene og gj\u00f8r nattkj\u00f8ring mindre stressende. Enten du kj\u00f8rer p\u00e5 motorveier eller i ulendt terreng, kan du kj\u00f8re trygt i visshet om at du har ekstra lys der du trenger det mest.<\/p>\n<p><img decoding=\"async\" class=\"size-medium wp-image-12304 aligncenter\" src=\"https:\/\/keluvo.com\/template\/wp-content\/uploads\/sites\/5\/2024\/12\/desc1_ledlights.webp\" alt=\"\" \/><\/p>\n<h2 style=\"text-align: center;\">To Lysmoduser For Enhver Situasjon<\/h2>\n<p style=\"text-align: center;\">Dette LED-lyssettet gir deg fleksibiliteten til \u00e5 veksle mellom to moduser:<\/p>\n<ul>\n<li style=\"text-align: center;\">Kraftig hvit midtstr\u00e5le for god sikt p\u00e5 veien<\/li>\n<li style=\"text-align: center;\">Blinkende gule sidelys for n\u00f8dsignalering.<\/li>\n<\/ul>\n<p style=\"text-align: center;\">Enten du trenger ekstra lysstyrke for veien foran deg eller et varselsignal for ekstra sikkerhet, kan du enkelt veksle mellom modusene for \u00e5 matche dine behov.<\/p>\n<p><img decoding=\"async\" class=\"size-medium wp-image-12305 aligncenter\" src=\"https:\/\/keluvo.com\/template\/wp-content\/uploads\/sites\/5\/2024\/12\/desc2_ledlights.webp\" alt=\"\" \/><\/p>\n<h2 style=\"text-align: center;\">Passer Til Alle Biler \u2013 Installer Dem Hvor Som Helst<\/h2>\n<p style=\"text-align: center;\">Installer disse LED-lysene akkurat der du trenger dem! Du kan enkelt montere dem p\u00e5 frontgrillen, takstativet, over speilene eller andre steder du kan tenke deg. Bruk ett eller flere LED-lys etter behov.<\/p>\n<p><img decoding=\"async\" class=\"size-medium wp-image-12306 aligncenter\" src=\"https:\/\/keluvo.com\/template\/wp-content\/uploads\/sites\/5\/2024\/12\/desc3_ledlights_alternavtive.webp\" alt=\"\" \/><\/p>\n<h2 style=\"text-align: center;\">Enkel Kabling \u2013 Problemfri Installasjon<\/h2>\n<p style=\"text-align: center;\">Hver enhet leveres med et enkelt tretr\u00e5dssystem:<\/p>\n<p style=\"text-align: center;\">Svart ledning \u2192 Kobles til bilens jording<br \/>\nR\u00f8d ledning \u2192 Aktiverer det hvite fjernlyset n\u00e5r det kobles til 12 V positiv spenning<br \/>\nGul ledning \u2192 Aktiverer de blinkende gule sidelysene n\u00e5r de kobles til 12 V positiv spenning<\/p>\n<p style=\"text-align: center;\">Installasjonen er rask og enkel &#8211; perfekt for gj\u00f8r-det-selv-entusiaster. Bare monter, koble til ledningene og nyt en lysere og tryggere kj\u00f8retur!<\/p>\n<p><img decoding=\"async\" class=\"size-medium wp-image-12303 aligncenter\" src=\"https:\/\/keluvo.com\/template\/wp-content\/uploads\/sites\/5\/2024\/12\/desc4_ledlights.webp\" alt=\"\" \/><\/p>\n","protected":false},"excerpt":{"rendered":"<p>Lysere Veier, Tryggere Kj\u00f8ring Ikke la de svake fabrikklysene begrense sikten din. Dette kraftige ekstralyset lyser opp veien foran deg, [&hellip;]<\/p>\n","protected":false},"featured_media":10082,"comment_status":"open","ping_status":"closed","template":"","meta":{"site-sidebar-layout":"default","site-content-layout":"","ast-site-content-layout":"default","site-content-style":"default","site-sidebar-style":"default","ast-global-header-display":"","ast-banner-title-visibility":"","ast-main-header-display":"","ast-hfb-above-header-display":"","ast-hfb-below-header-display":"","ast-hfb-mobile-header-display":"","site-post-title":"","ast-breadcrumbs-content":"","ast-featured-img":"","footer-sml-layout":"","theme-transparent-header-meta":"default","adv-header-id-meta":"","stick-header-meta":"","header-above-stick-meta":"","header-main-stick-meta":"","header-below-stick-meta":"","astra-migrate-meta-layouts":"set","ast-page-background-enabled":"default","ast-page-background-meta":{"desktop":{"background-color":"var(--ast-global-color-4)","background-image":"","background-repeat":"repeat","background-position":"center center","background-size":"auto","background-attachment":"scroll","background-type":"","background-media":"","overlay-type":"","overlay-color":"","overlay-opacity":"","overlay-gradient":""},"tablet":{"background-color":"","background-image":"","background-repeat":"repeat","background-position":"center center","background-size":"auto","background-attachment":"scroll","background-type":"","background-media":"","overlay-type":"","overlay-color":"","overlay-opacity":"","overlay-gradient":""},"mobile":{"background-color":"","background-image":"","background-repeat":"repeat","background-position":"center center","background-size":"auto","background-attachment":"scroll","background-type":"","background-media":"","overlay-type":"","overlay-color":"","overlay-opacity":"","overlay-gradient":""}},"ast-content-background-meta":{"desktop":{"background-color":"var(--ast-global-color-5)","background-image":"","background-repeat":"repeat","background-position":"center center","background-size":"auto","background-attachment":"scroll","background-type":"","background-media":"","overlay-type":"","overlay-color":"","overlay-opacity":"","overlay-gradient":""},"tablet":{"background-color":"var(--ast-global-color-5)","background-image":"","background-repeat":"repeat","background-position":"center center","background-size":"auto","background-attachment":"scroll","background-type":"","background-media":"","overlay-type":"","overlay-color":"","overlay-opacity":"","overlay-gradient":""},"mobile":{"background-color":"var(--ast-global-color-5)","background-image":"","background-repeat":"repeat","background-position":"center center","background-size":"auto","background-attachment":"scroll","background-type":"","background-media":"","overlay-type":"","overlay-color":"","overlay-opacity":"","overlay-gradient":""}}},"product_brand":[],"product_cat":[1001],"product_tag":[],"class_list":{"0":"post-10084","1":"product","2":"type-product","3":"status-publish","4":"has-post-thumbnail","6":"product_cat-husholdningsartikler","7":"pa_pfdku1a9-1-stk","8":"pa_pfdku1a9-2-stk","9":"pa_pfdku1a9-4-stk","10":"desktop-align-left","11":"tablet-align-left","12":"mobile-align-left","14":"first","15":"instock","16":"shipping-taxable","17":"purchasable","18":"product-type-variable","19":"has-default-attributes"},"_links":{"self":[{"href":"https:\/\/keluvo.com\/no\/wp-json\/wp\/v2\/product\/10084","targetHints":{"allow":["GET"]}}],"collection":[{"href":"https:\/\/keluvo.com\/no\/wp-json\/wp\/v2\/product"}],"about":[{"href":"https:\/\/keluvo.com\/no\/wp-json\/wp\/v2\/types\/product"}],"replies":[{"embeddable":true,"href":"https:\/\/keluvo.com\/no\/wp-json\/wp\/v2\/comments?post=10084"}],"wp:featuredmedia":[{"embeddable":true,"href":"https:\/\/keluvo.com\/no\/wp-json\/wp\/v2\/media\/10082"}],"wp:attachment":[{"href":"https:\/\/keluvo.com\/no\/wp-json\/wp\/v2\/media?parent=10084"}],"wp:term":[{"taxonomy":"product_brand","embeddable":true,"href":"https:\/\/keluvo.com\/no\/wp-json\/wp\/v2\/product_brand?post=10084"},{"taxonomy":"product_cat","embeddable":true,"href":"https:\/\/keluvo.com\/no\/wp-json\/wp\/v2\/product_cat?post=10084"},{"taxonomy":"product_tag","embeddable":true,"href":"https:\/\/keluvo.com\/no\/wp-json\/wp\/v2\/product_tag?post=10084"}],"curies":[{"name":"wp","href":"https:\/\/api.w.org\/{rel}","templated":true}]}}