{"id":10002,"date":"2025-03-13T19:03:31","date_gmt":"2025-03-13T17:03:31","guid":{"rendered":"https:\/\/keluvo.com\/no\/produkt\/led-hundehalsband\/"},"modified":"2025-03-13T19:04:59","modified_gmt":"2025-03-13T17:04:59","slug":"led-hundehalsband","status":"publish","type":"product","link":"https:\/\/keluvo.com\/no\/produkt\/led-hundehalsband\/","title":{"rendered":"LED-hundehalsb\u00e5nd"},"content":{"rendered":"<h2 style=\"text-align: center\"><strong>Forbedret Sikkerhet Om Natten<\/strong><\/h2>\n<p style=\"text-align: center\">LED-hundehalsb\u00e5ndet s\u00f8rger for at kj\u00e6ledyret ditt forblir synlig n\u00e5r du g\u00e5r tur om natten eller i d\u00e5rlige lysforhold. De sterke LED-lysene gj\u00f8r det enkelt for deg og andre \u00e5 f\u00e5 \u00f8ye p\u00e5 hunden din, slik at den er trygg mot potensielle farer.<\/p>\n<p><img decoding=\"async\" class=\"alignnone size-medium wp-image-7683 aligncenter\" src=\"https:\/\/keluvo.com\/template\/wp-content\/uploads\/sites\/5\/2025\/01\/S0f440a6815c44bbf8bc0ac730ef7c9f7Z.jpg_960x960q75.jpg_.webp\" alt=\"\" \/><\/p>\n<h2 style=\"text-align: center\"><strong>Slitesterk Og Vanntett Design<\/strong><\/h2>\n<p style=\"text-align: center\">Dette LED-hundehalsb\u00e5ndet er laget av slitesterke materialer og er vanntett og egnet for ulike v\u00e6rforhold. Enten det regner eller kj\u00e6ledyret ditt er aktivt, er dette halsb\u00e5ndet designet for \u00e5 vare og holde hunden din trygg.<\/p>\n<p><img decoding=\"async\" class=\"alignnone size-medium wp-image-7675 aligncenter\" src=\"https:\/\/keluvo.com\/template\/wp-content\/uploads\/sites\/5\/2025\/01\/00aee9d2-4bff-4ae6-9051-adfa8c237592.webp\" alt=\"\" \/><\/p>\n","protected":false},"excerpt":{"rendered":"<p>Forbedret Sikkerhet Om Natten LED-hundehalsb\u00e5ndet s\u00f8rger for at kj\u00e6ledyret ditt forblir synlig n\u00e5r du g\u00e5r tur om natten eller i [&hellip;]<\/p>\n","protected":false},"featured_media":9998,"comment_status":"open","ping_status":"closed","template":"","meta":{"site-sidebar-layout":"default","site-content-layout":"","ast-site-content-layout":"default","site-content-style":"default","site-sidebar-style":"default","ast-global-header-display":"","ast-banner-title-visibility":"","ast-main-header-display":"","ast-hfb-above-header-display":"","ast-hfb-below-header-display":"","ast-hfb-mobile-header-display":"","site-post-title":"","ast-breadcrumbs-content":"","ast-featured-img":"","footer-sml-layout":"","theme-transparent-header-meta":"default","adv-header-id-meta":"","stick-header-meta":"","header-above-stick-meta":"","header-main-stick-meta":"","header-below-stick-meta":"","astra-migrate-meta-layouts":"set","ast-page-background-enabled":"default","ast-page-background-meta":{"desktop":{"background-color":"var(--ast-global-color-4)","background-image":"","background-repeat":"repeat","background-position":"center center","background-size":"auto","background-attachment":"scroll","background-type":"","background-media":"","overlay-type":"","overlay-color":"","overlay-opacity":"","overlay-gradient":""},"tablet":{"background-color":"","background-image":"","background-repeat":"repeat","background-position":"center center","background-size":"auto","background-attachment":"scroll","background-type":"","background-media":"","overlay-type":"","overlay-color":"","overlay-opacity":"","overlay-gradient":""},"mobile":{"background-color":"","background-image":"","background-repeat":"repeat","background-position":"center center","background-size":"auto","background-attachment":"scroll","background-type":"","background-media":"","overlay-type":"","overlay-color":"","overlay-opacity":"","overlay-gradient":""}},"ast-content-background-meta":{"desktop":{"background-color":"var(--ast-global-color-5)","background-image":"","background-repeat":"repeat","background-position":"center center","background-size":"auto","background-attachment":"scroll","background-type":"","background-media":"","overlay-type":"","overlay-color":"","overlay-opacity":"","overlay-gradient":""},"tablet":{"background-color":"var(--ast-global-color-5)","background-image":"","background-repeat":"repeat","background-position":"center center","background-size":"auto","background-attachment":"scroll","background-type":"","background-media":"","overlay-type":"","overlay-color":"","overlay-opacity":"","overlay-gradient":""},"mobile":{"background-color":"var(--ast-global-color-5)","background-image":"","background-repeat":"repeat","background-position":"center center","background-size":"auto","background-attachment":"scroll","background-type":"","background-media":"","overlay-type":"","overlay-color":"","overlay-opacity":"","overlay-gradient":""}}},"product_brand":[],"product_cat":[997],"product_tag":[],"class_list":{"0":"post-10002","1":"product","2":"type-product","3":"status-publish","4":"has-post-thumbnail","6":"product_cat-husdyrprodukter","7":"pa_18xqmdrz-bla","8":"pa_18xqmdrz-gronn","9":"pa_18xqmdrz-oransje","10":"pa_18xqmdrz-rod","11":"pa_18xqmdrz-rose","12":"pa_18xqmdrz-svart","13":"pa_zvpp9sag-l","14":"pa_zvpp9sag-m","15":"pa_zvpp9sag-s","16":"pa_zvpp9sag-xl","17":"desktop-align-left","18":"tablet-align-left","19":"mobile-align-left","21":"first","22":"instock","23":"shipping-taxable","24":"purchasable","25":"product-type-variable"},"_links":{"self":[{"href":"https:\/\/keluvo.com\/no\/wp-json\/wp\/v2\/product\/10002","targetHints":{"allow":["GET"]}}],"collection":[{"href":"https:\/\/keluvo.com\/no\/wp-json\/wp\/v2\/product"}],"about":[{"href":"https:\/\/keluvo.com\/no\/wp-json\/wp\/v2\/types\/product"}],"replies":[{"embeddable":true,"href":"https:\/\/keluvo.com\/no\/wp-json\/wp\/v2\/comments?post=10002"}],"wp:featuredmedia":[{"embeddable":true,"href":"https:\/\/keluvo.com\/no\/wp-json\/wp\/v2\/media\/9998"}],"wp:attachment":[{"href":"https:\/\/keluvo.com\/no\/wp-json\/wp\/v2\/media?parent=10002"}],"wp:term":[{"taxonomy":"product_brand","embeddable":true,"href":"https:\/\/keluvo.com\/no\/wp-json\/wp\/v2\/product_brand?post=10002"},{"taxonomy":"product_cat","embeddable":true,"href":"https:\/\/keluvo.com\/no\/wp-json\/wp\/v2\/product_cat?post=10002"},{"taxonomy":"product_tag","embeddable":true,"href":"https:\/\/keluvo.com\/no\/wp-json\/wp\/v2\/product_tag?post=10002"}],"curies":[{"name":"wp","href":"https:\/\/api.w.org\/{rel}","templated":true}]}}