{"id":551,"date":"2024-10-03T20:18:51","date_gmt":"2024-10-03T20:18:51","guid":{"rendered":"https:\/\/keluvo.com\/no\/?page_id=551"},"modified":"2024-10-28T15:55:39","modified_gmt":"2024-10-28T12:55:39","slug":"contact-us","status":"publish","type":"page","link":"https:\/\/keluvo.com\/no\/contact-us\/","title":{"rendered":"Kontakt oss"},"content":{"rendered":"\t\t<div data-elementor-type=\"wp-page\" data-elementor-id=\"551\" class=\"elementor elementor-551\" data-elementor-post-type=\"page\">\n\t\t\t\t<div class=\"elementor-element elementor-element-d1c78e8 e-flex e-con-boxed e-con e-parent\" data-id=\"d1c78e8\" data-element_type=\"container\">\n\t\t\t\t\t<div class=\"e-con-inner\">\n\t\t\t\t<div class=\"elementor-element elementor-element-274067b elementor-widget elementor-widget-spacer\" data-id=\"274067b\" data-element_type=\"widget\" data-widget_type=\"spacer.default\">\n\t\t\t\t<div class=\"elementor-widget-container\">\n\t\t\t\t\t<div class=\"elementor-spacer\">\n\t\t\t<div class=\"elementor-spacer-inner\"><\/div>\n\t\t<\/div>\n\t\t\t\t<\/div>\n\t\t\t\t<\/div>\n\t\t\t\t\t<\/div>\n\t\t\t\t<\/div>\n\t\t<div class=\"elementor-element elementor-element-c90d84c e-flex e-con-boxed e-con e-parent\" data-id=\"c90d84c\" data-element_type=\"container\">\n\t\t\t\t\t<div class=\"e-con-inner\">\n\t\t\t\t<div class=\"elementor-element elementor-element-fb64cb3 elementor-widget elementor-widget-heading\" data-id=\"fb64cb3\" data-element_type=\"widget\" data-widget_type=\"heading.default\">\n\t\t\t\t<div class=\"elementor-widget-container\">\n\t\t\t<h2 class=\"elementor-heading-title elementor-size-default\">Kontakt oss<\/h2>\t\t<\/div>\n\t\t\t\t<\/div>\n\t\t\t\t<div class=\"elementor-element elementor-element-9d6b735 elementor-widget elementor-widget-text-editor\" data-id=\"9d6b735\" data-element_type=\"widget\" data-widget_type=\"text-editor.default\">\n\t\t\t\t<div class=\"elementor-widget-container\">\n\t\t\t\t\t\t\t<p>Vi vil kontakte deg innen 24 timer<\/p>\t\t\t\t\t\t<\/div>\n\t\t\t\t<\/div>\n\t\t\t\t<div class=\"elementor-element elementor-element-13cf82e elementor-widget elementor-widget-shortcode\" data-id=\"13cf82e\" data-element_type=\"widget\" data-widget_type=\"shortcode.default\">\n\t\t\t\t<div class=\"elementor-widget-container\">\n\t\t\t\t\t<div class=\"elementor-shortcode\"><div class=\"forminator-ui forminator-custom-form forminator-custom-form-554 forminator-design--material  forminator_ajax\" data-forminator-render=\"0\" data-form=\"forminator-module-554\" data-uid=\"69e1675fd1313\"><br\/><\/div><form\n\t\t\t\tid=\"forminator-module-554\"\n\t\t\t\tclass=\"forminator-ui forminator-custom-form forminator-custom-form-554 forminator-design--material  forminator_ajax\"\n\t\t\t\tmethod=\"post\"\n\t\t\t\tdata-forminator-render=\"0\"\n\t\t\t\tdata-form-id=\"554\"\n\t\t\t\t\n\t\t\t\tdata-design=\"material\"\n\t\t\t\t\n\t\t\t\t\n\t\t\t\t\n\t\t\t\tdata-grid=\"open\"\n\t\t\t\t\n\t\t\t\t\n\t\t\t\tstyle=\"display: none;\"\n\t\t\t\t\n\t\t\t\tdata-uid=\"69e1675fd1313\"\n\t\t\t><div role=\"alert\" aria-live=\"polite\" class=\"forminator-response-message forminator-error\" aria-hidden=\"true\"><\/div><div class=\"forminator-row\"><div id=\"email-1\" class=\"forminator-field-email forminator-col forminator-col-12 \"><div class=\"forminator-field\"><label for=\"forminator-field-email-1_69e1675fd1313\" id=\"forminator-field-email-1_69e1675fd1313-label\" class=\"forminator-label\">E-postadresse <span class=\"forminator-required\">*<\/span><\/label><input type=\"email\" name=\"email-1\" value=\"\" placeholder=\"E.g. john@doe.com\" id=\"forminator-field-email-1_69e1675fd1313\" class=\"forminator-input forminator-email--field\" data-required=\"true\" aria-required=\"true\" \/><\/div><\/div><\/div><div class=\"forminator-row\"><div id=\"textarea-1\" class=\"forminator-field-textarea forminator-col forminator-col-12 \"><div class=\"forminator-field\"><label for=\"forminator-field-textarea-1_69e1675fd1313\" id=\"forminator-field-textarea-1_69e1675fd1313-label\" class=\"forminator-label\">Melding<\/label><textarea name=\"textarea-1\" placeholder=\"Skriv inn meldingen din...\" id=\"forminator-field-textarea-1_69e1675fd1313\" class=\"forminator-textarea\" rows=\"6\" style=\"min-height:140px;\" maxlength=\"180\" ><\/textarea><span id=\"forminator-field-textarea-1_69e1675fd1313-description\" class=\"forminator-description\"><span data-limit=\"180\" data-type=\"characters\" data-editor=\"\">0 \/ 180<\/span><\/span><\/div><\/div><\/div><input type=\"hidden\" name=\"referer_url\" value=\"\" \/><div class=\"forminator-row forminator-row-last\"><div class=\"forminator-col\"><div class=\"forminator-field\"><button class=\"forminator-button forminator-button-submit\"><span>Send melding<\/span><span aria-hidden=\"true\"><\/span><\/button><\/div><\/div><\/div><input type=\"hidden\" id=\"forminator_nonce\" name=\"forminator_nonce\" value=\"526fcf4389\" \/><input type=\"hidden\" name=\"_wp_http_referer\" value=\"\/no\/wp-json\/wp\/v2\/pages\/551\" \/><input type=\"hidden\" name=\"form_id\" value=\"554\"><input type=\"hidden\" name=\"page_id\" value=\"551\"><input type=\"hidden\" name=\"form_type\" value=\"default\"><input type=\"hidden\" name=\"current_url\" value=\"https:\/\/keluvo.com\/no\/contact-us\/\"><input type=\"hidden\" name=\"render_id\" value=\"0\"><input type=\"hidden\" name=\"action\" value=\"forminator_submit_form_custom-forms\"><\/form><\/div>\n\t\t\t\t<\/div>\n\t\t\t\t<\/div>\n\t\t\t\t\t<\/div>\n\t\t\t\t<\/div>\n\t\t<div class=\"elementor-element elementor-element-81fdd01 e-flex e-con-boxed e-con e-parent\" data-id=\"81fdd01\" data-element_type=\"container\">\n\t\t\t\t\t<div class=\"e-con-inner\">\n\t\t\t\t<div class=\"elementor-element elementor-element-ad21d42 elementor-widget elementor-widget-text-editor\" data-id=\"ad21d42\" data-element_type=\"widget\" data-widget_type=\"text-editor.default\">\n\t\t\t\t<div class=\"elementor-widget-container\">\n\t\t\t\t\t\t\t<h2>Ofte stilte sp\u00f8rsm\u00e5l<\/h2>\t\t\t\t\t\t<\/div>\n\t\t\t\t<\/div>\n\t\t\t\t<div class=\"elementor-element elementor-element-f15b29b elementor-widget elementor-widget-shortcode\" data-id=\"f15b29b\" data-element_type=\"widget\" data-widget_type=\"shortcode.default\">\n\t\t\t\t<div class=\"elementor-widget-container\">\n\t\t\t\t\t<div class=\"elementor-shortcode\"><style>#sp-ea-2437 .spcollapsing { height: 0; overflow: hidden; transition-property: height;transition-duration: 300ms;}#sp-ea-2437.sp-easy-accordion>.sp-ea-single {margin-bottom: 10px; border: 1px solid #e2e2e2; }#sp-ea-2437.sp-easy-accordion>.sp-ea-single>.ea-header a {color: #444;}#sp-ea-2437.sp-easy-accordion>.sp-ea-single>.sp-collapse>.ea-body {background: #fff; color: #444;}#sp-ea-2437.sp-easy-accordion>.sp-ea-single {background: #ffffff;}#sp-ea-2437.sp-easy-accordion>.sp-ea-single>.ea-header a .ea-expand-icon { float: left; color: #444;font-size: 16px;}<\/style><div id=\"sp_easy_accordion-1730037092\">\n<div id=\"sp-ea-2437\" class=\"sp-ea-one sp-easy-accordion\" data-ex-icon=\"minus\" data-col-icon=\"plus\" data-ea-active=\"ea-click\" data-ea-mode=\"vertical\" data-preloader=\"\" data-scroll-active-item=\"\" data-offset-to-scroll=\"0\">\n\t<!-- Start accordion card div. -->\n\t<div class=\"ea-card ea-expand sp-ea-single\">\n\t\t<!-- Start accordion header. -->\n\t\t<h3 class=\"ea-header\">\n\t\t\t<!-- Add anchor tag for header. -->\n\t\t\t<a class=\"collapsed\" id=\"ea-header-24370\" data-sptoggle=\"spcollapse\" data-sptarget=\"#collapse24370\" aria-controls=\"collapse24370\" href=\"#\"  aria-expanded=\"true\" tabindex=\"0\">\n\t\t\t<i class=\"ea-expand-icon ea-icon-expand-minus\"><\/i> 1. Hvor finner jeg fraktkoden min?\t\t\t<\/a> <!-- Close anchor tag for header. -->\n\t\t<\/h3>\t<!-- Close header tag. -->\n\t\t<!-- Start collapsible content div. -->\n\t\t<div class=\"sp-collapse spcollapse collapsed show\" id=\"collapse24370\" data-parent=\"#sp-ea-2437\" role=\"region\" aria-labelledby=\"ea-header-24370\">  <!-- Content div. -->\n\t\t\t<div class=\"ea-body\">\n\t\t\t<p>N\u00e5r bestillingen din er sendt, vil du motta et sporingsnummer p\u00e5 e-post. Sporingskoden sendes vanligvis innen 1-3 virkedager. V\u00e6r oppmerksom p\u00e5 at det kan ta flere virkedager f\u00f8r sporingskoden blir aktiv.<\/p>\n\t\t\t<\/div> <!-- Close content div. -->\n\t\t<\/div> <!-- Close collapse div. -->\n\t<\/div> <!-- Close card div. -->\n\t\t<!-- Start accordion card div. -->\n\t<div class=\"ea-card  sp-ea-single\">\n\t\t<!-- Start accordion header. -->\n\t\t<h3 class=\"ea-header\">\n\t\t\t<!-- Add anchor tag for header. -->\n\t\t\t<a class=\"collapsed\" id=\"ea-header-24371\" data-sptoggle=\"spcollapse\" data-sptarget=\"#collapse24371\" aria-controls=\"collapse24371\" href=\"#\"  aria-expanded=\"false\" tabindex=\"0\">\n\t\t\t<i class=\"ea-expand-icon ea-icon-expand-plus\"><\/i> 2. Hvordan kan jeg sjekke statusen p\u00e5 bestillingen min?\t\t\t<\/a> <!-- Close anchor tag for header. -->\n\t\t<\/h3>\t<!-- Close header tag. -->\n\t\t<!-- Start collapsible content div. -->\n\t\t<div class=\"sp-collapse spcollapse \" id=\"collapse24371\" data-parent=\"#sp-ea-2437\" role=\"region\" aria-labelledby=\"ea-header-24371\">  <!-- Content div. -->\n\t\t\t<div class=\"ea-body\">\n\t\t\t<p>Bruk sporingskoden du mottar via e-post for \u00e5 spore statusen til bestillingen din. Skriv inn sporingsnummeret i delen \u00abSendingssporing\u00bb p\u00e5 nettstedet for \u00e5 se den n\u00e5v\u00e6rende statusen for forsendelsen din.<\/p>\n\t\t\t<\/div> <!-- Close content div. -->\n\t\t<\/div> <!-- Close collapse div. -->\n\t<\/div> <!-- Close card div. -->\n\t\t<!-- Start accordion card div. -->\n\t<div class=\"ea-card  sp-ea-single\">\n\t\t<!-- Start accordion header. -->\n\t\t<h3 class=\"ea-header\">\n\t\t\t<!-- Add anchor tag for header. -->\n\t\t\t<a class=\"collapsed\" id=\"ea-header-24372\" data-sptoggle=\"spcollapse\" data-sptarget=\"#collapse24372\" aria-controls=\"collapse24372\" href=\"#\"  aria-expanded=\"false\" tabindex=\"0\">\n\t\t\t<i class=\"ea-expand-icon ea-icon-expand-plus\"><\/i> 3. Hva om jeg ikke er forn\u00f8yd med bestillingen min?\t\t\t<\/a> <!-- Close anchor tag for header. -->\n\t\t<\/h3>\t<!-- Close header tag. -->\n\t\t<!-- Start collapsible content div. -->\n\t\t<div class=\"sp-collapse spcollapse \" id=\"collapse24372\" data-parent=\"#sp-ea-2437\" role=\"region\" aria-labelledby=\"ea-header-24372\">  <!-- Content div. -->\n\t\t\t<div class=\"ea-body\">\n\t\t\t<p>Hvis du ikke er forn\u00f8yd med bestillingen din, kan du kontakte oss p\u00e5 info@keluvo.com. Beskriv problemet s\u00e5 detaljert som mulig ved \u00e5 legge ved et bilde eller en video av feilen. Etter \u00e5 ha vurdert problemet med det bestilte produktet, vil vi pr\u00f8ve \u00e5 svare s\u00e5 snart som mulig og finne et kompromiss begge parter kan akseptere for \u00e5 l\u00f8se problemet.<\/p>\n\t\t\t<\/div> <!-- Close content div. -->\n\t\t<\/div> <!-- Close collapse div. -->\n\t<\/div> <!-- Close card div. -->\n\t\t<!-- Start accordion card div. -->\n\t<div class=\"ea-card  sp-ea-single\">\n\t\t<!-- Start accordion header. -->\n\t\t<h3 class=\"ea-header\">\n\t\t\t<!-- Add anchor tag for header. -->\n\t\t\t<a class=\"collapsed\" id=\"ea-header-24373\" data-sptoggle=\"spcollapse\" data-sptarget=\"#collapse24373\" aria-controls=\"collapse24373\" href=\"#\"  aria-expanded=\"false\" tabindex=\"0\">\n\t\t\t<i class=\"ea-expand-icon ea-icon-expand-plus\"><\/i> 4. Er betalingsopplysningene mine trygge?\t\t\t<\/a> <!-- Close anchor tag for header. -->\n\t\t<\/h3>\t<!-- Close header tag. -->\n\t\t<!-- Start collapsible content div. -->\n\t\t<div class=\"sp-collapse spcollapse \" id=\"collapse24373\" data-parent=\"#sp-ea-2437\" role=\"region\" aria-labelledby=\"ea-header-24373\">  <!-- Content div. -->\n\t\t\t<div class=\"ea-body\">\n\t\t\t<p>Vi bruker SSL-kryptering (Secure Socket Layer), som s\u00f8rger for at dataene dine overf\u00f8res sikkert mellom nettleseren din og serverne v\u00e5re. Dette gir ekstra beskyttelse mot datatyveri og sikrer at dine personlige betalingsopplysninger er trygge.<\/p>\n\t\t\t<\/div> <!-- Close content div. -->\n\t\t<\/div> <!-- Close collapse div. -->\n\t<\/div> <!-- Close card div. -->\n\t\t<!-- Start accordion card div. -->\n\t<div class=\"ea-card  sp-ea-single\">\n\t\t<!-- Start accordion header. -->\n\t\t<h3 class=\"ea-header\">\n\t\t\t<!-- Add anchor tag for header. -->\n\t\t\t<a class=\"collapsed\" id=\"ea-header-24374\" data-sptoggle=\"spcollapse\" data-sptarget=\"#collapse24374\" aria-controls=\"collapse24374\" href=\"#\"  aria-expanded=\"false\" tabindex=\"0\">\n\t\t\t<i class=\"ea-expand-icon ea-icon-expand-plus\"><\/i> 5. Fant du ikke svaret p\u00e5 sp\u00f8rsm\u00e5let ditt?\t\t\t<\/a> <!-- Close anchor tag for header. -->\n\t\t<\/h3>\t<!-- Close header tag. -->\n\t\t<!-- Start collapsible content div. -->\n\t\t<div class=\"sp-collapse spcollapse \" id=\"collapse24374\" data-parent=\"#sp-ea-2437\" role=\"region\" aria-labelledby=\"ea-header-24374\">  <!-- Content div. -->\n\t\t\t<div class=\"ea-body\">\n\t\t\t<p>Hvis du har ubesvarte sp\u00f8rsm\u00e5l eller trenger mer informasjon, kan du kontakte oss p\u00e5 info@keluvo.com.<br \/>\nV\u00e5rt kundeserviceteam st\u00e5r alltid klare til \u00e5 hjelpe deg og svare p\u00e5 dine sp\u00f8rsm\u00e5l.<\/p>\n\t\t\t<\/div> <!-- Close content div. -->\n\t\t<\/div> <!-- Close collapse div. -->\n\t<\/div> <!-- Close card div. -->\n\t\t<!-- Start accordion card div. -->\n\t<div class=\"ea-card  sp-ea-single\">\n\t\t<!-- Start accordion header. -->\n\t\t<h3 class=\"ea-header\">\n\t\t\t<!-- Add anchor tag for header. -->\n\t\t\t<a class=\"collapsed\" id=\"ea-header-24375\" data-sptoggle=\"spcollapse\" data-sptarget=\"#collapse24375\" aria-controls=\"collapse24375\" href=\"#\"  aria-expanded=\"false\" tabindex=\"0\">\n\t\t\t<i class=\"ea-expand-icon ea-icon-expand-plus\"><\/i> 6. Hvordan kan jeg returnere et produkt?\t\t\t<\/a> <!-- Close anchor tag for header. -->\n\t\t<\/h3>\t<!-- Close header tag. -->\n\t\t<!-- Start collapsible content div. -->\n\t\t<div class=\"sp-collapse spcollapse \" id=\"collapse24375\" data-parent=\"#sp-ea-2437\" role=\"region\" aria-labelledby=\"ea-header-24375\">  <!-- Content div. -->\n\t\t\t<div class=\"ea-body\">\n\t\t\t<p>Kontakt oss p\u00e5 info@keluvo.com for mer informasjon om retur av produkter. Alle kj\u00f8p kan returneres innen 14 virkedager uten \u00e5 oppgi noen grunn. Bare kontakt oss, s\u00e5 gir vi deg all n\u00f8dvendig informasjon for \u00e5 returnere pakken. Kunden er ansvarlig for returkostnadene.<\/p>\n\t\t\t<\/div> <!-- Close content div. -->\n\t\t<\/div> <!-- Close collapse div. -->\n\t<\/div> <!-- Close card div. -->\n\t<\/div>\n<\/div>\n<\/div>\n\t\t\t\t<\/div>\n\t\t\t\t<\/div>\n\t\t\t\t\t<\/div>\n\t\t\t\t<\/div>\n\t\t<div class=\"elementor-element elementor-element-07b8670 e-flex e-con-boxed e-con e-parent\" data-id=\"07b8670\" data-element_type=\"container\">\n\t\t\t\t\t<div class=\"e-con-inner\">\n\t\t\t\t<div class=\"elementor-element elementor-element-9e80ffd elementor-widget elementor-widget-spacer\" data-id=\"9e80ffd\" data-element_type=\"widget\" data-widget_type=\"spacer.default\">\n\t\t\t\t<div class=\"elementor-widget-container\">\n\t\t\t\t\t<div class=\"elementor-spacer\">\n\t\t\t<div class=\"elementor-spacer-inner\"><\/div>\n\t\t<\/div>\n\t\t\t\t<\/div>\n\t\t\t\t<\/div>\n\t\t\t\t\t<\/div>\n\t\t\t\t<\/div>\n\t\t\t\t<\/div>\n\t\t","protected":false},"excerpt":{"rendered":"<p>Kontakt oss Vi vil kontakte deg innen 24 timer Ofte stilte sp\u00f8rsm\u00e5l<\/p>\n","protected":false},"author":1,"featured_media":0,"parent":0,"menu_order":0,"comment_status":"closed","ping_status":"closed","template":"","meta":{"site-sidebar-layout":"no-sidebar","site-content-layout":"","ast-site-content-layout":"full-width-container","site-content-style":"default","site-sidebar-style":"default","ast-global-header-display":"","ast-banner-title-visibility":"","ast-main-header-display":"","ast-hfb-above-header-display":"","ast-hfb-below-header-display":"","ast-hfb-mobile-header-display":"","site-post-title":"disabled","ast-breadcrumbs-content":"","ast-featured-img":"disabled","footer-sml-layout":"","theme-transparent-header-meta":"","adv-header-id-meta":"","stick-header-meta":"","header-above-stick-meta":"","header-main-stick-meta":"","header-below-stick-meta":"","astra-migrate-meta-layouts":"default","ast-page-background-enabled":"default","ast-page-background-meta":{"desktop":{"background-color":"var(--ast-global-color-4)","background-image":"","background-repeat":"repeat","background-position":"center center","background-size":"auto","background-attachment":"scroll","background-type":"","background-media":"","overlay-type":"","overlay-color":"","overlay-opacity":"","overlay-gradient":""},"tablet":{"background-color":"","background-image":"","background-repeat":"repeat","background-position":"center center","background-size":"auto","background-attachment":"scroll","background-type":"","background-media":"","overlay-type":"","overlay-color":"","overlay-opacity":"","overlay-gradient":""},"mobile":{"background-color":"","background-image":"","background-repeat":"repeat","background-position":"center center","background-size":"auto","background-attachment":"scroll","background-type":"","background-media":"","overlay-type":"","overlay-color":"","overlay-opacity":"","overlay-gradient":""}},"ast-content-background-meta":{"desktop":{"background-color":"var(--ast-global-color-5)","background-image":"","background-repeat":"repeat","background-position":"center center","background-size":"auto","background-attachment":"scroll","background-type":"","background-media":"","overlay-type":"","overlay-color":"","overlay-opacity":"","overlay-gradient":""},"tablet":{"background-color":"var(--ast-global-color-5)","background-image":"","background-repeat":"repeat","background-position":"center center","background-size":"auto","background-attachment":"scroll","background-type":"","background-media":"","overlay-type":"","overlay-color":"","overlay-opacity":"","overlay-gradient":""},"mobile":{"background-color":"var(--ast-global-color-5)","background-image":"","background-repeat":"repeat","background-position":"center center","background-size":"auto","background-attachment":"scroll","background-type":"","background-media":"","overlay-type":"","overlay-color":"","overlay-opacity":"","overlay-gradient":""}},"footnotes":""},"class_list":["post-551","page","type-page","status-publish","hentry"],"_links":{"self":[{"href":"https:\/\/keluvo.com\/no\/wp-json\/wp\/v2\/pages\/551","targetHints":{"allow":["GET"]}}],"collection":[{"href":"https:\/\/keluvo.com\/no\/wp-json\/wp\/v2\/pages"}],"about":[{"href":"https:\/\/keluvo.com\/no\/wp-json\/wp\/v2\/types\/page"}],"author":[{"embeddable":true,"href":"https:\/\/keluvo.com\/no\/wp-json\/wp\/v2\/users\/1"}],"replies":[{"embeddable":true,"href":"https:\/\/keluvo.com\/no\/wp-json\/wp\/v2\/comments?post=551"}],"version-history":[{"count":24,"href":"https:\/\/keluvo.com\/no\/wp-json\/wp\/v2\/pages\/551\/revisions"}],"predecessor-version":[{"id":29658,"href":"https:\/\/keluvo.com\/no\/wp-json\/wp\/v2\/pages\/551\/revisions\/29658"}],"wp:attachment":[{"href":"https:\/\/keluvo.com\/no\/wp-json\/wp\/v2\/media?parent=551"}],"curies":[{"name":"wp","href":"https:\/\/api.w.org\/{rel}","templated":true}]}}