{"id":2455,"date":"2024-10-28T15:05:13","date_gmt":"2024-10-28T12:05:13","guid":{"rendered":"https:\/\/keluvo.com\/no\/?page_id=2455"},"modified":"2024-10-28T15:34:33","modified_gmt":"2024-10-28T12:34:33","slug":"alle-kategorier","status":"publish","type":"page","link":"https:\/\/keluvo.com\/no\/alle-kategorier\/","title":{"rendered":"Alle kategorier"},"content":{"rendered":"\t\t<div data-elementor-type=\"wp-page\" data-elementor-id=\"2455\" class=\"elementor elementor-2455\" data-elementor-post-type=\"page\">\n\t\t\t\t<div class=\"elementor-element elementor-element-9c338ef e-flex e-con-boxed e-con e-parent\" data-id=\"9c338ef\" data-element_type=\"container\">\n\t\t\t\t\t<div class=\"e-con-inner\">\n\t\t\t\t<div class=\"elementor-element elementor-element-d430c74 elementor-widget elementor-widget-heading\" data-id=\"d430c74\" data-element_type=\"widget\" data-widget_type=\"heading.default\">\n\t\t\t\t<div class=\"elementor-widget-container\">\n\t\t\t<h2 class=\"elementor-heading-title elementor-size-default\">Kategorier<\/h2>\t\t<\/div>\n\t\t\t\t<\/div>\n\t\t\t\t<div class=\"elementor-element elementor-element-d26fa73 elementor-widget elementor-widget-wl-category-grid\" data-id=\"d26fa73\" data-element_type=\"widget\" data-widget_type=\"wl-category-grid.default\">\n\t\t\t\t<div class=\"elementor-widget-container\">\n\t\t\t<div class=\"wl-row  product-slider \" data-settings={\"arrows\":true,\"dots\":false,\"autoplay\":false,\"autoplay_speed\":0,\"animation_speed\":0,\"pause_on_hover\":true,\"rtl\":false,\"product_items\":6,\"scroll_columns\":3,\"tablet_width\":750,\"tablet_display_columns\":2,\"tablet_scroll_columns\":2,\"mobile_width\":480,\"mobile_display_columns\":1,\"mobile_scroll_columns\":1} style='display:none'>                <div class=\"wl-col-1\">\n\n                                            <div class=\"ht-category-wrap\">\n                                                        <div class=\"ht-category-image-3 ht-category-image-zoom\">\n                                <a href=\"https:\/\/keluvo.com\/no\/product-category\/bilprodukter\/\">\n                                    <img fetchpriority=\"high\" decoding=\"async\" width=\"240\" height=\"240\" src=\"https:\/\/keluvo.com\/no\/wp-content\/uploads\/sites\/10\/2024\/10\/CAMERA-copy.jpg\" class=\"attachment-full size-full\" alt=\"\" srcset=\"https:\/\/keluvo.com\/no\/wp-content\/uploads\/sites\/10\/2024\/10\/CAMERA-copy.jpg 240w, https:\/\/keluvo.com\/no\/wp-content\/uploads\/sites\/10\/2024\/10\/CAMERA-copy-150x150.jpg 150w, https:\/\/keluvo.com\/no\/wp-content\/uploads\/sites\/10\/2024\/10\/CAMERA-copy-100x100.jpg 100w, https:\/\/keluvo.com\/no\/wp-content\/uploads\/sites\/10\/2024\/10\/CAMERA-copy-50x50.jpg 50w\" sizes=\"(max-width: 240px) 100vw, 240px\" \/>                                <\/a>\n                            <\/div>\n                                                        <div class=\"ht-category-content-5\">\n                                <h3><a href=\"https:\/\/keluvo.com\/no\/product-category\/bilprodukter\/\">Bilprodukter<\/a><\/h3>\n                            <\/div>\n                                                    <\/div>\n\n                    \n                <\/div>\n                                <div class=\"wl-col-1\">\n\n                                            <div class=\"ht-category-wrap\">\n                                                        <div class=\"ht-category-image-3 ht-category-image-zoom\">\n                                <a href=\"https:\/\/keluvo.com\/no\/product-category\/klaer-til-kvinner\/\">\n                                    <img decoding=\"async\" width=\"240\" height=\"240\" src=\"https:\/\/keluvo.com\/no\/wp-content\/uploads\/sites\/10\/2024\/10\/Untitled_design_2-copy.jpg\" class=\"attachment-full size-full\" alt=\"\" srcset=\"https:\/\/keluvo.com\/no\/wp-content\/uploads\/sites\/10\/2024\/10\/Untitled_design_2-copy.jpg 240w, https:\/\/keluvo.com\/no\/wp-content\/uploads\/sites\/10\/2024\/10\/Untitled_design_2-copy-150x150.jpg 150w, https:\/\/keluvo.com\/no\/wp-content\/uploads\/sites\/10\/2024\/10\/Untitled_design_2-copy-100x100.jpg 100w, https:\/\/keluvo.com\/no\/wp-content\/uploads\/sites\/10\/2024\/10\/Untitled_design_2-copy-50x50.jpg 50w\" sizes=\"(max-width: 240px) 100vw, 240px\" \/>                                <\/a>\n                            <\/div>\n                                                        <div class=\"ht-category-content-5\">\n                                <h3><a href=\"https:\/\/keluvo.com\/no\/product-category\/klaer-til-kvinner\/\">Damekl\u00e6r<\/a><\/h3>\n                            <\/div>\n                                                    <\/div>\n\n                    \n                <\/div>\n                                <div class=\"wl-col-1\">\n\n                                            <div class=\"ht-category-wrap\">\n                                                        <div class=\"ht-category-image-3 ht-category-image-zoom\">\n                                <a href=\"https:\/\/keluvo.com\/no\/product-category\/helseprodukter\/\">\n                                    <img decoding=\"async\" width=\"240\" height=\"240\" src=\"https:\/\/keluvo.com\/no\/wp-content\/uploads\/sites\/10\/2024\/10\/SVEIKATOS_PREKES-copy.jpg\" class=\"attachment-full size-full\" alt=\"\" srcset=\"https:\/\/keluvo.com\/no\/wp-content\/uploads\/sites\/10\/2024\/10\/SVEIKATOS_PREKES-copy.jpg 240w, https:\/\/keluvo.com\/no\/wp-content\/uploads\/sites\/10\/2024\/10\/SVEIKATOS_PREKES-copy-150x150.jpg 150w, https:\/\/keluvo.com\/no\/wp-content\/uploads\/sites\/10\/2024\/10\/SVEIKATOS_PREKES-copy-100x100.jpg 100w, https:\/\/keluvo.com\/no\/wp-content\/uploads\/sites\/10\/2024\/10\/SVEIKATOS_PREKES-copy-50x50.jpg 50w\" sizes=\"(max-width: 240px) 100vw, 240px\" \/>                                <\/a>\n                            <\/div>\n                                                        <div class=\"ht-category-content-5\">\n                                <h3><a href=\"https:\/\/keluvo.com\/no\/product-category\/helseprodukter\/\">Helseprodukter<\/a><\/h3>\n                            <\/div>\n                                                    <\/div>\n\n                    \n                <\/div>\n                                <div class=\"wl-col-1\">\n\n                                            <div class=\"ht-category-wrap\">\n                                                        <div class=\"ht-category-image-3 ht-category-image-zoom\">\n                                <a href=\"https:\/\/keluvo.com\/no\/product-category\/klaer-til-menn\/\">\n                                    <img loading=\"lazy\" decoding=\"async\" width=\"240\" height=\"240\" src=\"https:\/\/keluvo.com\/no\/wp-content\/uploads\/sites\/10\/2024\/10\/Untitled_design_3_9322bfbb-3dfc-4cb9-a83b-ea86a505bd05-copy.jpg\" class=\"attachment-full size-full\" alt=\"\" srcset=\"https:\/\/keluvo.com\/no\/wp-content\/uploads\/sites\/10\/2024\/10\/Untitled_design_3_9322bfbb-3dfc-4cb9-a83b-ea86a505bd05-copy.jpg 240w, https:\/\/keluvo.com\/no\/wp-content\/uploads\/sites\/10\/2024\/10\/Untitled_design_3_9322bfbb-3dfc-4cb9-a83b-ea86a505bd05-copy-150x150.jpg 150w, https:\/\/keluvo.com\/no\/wp-content\/uploads\/sites\/10\/2024\/10\/Untitled_design_3_9322bfbb-3dfc-4cb9-a83b-ea86a505bd05-copy-100x100.jpg 100w, https:\/\/keluvo.com\/no\/wp-content\/uploads\/sites\/10\/2024\/10\/Untitled_design_3_9322bfbb-3dfc-4cb9-a83b-ea86a505bd05-copy-50x50.jpg 50w\" sizes=\"(max-width: 240px) 100vw, 240px\" \/>                                <\/a>\n                            <\/div>\n                                                        <div class=\"ht-category-content-5\">\n                                <h3><a href=\"https:\/\/keluvo.com\/no\/product-category\/klaer-til-menn\/\">Herrekl\u00e6r<\/a><\/h3>\n                            <\/div>\n                                                    <\/div>\n\n                    \n                <\/div>\n                                <div class=\"wl-col-1\">\n\n                                            <div class=\"ht-category-wrap\">\n                                                        <div class=\"ht-category-image-3 ht-category-image-zoom\">\n                                <a href=\"https:\/\/keluvo.com\/no\/product-category\/husholdningsartikler\/\">\n                                    <img loading=\"lazy\" decoding=\"async\" width=\"240\" height=\"240\" src=\"https:\/\/keluvo.com\/no\/wp-content\/uploads\/sites\/10\/2024\/10\/17-copy.jpg\" class=\"attachment-full size-full\" alt=\"\" srcset=\"https:\/\/keluvo.com\/no\/wp-content\/uploads\/sites\/10\/2024\/10\/17-copy.jpg 240w, https:\/\/keluvo.com\/no\/wp-content\/uploads\/sites\/10\/2024\/10\/17-copy-150x150.jpg 150w, https:\/\/keluvo.com\/no\/wp-content\/uploads\/sites\/10\/2024\/10\/17-copy-100x100.jpg 100w, https:\/\/keluvo.com\/no\/wp-content\/uploads\/sites\/10\/2024\/10\/17-copy-50x50.jpg 50w\" sizes=\"(max-width: 240px) 100vw, 240px\" \/>                                <\/a>\n                            <\/div>\n                                                        <div class=\"ht-category-content-5\">\n                                <h3><a href=\"https:\/\/keluvo.com\/no\/product-category\/husholdningsartikler\/\">Husholdningsartikler<\/a><\/h3>\n                            <\/div>\n                                                    <\/div>\n\n                    \n                <\/div>\n                                <div class=\"wl-col-1\">\n\n                                            <div class=\"ht-category-wrap\">\n                                                        <div class=\"ht-category-image-3 ht-category-image-zoom\">\n                                <a href=\"https:\/\/keluvo.com\/no\/product-category\/leker-barne-og-babyprodukter\/\">\n                                    <img loading=\"lazy\" decoding=\"async\" width=\"240\" height=\"240\" src=\"https:\/\/keluvo.com\/no\/wp-content\/uploads\/sites\/10\/2024\/10\/VAIKU_PREKES-copy.jpg\" class=\"attachment-full size-full\" alt=\"\" srcset=\"https:\/\/keluvo.com\/no\/wp-content\/uploads\/sites\/10\/2024\/10\/VAIKU_PREKES-copy.jpg 240w, https:\/\/keluvo.com\/no\/wp-content\/uploads\/sites\/10\/2024\/10\/VAIKU_PREKES-copy-150x150.jpg 150w, https:\/\/keluvo.com\/no\/wp-content\/uploads\/sites\/10\/2024\/10\/VAIKU_PREKES-copy-100x100.jpg 100w, https:\/\/keluvo.com\/no\/wp-content\/uploads\/sites\/10\/2024\/10\/VAIKU_PREKES-copy-50x50.jpg 50w\" sizes=\"(max-width: 240px) 100vw, 240px\" \/>                                <\/a>\n                            <\/div>\n                                                        <div class=\"ht-category-content-5\">\n                                <h3><a href=\"https:\/\/keluvo.com\/no\/product-category\/leker-barne-og-babyprodukter\/\">Leker, barne- og babyprodukter<\/a><\/h3>\n                            <\/div>\n                                                    <\/div>\n\n                    \n                <\/div>\n                                <div class=\"wl-col-1\">\n\n                                            <div class=\"ht-category-wrap\">\n                                                        <div class=\"ht-category-image-3 ht-category-image-zoom\">\n                                <a href=\"https:\/\/keluvo.com\/no\/product-category\/husdyrprodukter\/\">\n                                    <img loading=\"lazy\" decoding=\"async\" width=\"240\" height=\"240\" src=\"https:\/\/keluvo.com\/no\/wp-content\/uploads\/sites\/10\/2024\/10\/GYVUNU_PREKES-copy.jpg\" class=\"attachment-full size-full\" alt=\"\" srcset=\"https:\/\/keluvo.com\/no\/wp-content\/uploads\/sites\/10\/2024\/10\/GYVUNU_PREKES-copy.jpg 240w, https:\/\/keluvo.com\/no\/wp-content\/uploads\/sites\/10\/2024\/10\/GYVUNU_PREKES-copy-150x150.jpg 150w, https:\/\/keluvo.com\/no\/wp-content\/uploads\/sites\/10\/2024\/10\/GYVUNU_PREKES-copy-100x100.jpg 100w, https:\/\/keluvo.com\/no\/wp-content\/uploads\/sites\/10\/2024\/10\/GYVUNU_PREKES-copy-50x50.jpg 50w\" sizes=\"(max-width: 240px) 100vw, 240px\" \/>                                <\/a>\n                            <\/div>\n                                                        <div class=\"ht-category-content-5\">\n                                <h3><a href=\"https:\/\/keluvo.com\/no\/product-category\/husdyrprodukter\/\">Produkter for kj\u00e6ledyr<\/a><\/h3>\n                            <\/div>\n                                                    <\/div>\n\n                    \n                <\/div>\n                                <div class=\"wl-col-1\">\n\n                                            <div class=\"ht-category-wrap\">\n                                                        <div class=\"ht-category-image-3 ht-category-image-zoom\">\n                                <a href=\"https:\/\/keluvo.com\/no\/product-category\/skjonnhets-og-hygieneprodukter\/\">\n                                    <img loading=\"lazy\" decoding=\"async\" width=\"240\" height=\"240\" src=\"https:\/\/keluvo.com\/no\/wp-content\/uploads\/sites\/10\/2024\/10\/3-Copy.jpg\" class=\"attachment-full size-full\" alt=\"\" srcset=\"https:\/\/keluvo.com\/no\/wp-content\/uploads\/sites\/10\/2024\/10\/3-Copy.jpg 240w, https:\/\/keluvo.com\/no\/wp-content\/uploads\/sites\/10\/2024\/10\/3-Copy-150x150.jpg 150w, https:\/\/keluvo.com\/no\/wp-content\/uploads\/sites\/10\/2024\/10\/3-Copy-100x100.jpg 100w, https:\/\/keluvo.com\/no\/wp-content\/uploads\/sites\/10\/2024\/10\/3-Copy-50x50.jpg 50w\" sizes=\"(max-width: 240px) 100vw, 240px\" \/>                                <\/a>\n                            <\/div>\n                                                        <div class=\"ht-category-content-5\">\n                                <h3><a href=\"https:\/\/keluvo.com\/no\/product-category\/skjonnhets-og-hygieneprodukter\/\">Skj\u00f8nnhets- og hygieneprodukter<\/a><\/h3>\n                            <\/div>\n                                                    <\/div>\n\n                    \n                <\/div>\n                                <div class=\"wl-col-1\">\n\n                                            <div class=\"ht-category-wrap\">\n                                                        <div class=\"ht-category-image-3 ht-category-image-zoom\">\n                                <a href=\"https:\/\/keluvo.com\/no\/product-category\/skotoy-tilbehor\/\">\n                                    <img loading=\"lazy\" decoding=\"async\" width=\"240\" height=\"240\" src=\"https:\/\/keluvo.com\/no\/wp-content\/uploads\/sites\/10\/2024\/10\/Untitled_design_3-copy.jpg\" class=\"attachment-full size-full\" alt=\"\" srcset=\"https:\/\/keluvo.com\/no\/wp-content\/uploads\/sites\/10\/2024\/10\/Untitled_design_3-copy.jpg 240w, https:\/\/keluvo.com\/no\/wp-content\/uploads\/sites\/10\/2024\/10\/Untitled_design_3-copy-150x150.jpg 150w, https:\/\/keluvo.com\/no\/wp-content\/uploads\/sites\/10\/2024\/10\/Untitled_design_3-copy-100x100.jpg 100w, https:\/\/keluvo.com\/no\/wp-content\/uploads\/sites\/10\/2024\/10\/Untitled_design_3-copy-50x50.jpg 50w\" sizes=\"(max-width: 240px) 100vw, 240px\" \/>                                <\/a>\n                            <\/div>\n                                                        <div class=\"ht-category-content-5\">\n                                <h3><a href=\"https:\/\/keluvo.com\/no\/product-category\/skotoy-tilbehor\/\">Skot\u00f8y, tilbeh\u00f8r<\/a><\/h3>\n                            <\/div>\n                                                    <\/div>\n\n                    \n                <\/div>\n                                <div class=\"wl-col-1\">\n\n                                            <div class=\"ht-category-wrap\">\n                                                        <div class=\"ht-category-image-3 ht-category-image-zoom\">\n                                <a href=\"https:\/\/keluvo.com\/no\/product-category\/sportsutstyr\/\">\n                                    <img loading=\"lazy\" decoding=\"async\" width=\"240\" height=\"240\" src=\"https:\/\/keluvo.com\/no\/wp-content\/uploads\/sites\/10\/2024\/10\/SVORIAI-copy.jpg\" class=\"attachment-full size-full\" alt=\"\" srcset=\"https:\/\/keluvo.com\/no\/wp-content\/uploads\/sites\/10\/2024\/10\/SVORIAI-copy.jpg 240w, https:\/\/keluvo.com\/no\/wp-content\/uploads\/sites\/10\/2024\/10\/SVORIAI-copy-150x150.jpg 150w, https:\/\/keluvo.com\/no\/wp-content\/uploads\/sites\/10\/2024\/10\/SVORIAI-copy-100x100.jpg 100w, https:\/\/keluvo.com\/no\/wp-content\/uploads\/sites\/10\/2024\/10\/SVORIAI-copy-50x50.jpg 50w\" sizes=\"(max-width: 240px) 100vw, 240px\" \/>                                <\/a>\n                            <\/div>\n                                                        <div class=\"ht-category-content-5\">\n                                <h3><a href=\"https:\/\/keluvo.com\/no\/product-category\/sportsutstyr\/\">Sportsutstyr<\/a><\/h3>\n                            <\/div>\n                                                    <\/div>\n\n                    \n                <\/div>\n                                <div class=\"wl-col-1\">\n\n                                            <div class=\"ht-category-wrap\">\n                                                        <div class=\"ht-category-image-3 ht-category-image-zoom\">\n                                <a href=\"https:\/\/keluvo.com\/no\/product-category\/tur-camping-og-fritidsutstyr\/\">\n                                    <img loading=\"lazy\" decoding=\"async\" width=\"240\" height=\"240\" src=\"https:\/\/keluvo.com\/no\/wp-content\/uploads\/sites\/10\/2024\/10\/palapine-copy.jpg\" class=\"attachment-full size-full\" alt=\"\" srcset=\"https:\/\/keluvo.com\/no\/wp-content\/uploads\/sites\/10\/2024\/10\/palapine-copy.jpg 240w, https:\/\/keluvo.com\/no\/wp-content\/uploads\/sites\/10\/2024\/10\/palapine-copy-150x150.jpg 150w, https:\/\/keluvo.com\/no\/wp-content\/uploads\/sites\/10\/2024\/10\/palapine-copy-100x100.jpg 100w, https:\/\/keluvo.com\/no\/wp-content\/uploads\/sites\/10\/2024\/10\/palapine-copy-50x50.jpg 50w\" sizes=\"(max-width: 240px) 100vw, 240px\" \/>                                <\/a>\n                            <\/div>\n                                                        <div class=\"ht-category-content-5\">\n                                <h3><a href=\"https:\/\/keluvo.com\/no\/product-category\/tur-camping-og-fritidsutstyr\/\">Tur-, camping- og fritidsutstyr<\/a><\/h3>\n                            <\/div>\n                                                    <\/div>\n\n                    \n                <\/div>\n                                <div class=\"wl-col-1\">\n\n                                            <div class=\"ht-category-wrap\">\n                                                        <div class=\"ht-category-image-3 ht-category-image-zoom\">\n                                <a href=\"https:\/\/keluvo.com\/no\/product-category\/verktoy\/\">\n                                    <img loading=\"lazy\" decoding=\"async\" width=\"240\" height=\"240\" src=\"https:\/\/keluvo.com\/no\/wp-content\/uploads\/sites\/10\/2024\/10\/18-copy.jpg\" class=\"attachment-full size-full\" alt=\"\" srcset=\"https:\/\/keluvo.com\/no\/wp-content\/uploads\/sites\/10\/2024\/10\/18-copy.jpg 240w, https:\/\/keluvo.com\/no\/wp-content\/uploads\/sites\/10\/2024\/10\/18-copy-150x150.jpg 150w, https:\/\/keluvo.com\/no\/wp-content\/uploads\/sites\/10\/2024\/10\/18-copy-100x100.jpg 100w, https:\/\/keluvo.com\/no\/wp-content\/uploads\/sites\/10\/2024\/10\/18-copy-50x50.jpg 50w\" sizes=\"(max-width: 240px) 100vw, 240px\" \/>                                <\/a>\n                            <\/div>\n                                                        <div class=\"ht-category-content-5\">\n                                <h3><a href=\"https:\/\/keluvo.com\/no\/product-category\/verktoy\/\">Verkt\u00f8y<\/a><\/h3>\n                            <\/div>\n                                                    <\/div>\n\n                    \n                <\/div>\n                <\/div>\t\t<\/div>\n\t\t\t\t<\/div>\n\t\t\t\t\t<\/div>\n\t\t\t\t<\/div>\n\t\t<div class=\"elementor-element elementor-element-ab5c6eb e-flex e-con-boxed e-con e-parent\" data-id=\"ab5c6eb\" data-element_type=\"container\">\n\t\t\t\t\t<div class=\"e-con-inner\">\n\t\t\t\t<div class=\"elementor-element elementor-element-130588d elementor-widget elementor-widget-spacer\" data-id=\"130588d\" data-element_type=\"widget\" data-widget_type=\"spacer.default\">\n\t\t\t\t<div class=\"elementor-widget-container\">\n\t\t\t\t\t<div class=\"elementor-spacer\">\n\t\t\t<div class=\"elementor-spacer-inner\"><\/div>\n\t\t<\/div>\n\t\t\t\t<\/div>\n\t\t\t\t<\/div>\n\t\t\t\t\t<\/div>\n\t\t\t\t<\/div>\n\t\t\t\t<\/div>\n\t\t","protected":false},"excerpt":{"rendered":"<p>Kategorier Bilprodukter Helseprodukter Husdyrprodukter Husholdningsartikler Kl\u00e6r til kvinner Kl\u00e6r til menn Leker, barne- og babyprodukter Skj\u00f8nnhets- og hygieneprodukter Skot\u00f8y, tilbeh\u00f8r [&hellip;]<\/p>\n","protected":false},"author":1,"featured_media":0,"parent":0,"menu_order":0,"comment_status":"closed","ping_status":"closed","template":"","meta":{"site-sidebar-layout":"no-sidebar","site-content-layout":"","ast-site-content-layout":"full-width-container","site-content-style":"default","site-sidebar-style":"default","ast-global-header-display":"","ast-banner-title-visibility":"","ast-main-header-display":"","ast-hfb-above-header-display":"","ast-hfb-below-header-display":"","ast-hfb-mobile-header-display":"","site-post-title":"disabled","ast-breadcrumbs-content":"","ast-featured-img":"disabled","footer-sml-layout":"","theme-transparent-header-meta":"","adv-header-id-meta":"","stick-header-meta":"","header-above-stick-meta":"","header-main-stick-meta":"","header-below-stick-meta":"","astra-migrate-meta-layouts":"default","ast-page-background-enabled":"default","ast-page-background-meta":{"desktop":{"background-color":"var(--ast-global-color-4)","background-image":"","background-repeat":"repeat","background-position":"center center","background-size":"auto","background-attachment":"scroll","background-type":"","background-media":"","overlay-type":"","overlay-color":"","overlay-opacity":"","overlay-gradient":""},"tablet":{"background-color":"","background-image":"","background-repeat":"repeat","background-position":"center center","background-size":"auto","background-attachment":"scroll","background-type":"","background-media":"","overlay-type":"","overlay-color":"","overlay-opacity":"","overlay-gradient":""},"mobile":{"background-color":"","background-image":"","background-repeat":"repeat","background-position":"center center","background-size":"auto","background-attachment":"scroll","background-type":"","background-media":"","overlay-type":"","overlay-color":"","overlay-opacity":"","overlay-gradient":""}},"ast-content-background-meta":{"desktop":{"background-color":"var(--ast-global-color-5)","background-image":"","background-repeat":"repeat","background-position":"center center","background-size":"auto","background-attachment":"scroll","background-type":"","background-media":"","overlay-type":"","overlay-color":"","overlay-opacity":"","overlay-gradient":""},"tablet":{"background-color":"var(--ast-global-color-5)","background-image":"","background-repeat":"repeat","background-position":"center center","background-size":"auto","background-attachment":"scroll","background-type":"","background-media":"","overlay-type":"","overlay-color":"","overlay-opacity":"","overlay-gradient":""},"mobile":{"background-color":"var(--ast-global-color-5)","background-image":"","background-repeat":"repeat","background-position":"center center","background-size":"auto","background-attachment":"scroll","background-type":"","background-media":"","overlay-type":"","overlay-color":"","overlay-opacity":"","overlay-gradient":""}},"footnotes":""},"class_list":["post-2455","page","type-page","status-publish","hentry"],"_links":{"self":[{"href":"https:\/\/keluvo.com\/no\/wp-json\/wp\/v2\/pages\/2455","targetHints":{"allow":["GET"]}}],"collection":[{"href":"https:\/\/keluvo.com\/no\/wp-json\/wp\/v2\/pages"}],"about":[{"href":"https:\/\/keluvo.com\/no\/wp-json\/wp\/v2\/types\/page"}],"author":[{"embeddable":true,"href":"https:\/\/keluvo.com\/no\/wp-json\/wp\/v2\/users\/1"}],"replies":[{"embeddable":true,"href":"https:\/\/keluvo.com\/no\/wp-json\/wp\/v2\/comments?post=2455"}],"version-history":[{"count":4,"href":"https:\/\/keluvo.com\/no\/wp-json\/wp\/v2\/pages\/2455\/revisions"}],"predecessor-version":[{"id":2505,"href":"https:\/\/keluvo.com\/no\/wp-json\/wp\/v2\/pages\/2455\/revisions\/2505"}],"wp:attachment":[{"href":"https:\/\/keluvo.com\/no\/wp-json\/wp\/v2\/media?parent=2455"}],"curies":[{"name":"wp","href":"https:\/\/api.w.org\/{rel}","templated":true}]}}