{"id":9920,"date":"2025-08-07T10:45:21","date_gmt":"2025-08-07T08:45:21","guid":{"rendered":"https:\/\/keluvo.com\/fi\/product\/sahkoinen-korvanpuhdistin\/"},"modified":"2025-09-15T17:29:23","modified_gmt":"2025-09-15T14:29:23","slug":"sahkoinen-korvanpuhdistin","status":"publish","type":"product","link":"https:\/\/keluvo.com\/fi\/product\/sahkoinen-korvanpuhdistin\/","title":{"rendered":"S\u00e4hk\u00f6inen korvanpuhdistin"},"content":{"rendered":"<h2 style=\"text-align: center\">\ud83d\ude0a Hell\u00e4varainen, helppo ja turvallinen kaikille<\/h2>\n<p class=\"\" style=\"text-align: center\" data-start=\"64\" data-end=\"183\"><span class=\"relative -mx-px my-[-0.2rem] rounded px-px py-[0.2rem] transition-colors duration-100 ease-in-out\">Pid\u00e4 korvat puhtaina ja tyytyv\u00e4isin\u00e4 s\u00e4hk\u00f6isell\u00e4 korvanpuhdistimellamme!<\/span> <span class=\"relative -mx-px my-[-0.2rem] rounded px-px py-[0.2rem] transition-colors duration-100 ease-in-out\">Se on helppok\u00e4ytt\u00f6inen, pehme\u00e4n tuntuinen ja sopii erinomaisesti sek\u00e4 lapsille ett\u00e4 aikuisille.<\/span>\u200b<\/p>\n<p><img decoding=\"async\" class=\"size-full wp-image-14410 aligncenter\" src=\"https:\/\/keluvo.com\/template\/wp-content\/uploads\/sites\/5\/2025\/04\/electricearcleanervideo-ezgif.com-gif-to-webp-converter.webp\" alt=\"\" \/><\/p>\n<h2 style=\"text-align: center\" data-start=\"190\" data-end=\"215\">\ud83c\udf1f Miksi tulet rakastamaan sit\u00e4:<\/h2>\n<ul data-start=\"217\" data-end=\"732\">\n<li class=\"\" data-start=\"217\" data-end=\"321\">\n<p class=\"\" data-start=\"219\" data-end=\"321\"><strong data-start=\"219\" data-end=\"238\">Pehme\u00e4 Ja Hell\u00e4varainen<\/strong>: <span class=\"relative -mx-px my-[-0.2rem] rounded px-px py-[0.2rem] transition-colors duration-100 ease-in-out\">K\u00e4rki on valmistettu pehme\u00e4st\u00e4, taipuisasta materiaalista, joka tuntuu miellytt\u00e4v\u00e4lt\u00e4 korvassasi.<\/span><\/p>\n<\/li>\n<li class=\"\" data-start=\"322\" data-end=\"424\">\n<p class=\"\" data-start=\"324\" data-end=\"424\"><strong data-start=\"324\" data-end=\"341\">Turvallinen Lapsille<\/strong>: <span class=\"relative -mx-px my-[-0.2rem] rounded px-px py-[0.2rem] transition-colors duration-100 ease-in-out\">Suunniteltu hell\u00e4varaiseksi, joten se on turvallinen my\u00f6s pienille korville.<\/span>\u200b<\/p>\n<\/li>\n<li class=\"\" data-start=\"425\" data-end=\"525\">\n<p class=\"\" data-start=\"427\" data-end=\"525\"><strong>Helppok\u00e4ytt\u00f6inen<\/strong>: <span class=\"relative -mx-px my-[-0.2rem] rounded px-px py-[0.2rem] transition-colors duration-100 ease-in-out\">Kytke se vain p\u00e4\u00e4lle ja aseta se varovasti korvaan. Laite alkaa ime\u00e4 korvavahaa pois.<\/span>\u200b<\/p>\n<\/li>\n<li class=\"\" data-start=\"526\" data-end=\"624\">\n<p class=\"\" data-start=\"528\" data-end=\"624\"><strong data-start=\"528\" data-end=\"539\">Ei Sotkua<\/strong>: <span class=\"relative -mx-px my-[-0.2rem] rounded px-px py-[0.2rem] transition-colors duration-100 ease-in-out\">Erityinen k\u00e4rki auttaa poistamaan vahan puhtaasti ty\u00f6nt\u00e4m\u00e4tt\u00e4 sit\u00e4 syvemm\u00e4lle.<\/span>\u200b<\/p>\n<\/li>\n<li class=\"\" data-start=\"625\" data-end=\"732\">\n<p class=\"\" data-start=\"627\" data-end=\"732\"><strong data-start=\"627\" data-end=\"645\">Nopea Puhdistus<\/strong>: Valmis vain muutamassa minuutissa!<\/p>\n<\/li>\n<\/ul>\n<p><img decoding=\"async\" class=\"size-full wp-image-14412 aligncenter\" src=\"https:\/\/keluvo.com\/template\/wp-content\/uploads\/sites\/5\/2025\/04\/c6e5d421-35a4-465f-84b9-ea5bb58f2bfd.webp\" alt=\"\" \/><\/p>\n<h2 style=\"text-align: center\" data-start=\"739\" data-end=\"762\">\ud83d\udee0\ufe0f Tuotetiedot<\/h2>\n<ul data-start=\"764\" data-end=\"1177\">\n<li class=\"\" data-start=\"764\" data-end=\"861\">\n<p class=\"\" data-start=\"766\" data-end=\"861\"><strong data-start=\"766\" data-end=\"774\">Koko<\/strong>: <span class=\"relative -mx-px my-[-0.2rem] rounded px-px py-[0.2rem] transition-colors duration-100 ease-in-out\">13 cm pitk\u00e4, painaa vain 71 grammaa &#8211; helppo pit\u00e4\u00e4 k\u00e4dess\u00e4.<\/span><\/p>\n<\/li>\n<li class=\"\" data-start=\"862\" data-end=\"965\">\n<p class=\"\" data-start=\"864\" data-end=\"965\"><strong data-start=\"864\" data-end=\"878\">K\u00e4rjen Pituus<\/strong>: <span class=\"relative -mx-px my-[-0.2rem] rounded px-px py-[0.2rem] transition-colors duration-100 ease-in-out\">Noin 2,5 cm &#8211; juuri sopiva turvalliseen puhdistukseen.<\/span>\u200b<\/p>\n<\/li>\n<li class=\"\" data-start=\"966\" data-end=\"1072\">\n<p class=\"\" data-start=\"968\" data-end=\"1072\"><strong data-start=\"968\" data-end=\"985\">Helppo Puhdistaa<\/strong>: <span class=\"relative -mx-px my-[-0.2rem] rounded px-px py-[0.2rem] transition-colors duration-100 ease-in-out\">Pese k\u00e4rki vedell\u00e4 k\u00e4yt\u00f6n j\u00e4lkeen.<\/span>\u200b<\/p>\n<\/li>\n<li class=\"\" data-start=\"1073\" data-end=\"1177\">\n<p class=\"\" data-start=\"1075\" data-end=\"1177\"><strong data-start=\"1075\" data-end=\"1090\">Lis\u00e4ty\u00f6kalut<\/strong>: <span class=\"relative -mx-px my-[-0.2rem] rounded px-px py-[0.2rem] transition-colors duration-100 ease-in-out\">Comes with a small brush to clean the filter.<\/span><\/p>\n<\/li>\n<\/ul>\n<p class=\"\" style=\"text-align: center\" data-start=\"1184\" data-end=\"1309\"><span class=\"relative -mx-px my-[-0.2rem] rounded px-px py-[0.2rem] transition-colors duration-100 ease-in-out\">T\u00e4ydellinen k\u00e4ytett\u00e4v\u00e4ksi kotona, autossa tai toimistossa.<\/span> <span class=\"relative -mx-px my-[-0.2rem] rounded px-px py-[0.2rem] transition-colors duration-100 ease-in-out\">K\u00e4ytitp\u00e4 sit\u00e4 sitten auton istuinsuojana, tuolin tyynyn\u00e4, sohvan suojana tai jopa viihtyis\u00e4n\u00e4 mattona, se lis\u00e4\u00e4 mukavuutta minne ikin\u00e4 laitatkin sen.<\/span>\u200b<\/p>\n<div class=\"absolute h-[60px]\">\n<div class=\"flex flex-row-reverse\">\n<div class=\"border-token-main-surface-primary bg-token-main-surface-primary flex items-center overflow-hidden rounded-full -ms-1 first:me-0 border-2 group-hover\/footnote:border-token-main-surface-secondary relative\"><\/div>\n<\/div>\n<\/div>\n<p class=\"\" data-start=\"1075\" data-end=\"1177\">\u200b<\/p>\n","protected":false},"excerpt":{"rendered":"<p>\ud83d\ude0a Hell\u00e4varainen, helppo ja turvallinen kaikille Pid\u00e4 korvat puhtaina ja tyytyv\u00e4isin\u00e4 s\u00e4hk\u00f6isell\u00e4 korvanpuhdistimellamme! Se on helppok\u00e4ytt\u00f6inen, pehme\u00e4n tuntuinen ja sopii [&hellip;]<\/p>\n","protected":false},"featured_media":9914,"comment_status":"open","ping_status":"closed","template":"","meta":{"site-sidebar-layout":"default","site-content-layout":"","ast-site-content-layout":"default","site-content-style":"default","site-sidebar-style":"default","ast-global-header-display":"","ast-banner-title-visibility":"","ast-main-header-display":"","ast-hfb-above-header-display":"","ast-hfb-below-header-display":"","ast-hfb-mobile-header-display":"","site-post-title":"","ast-breadcrumbs-content":"","ast-featured-img":"","footer-sml-layout":"","theme-transparent-header-meta":"default","adv-header-id-meta":"","stick-header-meta":"","header-above-stick-meta":"","header-main-stick-meta":"","header-below-stick-meta":"","astra-migrate-meta-layouts":"set","ast-page-background-enabled":"default","ast-page-background-meta":{"desktop":{"background-color":"var(--ast-global-color-4)","background-image":"","background-repeat":"repeat","background-position":"center center","background-size":"auto","background-attachment":"scroll","background-type":"","background-media":"","overlay-type":"","overlay-color":"","overlay-opacity":"","overlay-gradient":""},"tablet":{"background-color":"","background-image":"","background-repeat":"repeat","background-position":"center center","background-size":"auto","background-attachment":"scroll","background-type":"","background-media":"","overlay-type":"","overlay-color":"","overlay-opacity":"","overlay-gradient":""},"mobile":{"background-color":"","background-image":"","background-repeat":"repeat","background-position":"center center","background-size":"auto","background-attachment":"scroll","background-type":"","background-media":"","overlay-type":"","overlay-color":"","overlay-opacity":"","overlay-gradient":""}},"ast-content-background-meta":{"desktop":{"background-color":"var(--ast-global-color-5)","background-image":"","background-repeat":"repeat","background-position":"center center","background-size":"auto","background-attachment":"scroll","background-type":"","background-media":"","overlay-type":"","overlay-color":"","overlay-opacity":"","overlay-gradient":""},"tablet":{"background-color":"var(--ast-global-color-5)","background-image":"","background-repeat":"repeat","background-position":"center center","background-size":"auto","background-attachment":"scroll","background-type":"","background-media":"","overlay-type":"","overlay-color":"","overlay-opacity":"","overlay-gradient":""},"mobile":{"background-color":"var(--ast-global-color-5)","background-image":"","background-repeat":"repeat","background-position":"center center","background-size":"auto","background-attachment":"scroll","background-type":"","background-media":"","overlay-type":"","overlay-color":"","overlay-opacity":"","overlay-gradient":""}}},"product_brand":[],"product_cat":[991],"product_tag":[],"class_list":{"0":"post-9920","1":"product","2":"type-product","3":"status-publish","4":"has-post-thumbnail","6":"product_cat-health-care-supplies","7":"desktop-align-left","8":"tablet-align-left","9":"mobile-align-left","11":"first","12":"instock","13":"shipping-taxable","14":"purchasable","15":"product-type-simple"},"_links":{"self":[{"href":"https:\/\/keluvo.com\/fi\/wp-json\/wp\/v2\/product\/9920","targetHints":{"allow":["GET"]}}],"collection":[{"href":"https:\/\/keluvo.com\/fi\/wp-json\/wp\/v2\/product"}],"about":[{"href":"https:\/\/keluvo.com\/fi\/wp-json\/wp\/v2\/types\/product"}],"replies":[{"embeddable":true,"href":"https:\/\/keluvo.com\/fi\/wp-json\/wp\/v2\/comments?post=9920"}],"wp:featuredmedia":[{"embeddable":true,"href":"https:\/\/keluvo.com\/fi\/wp-json\/wp\/v2\/media\/9914"}],"wp:attachment":[{"href":"https:\/\/keluvo.com\/fi\/wp-json\/wp\/v2\/media?parent=9920"}],"wp:term":[{"taxonomy":"product_brand","embeddable":true,"href":"https:\/\/keluvo.com\/fi\/wp-json\/wp\/v2\/product_brand?post=9920"},{"taxonomy":"product_cat","embeddable":true,"href":"https:\/\/keluvo.com\/fi\/wp-json\/wp\/v2\/product_cat?post=9920"},{"taxonomy":"product_tag","embeddable":true,"href":"https:\/\/keluvo.com\/fi\/wp-json\/wp\/v2\/product_tag?post=9920"}],"curies":[{"name":"wp","href":"https:\/\/api.w.org\/{rel}","templated":true}]}}