{"id":9774,"date":"2025-08-06T15:57:12","date_gmt":"2025-08-06T13:57:12","guid":{"rendered":"https:\/\/keluvo.com\/fi\/product\/kivunlievitys-ortopediset-lenkkarit\/"},"modified":"2025-11-11T11:54:13","modified_gmt":"2025-11-11T09:54:13","slug":"kivunlievitys-ortopediset-lenkkarit","status":"publish","type":"product","link":"https:\/\/keluvo.com\/fi\/product\/kivunlievitys-ortopediset-lenkkarit\/","title":{"rendered":"Kivunlievitys ortopediset lenkkarit"},"content":{"rendered":"<h2><img decoding=\"async\" class=\"alignnone size-full wp-image-21590 aligncenter\" src=\"https:\/\/keluvo.com\/template\/wp-content\/uploads\/sites\/5\/2025\/05\/shoes-chart.jpg\" alt=\"\" \/><\/h2>\n<h2 style=\"text-align: center;\">Poistaa Jalkakivut \u2013 Nauti Taas Mukavasta K\u00e4velyst\u00e4!<\/h2>\n<p style=\"text-align: center;\">Est\u00e4v\u00e4tk\u00f6 kipe\u00e4t jalat sinua nauttimasta el\u00e4m\u00e4st\u00e4? Ortopediset lenkkarit tarjoavat tarvitsemasi tuen ja helpotuksen koko p\u00e4iv\u00e4n mukavuuteen. Olitpa sitten k\u00e4velyll\u00e4, asioilla tai pysyt aktiivisena, n\u00e4m\u00e4 lenkkarit tarjoavat tarvittavaa vakautta ja pehmustusta kivun lievitt\u00e4miseksi ja pit\u00e4v\u00e4t sinut liikkeell\u00e4.<\/p>\n<p><img decoding=\"async\" class=\"alignnone size-full wp-image-21534 aligncenter\" src=\"https:\/\/keluvo.com\/template\/wp-content\/uploads\/sites\/5\/2025\/05\/Filippa_Lindberg_Stockholm_T1.webp\" alt=\"\" \/><\/p>\n<h2 style=\"text-align: center;\">K\u00e4vele Vapaasti Ja Mukavasti \u2013 Jokaisesta Askeleesta Tulee Vaivaton.<\/h2>\n<p>\u2714 Parannettu pehmustus kivun lievitt\u00e4miseksi: Vankka, iskuja vaimentava pohja minimoi kantap\u00e4ihin, kaareen ja polviin kohdistuvan paineen jokaisella askeleella.<\/p>\n<p>\u2714 Suunniteltu vakautta ja tasapainoa varten: Kest\u00e4v\u00e4 pohja ja tukeva istuvuus tarjoavat lis\u00e4tukea, mik\u00e4 lievitt\u00e4\u00e4 rasitusta ja ep\u00e4mukavuutta.<\/p>\n<p>\u2714 Ihanteellinen istuvuus jokaiselle jalkater\u00e4n muodolle: Riippumatta siit\u00e4, ovatko jalkasi leve\u00e4t vai kapeat, n\u00e4m\u00e4 lenkkarit mukautuvat tarjoamaan viihtyis\u00e4n kokemuksen.<\/p>\n<p>\u2714 Kevyt ja hengitt\u00e4v\u00e4 koko p\u00e4iv\u00e4n helppoutta varten: Valmistettu pehme\u00e4st\u00e4, hengitt\u00e4v\u00e4st\u00e4 materiaalista, joka pit\u00e4\u00e4 jalkasi raikkaina, kuivina ja mukavina.<\/p>\n<p><img decoding=\"async\" class=\"alignnone size-full wp-image-21533 aligncenter\" src=\"https:\/\/keluvo.com\/template\/wp-content\/uploads\/sites\/5\/2025\/05\/Filippa_Lindberg_Stockholm_T2.webp\" alt=\"\" \/><\/p>\n","protected":false},"excerpt":{"rendered":"<p>Poistaa Jalkakivut \u2013 Nauti Taas Mukavasta K\u00e4velyst\u00e4! Est\u00e4v\u00e4tk\u00f6 kipe\u00e4t jalat sinua nauttimasta el\u00e4m\u00e4st\u00e4? Ortopediset lenkkarit tarjoavat tarvitsemasi tuen ja helpotuksen [&hellip;]<\/p>\n","protected":false},"featured_media":9770,"comment_status":"open","ping_status":"closed","template":"","meta":{"site-sidebar-layout":"default","site-content-layout":"","ast-site-content-layout":"default","site-content-style":"default","site-sidebar-style":"default","ast-global-header-display":"","ast-banner-title-visibility":"","ast-main-header-display":"","ast-hfb-above-header-display":"","ast-hfb-below-header-display":"","ast-hfb-mobile-header-display":"","site-post-title":"","ast-breadcrumbs-content":"","ast-featured-img":"","footer-sml-layout":"","theme-transparent-header-meta":"default","adv-header-id-meta":"","stick-header-meta":"","header-above-stick-meta":"","header-main-stick-meta":"","header-below-stick-meta":"","astra-migrate-meta-layouts":"set","ast-page-background-enabled":"default","ast-page-background-meta":{"desktop":{"background-color":"var(--ast-global-color-4)","background-image":"","background-repeat":"repeat","background-position":"center center","background-size":"auto","background-attachment":"scroll","background-type":"","background-media":"","overlay-type":"","overlay-color":"","overlay-opacity":"","overlay-gradient":""},"tablet":{"background-color":"","background-image":"","background-repeat":"repeat","background-position":"center center","background-size":"auto","background-attachment":"scroll","background-type":"","background-media":"","overlay-type":"","overlay-color":"","overlay-opacity":"","overlay-gradient":""},"mobile":{"background-color":"","background-image":"","background-repeat":"repeat","background-position":"center center","background-size":"auto","background-attachment":"scroll","background-type":"","background-media":"","overlay-type":"","overlay-color":"","overlay-opacity":"","overlay-gradient":""}},"ast-content-background-meta":{"desktop":{"background-color":"var(--ast-global-color-5)","background-image":"","background-repeat":"repeat","background-position":"center center","background-size":"auto","background-attachment":"scroll","background-type":"","background-media":"","overlay-type":"","overlay-color":"","overlay-opacity":"","overlay-gradient":""},"tablet":{"background-color":"var(--ast-global-color-5)","background-image":"","background-repeat":"repeat","background-position":"center center","background-size":"auto","background-attachment":"scroll","background-type":"","background-media":"","overlay-type":"","overlay-color":"","overlay-opacity":"","overlay-gradient":""},"mobile":{"background-color":"var(--ast-global-color-5)","background-image":"","background-repeat":"repeat","background-position":"center center","background-size":"auto","background-attachment":"scroll","background-type":"","background-media":"","overlay-type":"","overlay-color":"","overlay-opacity":"","overlay-gradient":""}}},"product_brand":[],"product_cat":[993],"product_tag":[],"class_list":{"0":"post-9774","1":"product","2":"type-product","3":"status-publish","4":"has-post-thumbnail","6":"product_cat-footwear-accessories","7":"pa_48140_1fndvdxo-2155","8":"pa_48140_1fndvdxo-2156","9":"pa_48140_1fndvdxo-2157","10":"pa_48140_1fndvdxo-2158","11":"pa_48140_1fndvdxo-2159","12":"pa_48140_1fndvdxo-2160","13":"pa_48140_1fndvdxo-2161","14":"pa_48140_1fndvdxo-2162","15":"pa_48140_1fndvdxo-2163","16":"pa_48140_1fndvdxo-2164","17":"pa_48140_zvw0y8nr-harmaa","18":"pa_48140_zvw0y8nr-musta","19":"pa_48140_zvw0y8nr-sininen","20":"pa_48140_zvw0y8nr-vaaleanpunainen","21":"pa_48140_zvw0y8nr-valkoinen","22":"desktop-align-left","23":"tablet-align-left","24":"mobile-align-left","26":"first","27":"instock","28":"shipping-taxable","29":"purchasable","30":"product-type-variable","31":"has-default-attributes"},"_links":{"self":[{"href":"https:\/\/keluvo.com\/fi\/wp-json\/wp\/v2\/product\/9774","targetHints":{"allow":["GET"]}}],"collection":[{"href":"https:\/\/keluvo.com\/fi\/wp-json\/wp\/v2\/product"}],"about":[{"href":"https:\/\/keluvo.com\/fi\/wp-json\/wp\/v2\/types\/product"}],"replies":[{"embeddable":true,"href":"https:\/\/keluvo.com\/fi\/wp-json\/wp\/v2\/comments?post=9774"}],"wp:featuredmedia":[{"embeddable":true,"href":"https:\/\/keluvo.com\/fi\/wp-json\/wp\/v2\/media\/9770"}],"wp:attachment":[{"href":"https:\/\/keluvo.com\/fi\/wp-json\/wp\/v2\/media?parent=9774"}],"wp:term":[{"taxonomy":"product_brand","embeddable":true,"href":"https:\/\/keluvo.com\/fi\/wp-json\/wp\/v2\/product_brand?post=9774"},{"taxonomy":"product_cat","embeddable":true,"href":"https:\/\/keluvo.com\/fi\/wp-json\/wp\/v2\/product_cat?post=9774"},{"taxonomy":"product_tag","embeddable":true,"href":"https:\/\/keluvo.com\/fi\/wp-json\/wp\/v2\/product_tag?post=9774"}],"curies":[{"name":"wp","href":"https:\/\/api.w.org\/{rel}","templated":true}]}}