{"id":9721,"date":"2025-08-04T15:07:38","date_gmt":"2025-08-04T13:07:38","guid":{"rendered":"https:\/\/keluvo.com\/fi\/product\/urheilu-vyotarolaukku\/"},"modified":"2025-09-22T18:53:52","modified_gmt":"2025-09-22T15:53:52","slug":"urheilu-vyotarolaukku","status":"publish","type":"product","link":"https:\/\/keluvo.com\/fi\/product\/urheilu-vyotarolaukku\/","title":{"rendered":"Urheilu vy\u00f6t\u00e4r\u00f6laukku"},"content":{"rendered":"<h2 style=\"text-align: center\">Kest\u00e4v\u00e4 Ja Kevyt Muotoilu<\/h2>\n<p style=\"text-align: center\">Urheiluvy\u00f6t\u00e4r\u00f6laukku on valmistettu tukevasta nylonmateriaalista, mik\u00e4 takaa, ett\u00e4 se kest\u00e4\u00e4 p\u00e4ivitt\u00e4ist\u00e4 k\u00e4ytt\u00f6\u00e4 ja ulkoilua. Vahvuudestaan huolimatta se on kevyt ja helppo kuljettaa, joten se on t\u00e4ydellinen kumppani juoksuun, patikointiin tai py\u00f6r\u00e4ilyyn. Pysy aktiivisena ilman ylim\u00e4\u00e4r\u00e4ist\u00e4 taakkaa.<\/p>\n<p><img decoding=\"async\" class=\"alignnone size-medium wp-image-8662 aligncenter\" src=\"https:\/\/keluvo.com\/template\/wp-content\/uploads\/sites\/5\/2025\/01\/S56af9484ae1a476ba0e216d12446f1fai.jpg_960x960q75.jpg_.jpeg\" alt=\"\" \/><\/p>\n<h2 style=\"text-align: center\">Vedenpit\u00e4v\u00e4 Ja S\u00e4\u00e4nkest\u00e4v\u00e4<\/h2>\n<p style=\"text-align: center\">Vedenpit\u00e4v\u00e4n rakenteensa ansiosta urheiluvy\u00f6t\u00e4r\u00f6laukku pit\u00e4\u00e4 tavarasi turvassa ja kuivana eri s\u00e4\u00e4olosuhteissa. Olipa kyseess\u00e4 sitten sade, hiki tai roiskeet, puhelimesi ja muut arvoesineet pysyv\u00e4t suojassa. Nauti ulkoseikkailuistasi mielenrauhassa.<\/p>\n<p><img decoding=\"async\" class=\"alignnone size-medium wp-image-8657 aligncenter\" src=\"https:\/\/keluvo.com\/template\/wp-content\/uploads\/sites\/5\/2025\/01\/S020fe17a7a194f6680f72a3e55552721i.jpg_960x960q75.jpg_.jpeg\" alt=\"\" \/><\/p>\n","protected":false},"excerpt":{"rendered":"<p>Kest\u00e4v\u00e4 Ja Kevyt Muotoilu Urheiluvy\u00f6t\u00e4r\u00f6laukku on valmistettu tukevasta nylonmateriaalista, mik\u00e4 takaa, ett\u00e4 se kest\u00e4\u00e4 p\u00e4ivitt\u00e4ist\u00e4 k\u00e4ytt\u00f6\u00e4 ja ulkoilua. Vahvuudestaan huolimatta [&hellip;]<\/p>\n","protected":false},"featured_media":9717,"comment_status":"open","ping_status":"closed","template":"","meta":{"site-sidebar-layout":"default","site-content-layout":"","ast-site-content-layout":"default","site-content-style":"default","site-sidebar-style":"default","ast-global-header-display":"","ast-banner-title-visibility":"","ast-main-header-display":"","ast-hfb-above-header-display":"","ast-hfb-below-header-display":"","ast-hfb-mobile-header-display":"","site-post-title":"","ast-breadcrumbs-content":"","ast-featured-img":"","footer-sml-layout":"","theme-transparent-header-meta":"default","adv-header-id-meta":"","stick-header-meta":"","header-above-stick-meta":"","header-main-stick-meta":"","header-below-stick-meta":"","astra-migrate-meta-layouts":"set","ast-page-background-enabled":"default","ast-page-background-meta":{"desktop":{"background-color":"var(--ast-global-color-4)","background-image":"","background-repeat":"repeat","background-position":"center center","background-size":"auto","background-attachment":"scroll","background-type":"","background-media":"","overlay-type":"","overlay-color":"","overlay-opacity":"","overlay-gradient":""},"tablet":{"background-color":"","background-image":"","background-repeat":"repeat","background-position":"center center","background-size":"auto","background-attachment":"scroll","background-type":"","background-media":"","overlay-type":"","overlay-color":"","overlay-opacity":"","overlay-gradient":""},"mobile":{"background-color":"","background-image":"","background-repeat":"repeat","background-position":"center center","background-size":"auto","background-attachment":"scroll","background-type":"","background-media":"","overlay-type":"","overlay-color":"","overlay-opacity":"","overlay-gradient":""}},"ast-content-background-meta":{"desktop":{"background-color":"var(--ast-global-color-5)","background-image":"","background-repeat":"repeat","background-position":"center center","background-size":"auto","background-attachment":"scroll","background-type":"","background-media":"","overlay-type":"","overlay-color":"","overlay-opacity":"","overlay-gradient":""},"tablet":{"background-color":"var(--ast-global-color-5)","background-image":"","background-repeat":"repeat","background-position":"center center","background-size":"auto","background-attachment":"scroll","background-type":"","background-media":"","overlay-type":"","overlay-color":"","overlay-opacity":"","overlay-gradient":""},"mobile":{"background-color":"var(--ast-global-color-5)","background-image":"","background-repeat":"repeat","background-position":"center center","background-size":"auto","background-attachment":"scroll","background-type":"","background-media":"","overlay-type":"","overlay-color":"","overlay-opacity":"","overlay-gradient":""}}},"product_brand":[],"product_cat":[993],"product_tag":[],"class_list":{"0":"post-9721","1":"product","2":"type-product","3":"status-publish","4":"has-post-thumbnail","6":"product_cat-footwear-accessories","7":"pa_39692_fqusocyz-musta","8":"pa_39692_fqusocyz-oranssi","9":"pa_39692_fqusocyz-rose","10":"pa_39692_fqusocyz-sininen","11":"pa_39692_fqusocyz-vihrea","12":"desktop-align-left","13":"tablet-align-left","14":"mobile-align-left","16":"first","17":"instock","18":"shipping-taxable","19":"purchasable","20":"product-type-variable"},"_links":{"self":[{"href":"https:\/\/keluvo.com\/fi\/wp-json\/wp\/v2\/product\/9721","targetHints":{"allow":["GET"]}}],"collection":[{"href":"https:\/\/keluvo.com\/fi\/wp-json\/wp\/v2\/product"}],"about":[{"href":"https:\/\/keluvo.com\/fi\/wp-json\/wp\/v2\/types\/product"}],"replies":[{"embeddable":true,"href":"https:\/\/keluvo.com\/fi\/wp-json\/wp\/v2\/comments?post=9721"}],"wp:featuredmedia":[{"embeddable":true,"href":"https:\/\/keluvo.com\/fi\/wp-json\/wp\/v2\/media\/9717"}],"wp:attachment":[{"href":"https:\/\/keluvo.com\/fi\/wp-json\/wp\/v2\/media?parent=9721"}],"wp:term":[{"taxonomy":"product_brand","embeddable":true,"href":"https:\/\/keluvo.com\/fi\/wp-json\/wp\/v2\/product_brand?post=9721"},{"taxonomy":"product_cat","embeddable":true,"href":"https:\/\/keluvo.com\/fi\/wp-json\/wp\/v2\/product_cat?post=9721"},{"taxonomy":"product_tag","embeddable":true,"href":"https:\/\/keluvo.com\/fi\/wp-json\/wp\/v2\/product_tag?post=9721"}],"curies":[{"name":"wp","href":"https:\/\/api.w.org\/{rel}","templated":true}]}}