{"id":9716,"date":"2025-08-04T14:20:01","date_gmt":"2025-08-04T12:20:01","guid":{"rendered":"https:\/\/keluvo.com\/fi\/product\/mini-puhdistusmoppi\/"},"modified":"2025-08-04T14:20:01","modified_gmt":"2025-08-04T12:20:01","slug":"mini-puhdistusmoppi","status":"publish","type":"product","link":"https:\/\/keluvo.com\/fi\/product\/mini-puhdistusmoppi\/","title":{"rendered":"Mini puhdistusmoppi"},"content":{"rendered":"<h2 style=\"text-align: center\">Pienikokoinen Ja Helppok\u00e4ytt\u00f6inen<\/h2>\n<p style=\"text-align: center\">Minipuhdistusmoppi on pieni ja kevyt, joten se sopii erinomaisesti nopeaan siivoukseen ahtaissa tiloissa. Sen kompaktin koon ansiosta voit puhdistaa p\u00f6yd\u00e4t, p\u00f6yd\u00e4t ja hyllyt vaivattomasti. Se on helppo s\u00e4ilytt\u00e4\u00e4, joten se sopii erinomaisesti koteihin, toimistoihin ja autoihin.<\/p>\n<p><img decoding=\"async\" class=\"alignnone size-medium wp-image-9728 aligncenter\" src=\"https:\/\/keluvo.com\/template\/wp-content\/uploads\/sites\/5\/2025\/01\/S84eb1d4c93d64cc5a66e49ae39a24169X.jpg_960x960q75.jpg_-1.jpeg\" alt=\"\" \/><\/p>\n<h2 style=\"text-align: center\">Monipintainen Puhdistusty\u00f6kalu<\/h2>\n<p style=\"text-align: center\">Minipuhdistusmoppi on suunniteltu monipuoliseksi, ja sill\u00e4 voidaan k\u00e4sitell\u00e4 erilaisia pintoja, kuten keitti\u00f6n tiskip\u00f6yti\u00e4, ruokap\u00f6yti\u00e4 ja jopa auton sis\u00e4tiloja. Pehme\u00e4 sienimateriaali takaa perusteellisen puhdistuksen naarmuttamatta herkki\u00e4 pintoja. Se on k\u00e4tev\u00e4 ty\u00f6kalu mink\u00e4 tahansa tilan pit\u00e4miseen tahrattomana.<\/p>\n<p><img decoding=\"async\" class=\"alignnone size-medium wp-image-9722 aligncenter\" src=\"https:\/\/keluvo.com\/template\/wp-content\/uploads\/sites\/5\/2025\/01\/S843a1be583b44b3999dc57956dade5621.jpg_960x960q75.jpg_.jpeg\" alt=\"\" \/><\/p>\n","protected":false},"excerpt":{"rendered":"<p>Pienikokoinen Ja Helppok\u00e4ytt\u00f6inen Minipuhdistusmoppi on pieni ja kevyt, joten se sopii erinomaisesti nopeaan siivoukseen ahtaissa tiloissa. Sen kompaktin koon ansiosta [&hellip;]<\/p>\n","protected":false},"featured_media":9712,"comment_status":"open","ping_status":"closed","template":"","meta":{"site-sidebar-layout":"default","site-content-layout":"","ast-site-content-layout":"default","site-content-style":"default","site-sidebar-style":"default","ast-global-header-display":"","ast-banner-title-visibility":"","ast-main-header-display":"","ast-hfb-above-header-display":"","ast-hfb-below-header-display":"","ast-hfb-mobile-header-display":"","site-post-title":"","ast-breadcrumbs-content":"","ast-featured-img":"","footer-sml-layout":"","theme-transparent-header-meta":"default","adv-header-id-meta":"","stick-header-meta":"","header-above-stick-meta":"","header-main-stick-meta":"","header-below-stick-meta":"","astra-migrate-meta-layouts":"set","ast-page-background-enabled":"default","ast-page-background-meta":{"desktop":{"background-color":"var(--ast-global-color-4)","background-image":"","background-repeat":"repeat","background-position":"center center","background-size":"auto","background-attachment":"scroll","background-type":"","background-media":"","overlay-type":"","overlay-color":"","overlay-opacity":"","overlay-gradient":""},"tablet":{"background-color":"","background-image":"","background-repeat":"repeat","background-position":"center center","background-size":"auto","background-attachment":"scroll","background-type":"","background-media":"","overlay-type":"","overlay-color":"","overlay-opacity":"","overlay-gradient":""},"mobile":{"background-color":"","background-image":"","background-repeat":"repeat","background-position":"center center","background-size":"auto","background-attachment":"scroll","background-type":"","background-media":"","overlay-type":"","overlay-color":"","overlay-opacity":"","overlay-gradient":""}},"ast-content-background-meta":{"desktop":{"background-color":"var(--ast-global-color-5)","background-image":"","background-repeat":"repeat","background-position":"center center","background-size":"auto","background-attachment":"scroll","background-type":"","background-media":"","overlay-type":"","overlay-color":"","overlay-opacity":"","overlay-gradient":""},"tablet":{"background-color":"var(--ast-global-color-5)","background-image":"","background-repeat":"repeat","background-position":"center center","background-size":"auto","background-attachment":"scroll","background-type":"","background-media":"","overlay-type":"","overlay-color":"","overlay-opacity":"","overlay-gradient":""},"mobile":{"background-color":"var(--ast-global-color-5)","background-image":"","background-repeat":"repeat","background-position":"center center","background-size":"auto","background-attachment":"scroll","background-type":"","background-media":"","overlay-type":"","overlay-color":"","overlay-opacity":"","overlay-gradient":""}}},"product_brand":[],"product_cat":[1001,996],"product_tag":[],"class_list":{"0":"post-9716","1":"product","2":"type-product","3":"status-publish","4":"has-post-thumbnail","6":"product_cat-household-goods","7":"product_cat-tools","8":"desktop-align-left","9":"tablet-align-left","10":"mobile-align-left","12":"first","13":"instock","14":"shipping-taxable","15":"purchasable","16":"product-type-simple"},"_links":{"self":[{"href":"https:\/\/keluvo.com\/fi\/wp-json\/wp\/v2\/product\/9716","targetHints":{"allow":["GET"]}}],"collection":[{"href":"https:\/\/keluvo.com\/fi\/wp-json\/wp\/v2\/product"}],"about":[{"href":"https:\/\/keluvo.com\/fi\/wp-json\/wp\/v2\/types\/product"}],"replies":[{"embeddable":true,"href":"https:\/\/keluvo.com\/fi\/wp-json\/wp\/v2\/comments?post=9716"}],"wp:featuredmedia":[{"embeddable":true,"href":"https:\/\/keluvo.com\/fi\/wp-json\/wp\/v2\/media\/9712"}],"wp:attachment":[{"href":"https:\/\/keluvo.com\/fi\/wp-json\/wp\/v2\/media?parent=9716"}],"wp:term":[{"taxonomy":"product_brand","embeddable":true,"href":"https:\/\/keluvo.com\/fi\/wp-json\/wp\/v2\/product_brand?post=9716"},{"taxonomy":"product_cat","embeddable":true,"href":"https:\/\/keluvo.com\/fi\/wp-json\/wp\/v2\/product_cat?post=9716"},{"taxonomy":"product_tag","embeddable":true,"href":"https:\/\/keluvo.com\/fi\/wp-json\/wp\/v2\/product_tag?post=9716"}],"curies":[{"name":"wp","href":"https:\/\/api.w.org\/{rel}","templated":true}]}}