{"id":9700,"date":"2025-08-04T13:44:52","date_gmt":"2025-08-04T11:44:52","guid":{"rendered":"https:\/\/keluvo.com\/fi\/product\/vedenpuhdistin\/"},"modified":"2025-09-22T18:55:34","modified_gmt":"2025-09-22T15:55:34","slug":"vedenpuhdistin","status":"publish","type":"product","link":"https:\/\/keluvo.com\/fi\/product\/vedenpuhdistin\/","title":{"rendered":"Vedenpuhdistin"},"content":{"rendered":"<p style=\"text-align: center\" data-start=\"111\" data-end=\"167\"><strong>\ud83d\udca7 Pid\u00e4 lampesi tai akvaariosi kristallinkirkkaana &#8211; luonnollisesti!<\/strong><\/p>\n<p style=\"text-align: center\" data-start=\"169\" data-end=\"334\">T\u00e4m\u00e4 luonnollinen vedenpuhdistusaine poistaa lev\u00e4\u00e4, hajuja ja ei-toivottuja bakteereja pit\u00e4en samalla kalasi ja vesiel\u00e4imesi turvallisina ja tervein\u00e4. Tiputa se vain sis\u00e4\u00e4n ja anna sen vaikuttaa!<\/p>\n<p data-start=\"169\" data-end=\"334\"><img decoding=\"async\" class=\"size-full wp-image-26423 aligncenter\" src=\"https:\/\/keluvo.com\/template\/wp-content\/uploads\/sites\/5\/2025\/07\/07028-ezgif.com-video-to-webp-converter.webp\" alt=\"\" \/><\/p>\n<h2 style=\"text-align: center\" data-start=\"336\" data-end=\"357\"><strong>\ud83c\udf3f T\u00e4rkeimm\u00e4t Edut<\/strong><\/h2>\n<p data-start=\"360\" data-end=\"413\">\ud83e\uddfc Poistaa nopeasti viher-, sini- ja ruskealev\u00e4n<\/p>\n<p data-start=\"416\" data-end=\"458\">\ud83d\udc1f Turvallinen kaloille, lemmikkiel\u00e4imille ja vesieli\u00f6ille plants<\/p>\n<p data-start=\"461\" data-end=\"495\">\u267b\ufe0f Ymp\u00e4rist\u00f6yst\u00e4v\u00e4llinen, myrkyt\u00f6n koostumus<\/p>\n<p data-start=\"498\" data-end=\"544\">\ud83c\udf0a Toimii lammikoissa, akvaarioissa, j\u00e4rviss\u00e4 ja suihkul\u00e4hteiss\u00e4<\/p>\n<p data-start=\"547\" data-end=\"594\">\ud83d\udd52 Pitk\u00e4aikainen vaikutus v\u00e4hent\u00e4\u00e4 yll\u00e4pitoa<\/p>\n<p data-start=\"547\" data-end=\"594\"><img decoding=\"async\" class=\"size-full wp-image-26419 aligncenter\" src=\"https:\/\/keluvo.com\/template\/wp-content\/uploads\/sites\/5\/2025\/07\/c45ac466-5281-402e-9fce-896bf7327634.jpg\" alt=\"\" \/><\/p>\n<h2 style=\"text-align: center\" data-start=\"596\" data-end=\"614\"><strong>\ud83e\uddea K\u00e4ytt\u00f6ohje<\/strong><\/h2>\n<ol data-start=\"615\" data-end=\"766\">\n<li data-start=\"615\" data-end=\"673\">\n<p data-start=\"618\" data-end=\"673\">Pudota 2 lusikallista jauhetta 100 litraan vett\u00e4 (tai 1 lusikallinen ennaltaehk\u00e4isyyn).<\/p>\n<\/li>\n<li data-start=\"674\" data-end=\"721\">\n<p data-start=\"677\" data-end=\"721\">Odota, kun se liukenee ja puhdistaa veden.<\/p>\n<\/li>\n<li data-start=\"722\" data-end=\"766\">\n<p data-start=\"725\" data-end=\"766\">Nauti kirkkaasta, hajuttomasta vedest\u00e4 muutamassa p\u00e4iv\u00e4ss\u00e4!<\/p>\n<\/li>\n<\/ol>\n<h2 style=\"text-align: center\" data-start=\"768\" data-end=\"791\"><strong>\ud83d\udcd0 Tuotetiedot<\/strong><\/h2>\n<ul data-start=\"792\" data-end=\"941\">\n<li data-start=\"882\" data-end=\"941\">\n<p data-start=\"884\" data-end=\"941\">K\u00e4ytt\u00f6: K\u00e4yt\u00e4 jauheena: K\u00e4ytt\u00f6kohteet: Lammet, j\u00e4rvet, akvaariot, suihkul\u00e4hteet ja paljon muuta<\/p>\n<\/li>\n<\/ul>\n<h2 style=\"text-align: center\" data-start=\"943\" data-end=\"967\"><strong>\ud83d\udce6 Pakkaus Sis\u00e4lt\u00e4\u00e4<\/strong><\/h2>\n<ul data-start=\"968\" data-end=\"1017\">\n<li data-start=\"968\" data-end=\"1017\">\n<p data-start=\"970\" data-end=\"1017\">1, 2, 4x vedenpuhdistusainetta.<\/p>\n<\/li>\n<\/ul>\n","protected":false},"excerpt":{"rendered":"<p>\ud83d\udca7 Pid\u00e4 lampesi tai akvaariosi kristallinkirkkaana &#8211; luonnollisesti! T\u00e4m\u00e4 luonnollinen vedenpuhdistusaine poistaa lev\u00e4\u00e4, hajuja ja ei-toivottuja bakteereja pit\u00e4en samalla kalasi [&hellip;]<\/p>\n","protected":false},"featured_media":9696,"comment_status":"open","ping_status":"closed","template":"","meta":{"site-sidebar-layout":"default","site-content-layout":"","ast-site-content-layout":"default","site-content-style":"default","site-sidebar-style":"default","ast-global-header-display":"","ast-banner-title-visibility":"","ast-main-header-display":"","ast-hfb-above-header-display":"","ast-hfb-below-header-display":"","ast-hfb-mobile-header-display":"","site-post-title":"","ast-breadcrumbs-content":"","ast-featured-img":"","footer-sml-layout":"","theme-transparent-header-meta":"default","adv-header-id-meta":"","stick-header-meta":"","header-above-stick-meta":"","header-main-stick-meta":"","header-below-stick-meta":"","astra-migrate-meta-layouts":"set","ast-page-background-enabled":"default","ast-page-background-meta":{"desktop":{"background-color":"var(--ast-global-color-4)","background-image":"","background-repeat":"repeat","background-position":"center center","background-size":"auto","background-attachment":"scroll","background-type":"","background-media":"","overlay-type":"","overlay-color":"","overlay-opacity":"","overlay-gradient":""},"tablet":{"background-color":"","background-image":"","background-repeat":"repeat","background-position":"center center","background-size":"auto","background-attachment":"scroll","background-type":"","background-media":"","overlay-type":"","overlay-color":"","overlay-opacity":"","overlay-gradient":""},"mobile":{"background-color":"","background-image":"","background-repeat":"repeat","background-position":"center center","background-size":"auto","background-attachment":"scroll","background-type":"","background-media":"","overlay-type":"","overlay-color":"","overlay-opacity":"","overlay-gradient":""}},"ast-content-background-meta":{"desktop":{"background-color":"var(--ast-global-color-5)","background-image":"","background-repeat":"repeat","background-position":"center center","background-size":"auto","background-attachment":"scroll","background-type":"","background-media":"","overlay-type":"","overlay-color":"","overlay-opacity":"","overlay-gradient":""},"tablet":{"background-color":"var(--ast-global-color-5)","background-image":"","background-repeat":"repeat","background-position":"center center","background-size":"auto","background-attachment":"scroll","background-type":"","background-media":"","overlay-type":"","overlay-color":"","overlay-opacity":"","overlay-gradient":""},"mobile":{"background-color":"var(--ast-global-color-5)","background-image":"","background-repeat":"repeat","background-position":"center center","background-size":"auto","background-attachment":"scroll","background-type":"","background-media":"","overlay-type":"","overlay-color":"","overlay-opacity":"","overlay-gradient":""}}},"product_brand":[],"product_cat":[1001,997],"product_tag":[],"class_list":{"0":"post-9700","1":"product","2":"type-product","3":"status-publish","4":"has-post-thumbnail","6":"product_cat-household-goods","7":"product_cat-pets-products","8":"pa_45019_7rfmeqlb-1-kpl","9":"pa_45019_7rfmeqlb-2-kpl","10":"pa_45019_7rfmeqlb-4-kpl","11":"desktop-align-left","12":"tablet-align-left","13":"mobile-align-left","15":"first","16":"instock","17":"shipping-taxable","18":"purchasable","19":"product-type-variable"},"_links":{"self":[{"href":"https:\/\/keluvo.com\/fi\/wp-json\/wp\/v2\/product\/9700","targetHints":{"allow":["GET"]}}],"collection":[{"href":"https:\/\/keluvo.com\/fi\/wp-json\/wp\/v2\/product"}],"about":[{"href":"https:\/\/keluvo.com\/fi\/wp-json\/wp\/v2\/types\/product"}],"replies":[{"embeddable":true,"href":"https:\/\/keluvo.com\/fi\/wp-json\/wp\/v2\/comments?post=9700"}],"wp:featuredmedia":[{"embeddable":true,"href":"https:\/\/keluvo.com\/fi\/wp-json\/wp\/v2\/media\/9696"}],"wp:attachment":[{"href":"https:\/\/keluvo.com\/fi\/wp-json\/wp\/v2\/media?parent=9700"}],"wp:term":[{"taxonomy":"product_brand","embeddable":true,"href":"https:\/\/keluvo.com\/fi\/wp-json\/wp\/v2\/product_brand?post=9700"},{"taxonomy":"product_cat","embeddable":true,"href":"https:\/\/keluvo.com\/fi\/wp-json\/wp\/v2\/product_cat?post=9700"},{"taxonomy":"product_tag","embeddable":true,"href":"https:\/\/keluvo.com\/fi\/wp-json\/wp\/v2\/product_tag?post=9700"}],"curies":[{"name":"wp","href":"https:\/\/api.w.org\/{rel}","templated":true}]}}