{"id":9544,"date":"2025-08-01T13:57:09","date_gmt":"2025-08-01T11:57:09","guid":{"rendered":"https:\/\/keluvo.com\/fi\/product\/klassinen-puuvillainen-paita\/"},"modified":"2025-08-01T14:05:47","modified_gmt":"2025-08-01T12:05:47","slug":"klassinen-puuvillainen-paita","status":"publish","type":"product","link":"https:\/\/keluvo.com\/fi\/product\/klassinen-puuvillainen-paita\/","title":{"rendered":"Klassinen puuvillainen paita"},"content":{"rendered":"<p style=\"text-align: center;\" data-start=\"148\" data-end=\"187\"><strong data-start=\"148\" data-end=\"187\">T\u00e4ydellinen Paita Aurinkoisiin P\u00e4iviin \u2600\ufe0f<\/strong><\/p>\n<p style=\"text-align: center;\" data-start=\"189\" data-end=\"396\">T\u00e4m\u00e4 klassinen puuvillapaita on vaivatonta kes\u00e4tyyli\u00e4 varten. Hengitt\u00e4v\u00e4 puuvillakangas, tyylik\u00e4s r\u00e4\u00e4t\u00e4l\u00f6ity istuvuus ja ajaton muotoilu sopivat sek\u00e4 fiksuihin ett\u00e4 rentoihin tilaisuuksiin.<\/p>\n<p data-start=\"189\" data-end=\"396\"><img decoding=\"async\" class=\"size-full wp-image-29786 aligncenter\" src=\"https:\/\/keluvo.com\/template\/wp-content\/uploads\/sites\/5\/2025\/07\/Screenshot_2.png\" alt=\"\" \/><\/p>\n<h2 style=\"text-align: center;\" data-start=\"398\" data-end=\"416\">T\u00e4rkeimm\u00e4t Edut \u2728<\/h2>\n<p data-start=\"419\" data-end=\"484\">\ud83d\udc55 Ensiluokkainen puuvillakangas pit\u00e4\u00e4 sinut viile\u00e4n\u00e4 ja mukavana koko p\u00e4iv\u00e4n<\/p>\n<p data-start=\"487\" data-end=\"565\">\ud83d\udd04 Monipuolinen tyyli sopii t\u00e4ydellisesti farkkujen, chinojen tai vaikka bleiserin alle<\/p>\n<p data-start=\"568\" data-end=\"632\">\ud83e\uddf5 R\u00e4\u00e4t\u00e4l\u00f6ity istuvuus korostaa vartalonmuotoasi tuntumatta ahtaalta<\/p>\n<p data-start=\"635\" data-end=\"704\">\u23f3 Ajaton look klassisella kauluksella ja hihansuilla siistin lopputuloksen takaamiseksi<\/p>\n<p data-start=\"707\" data-end=\"764\">\ud83e\uddfc Helppo pest\u00e4 ja k\u00e4ytt\u00e4\u00e4, t\u00e4ydellinen jokap\u00e4iv\u00e4iseen tyylikkyyteen<\/p>\n<p data-start=\"707\" data-end=\"764\"><img decoding=\"async\" class=\"size-full wp-image-29788 aligncenter\" src=\"https:\/\/keluvo.com\/template\/wp-content\/uploads\/sites\/5\/2025\/07\/2_913f1586-a93a-4061-98aa-5aafb28cc492-1.webp\" alt=\"\" \/><\/p>\n<h2 style=\"text-align: center;\" data-start=\"766\" data-end=\"781\">Miten K\u00e4ytt\u00e4\u00e4 \ud83d\udc55<\/h2>\n<ol data-start=\"782\" data-end=\"989\">\n<li data-start=\"782\" data-end=\"844\">\n<p data-start=\"785\" data-end=\"844\">Pari housujen tai shortsien kanssa tilaisuudesta riippuen.<\/p>\n<\/li>\n<li data-start=\"845\" data-end=\"920\">\n<p data-start=\"848\" data-end=\"920\">K\u00e4\u00e4ri hihat yl\u00f6s rennon lookin aikaansaamiseksi tai napita ne kiinni fiksumman fiiliksen aikaansaamiseksi.<\/p>\n<\/li>\n<li data-start=\"921\" data-end=\"989\">\n<p data-start=\"924\" data-end=\"989\">Muotoile suosikkiasusteidesi, kuten kellon tai aurinkolasien kanssa.<\/p>\n<\/li>\n<\/ol>\n<h2 style=\"text-align: center;\" data-start=\"991\" data-end=\"1011\">Tuotetiedot \ud83d\udccf<\/h2>\n<ul data-start=\"1012\" data-end=\"1209\">\n<li data-start=\"1012\" data-end=\"1056\">\n<p data-start=\"1014\" data-end=\"1056\">Materiaali: Materiaali: 100 % ensiluokkaista hengitt\u00e4v\u00e4\u00e4 puuvillaa<\/p>\n<\/li>\n<li data-start=\"1057\" data-end=\"1083\">\n<p data-start=\"1059\" data-end=\"1083\">Puku: 100%: Tyyli: R\u00e4\u00e4t\u00e4l\u00f6ity\/ohut istuvuus<\/p>\n<\/li>\n<li data-start=\"1084\" data-end=\"1112\">\n<p data-start=\"1086\" data-end=\"1112\">Tyyli: Puuvillaa, puuvillaa, puuvillaa, puuvillaa: Tyylilaji: Rento mutta tyylik\u00e4s<\/p>\n<\/li>\n<li data-start=\"1113\" data-end=\"1179\">\n<p data-start=\"1115\" data-end=\"1179\">Saatavilla olevat koot:<\/p>\n<\/li>\n<\/ul>\n<h2 style=\"text-align: center;\" data-start=\"1211\" data-end=\"1232\">Pakkaus Sis\u00e4lt\u00e4\u00e4 \ud83d\udce6<\/h2>\n<ul data-start=\"1233\" data-end=\"1290\">\n<li data-start=\"1233\" data-end=\"1290\">\n<p data-start=\"1235\" data-end=\"1290\">1x klassinen puuvillapaita.<\/p>\n<\/li>\n<\/ul>\n","protected":false},"excerpt":{"rendered":"<p>T\u00e4ydellinen Paita Aurinkoisiin P\u00e4iviin \u2600\ufe0f T\u00e4m\u00e4 klassinen puuvillapaita on vaivatonta kes\u00e4tyyli\u00e4 varten. Hengitt\u00e4v\u00e4 puuvillakangas, tyylik\u00e4s r\u00e4\u00e4t\u00e4l\u00f6ity istuvuus ja ajaton muotoilu [&hellip;]<\/p>\n","protected":false},"featured_media":9540,"comment_status":"open","ping_status":"closed","template":"","meta":{"site-sidebar-layout":"default","site-content-layout":"","ast-site-content-layout":"default","site-content-style":"default","site-sidebar-style":"default","ast-global-header-display":"","ast-banner-title-visibility":"","ast-main-header-display":"","ast-hfb-above-header-display":"","ast-hfb-below-header-display":"","ast-hfb-mobile-header-display":"","site-post-title":"","ast-breadcrumbs-content":"","ast-featured-img":"","footer-sml-layout":"","theme-transparent-header-meta":"default","adv-header-id-meta":"","stick-header-meta":"","header-above-stick-meta":"","header-main-stick-meta":"","header-below-stick-meta":"","astra-migrate-meta-layouts":"set","ast-page-background-enabled":"default","ast-page-background-meta":{"desktop":{"background-color":"var(--ast-global-color-4)","background-image":"","background-repeat":"repeat","background-position":"center center","background-size":"auto","background-attachment":"scroll","background-type":"","background-media":"","overlay-type":"","overlay-color":"","overlay-opacity":"","overlay-gradient":""},"tablet":{"background-color":"","background-image":"","background-repeat":"repeat","background-position":"center center","background-size":"auto","background-attachment":"scroll","background-type":"","background-media":"","overlay-type":"","overlay-color":"","overlay-opacity":"","overlay-gradient":""},"mobile":{"background-color":"","background-image":"","background-repeat":"repeat","background-position":"center center","background-size":"auto","background-attachment":"scroll","background-type":"","background-media":"","overlay-type":"","overlay-color":"","overlay-opacity":"","overlay-gradient":""}},"ast-content-background-meta":{"desktop":{"background-color":"var(--ast-global-color-5)","background-image":"","background-repeat":"repeat","background-position":"center center","background-size":"auto","background-attachment":"scroll","background-type":"","background-media":"","overlay-type":"","overlay-color":"","overlay-opacity":"","overlay-gradient":""},"tablet":{"background-color":"var(--ast-global-color-5)","background-image":"","background-repeat":"repeat","background-position":"center center","background-size":"auto","background-attachment":"scroll","background-type":"","background-media":"","overlay-type":"","overlay-color":"","overlay-opacity":"","overlay-gradient":""},"mobile":{"background-color":"var(--ast-global-color-5)","background-image":"","background-repeat":"repeat","background-position":"center center","background-size":"auto","background-attachment":"scroll","background-type":"","background-media":"","overlay-type":"","overlay-color":"","overlay-opacity":"","overlay-gradient":""}}},"product_brand":[],"product_cat":[995],"product_tag":[],"class_list":{"0":"post-9544","1":"product","2":"type-product","3":"status-publish","4":"has-post-thumbnail","6":"product_cat-clothing-for-men","7":"pa_48250_0719byp7-s","8":"pa_48250_0719byp7-m","9":"pa_48250_0719byp7-l","10":"pa_48250_0719byp7-xl","11":"pa_48250_0719byp7-xxl","12":"pa_48250_0719byp7-xxxl","13":"pa_48250_cvokclwp-harmaa","14":"pa_48250_cvokclwp-musta","15":"pa_48250_cvokclwp-sininen","16":"desktop-align-left","17":"tablet-align-left","18":"mobile-align-left","20":"first","21":"instock","22":"shipping-taxable","23":"purchasable","24":"product-type-variable","25":"has-default-attributes"},"_links":{"self":[{"href":"https:\/\/keluvo.com\/fi\/wp-json\/wp\/v2\/product\/9544","targetHints":{"allow":["GET"]}}],"collection":[{"href":"https:\/\/keluvo.com\/fi\/wp-json\/wp\/v2\/product"}],"about":[{"href":"https:\/\/keluvo.com\/fi\/wp-json\/wp\/v2\/types\/product"}],"replies":[{"embeddable":true,"href":"https:\/\/keluvo.com\/fi\/wp-json\/wp\/v2\/comments?post=9544"}],"wp:featuredmedia":[{"embeddable":true,"href":"https:\/\/keluvo.com\/fi\/wp-json\/wp\/v2\/media\/9540"}],"wp:attachment":[{"href":"https:\/\/keluvo.com\/fi\/wp-json\/wp\/v2\/media?parent=9544"}],"wp:term":[{"taxonomy":"product_brand","embeddable":true,"href":"https:\/\/keluvo.com\/fi\/wp-json\/wp\/v2\/product_brand?post=9544"},{"taxonomy":"product_cat","embeddable":true,"href":"https:\/\/keluvo.com\/fi\/wp-json\/wp\/v2\/product_cat?post=9544"},{"taxonomy":"product_tag","embeddable":true,"href":"https:\/\/keluvo.com\/fi\/wp-json\/wp\/v2\/product_tag?post=9544"}],"curies":[{"name":"wp","href":"https:\/\/api.w.org\/{rel}","templated":true}]}}