{"id":9531,"date":"2025-08-01T13:56:13","date_gmt":"2025-08-01T11:56:13","guid":{"rendered":"https:\/\/keluvo.com\/fi\/product\/rakkauden-solmu-rannekoru\/"},"modified":"2025-08-01T14:04:18","modified_gmt":"2025-08-01T12:04:18","slug":"rakkauden-solmu-rannekoru","status":"publish","type":"product","link":"https:\/\/keluvo.com\/fi\/product\/rakkauden-solmu-rannekoru\/","title":{"rendered":"Rakkauden solmu rannekoru"},"content":{"rendered":"<p style=\"text-align: center\" data-start=\"215\" data-end=\"360\"><strong data-start=\"215\" data-end=\"253\">\ud83e\uddf5 Yksinkertainen Solmu, Joka Kertoo Niin Paljon<\/strong><\/p>\n<p style=\"text-align: center\" data-start=\"215\" data-end=\"360\">T\u00e4m\u00e4 tyylik\u00e4s rannekoru, jossa on rakkaussolmu, on kaunis yhteyden, uskollisuuden ja ajattoman tyylin symboli. Se on valmistettu jokap\u00e4iv\u00e4iseen k\u00e4ytt\u00f6\u00f6n, ja se on merkityksellinen lahja kumppanillesi, yst\u00e4v\u00e4llesi tai itsellesi. Minimalistinen muotoilu sopii mihin tahansa asuun ja muistuttaa sinua jostakusta erityisest\u00e4 ihmisest\u00e4 jokaisella vilkaisulla ranteeseesi.<\/p>\n<p data-start=\"215\" data-end=\"360\"><img decoding=\"async\" class=\"size-full wp-image-29776 aligncenter\" src=\"https:\/\/keluvo.com\/template\/wp-content\/uploads\/sites\/5\/2025\/07\/07218-ezgif.com-video-to-webp-converter-2.webp\" alt=\"\" \/><\/p>\n<h2 style=\"text-align: center\" data-start=\"563\" data-end=\"1000\">\u2728 T\u00e4rkeimm\u00e4t Edut<\/h2>\n<p data-start=\"563\" data-end=\"1000\">\ud83e\uddf6 Yhteyden symboli &#8211; Rakkaussolmu edustaa syvi\u00e4 siteit\u00e4 ja katkeamattomia suhteita.<\/p>\n<p data-start=\"563\" data-end=\"1000\">\ud83d\udd17 S\u00e4\u00e4dett\u00e4v\u00e4 istuvuus &#8211; Sopii helposti useimpiin ranteen kokoihin liukusolmun sulkemisen ansiosta.<\/p>\n<p data-start=\"563\" data-end=\"1000\">\ud83d\udc8e Tyylik\u00e4s muotoilu &#8211; Tyylik\u00e4s ja minimalistinen sek\u00e4 miehille ett\u00e4 naisille.<\/p>\n<p data-start=\"563\" data-end=\"1000\">\ud83c\udf81 T\u00e4ydellinen lahja &#8211; Tulee kauniissa lahjapakkauksessa valmiina yll\u00e4tt\u00e4m\u00e4\u00e4n rakkaasi.<\/p>\n<p data-start=\"563\" data-end=\"1000\"><img fetchpriority=\"high\" decoding=\"async\" class=\"size-full wp-image-29769 aligncenter\" src=\"https:\/\/keluvo.com\/template\/wp-content\/uploads\/sites\/5\/2025\/07\/Liebesknoten_Partner_Knoten_Armband_Gold_Schwarz_Vahlery_Geschenkbox_SMALL_e8cf30a6-6152-43ff-af17-ab34964285e5.jpg\" alt=\"\" width=\"1080\" height=\"1080\" \/><\/p>\n<h2 style=\"text-align: center\" data-start=\"1007\" data-end=\"1026\">\ud83d\udee0 K\u00e4ytt\u00f6ohjeet<\/h2>\n<ol data-start=\"1027\" data-end=\"1208\">\n<li data-start=\"1027\" data-end=\"1078\">\n<p data-start=\"1030\" data-end=\"1078\">Lujita ranteesi rannekkeen aukon l\u00e4pi.<\/p>\n<\/li>\n<li data-start=\"1079\" data-end=\"1136\">\n<p data-start=\"1082\" data-end=\"1136\">Ved\u00e4 p\u00e4it\u00e4 kirist\u00e4\u00e4ksesi ja s\u00e4\u00e4t\u00e4\u00e4ksesi sen mukavuutesi mukaan.<\/p>\n<\/li>\n<li data-start=\"1137\" data-end=\"1208\">\n<p data-start=\"1140\" data-end=\"1208\">K\u00e4yt\u00e4 sit\u00e4 p\u00e4ivitt\u00e4in muistutuksena rakkaudesta, yst\u00e4vyydest\u00e4 tai itsens\u00e4 yhdist\u00e4misest\u00e4.<\/p>\n<\/li>\n<\/ol>\n<h2 style=\"text-align: center\" data-start=\"1215\" data-end=\"1239\">\ud83d\udccf Tuotetiedot<\/h2>\n<ul data-start=\"1240\" data-end=\"1459\">\n<li data-start=\"1240\" data-end=\"1278\">\n<p data-start=\"1242\" data-end=\"1278\">K\u00e4sity\u00f6n\u00e4 tehty rannekoru rakkaussolmulla<\/p>\n<\/li>\n<li data-start=\"1311\" data-end=\"1342\">\n<p data-start=\"1313\" data-end=\"1342\">Ruostumattomasta ter\u00e4ksest\u00e4 valmistettu helmikoriste<\/p>\n<\/li>\n<li data-start=\"1343\" data-end=\"1360\">\n<p data-start=\"1345\" data-end=\"1360\">Unisex-muotoilu<\/p>\n<\/li>\n<li data-start=\"1361\" data-end=\"1396\">\n<p data-start=\"1363\" data-end=\"1396\">S\u00e4\u00e4t\u00f6inen liukusolmukesuljenta<\/p>\n<\/li>\n<li data-start=\"1430\" data-end=\"1459\">\n<p data-start=\"1432\" data-end=\"1459\">Vedenkest\u00e4v\u00e4 ja kest\u00e4v\u00e4<\/p>\n<\/li>\n<\/ul>\n<h2 style=\"text-align: center\" data-start=\"1466\" data-end=\"1557\">\ud83d\udce6 Pakkaus Sis\u00e4lt\u00e4\u00e4<\/h2>\n<ul>\n<li data-start=\"1466\" data-end=\"1557\">1, 2x rakkaussolmun rannekorun<\/li>\n<li data-start=\"1466\" data-end=\"1557\">1x premium-lahjapakkaus.<\/li>\n<\/ul>\n","protected":false},"excerpt":{"rendered":"<p>\ud83e\uddf5 Yksinkertainen Solmu, Joka Kertoo Niin Paljon T\u00e4m\u00e4 tyylik\u00e4s rannekoru, jossa on rakkaussolmu, on kaunis yhteyden, uskollisuuden ja ajattoman tyylin [&hellip;]<\/p>\n","protected":false},"featured_media":9527,"comment_status":"open","ping_status":"closed","template":"","meta":{"site-sidebar-layout":"default","site-content-layout":"","ast-site-content-layout":"default","site-content-style":"default","site-sidebar-style":"default","ast-global-header-display":"","ast-banner-title-visibility":"","ast-main-header-display":"","ast-hfb-above-header-display":"","ast-hfb-below-header-display":"","ast-hfb-mobile-header-display":"","site-post-title":"","ast-breadcrumbs-content":"","ast-featured-img":"","footer-sml-layout":"","theme-transparent-header-meta":"default","adv-header-id-meta":"","stick-header-meta":"","header-above-stick-meta":"","header-main-stick-meta":"","header-below-stick-meta":"","astra-migrate-meta-layouts":"set","ast-page-background-enabled":"default","ast-page-background-meta":{"desktop":{"background-color":"var(--ast-global-color-4)","background-image":"","background-repeat":"repeat","background-position":"center center","background-size":"auto","background-attachment":"scroll","background-type":"","background-media":"","overlay-type":"","overlay-color":"","overlay-opacity":"","overlay-gradient":""},"tablet":{"background-color":"","background-image":"","background-repeat":"repeat","background-position":"center center","background-size":"auto","background-attachment":"scroll","background-type":"","background-media":"","overlay-type":"","overlay-color":"","overlay-opacity":"","overlay-gradient":""},"mobile":{"background-color":"","background-image":"","background-repeat":"repeat","background-position":"center center","background-size":"auto","background-attachment":"scroll","background-type":"","background-media":"","overlay-type":"","overlay-color":"","overlay-opacity":"","overlay-gradient":""}},"ast-content-background-meta":{"desktop":{"background-color":"var(--ast-global-color-5)","background-image":"","background-repeat":"repeat","background-position":"center center","background-size":"auto","background-attachment":"scroll","background-type":"","background-media":"","overlay-type":"","overlay-color":"","overlay-opacity":"","overlay-gradient":""},"tablet":{"background-color":"var(--ast-global-color-5)","background-image":"","background-repeat":"repeat","background-position":"center center","background-size":"auto","background-attachment":"scroll","background-type":"","background-media":"","overlay-type":"","overlay-color":"","overlay-opacity":"","overlay-gradient":""},"mobile":{"background-color":"var(--ast-global-color-5)","background-image":"","background-repeat":"repeat","background-position":"center center","background-size":"auto","background-attachment":"scroll","background-type":"","background-media":"","overlay-type":"","overlay-color":"","overlay-opacity":"","overlay-gradient":""}}},"product_brand":[],"product_cat":[15],"product_tag":[],"class_list":{"0":"post-9531","1":"product","2":"type-product","3":"status-publish","4":"has-post-thumbnail","6":"product_cat-uncategorized","7":"pa_48249_b9cdcb66-1-kpl","8":"pa_48249_b9cdcb66-2-kpl","9":"pa_48249_hi2iiia7-hopea","10":"pa_48249_hi2iiia7-kulta","11":"desktop-align-left","12":"tablet-align-left","13":"mobile-align-left","15":"first","16":"instock","17":"shipping-taxable","18":"purchasable","19":"product-type-variable","20":"has-default-attributes"},"_links":{"self":[{"href":"https:\/\/keluvo.com\/fi\/wp-json\/wp\/v2\/product\/9531","targetHints":{"allow":["GET"]}}],"collection":[{"href":"https:\/\/keluvo.com\/fi\/wp-json\/wp\/v2\/product"}],"about":[{"href":"https:\/\/keluvo.com\/fi\/wp-json\/wp\/v2\/types\/product"}],"replies":[{"embeddable":true,"href":"https:\/\/keluvo.com\/fi\/wp-json\/wp\/v2\/comments?post=9531"}],"wp:featuredmedia":[{"embeddable":true,"href":"https:\/\/keluvo.com\/fi\/wp-json\/wp\/v2\/media\/9527"}],"wp:attachment":[{"href":"https:\/\/keluvo.com\/fi\/wp-json\/wp\/v2\/media?parent=9531"}],"wp:term":[{"taxonomy":"product_brand","embeddable":true,"href":"https:\/\/keluvo.com\/fi\/wp-json\/wp\/v2\/product_brand?post=9531"},{"taxonomy":"product_cat","embeddable":true,"href":"https:\/\/keluvo.com\/fi\/wp-json\/wp\/v2\/product_cat?post=9531"},{"taxonomy":"product_tag","embeddable":true,"href":"https:\/\/keluvo.com\/fi\/wp-json\/wp\/v2\/product_tag?post=9531"}],"curies":[{"name":"wp","href":"https:\/\/api.w.org\/{rel}","templated":true}]}}