{"id":9076,"date":"2025-07-07T16:50:53","date_gmt":"2025-07-07T14:50:53","guid":{"rendered":"https:\/\/keluvo.com\/fi\/product\/laattojen-asennustyokalu\/"},"modified":"2025-07-07T16:50:53","modified_gmt":"2025-07-07T14:50:53","slug":"laattojen-asennustyokalu","status":"publish","type":"product","link":"https:\/\/keluvo.com\/fi\/product\/laattojen-asennustyokalu\/","title":{"rendered":"Laattojen asennusty\u00f6kalu"},"content":{"rendered":"<p style=\"text-align: center\" data-start=\"146\" data-end=\"210\"><strong>Asenna Laatat 3X Nopeammin V\u00e4hemm\u00e4ll\u00e4 Vaivalla Ja Suuremmalla Tarkkuudella!<\/strong><\/p>\n<p style=\"text-align: center\" data-start=\"212\" data-end=\"471\">T\u00e4m\u00e4 p\u00e4ivitetty laatta-asennusty\u00f6kalu k\u00e4ytt\u00e4\u00e4 nopeaa t\u00e4rin\u00e4\u00e4 tasoittaakseen laatat nopeasti ja tasaisesti, mik\u00e4 lyhent\u00e4\u00e4 asennusaikaa ja v\u00e4hent\u00e4\u00e4 laattojen rikkoutumista. Se on suunniteltu ammattimaiseen suorituskykyyn, ja se on v\u00e4ltt\u00e4m\u00e4t\u00f6n kaikille, jotka ty\u00f6skentelev\u00e4t laatoitusprojektien parissa &#8211; niin suurille kuin pienillekin.Tehokkaan 18000 r\/min t\u00e4rin\u00e4nopeuden ja vahvan 200 kg:n imuvoiman ansiosta se auttaa varmistamaan, ett\u00e4 laatat asettuvat tasaisesti ja laattojen alla on v\u00e4hemm\u00e4n ilmakuplia. Mukana ladattava akku ja laturi nonstop-tuottavuutta varten.<\/p>\n<p data-start=\"212\" data-end=\"471\"><img decoding=\"async\" class=\"size-full wp-image-25032 aligncenter\" src=\"https:\/\/keluvo.com\/template\/wp-content\/uploads\/sites\/5\/2025\/06\/d050ff06-b978-4822-b5d6-2553d8865767.jpg\" alt=\"\" \/><\/p>\n<h2 style=\"text-align: center\" data-start=\"698\" data-end=\"720\">\ud83c\udf1f T\u00e4rkeimm\u00e4t Edut<\/h2>\n<p data-start=\"723\" data-end=\"796\">\u26a1 <strong data-start=\"725\" data-end=\"745\">3x Nopeampi Laatoitus<\/strong> \u2013 Lis\u00e4\u00e4 nopeutta ja tehokkuutta kaikissa laatoitust\u00f6iss\u00e4.<\/p>\n<p data-start=\"799\" data-end=\"868\">\ud83d\udca5 <strong data-start=\"802\" data-end=\"827\">18,000 V\u00e4r\u00e4htely\u00e4\/Min<\/strong> \u2013 Tarjoaa markkinoiden johtavan suorituskyvyn.<\/p>\n<p data-start=\"871\" data-end=\"944\">\ud83e\uddf2 <strong data-start=\"874\" data-end=\"897\">200kg Imuvoima<\/strong> \u2013 Pit\u00e4\u00e4 laatat tukevasti paikoillaan tarkkaa sijoittelua varten.<\/p>\n<p data-start=\"947\" data-end=\"1021\">\ud83d\udd0b <strong data-start=\"950\" data-end=\"971\">Pitk\u00e4 Akun Kesto<\/strong> \u2013 Sis\u00e4lt\u00e4\u00e4 12000mAh:n akun pitk\u00e4\u00e4 k\u00e4ytt\u00f6\u00e4 varten.<\/p>\n<p data-start=\"1024\" data-end=\"1091\">\ud83d\udd04 <strong data-start=\"1027\" data-end=\"1042\">Helppo K\u00e4ytt\u00e4\u00e4<\/strong> \u2013 Kytke laite p\u00e4\u00e4lle, aseta se paikalleen ja anna sen v\u00e4r\u00e4ht\u00e4\u00e4!<\/p>\n<h2 style=\"text-align: center\" data-start=\"1098\" data-end=\"1117\">\ud83d\udd27 K\u00e4ytt\u00f6ohjeet<\/h2>\n<ol data-start=\"1118\" data-end=\"1374\">\n<li data-start=\"1118\" data-end=\"1173\">\n<p data-start=\"1121\" data-end=\"1173\">Lataa akku ja aseta se laitteeseen.<\/p>\n<\/li>\n<li data-start=\"1174\" data-end=\"1218\">\n<p data-start=\"1177\" data-end=\"1218\">Aseta laatta liimapinnalle.<\/p>\n<\/li>\n<li data-start=\"1219\" data-end=\"1264\">\n<p data-start=\"1222\" data-end=\"1264\">Aseta laite laatan p\u00e4\u00e4lle.<\/p>\n<\/li>\n<li data-start=\"1265\" data-end=\"1328\">\n<p data-start=\"1268\" data-end=\"1328\">Paina aktivoidaksesi v\u00e4r\u00e4htelyn ja tasoita laatta sekunneissa.<\/p>\n<\/li>\n<li data-start=\"1329\" data-end=\"1374\">\n<p data-start=\"1332\" data-end=\"1374\">Vaihda akkujen v\u00e4lill\u00e4 nonstop-ty\u00f6skentely\u00e4 varten.<\/p>\n<\/li>\n<\/ol>\n<h2 style=\"text-align: center\" data-start=\"1381\" data-end=\"1405\">\ud83d\udccf Tuotetiedot<\/h2>\n<ul data-start=\"1406\" data-end=\"1627\">\n<li data-start=\"1406\" data-end=\"1432\">\n<p data-start=\"1408\" data-end=\"1432\"><strong data-start=\"1408\" data-end=\"1418\">Nopeus:<\/strong> 18000 kierrosta minuutissa<\/p>\n<\/li>\n<li data-start=\"1433\" data-end=\"1461\">\n<p data-start=\"1435\" data-end=\"1461\"><strong data-start=\"1435\" data-end=\"1453\">Imaisutehoa:<\/strong> 200kg<\/p>\n<\/li>\n<li data-start=\"1462\" data-end=\"1516\">\n<p data-start=\"1464\" data-end=\"1516\"><strong data-start=\"1464\" data-end=\"1476\">Akku:<\/strong> 12000mAh (1 sis\u00e4ltyy t\u00e4h\u00e4n pakettiin)<\/p>\n<\/li>\n<li data-start=\"1517\" data-end=\"1562\">\n<p data-start=\"1519\" data-end=\"1562\"><strong data-start=\"1519\" data-end=\"1532\">Toiminto:<\/strong> Laattojen tasoitus t\u00e4rin\u00e4n avulla<\/p>\n<\/li>\n<li data-start=\"1563\" data-end=\"1627\">\n<p data-start=\"1565\" data-end=\"1627\"><strong data-start=\"1565\" data-end=\"1577\">K\u00e4ytt\u00f6:<\/strong> Keraamisten, posliinisten ja suurten laattojen asennus<\/p>\n<\/li>\n<\/ul>\n<h2 style=\"text-align: center\" data-start=\"1634\" data-end=\"1659\">\ud83d\udce6 Pakkaus Sis\u00e4lt\u00e4\u00e4<\/h2>\n<ul data-start=\"1660\" data-end=\"1770\">\n<li data-start=\"1660\" data-end=\"1702\">\n<p data-start=\"1662\" data-end=\"1702\">1x laattojen asennusty\u00f6kalu<\/p>\n<\/li>\n<li data-start=\"1703\" data-end=\"1734\">\n<p data-start=\"1705\" data-end=\"1734\">1x pieni akku (12000mAh)<\/p>\n<\/li>\n<li data-start=\"1735\" data-end=\"1770\">\n<p data-start=\"1737\" data-end=\"1770\">1x laturi.<\/p>\n<\/li>\n<\/ul>\n","protected":false},"excerpt":{"rendered":"<p>Asenna Laatat 3X Nopeammin V\u00e4hemm\u00e4ll\u00e4 Vaivalla Ja Suuremmalla Tarkkuudella! T\u00e4m\u00e4 p\u00e4ivitetty laatta-asennusty\u00f6kalu k\u00e4ytt\u00e4\u00e4 nopeaa t\u00e4rin\u00e4\u00e4 tasoittaakseen laatat nopeasti ja tasaisesti, [&hellip;]<\/p>\n","protected":false},"featured_media":9072,"comment_status":"open","ping_status":"closed","template":"","meta":{"site-sidebar-layout":"default","site-content-layout":"","ast-site-content-layout":"default","site-content-style":"default","site-sidebar-style":"default","ast-global-header-display":"","ast-banner-title-visibility":"","ast-main-header-display":"","ast-hfb-above-header-display":"","ast-hfb-below-header-display":"","ast-hfb-mobile-header-display":"","site-post-title":"","ast-breadcrumbs-content":"","ast-featured-img":"","footer-sml-layout":"","theme-transparent-header-meta":"default","adv-header-id-meta":"","stick-header-meta":"","header-above-stick-meta":"","header-main-stick-meta":"","header-below-stick-meta":"","astra-migrate-meta-layouts":"set","ast-page-background-enabled":"default","ast-page-background-meta":{"desktop":{"background-color":"var(--ast-global-color-4)","background-image":"","background-repeat":"repeat","background-position":"center center","background-size":"auto","background-attachment":"scroll","background-type":"","background-media":"","overlay-type":"","overlay-color":"","overlay-opacity":"","overlay-gradient":""},"tablet":{"background-color":"","background-image":"","background-repeat":"repeat","background-position":"center center","background-size":"auto","background-attachment":"scroll","background-type":"","background-media":"","overlay-type":"","overlay-color":"","overlay-opacity":"","overlay-gradient":""},"mobile":{"background-color":"","background-image":"","background-repeat":"repeat","background-position":"center center","background-size":"auto","background-attachment":"scroll","background-type":"","background-media":"","overlay-type":"","overlay-color":"","overlay-opacity":"","overlay-gradient":""}},"ast-content-background-meta":{"desktop":{"background-color":"var(--ast-global-color-5)","background-image":"","background-repeat":"repeat","background-position":"center center","background-size":"auto","background-attachment":"scroll","background-type":"","background-media":"","overlay-type":"","overlay-color":"","overlay-opacity":"","overlay-gradient":""},"tablet":{"background-color":"var(--ast-global-color-5)","background-image":"","background-repeat":"repeat","background-position":"center center","background-size":"auto","background-attachment":"scroll","background-type":"","background-media":"","overlay-type":"","overlay-color":"","overlay-opacity":"","overlay-gradient":""},"mobile":{"background-color":"var(--ast-global-color-5)","background-image":"","background-repeat":"repeat","background-position":"center center","background-size":"auto","background-attachment":"scroll","background-type":"","background-media":"","overlay-type":"","overlay-color":"","overlay-opacity":"","overlay-gradient":""}}},"product_brand":[],"product_cat":[996],"product_tag":[],"class_list":{"0":"post-9076","1":"product","2":"type-product","3":"status-publish","4":"has-post-thumbnail","6":"product_cat-tools","7":"desktop-align-left","8":"tablet-align-left","9":"mobile-align-left","11":"first","12":"instock","13":"shipping-taxable","14":"purchasable","15":"product-type-simple"},"_links":{"self":[{"href":"https:\/\/keluvo.com\/fi\/wp-json\/wp\/v2\/product\/9076","targetHints":{"allow":["GET"]}}],"collection":[{"href":"https:\/\/keluvo.com\/fi\/wp-json\/wp\/v2\/product"}],"about":[{"href":"https:\/\/keluvo.com\/fi\/wp-json\/wp\/v2\/types\/product"}],"replies":[{"embeddable":true,"href":"https:\/\/keluvo.com\/fi\/wp-json\/wp\/v2\/comments?post=9076"}],"wp:featuredmedia":[{"embeddable":true,"href":"https:\/\/keluvo.com\/fi\/wp-json\/wp\/v2\/media\/9072"}],"wp:attachment":[{"href":"https:\/\/keluvo.com\/fi\/wp-json\/wp\/v2\/media?parent=9076"}],"wp:term":[{"taxonomy":"product_brand","embeddable":true,"href":"https:\/\/keluvo.com\/fi\/wp-json\/wp\/v2\/product_brand?post=9076"},{"taxonomy":"product_cat","embeddable":true,"href":"https:\/\/keluvo.com\/fi\/wp-json\/wp\/v2\/product_cat?post=9076"},{"taxonomy":"product_tag","embeddable":true,"href":"https:\/\/keluvo.com\/fi\/wp-json\/wp\/v2\/product_tag?post=9076"}],"curies":[{"name":"wp","href":"https:\/\/api.w.org\/{rel}","templated":true}]}}