{"id":9062,"date":"2025-07-07T15:12:16","date_gmt":"2025-07-07T13:12:16","guid":{"rendered":"https:\/\/keluvo.com\/fi\/product\/easysit-kannettava-istuin\/"},"modified":"2025-07-14T15:15:18","modified_gmt":"2025-07-14T13:15:18","slug":"easysit-kannettava-istuin","status":"publish","type":"product","link":"https:\/\/keluvo.com\/fi\/product\/easysit-kannettava-istuin\/","title":{"rendered":"EasySit- Kannettava istuin"},"content":{"rendered":"<h2 style=\"text-align: center;\">EasySit &#8211; Kompakti ja mukava<\/h2>\n<p style=\"text-align: center;\">Oletko kyll\u00e4stynyt seisomaan pitkiss\u00e4 jonoissa? Kipeytyv\u00e4tk\u00f6 jalkasi festivaaleilla? Onko vaikea l\u00f6yt\u00e4\u00e4 istumapaikkaa retkill\u00e4 tai telttaillessa? Esittelyss\u00e4 EasySit kokoontaitettava ja s\u00e4\u00e4dett\u00e4v\u00e4 jakkara, jonka voit ottaa mukaan minne tahansa!<\/p>\n<p><img decoding=\"async\" class=\"alignnone wp-image-22475 aligncenter\" src=\"https:\/\/keluvo.com\/template\/wp-content\/uploads\/sites\/5\/2025\/06\/gif1-219.webp\" alt=\"\" \/><\/p>\n<h2 style=\"text-align: center;\">\ud83d\udca1 EasySit on ratkaisu ongelmiisi!<\/h2>\n<p style=\"text-align: center;\">Kaikki tuntevat varmasti sen tunteen, kun on k\u00e4vellyt tuntikausia ja selk\u00e4\u00e4 alkaa s\u00e4rke\u00e4, jalat tuntuvat raskailta ja jalkoja alkaa s\u00e4rke\u00e4. Haluaisit vain istua, mutta et l\u00f6yd\u00e4 paikkaa, jossa lev\u00e4t\u00e4! Maassa istuminen voi olla ep\u00e4mukavaa ja sotkuista. EasySit on kannettava istuin, joka on aina valmiina, kun tarvitset taukoa.<\/p>\n<p><img decoding=\"async\" class=\"alignnone size-full wp-image-22472 aligncenter\" src=\"https:\/\/keluvo.com\/template\/wp-content\/uploads\/sites\/5\/2025\/06\/Sbaa935e34048473fa8d633ef7d35a6fbj.jpg_960x960q75.jpg_.avif\" alt=\"\" \/><\/p>\n<h2 style=\"text-align: center;\">Miksi valita EasySit?<\/h2>\n<p><strong>Vahva ja vakaa<\/strong>: T\u00e4m\u00e4 kest\u00e4v\u00e4st\u00e4 Nylon PA6:sta valmistettu kompakti jakkara kest\u00e4\u00e4 jopa 260 kg. Sen turvallisen 110-lukituksen ja liukumattoman pohjan ansiosta voit istua luottavaisesti miss\u00e4 tahansa oletkin.<\/p>\n<p><strong>Nopea asennus<\/strong>: Erityisen lukitusj\u00e4rjestelm\u00e4mme ansiosta voit avata ja sulkea EasySit-jakkaran muutamassa sekunnissa &#8211; niin helppoa!<\/p>\n<p><strong>S\u00e4\u00e4dett\u00e4v\u00e4 korkeus<\/strong>: Mukauta mukavuutesi mukaan! S\u00e4\u00e4d\u00e4 6 cm:n ja 46 cm:n v\u00e4lill\u00e4, joten se sopii t\u00e4ydellisesti sek\u00e4 lapsille ett\u00e4 aikuisille.<\/p>\n<p><strong>Kevyt ja kannettava<\/strong>: EasySit painaa vain 880 g ja sen halkaisija on 25 cm, joten sit\u00e4 on helppo kuljettaa. Lis\u00e4ksi siin\u00e4 on k\u00e4tev\u00e4 olkahihna &#8211; ihanteellinen matkoille, konsertteihin, retkeilyyn, kalastukseen ja muuhun!<\/p>\n<p><img decoding=\"async\" class=\"alignnone size-full wp-image-22471 aligncenter\" src=\"https:\/\/keluvo.com\/template\/wp-content\/uploads\/sites\/5\/2025\/06\/S949f98aa8d4b42ee870ac2ae8c06b8b03.jpg_960x960q75.jpg_.avif\" alt=\"\" \/><\/p>\n<h2 style=\"text-align: center;\">T\u00e4ydellinen:<\/h2>\n<ul>\n<li>Festivaaleille ja konsertteihin<\/li>\n<li>Telttailuun ja retkeilyyn<\/li>\n<li>Kalastukseen ja mets\u00e4stykseen<\/li>\n<li>Piknikille ja grillijuhliin<\/li>\n<li>Kotik\u00e4ytt\u00f6\u00f6n, my\u00f6s keitti\u00f6\u00f6n ja parvekkeelle<\/li>\n<li>Pitkille matkoille ja ostosreissuille<\/li>\n<li>Urheilutapahtumiin<\/li>\n<li>Puutarhanhoitoon<\/li>\n<\/ul>\n<p><img decoding=\"async\" class=\"alignnone size-full wp-image-22474 aligncenter\" src=\"https:\/\/keluvo.com\/template\/wp-content\/uploads\/sites\/5\/2025\/06\/inspo-2.jpg.webp\" alt=\"\" \/><\/p>\n<h2 style=\"text-align: center;\">EasySit-istuimen k\u00e4ytt\u00f6ohjeet:<\/h2>\n<p>1. Pid\u00e4 kiinni yl\u00e4osasta ja alaosasta molemmilla k\u00e4sill\u00e4.<\/p>\n<p>2. Nosta haluamallesi korkeudelle.<\/p>\n<p>3. K\u00e4\u00e4nn\u00e4 lukitusta my\u00f6t\u00e4p\u00e4iv\u00e4\u00e4n.<\/p>\n<p>4. Istu alas ja rentoudu!<\/p>\n<p><img decoding=\"async\" class=\"alignnone size-full wp-image-22473 aligncenter\" src=\"https:\/\/keluvo.com\/template\/wp-content\/uploads\/sites\/5\/2025\/06\/bild-2.jpg.webp\" alt=\"\" \/><\/p>\n<h2 style=\"text-align: center;\">Tekniset tiedot:<\/h2>\n<ul>\n<li>Avoin koko: 45.5 x 25.4 cm<\/li>\n<li>Taitettu koko: 6 x 25.4 cm<\/li>\n<li>Paino: 880 g<\/li>\n<li>Maksimikuorma: 260 kg<\/li>\n<\/ul>\n","protected":false},"excerpt":{"rendered":"<p>EasySit &#8211; Kompakti ja mukava Oletko kyll\u00e4stynyt seisomaan pitkiss\u00e4 jonoissa? Kipeytyv\u00e4tk\u00f6 jalkasi festivaaleilla? Onko vaikea l\u00f6yt\u00e4\u00e4 istumapaikkaa retkill\u00e4 tai telttaillessa? [&hellip;]<\/p>\n","protected":false},"featured_media":9058,"comment_status":"open","ping_status":"closed","template":"","meta":{"site-sidebar-layout":"default","site-content-layout":"","ast-site-content-layout":"default","site-content-style":"default","site-sidebar-style":"default","ast-global-header-display":"","ast-banner-title-visibility":"","ast-main-header-display":"","ast-hfb-above-header-display":"","ast-hfb-below-header-display":"","ast-hfb-mobile-header-display":"","site-post-title":"","ast-breadcrumbs-content":"","ast-featured-img":"","footer-sml-layout":"","theme-transparent-header-meta":"default","adv-header-id-meta":"","stick-header-meta":"","header-above-stick-meta":"","header-main-stick-meta":"","header-below-stick-meta":"","astra-migrate-meta-layouts":"set","ast-page-background-enabled":"default","ast-page-background-meta":{"desktop":{"background-color":"var(--ast-global-color-4)","background-image":"","background-repeat":"repeat","background-position":"center center","background-size":"auto","background-attachment":"scroll","background-type":"","background-media":"","overlay-type":"","overlay-color":"","overlay-opacity":"","overlay-gradient":""},"tablet":{"background-color":"","background-image":"","background-repeat":"repeat","background-position":"center center","background-size":"auto","background-attachment":"scroll","background-type":"","background-media":"","overlay-type":"","overlay-color":"","overlay-opacity":"","overlay-gradient":""},"mobile":{"background-color":"","background-image":"","background-repeat":"repeat","background-position":"center center","background-size":"auto","background-attachment":"scroll","background-type":"","background-media":"","overlay-type":"","overlay-color":"","overlay-opacity":"","overlay-gradient":""}},"ast-content-background-meta":{"desktop":{"background-color":"var(--ast-global-color-5)","background-image":"","background-repeat":"repeat","background-position":"center center","background-size":"auto","background-attachment":"scroll","background-type":"","background-media":"","overlay-type":"","overlay-color":"","overlay-opacity":"","overlay-gradient":""},"tablet":{"background-color":"var(--ast-global-color-5)","background-image":"","background-repeat":"repeat","background-position":"center center","background-size":"auto","background-attachment":"scroll","background-type":"","background-media":"","overlay-type":"","overlay-color":"","overlay-opacity":"","overlay-gradient":""},"mobile":{"background-color":"var(--ast-global-color-5)","background-image":"","background-repeat":"repeat","background-position":"center center","background-size":"auto","background-attachment":"scroll","background-type":"","background-media":"","overlay-type":"","overlay-color":"","overlay-opacity":"","overlay-gradient":""}}},"product_brand":[],"product_cat":[1001,1000],"product_tag":[],"class_list":{"0":"post-9062","1":"product","2":"type-product","3":"status-publish","4":"has-post-thumbnail","6":"product_cat-household-goods","7":"product_cat-hiking-camping-and-leisure-goods","8":"pa_48160_3phasdml-musta","9":"pa_48160_3phasdml-punainen","10":"pa_48160_3phasdml-sateenkaari","11":"pa_48160_3phasdml-sininen","12":"desktop-align-left","13":"tablet-align-left","14":"mobile-align-left","16":"first","17":"instock","18":"shipping-taxable","19":"purchasable","20":"product-type-variable"},"_links":{"self":[{"href":"https:\/\/keluvo.com\/fi\/wp-json\/wp\/v2\/product\/9062","targetHints":{"allow":["GET"]}}],"collection":[{"href":"https:\/\/keluvo.com\/fi\/wp-json\/wp\/v2\/product"}],"about":[{"href":"https:\/\/keluvo.com\/fi\/wp-json\/wp\/v2\/types\/product"}],"replies":[{"embeddable":true,"href":"https:\/\/keluvo.com\/fi\/wp-json\/wp\/v2\/comments?post=9062"}],"wp:featuredmedia":[{"embeddable":true,"href":"https:\/\/keluvo.com\/fi\/wp-json\/wp\/v2\/media\/9058"}],"wp:attachment":[{"href":"https:\/\/keluvo.com\/fi\/wp-json\/wp\/v2\/media?parent=9062"}],"wp:term":[{"taxonomy":"product_brand","embeddable":true,"href":"https:\/\/keluvo.com\/fi\/wp-json\/wp\/v2\/product_brand?post=9062"},{"taxonomy":"product_cat","embeddable":true,"href":"https:\/\/keluvo.com\/fi\/wp-json\/wp\/v2\/product_cat?post=9062"},{"taxonomy":"product_tag","embeddable":true,"href":"https:\/\/keluvo.com\/fi\/wp-json\/wp\/v2\/product_tag?post=9062"}],"curies":[{"name":"wp","href":"https:\/\/api.w.org\/{rel}","templated":true}]}}