{"id":9053,"date":"2025-07-07T15:11:11","date_gmt":"2025-07-07T13:11:11","guid":{"rendered":"https:\/\/keluvo.com\/fi\/product\/pannukakkutaikinan-annostelija\/"},"modified":"2025-11-18T16:09:54","modified_gmt":"2025-11-18T14:09:54","slug":"pannukakkutaikinan-annostelija","status":"publish","type":"product","link":"https:\/\/keluvo.com\/fi\/product\/pannukakkutaikinan-annostelija\/","title":{"rendered":"Pannukakkutaikinan annostelija"},"content":{"rendered":"<p style=\"text-align: center;\"><strong>Ei sotkua, vain t\u00e4ydellisi\u00e4 annoksia \u2014 leivo fiksummin jokaisella kaadolla!<\/strong><\/p>\n<p style=\"text-align: center;\">Pannukakkutaikinan annostelija (sopii my\u00f6s muille taikinoille) on uusi keitti\u00f6v\u00e4line, jolla kaadat taikinat puhtaasti ja tarkasti. Valmistatpa sitten kuppikakkuja, muffinsseja, vohveleita tai pannukakkuja t\u00e4m\u00e4 annostelija auttaa sinua annostelemaan taikinan tipattomasti ja t\u00e4ysin hallitusti.<\/p>\n<p style=\"text-align: center;\">Leve\u00e4 suuaukko helpottaa t\u00e4ytt\u00f6\u00e4 ja vetokahvan avulla taikinan saa irtoamaan, joten voit nauttia nopeammasta valmistuksesta ja puhtaammista tiskeist\u00e4. Elintarvikelaatuisesta l\u00e4pin\u00e4kyv\u00e4st\u00e4 muovista valmistettu annostelija on turvallinen ja kest\u00e4v\u00e4.<\/p>\n<p style=\"text-align: center;\">Sen avulla n\u00e4et yhdell\u00e4 silm\u00e4yksell\u00e4, kuinka paljon taikinaa on j\u00e4ljell\u00e4.<\/p>\n<p><img decoding=\"async\" class=\"size-full wp-image-21699 aligncenter\" src=\"https:\/\/keluvo.com\/template\/wp-content\/uploads\/sites\/5\/2025\/05\/pankaces-ezgif.com-video-to-webp-converter.webp\" alt=\"\" \/><\/p>\n<h2 style=\"text-align: center;\">\u2b50 T\u00e4rkeimm\u00e4t hy\u00f6dyt<\/h2>\n<p><span style=\"font-weight: 400;\">\ud83e\uddc1 <\/span><b>T\u00e4ydelliset annokset joka kerta<\/b><span style=\"font-weight: 400;\"> \u2013 Hallitse tarkalleen, kuinka paljon taikinaa k\u00e4yt\u00e4t.<\/span><\/p>\n<p>\ud83e\uddfc <strong>Ei sotkua, ei tippoja<\/strong> \u2013 Pit\u00e4\u00e4 k\u00e4det ja tiskit puhtaana.<\/p>\n<p><span style=\"font-weight: 400;\">\ud83c\udf70 <\/span><b>Leve\u00e4 suu<\/b><span style=\"font-weight: 400;\"> \u2013 Tekee t\u00e4ytt\u00e4misest\u00e4 nopeaa ja l\u00e4ikkym\u00e4t\u00f6nt\u00e4.<\/span><\/p>\n<p><span style=\"font-weight: 400;\">\ud83d\udc40 <\/span><b>Selke\u00e4 &amp; mitattu<\/b><span style=\"font-weight: 400;\"> \u2013 L\u00e4pin\u00e4kyv\u00e4 runko, jossa on mittatietomerkinn\u00e4t helppoon seurantaan.<\/span><\/p>\n<p>\ud83c\udf73 <strong>Monipuolinen k\u00e4ytt\u00f6<\/strong> \u2013 Sopii erinomaisesti kuppikakkuihin, muffineihin, vohveleihin, brownieihin ja pannukakkuihin.<\/p>\n<p><img decoding=\"async\" class=\"size-full wp-image-21703 aligncenter\" src=\"https:\/\/keluvo.com\/template\/wp-content\/uploads\/sites\/5\/2025\/05\/2129ebae-91d4-41ee-bca0-1d3643709adf.webp\" alt=\"\" \/><\/p>\n<h2 style=\"text-align: center;\">\ud83d\udccc K\u00e4ytt\u00f6ohjeet<\/h2>\n<ol>\n<li style=\"font-weight: 400;\"><span style=\"font-weight: 400;\">Sekoita taikina tavalliseen tapaan.<br \/>\n<\/span><\/li>\n<li style=\"font-weight: 400;\"><span style=\"font-weight: 400;\">Kaada taikina annostelijan leve\u00e4\u00e4n suuaukkoon.<br \/>\n<\/span><\/li>\n<li style=\"font-weight: 400;\"><span style=\"font-weight: 400;\">Pid\u00e4 annostelijaa pannun tai muotin p\u00e4\u00e4ll\u00e4.<br \/>\n<\/span><\/li>\n<li style=\"font-weight: 400;\"><span style=\"font-weight: 400;\">Ved\u00e4 kahvasta p\u00e4\u00e4st\u00e4\u00e4ksesi taikinan haluamaasi m\u00e4\u00e4r\u00e4\u00e4n.<br \/>\n<\/span><\/li>\n<li style=\"font-weight: 400;\"><span style=\"font-weight: 400;\">Vapauta kahva pys\u00e4ytt\u00e4\u00e4ksesi virtauksen &#8211; helppoa ja tarkkaa!<\/span><\/li>\n<\/ol>\n<h2 style=\"text-align: center;\">\ud83d\udcd0 Tuotetiedot<\/h2>\n<ul>\n<li style=\"font-weight: 400;\"><span style=\"font-weight: 400;\"><strong>Materiaali<\/strong>: PS + ABS + Silikoni (elintarvikelaatu)<br \/>\n<\/span><\/li>\n<li style=\"font-weight: 400;\"><span style=\"font-weight: 400;\"><strong>Kapasiteetti<\/strong>: 900ml<br \/>\n<\/span><\/li>\n<li style=\"font-weight: 400;\"><span style=\"font-weight: 400;\"><strong>Design<\/strong>: Kirkas runko, jossa on mittausmerkinn\u00e4t<\/span><\/li>\n<li style=\"font-weight: 400;\"><span style=\"font-weight: 400;\"><strong>K\u00e4ytt\u00f6<\/strong>: Annostele taikina muffineihin, vohveleihin, pannukakkuihin, kuppikakkuihin ja muuhun leivontaan<\/span><\/li>\n<\/ul>\n<h2 style=\"text-align: center;\">\ud83d\udce6 Pakkaus sis\u00e4lt\u00e4\u00e4<\/h2>\n<ul>\n<li style=\"font-weight: 400;\"><span style=\"font-weight: 400;\">1x pannukakkutaikinan annostelija.<\/span><\/li>\n<\/ul>\n","protected":false},"excerpt":{"rendered":"<p>Ei sotkua, vain t\u00e4ydellisi\u00e4 annoksia \u2014 leivo fiksummin jokaisella kaadolla! Pannukakkutaikinan annostelija (sopii my\u00f6s muille taikinoille) on uusi keitti\u00f6v\u00e4line, jolla [&hellip;]<\/p>\n","protected":false},"featured_media":9049,"comment_status":"open","ping_status":"closed","template":"","meta":{"site-sidebar-layout":"default","site-content-layout":"","ast-site-content-layout":"default","site-content-style":"default","site-sidebar-style":"default","ast-global-header-display":"","ast-banner-title-visibility":"","ast-main-header-display":"","ast-hfb-above-header-display":"","ast-hfb-below-header-display":"","ast-hfb-mobile-header-display":"","site-post-title":"","ast-breadcrumbs-content":"","ast-featured-img":"","footer-sml-layout":"","theme-transparent-header-meta":"default","adv-header-id-meta":"","stick-header-meta":"","header-above-stick-meta":"","header-main-stick-meta":"","header-below-stick-meta":"","astra-migrate-meta-layouts":"set","ast-page-background-enabled":"default","ast-page-background-meta":{"desktop":{"background-color":"var(--ast-global-color-4)","background-image":"","background-repeat":"repeat","background-position":"center center","background-size":"auto","background-attachment":"scroll","background-type":"","background-media":"","overlay-type":"","overlay-color":"","overlay-opacity":"","overlay-gradient":""},"tablet":{"background-color":"","background-image":"","background-repeat":"repeat","background-position":"center center","background-size":"auto","background-attachment":"scroll","background-type":"","background-media":"","overlay-type":"","overlay-color":"","overlay-opacity":"","overlay-gradient":""},"mobile":{"background-color":"","background-image":"","background-repeat":"repeat","background-position":"center center","background-size":"auto","background-attachment":"scroll","background-type":"","background-media":"","overlay-type":"","overlay-color":"","overlay-opacity":"","overlay-gradient":""}},"ast-content-background-meta":{"desktop":{"background-color":"var(--ast-global-color-5)","background-image":"","background-repeat":"repeat","background-position":"center center","background-size":"auto","background-attachment":"scroll","background-type":"","background-media":"","overlay-type":"","overlay-color":"","overlay-opacity":"","overlay-gradient":""},"tablet":{"background-color":"var(--ast-global-color-5)","background-image":"","background-repeat":"repeat","background-position":"center center","background-size":"auto","background-attachment":"scroll","background-type":"","background-media":"","overlay-type":"","overlay-color":"","overlay-opacity":"","overlay-gradient":""},"mobile":{"background-color":"var(--ast-global-color-5)","background-image":"","background-repeat":"repeat","background-position":"center center","background-size":"auto","background-attachment":"scroll","background-type":"","background-media":"","overlay-type":"","overlay-color":"","overlay-opacity":"","overlay-gradient":""}}},"product_brand":[],"product_cat":[1001],"product_tag":[],"class_list":{"0":"post-9053","1":"product","2":"type-product","3":"status-publish","4":"has-post-thumbnail","6":"product_cat-household-goods","7":"pa_36572_ap5cki31-punainen","8":"pa_36572_ap5cki31-violetti","9":"desktop-align-left","10":"tablet-align-left","11":"mobile-align-left","13":"first","14":"instock","15":"shipping-taxable","16":"purchasable","17":"product-type-variable"},"_links":{"self":[{"href":"https:\/\/keluvo.com\/fi\/wp-json\/wp\/v2\/product\/9053","targetHints":{"allow":["GET"]}}],"collection":[{"href":"https:\/\/keluvo.com\/fi\/wp-json\/wp\/v2\/product"}],"about":[{"href":"https:\/\/keluvo.com\/fi\/wp-json\/wp\/v2\/types\/product"}],"replies":[{"embeddable":true,"href":"https:\/\/keluvo.com\/fi\/wp-json\/wp\/v2\/comments?post=9053"}],"wp:featuredmedia":[{"embeddable":true,"href":"https:\/\/keluvo.com\/fi\/wp-json\/wp\/v2\/media\/9049"}],"wp:attachment":[{"href":"https:\/\/keluvo.com\/fi\/wp-json\/wp\/v2\/media?parent=9053"}],"wp:term":[{"taxonomy":"product_brand","embeddable":true,"href":"https:\/\/keluvo.com\/fi\/wp-json\/wp\/v2\/product_brand?post=9053"},{"taxonomy":"product_cat","embeddable":true,"href":"https:\/\/keluvo.com\/fi\/wp-json\/wp\/v2\/product_cat?post=9053"},{"taxonomy":"product_tag","embeddable":true,"href":"https:\/\/keluvo.com\/fi\/wp-json\/wp\/v2\/product_tag?post=9053"}],"curies":[{"name":"wp","href":"https:\/\/api.w.org\/{rel}","templated":true}]}}