{"id":9042,"date":"2025-07-07T15:06:04","date_gmt":"2025-07-07T13:06:04","guid":{"rendered":"https:\/\/keluvo.com\/fi\/product\/kissan-hihnasarja\/"},"modified":"2025-09-13T13:26:56","modified_gmt":"2025-09-13T10:26:56","slug":"kissan-hihnasarja","status":"publish","type":"product","link":"https:\/\/keluvo.com\/fi\/product\/kissan-hihnasarja\/","title":{"rendered":"Kissan hihnasetti"},"content":{"rendered":"<h2 style=\"text-align: center;\">\ud83d\udc31 Turvallinen, tyylik\u00e4s ja mukava! \ud83e\uddba<\/h2>\n<p class=\"\" style=\"text-align: center;\" data-start=\"69\" data-end=\"334\">Kissan hihnasetti on pehme\u00e4, hengitt\u00e4v\u00e4 ja suunniteltu pit\u00e4m\u00e4\u00e4n kissasi olo mukavana ja turvallisena. Olipa kyseess\u00e4 sitten k\u00e4velyretki puutarhassa tai pieni seikkailu ulkona n\u00e4m\u00e4 valjaat tekev\u00e4t jokaisesta matkasta stressitt\u00f6m\u00e4n ja hauskan.<\/p>\n<p><img decoding=\"async\" class=\"alignnone size-medium wp-image-10632 aligncenter\" src=\"https:\/\/keluvo.com\/template\/wp-content\/uploads\/sites\/5\/2025\/02\/S95435d26204f4842b639ac4487cc4a0aT.jpg_960x960q75.jpg_.jpeg\" alt=\"\" \/><\/p>\n<h2 style=\"text-align: center;\">Helppo pukea!<\/h2>\n<p style=\"text-align: center;\">Kiedo valjaat vain lemmikkisi ymp\u00e4rille, lukitse ne ja kiinnit\u00e4 hihna. Eritt\u00e4in yksinkertaista ja helppoa!<\/p>\n<p><img decoding=\"async\" class=\"size-full wp-image-14593 aligncenter\" src=\"https:\/\/keluvo.com\/template\/wp-content\/uploads\/sites\/5\/2025\/02\/catharnessvideo-ezgif.com-gif-to-webp-converter.webp\" alt=\"\" \/><\/p>\n<h2 style=\"text-align: center;\" data-start=\"341\" data-end=\"370\">\u2705 Miksi hankkia t\u00e4m\u00e4 tuote?<\/h2>\n<ul data-start=\"372\" data-end=\"1083\">\n<li class=\"\" data-start=\"372\" data-end=\"482\">\n<p class=\"\" data-start=\"374\" data-end=\"482\"><strong data-start=\"374\" data-end=\"395\">Pehme\u00e4 &amp; hengitt\u00e4v\u00e4:<\/strong> Valmistettu polyesterist\u00e4 ja verkkokankaasta &#8211; mukava, kevyt ja t\u00e4ydellinen kissasi turkille.<\/p>\n<\/li>\n<li class=\"\" data-start=\"484\" data-end=\"613\">\n<p class=\"\" data-start=\"486\" data-end=\"613\"><strong>Ei en\u00e4\u00e4 vetokipua<\/strong>: Erityinen 4-pisteen muotoilu levitt\u00e4\u00e4 painetta, joten kissasi ei tunne ep\u00e4mukavuutta, kun ved\u00e4t hihasta varovasti.<\/p>\n<\/li>\n<li class=\"\" data-start=\"615\" data-end=\"736\">\n<p class=\"\" data-start=\"617\" data-end=\"736\"><strong>S\u00e4\u00e4dett\u00e4v\u00e4 &amp; turvallinen<\/strong>: Mukana 38 mm nailonlukko ja turvavy\u00f6tyylinen solki, jotka saavat valjaat istumaan tiukasti ja est\u00e4v\u00e4t karkaamisen.<\/p>\n<\/li>\n<li class=\"\" data-start=\"738\" data-end=\"829\">\n<p class=\"\" data-start=\"740\" data-end=\"829\"><strong>Helppo k\u00e4ytt\u00e4\u00e4<\/strong>: Kiinnit\u00e4 valjaat, s\u00e4\u00e4d\u00e4 koko ja olet valmis l\u00e4htem\u00e4\u00e4n muutamassa sekunnissa.<\/p>\n<\/li>\n<li class=\"\" data-start=\"831\" data-end=\"971\">\n<p class=\"\" data-start=\"833\" data-end=\"971\"><strong data-start=\"833\" data-end=\"853\">Vahva &amp; tyylik\u00e4s:<\/strong> Sis\u00e4lt\u00e4\u00e4 vahvan metallisen D-soljen, joka ei ruostu, ja s\u00f6p\u00f6n japanilaistyylisen muotoilun, jossa kissasi n\u00e4ytt\u00e4\u00e4 ihastuttavalta.<\/p>\n<\/li>\n<li class=\"\" data-start=\"973\" data-end=\"1083\">\n<p class=\"\" data-start=\"975\" data-end=\"1083\"><strong data-start=\"975\" data-end=\"1002\">Mukava my\u00f6s sinulle:<\/strong> K\u00e4densija on pehme\u00e4 ja ergonominen, joten k\u00e4tesi tuntuu hyv\u00e4lt\u00e4 jokaisella k\u00e4velyll\u00e4.<\/p>\n<\/li>\n<\/ul>\n<p><img decoding=\"async\" class=\"alignnone size-medium wp-image-10631 aligncenter\" src=\"https:\/\/keluvo.com\/template\/wp-content\/uploads\/sites\/5\/2025\/02\/Sce89ebea72c4448bb63c0583d45b5acft.jpg_960x960q75.jpg_.jpeg\" alt=\"\" \/><\/p>\n<h2 style=\"text-align: center;\" data-start=\"1090\" data-end=\"1127\">\ud83d\udce6 Pakkauksen sis\u00e4lt\u00f6:<\/h2>\n<ul data-start=\"1129\" data-end=\"1262\">\n<li class=\"\" data-start=\"1129\" data-end=\"1161\">\n<p class=\"\" data-start=\"1131\" data-end=\"1161\">1x kissavaljaat ja hihnasetti.<\/p>\n<\/li>\n<\/ul>\n","protected":false},"excerpt":{"rendered":"<p>\ud83d\udc31 Turvallinen, tyylik\u00e4s ja mukava! \ud83e\uddba Kissan hihnasetti on pehme\u00e4, hengitt\u00e4v\u00e4 ja suunniteltu pit\u00e4m\u00e4\u00e4n kissasi olo mukavana ja turvallisena. Olipa [&hellip;]<\/p>\n","protected":false},"featured_media":9038,"comment_status":"open","ping_status":"closed","template":"","meta":{"site-sidebar-layout":"default","site-content-layout":"","ast-site-content-layout":"default","site-content-style":"default","site-sidebar-style":"default","ast-global-header-display":"","ast-banner-title-visibility":"","ast-main-header-display":"","ast-hfb-above-header-display":"","ast-hfb-below-header-display":"","ast-hfb-mobile-header-display":"","site-post-title":"","ast-breadcrumbs-content":"","ast-featured-img":"","footer-sml-layout":"","theme-transparent-header-meta":"default","adv-header-id-meta":"","stick-header-meta":"","header-above-stick-meta":"","header-main-stick-meta":"","header-below-stick-meta":"","astra-migrate-meta-layouts":"set","ast-page-background-enabled":"default","ast-page-background-meta":{"desktop":{"background-color":"var(--ast-global-color-4)","background-image":"","background-repeat":"repeat","background-position":"center center","background-size":"auto","background-attachment":"scroll","background-type":"","background-media":"","overlay-type":"","overlay-color":"","overlay-opacity":"","overlay-gradient":""},"tablet":{"background-color":"","background-image":"","background-repeat":"repeat","background-position":"center center","background-size":"auto","background-attachment":"scroll","background-type":"","background-media":"","overlay-type":"","overlay-color":"","overlay-opacity":"","overlay-gradient":""},"mobile":{"background-color":"","background-image":"","background-repeat":"repeat","background-position":"center center","background-size":"auto","background-attachment":"scroll","background-type":"","background-media":"","overlay-type":"","overlay-color":"","overlay-opacity":"","overlay-gradient":""}},"ast-content-background-meta":{"desktop":{"background-color":"var(--ast-global-color-5)","background-image":"","background-repeat":"repeat","background-position":"center center","background-size":"auto","background-attachment":"scroll","background-type":"","background-media":"","overlay-type":"","overlay-color":"","overlay-opacity":"","overlay-gradient":""},"tablet":{"background-color":"var(--ast-global-color-5)","background-image":"","background-repeat":"repeat","background-position":"center center","background-size":"auto","background-attachment":"scroll","background-type":"","background-media":"","overlay-type":"","overlay-color":"","overlay-opacity":"","overlay-gradient":""},"mobile":{"background-color":"var(--ast-global-color-5)","background-image":"","background-repeat":"repeat","background-position":"center center","background-size":"auto","background-attachment":"scroll","background-type":"","background-media":"","overlay-type":"","overlay-color":"","overlay-opacity":"","overlay-gradient":""}}},"product_brand":[],"product_cat":[997],"product_tag":[],"class_list":{"0":"post-9042","1":"product","2":"type-product","3":"status-publish","4":"has-post-thumbnail","6":"product_cat-pets-products","7":"pa_41647_5abqupng-punainen","8":"pa_41647_5abqupng-sininen","9":"pa_41647_5abqupng-vihrea","10":"desktop-align-left","11":"tablet-align-left","12":"mobile-align-left","14":"first","15":"instock","16":"shipping-taxable","17":"purchasable","18":"product-type-variable"},"_links":{"self":[{"href":"https:\/\/keluvo.com\/fi\/wp-json\/wp\/v2\/product\/9042","targetHints":{"allow":["GET"]}}],"collection":[{"href":"https:\/\/keluvo.com\/fi\/wp-json\/wp\/v2\/product"}],"about":[{"href":"https:\/\/keluvo.com\/fi\/wp-json\/wp\/v2\/types\/product"}],"replies":[{"embeddable":true,"href":"https:\/\/keluvo.com\/fi\/wp-json\/wp\/v2\/comments?post=9042"}],"wp:featuredmedia":[{"embeddable":true,"href":"https:\/\/keluvo.com\/fi\/wp-json\/wp\/v2\/media\/9038"}],"wp:attachment":[{"href":"https:\/\/keluvo.com\/fi\/wp-json\/wp\/v2\/media?parent=9042"}],"wp:term":[{"taxonomy":"product_brand","embeddable":true,"href":"https:\/\/keluvo.com\/fi\/wp-json\/wp\/v2\/product_brand?post=9042"},{"taxonomy":"product_cat","embeddable":true,"href":"https:\/\/keluvo.com\/fi\/wp-json\/wp\/v2\/product_cat?post=9042"},{"taxonomy":"product_tag","embeddable":true,"href":"https:\/\/keluvo.com\/fi\/wp-json\/wp\/v2\/product_tag?post=9042"}],"curies":[{"name":"wp","href":"https:\/\/api.w.org\/{rel}","templated":true}]}}