{"id":9027,"date":"2025-07-07T15:05:09","date_gmt":"2025-07-07T13:05:09","guid":{"rendered":"https:\/\/keluvo.com\/fi\/product\/seikkailu-reppu\/"},"modified":"2025-07-14T14:18:57","modified_gmt":"2025-07-14T12:18:57","slug":"seikkailu-reppu","status":"publish","type":"product","link":"https:\/\/keluvo.com\/fi\/product\/seikkailu-reppu\/","title":{"rendered":"Seikkailu reppu"},"content":{"rendered":"<p style=\"text-align: center;\" data-start=\"151\" data-end=\"410\"><strong data-start=\"151\" data-end=\"216\">Mene Pidemm\u00e4lle, Kevyemmin\u2014T\u00e4ydellisell\u00e4 Seikkailurepulla! \ud83c\udf92\ud83c\udf04<\/strong><br data-start=\"216\" data-end=\"219\" \/>T\u00e4m\u00e4 ultrakevyt reppu on rakennettu liikkumista varten. Olitpa sitten patikoimassa, py\u00f6r\u00e4ilem\u00e4ss\u00e4 tai tutkimassa ulkoilmaa, sen hengitt\u00e4v\u00e4 muotoilu ja 16 litran tilavuus tekev\u00e4t siit\u00e4 ihanteellisen kumppanin mihin tahansa seikkailuun.<\/p>\n<p data-start=\"151\" data-end=\"410\"><img fetchpriority=\"high\" decoding=\"async\" class=\" wp-image-25175 aligncenter\" src=\"https:\/\/keluvo.com\/template\/wp-content\/uploads\/sites\/5\/2025\/06\/cc39f87736b4db79a41e9fcb71b61cab.gif\" alt=\"\" width=\"408\" height=\"543\" \/><\/p>\n<h2 style=\"text-align: center;\" data-start=\"417\" data-end=\"439\">T\u00e4rkeimm\u00e4t Edut \ud83d\udcaa<\/h2>\n<p data-start=\"442\" data-end=\"480\">\ud83c\udf88 Kevyt ja kompakti\u2014vain 320g<\/p>\n<p data-start=\"483\" data-end=\"528\">\ud83d\udca8 3D hengitt\u00e4v\u00e4 verkkoj\u00e4rjestelm\u00e4 pit\u00e4\u00e4 sinut viile\u00e4n\u00e4<\/p>\n<p data-start=\"531\" data-end=\"572\">\ud83e\uddf5 Kest\u00e4v\u00e4, repeytymiskest\u00e4v\u00e4 nailon kangas<\/p>\n<p data-start=\"575\" data-end=\"625\">\ud83d\udeb4\u200d\u2642\ufe0f Turvallinen kyp\u00e4r\u00e4pidike + retkeilykeppilenkit<\/p>\n<p data-start=\"628\" data-end=\"677\">\ud83d\udca7 Hydration-ready muotoilu vesirakkok\u00e4ytt\u00f6\u00f6n<\/p>\n<p data-start=\"680\" data-end=\"737\">\ud83c\udf92 S\u00e4\u00e4dett\u00e4v\u00e4 rintakeh\u00e4 &amp; olkahihnat koko p\u00e4iv\u00e4n mukavuutta varten<\/p>\n<p data-start=\"680\" data-end=\"737\"><img decoding=\"async\" class=\"size-full wp-image-25170 aligncenter\" src=\"https:\/\/keluvo.com\/template\/wp-content\/uploads\/sites\/5\/2025\/06\/Hc321df3b0d2b47ddb73f1abd93ddd6c2M.jpg_960x960q75.jpg_.avif\" alt=\"\" \/><\/p>\n<h2 style=\"text-align: center;\" data-start=\"744\" data-end=\"763\">K\u00e4ytt\u00f6tapa \ud83d\udc47<\/h2>\n<ol data-start=\"764\" data-end=\"973\">\n<li data-start=\"764\" data-end=\"830\">\n<p data-start=\"767\" data-end=\"830\">Pakkaa olennaiset tavarasi p\u00e4\u00e4lokeroon ja sivutaskuihin<\/p>\n<\/li>\n<li data-start=\"831\" data-end=\"879\">\n<p data-start=\"834\" data-end=\"879\">S\u00e4\u00e4d\u00e4 olka- ja rintahihnat istuviksi<\/p>\n<\/li>\n<li data-start=\"880\" data-end=\"931\">\n<p data-start=\"883\" data-end=\"931\">Siinnit\u00e4 kyp\u00e4r\u00e4 tai varusteet ulkoisten silmukoiden avulla<\/p>\n<\/li>\n<li data-start=\"932\" data-end=\"973\">\n<p data-start=\"935\" data-end=\"973\">L\u00e4hde polulle tai ratsastamaan t\u00e4ydellisess\u00e4 mukavuudessa<\/p>\n<\/li>\n<\/ol>\n<h2 style=\"text-align: center;\" data-start=\"980\" data-end=\"1004\">Tuotetiedot \ud83d\udccb<\/h2>\n<ul data-start=\"1005\" data-end=\"1235\">\n<li data-start=\"1005\" data-end=\"1022\">\n<p data-start=\"1007\" data-end=\"1022\">Kapasiteetti: 16L<\/p>\n<\/li>\n<li data-start=\"1023\" data-end=\"1047\">\n<p data-start=\"1025\" data-end=\"1047\">Paino: n. 320g<\/p>\n<\/li>\n<li data-start=\"1048\" data-end=\"1086\">\n<p data-start=\"1050\" data-end=\"1086\">Koko: sopii useimmille aikuisille mukavasti<\/p>\n<\/li>\n<li data-start=\"1087\" data-end=\"1119\">\n<p data-start=\"1089\" data-end=\"1119\">Materiaali: korkeatiheyksinen nylon.<\/p>\n<\/li>\n<li data-start=\"1180\" data-end=\"1235\">\n<p data-start=\"1182\" data-end=\"1235\">Ihanteellinen: vaellukselle, py\u00f6r\u00e4ilyyn, kiipeilyyn, juoksuun, matkoille<\/p>\n<\/li>\n<\/ul>\n<h2 style=\"text-align: center;\" data-start=\"1242\" data-end=\"1267\">Pakkaus Sis\u00e4lt\u00e4\u00e4 \ud83d\udce6<\/h2>\n<ul data-start=\"1268\" data-end=\"1303\">\n<li data-start=\"1268\" data-end=\"1303\">\n<p data-start=\"1270\" data-end=\"1303\">1x kevyt seikkailureppu.<\/p>\n<\/li>\n<\/ul>\n","protected":false},"excerpt":{"rendered":"<p>Mene Pidemm\u00e4lle, Kevyemmin\u2014T\u00e4ydellisell\u00e4 Seikkailurepulla! \ud83c\udf92\ud83c\udf04T\u00e4m\u00e4 ultrakevyt reppu on rakennettu liikkumista varten. Olitpa sitten patikoimassa, py\u00f6r\u00e4ilem\u00e4ss\u00e4 tai tutkimassa ulkoilmaa, sen hengitt\u00e4v\u00e4 [&hellip;]<\/p>\n","protected":false},"featured_media":9023,"comment_status":"open","ping_status":"closed","template":"","meta":{"site-sidebar-layout":"default","site-content-layout":"","ast-site-content-layout":"default","site-content-style":"default","site-sidebar-style":"default","ast-global-header-display":"","ast-banner-title-visibility":"","ast-main-header-display":"","ast-hfb-above-header-display":"","ast-hfb-below-header-display":"","ast-hfb-mobile-header-display":"","site-post-title":"","ast-breadcrumbs-content":"","ast-featured-img":"","footer-sml-layout":"","theme-transparent-header-meta":"default","adv-header-id-meta":"","stick-header-meta":"","header-above-stick-meta":"","header-main-stick-meta":"","header-below-stick-meta":"","astra-migrate-meta-layouts":"set","ast-page-background-enabled":"default","ast-page-background-meta":{"desktop":{"background-color":"var(--ast-global-color-4)","background-image":"","background-repeat":"repeat","background-position":"center center","background-size":"auto","background-attachment":"scroll","background-type":"","background-media":"","overlay-type":"","overlay-color":"","overlay-opacity":"","overlay-gradient":""},"tablet":{"background-color":"","background-image":"","background-repeat":"repeat","background-position":"center center","background-size":"auto","background-attachment":"scroll","background-type":"","background-media":"","overlay-type":"","overlay-color":"","overlay-opacity":"","overlay-gradient":""},"mobile":{"background-color":"","background-image":"","background-repeat":"repeat","background-position":"center center","background-size":"auto","background-attachment":"scroll","background-type":"","background-media":"","overlay-type":"","overlay-color":"","overlay-opacity":"","overlay-gradient":""}},"ast-content-background-meta":{"desktop":{"background-color":"var(--ast-global-color-5)","background-image":"","background-repeat":"repeat","background-position":"center center","background-size":"auto","background-attachment":"scroll","background-type":"","background-media":"","overlay-type":"","overlay-color":"","overlay-opacity":"","overlay-gradient":""},"tablet":{"background-color":"var(--ast-global-color-5)","background-image":"","background-repeat":"repeat","background-position":"center center","background-size":"auto","background-attachment":"scroll","background-type":"","background-media":"","overlay-type":"","overlay-color":"","overlay-opacity":"","overlay-gradient":""},"mobile":{"background-color":"var(--ast-global-color-5)","background-image":"","background-repeat":"repeat","background-position":"center center","background-size":"auto","background-attachment":"scroll","background-type":"","background-media":"","overlay-type":"","overlay-color":"","overlay-opacity":"","overlay-gradient":""}}},"product_brand":[],"product_cat":[1000],"product_tag":[],"class_list":{"0":"post-9027","1":"product","2":"type-product","3":"status-publish","4":"has-post-thumbnail","6":"product_cat-hiking-camping-and-leisure-goods","7":"pa_29184_bd6m2r51-musta","8":"pa_29184_bd6m2r51-oranssi","9":"pa_29184_bd6m2r51-punainen","10":"pa_29184_bd6m2r51-sininen","11":"pa_29184_bd6m2r51-vihrea","12":"desktop-align-left","13":"tablet-align-left","14":"mobile-align-left","16":"first","17":"instock","18":"shipping-taxable","19":"purchasable","20":"product-type-variable"},"_links":{"self":[{"href":"https:\/\/keluvo.com\/fi\/wp-json\/wp\/v2\/product\/9027","targetHints":{"allow":["GET"]}}],"collection":[{"href":"https:\/\/keluvo.com\/fi\/wp-json\/wp\/v2\/product"}],"about":[{"href":"https:\/\/keluvo.com\/fi\/wp-json\/wp\/v2\/types\/product"}],"replies":[{"embeddable":true,"href":"https:\/\/keluvo.com\/fi\/wp-json\/wp\/v2\/comments?post=9027"}],"wp:featuredmedia":[{"embeddable":true,"href":"https:\/\/keluvo.com\/fi\/wp-json\/wp\/v2\/media\/9023"}],"wp:attachment":[{"href":"https:\/\/keluvo.com\/fi\/wp-json\/wp\/v2\/media?parent=9027"}],"wp:term":[{"taxonomy":"product_brand","embeddable":true,"href":"https:\/\/keluvo.com\/fi\/wp-json\/wp\/v2\/product_brand?post=9027"},{"taxonomy":"product_cat","embeddable":true,"href":"https:\/\/keluvo.com\/fi\/wp-json\/wp\/v2\/product_cat?post=9027"},{"taxonomy":"product_tag","embeddable":true,"href":"https:\/\/keluvo.com\/fi\/wp-json\/wp\/v2\/product_tag?post=9027"}],"curies":[{"name":"wp","href":"https:\/\/api.w.org\/{rel}","templated":true}]}}