{"id":9018,"date":"2025-07-07T15:04:11","date_gmt":"2025-07-07T13:04:11","guid":{"rendered":"https:\/\/keluvo.com\/fi\/product\/paanauha\/"},"modified":"2025-07-14T14:30:11","modified_gmt":"2025-07-14T12:30:11","slug":"paanauha","status":"publish","type":"product","link":"https:\/\/keluvo.com\/fi\/product\/paanauha\/","title":{"rendered":"Hiuspanta"},"content":{"rendered":"<p style=\"text-align: center;\" data-start=\"141\" data-end=\"194\"><strong>Lis\u00e4\u00e4 ripaus eleganssia tyyliisi sekunneissa!<\/strong><\/p>\n<p style=\"text-align: center;\" data-start=\"196\" data-end=\"425\">T\u00e4m\u00e4 kaunis kukkahiuspanta on t\u00e4ydellinen asuste h\u00e4ihin, juhliin, kuvauksiin tai erityistilaisuuksiin. Se on valmistettu herkist\u00e4 keinohelmist\u00e4 ja joustavasta langasta ja se tuo kimallusta sek\u00e4 charmia kaikenik\u00e4isille tyt\u00f6ille ja naisille. Panta on helppo kiinnitt\u00e4\u00e4 nauhalla tai pinnill\u00e4. Se on kevyt, s\u00e4\u00e4dett\u00e4v\u00e4 ja mukava &#8211; lis\u00e4\u00e4 vaivatonta tyylikkyytt\u00e4 mihin tahansa kampaukseen.<\/p>\n<p data-start=\"196\" data-end=\"425\"><img decoding=\"async\" class=\"size-full wp-image-25162 aligncenter\" src=\"https:\/\/keluvo.com\/template\/wp-content\/uploads\/sites\/5\/2025\/06\/b6e0791f3103560617befee819290ed.webp\" alt=\"\" \/><\/p>\n<h2 style=\"text-align: center;\" data-start=\"565\" data-end=\"587\">\ud83c\udf1f T\u00e4rkeimm\u00e4t hy\u00f6dyt<\/h2>\n<p data-start=\"590\" data-end=\"666\">\ud83d\udc90 <strong>Tyylik\u00e4s kukkamalli<\/strong> \u2013 Lis\u00e4\u00e4 tyylikkyytt\u00e4 mihin tahansa muodolliseen tai juhlavaan asuun.<\/p>\n<p data-start=\"590\" data-end=\"666\">\u2728 <strong>Kimaltavia helmi\u00e4isyksityiskohta<\/strong> \u2013 Kimaltelee kauniisti valossa.<\/p>\n<p data-start=\"590\" data-end=\"666\">\ud83e\uddf7 <strong>Helppo k\u00e4ytt\u00e4\u00e4<\/strong> \u2013 Kiinnittyy nauhalla tai pinnill\u00e4.<\/p>\n<p data-start=\"590\" data-end=\"666\">\ud83d\udd04 <strong>S\u00e4\u00e4dett\u00e4v\u00e4 koko<\/strong> \u2013 Sopii lapsille (ik\u00e4: 3+) ja aikuisille.<\/p>\n<p data-start=\"590\" data-end=\"666\">\ud83c\udf80 <strong>T\u00e4ydellinen kaikkiin tilaisuuksiin<\/strong> \u2013 Sopii erinomaisesti h\u00e4ihin, juhliin, syntym\u00e4p\u00e4iville ja valokuviin.<\/p>\n<p data-start=\"858\" data-end=\"944\"><img decoding=\"async\" class=\"size-full wp-image-25161 aligncenter\" src=\"https:\/\/keluvo.com\/template\/wp-content\/uploads\/sites\/5\/2025\/06\/226bfa887525e8693f6fac1437c3cb8a.webp\" alt=\"\" \/><\/p>\n<h2 style=\"text-align: center;\" data-start=\"951\" data-end=\"970\">\ud83d\udd27 K\u00e4ytt\u00f6ohjeet<\/h2>\n<ol data-start=\"971\" data-end=\"1194\">\n<li data-start=\"971\" data-end=\"1038\">\n<p data-start=\"974\" data-end=\"1038\">Aseta hiuspanta varovasti p\u00e4\u00e4h\u00e4n p\u00e4\u00e4lakea tai p\u00e4\u00e4n sivua pitkin.<\/p>\n<\/li>\n<li data-start=\"1039\" data-end=\"1093\">\n<p data-start=\"1042\" data-end=\"1093\">Kiinnit\u00e4 nauhalla tai pinneill\u00e4..<\/p>\n<\/li>\n<li data-start=\"1094\" data-end=\"1139\">\n<p data-start=\"1097\" data-end=\"1139\">S\u00e4\u00e4d\u00e4 muotoa ja asentoa tarpeen mukaan.<\/p>\n<\/li>\n<li data-start=\"1140\" data-end=\"1194\">\n<p data-start=\"1143\" data-end=\"1194\">Yhdistele mekkojen tai pukujen kanssa upeaa ilmett\u00e4 varten.<\/p>\n<\/li>\n<\/ol>\n<h2 style=\"text-align: center;\" data-start=\"1201\" data-end=\"1225\">\ud83d\udccf Tuotetiedot<\/h2>\n<ul data-start=\"1226\" data-end=\"1497\">\n<li data-start=\"1226\" data-end=\"1255\">\n<p data-start=\"1228\" data-end=\"1255\"><strong data-start=\"1228\" data-end=\"1239\">Pituus:<\/strong> Noin 37 cm<\/p>\n<\/li>\n<li data-start=\"1256\" data-end=\"1363\">\n<p data-start=\"1258\" data-end=\"1281\"><strong>Materiaali<\/strong>: Keinohelmi + metalliseos + kuparilanka<\/p>\n<\/li>\n<li data-start=\"1364\" data-end=\"1427\">\n<p data-start=\"1366\" data-end=\"1427\"><strong data-start=\"1366\" data-end=\"1374\">Koko:<\/strong> S\u00e4\u00e4dett\u00e4viss\u00e4 \u2013 sopii 3+ ik\u00e4isille, my\u00f6s aikuisille<\/p>\n<\/li>\n<li data-start=\"1428\" data-end=\"1497\">\n<p data-start=\"1430\" data-end=\"1497\"><strong data-start=\"1430\" data-end=\"1442\">K\u00e4ytt\u00f6\u00f6n:<\/strong> Erityistapahtumat, pukeutumisleikit, n\u00e4ytt\u00e4m\u00f6, syntym\u00e4p\u00e4iv\u00e4t, h\u00e4\u00e4t<\/p>\n<\/li>\n<\/ul>\n<h2 style=\"text-align: center;\" data-start=\"1504\" data-end=\"1529\">\ud83d\udce6 Pakkaus sis\u00e4lt\u00e4\u00e4<\/h2>\n<ul data-start=\"1530\" data-end=\"1571\">\n<li data-start=\"1530\" data-end=\"1571\">\n<p data-start=\"1532\" data-end=\"1571\">1 tai 2 hiuspantaa<\/p>\n<\/li>\n<\/ul>\n","protected":false},"excerpt":{"rendered":"<p>Lis\u00e4\u00e4 ripaus eleganssia tyyliisi sekunneissa! T\u00e4m\u00e4 kaunis kukkahiuspanta on t\u00e4ydellinen asuste h\u00e4ihin, juhliin, kuvauksiin tai erityistilaisuuksiin. Se on valmistettu herkist\u00e4 [&hellip;]<\/p>\n","protected":false},"featured_media":9014,"comment_status":"open","ping_status":"closed","template":"","meta":{"site-sidebar-layout":"default","site-content-layout":"","ast-site-content-layout":"default","site-content-style":"default","site-sidebar-style":"default","ast-global-header-display":"","ast-banner-title-visibility":"","ast-main-header-display":"","ast-hfb-above-header-display":"","ast-hfb-below-header-display":"","ast-hfb-mobile-header-display":"","site-post-title":"","ast-breadcrumbs-content":"","ast-featured-img":"","footer-sml-layout":"","theme-transparent-header-meta":"default","adv-header-id-meta":"","stick-header-meta":"","header-above-stick-meta":"","header-main-stick-meta":"","header-below-stick-meta":"","astra-migrate-meta-layouts":"set","ast-page-background-enabled":"default","ast-page-background-meta":{"desktop":{"background-color":"var(--ast-global-color-4)","background-image":"","background-repeat":"repeat","background-position":"center center","background-size":"auto","background-attachment":"scroll","background-type":"","background-media":"","overlay-type":"","overlay-color":"","overlay-opacity":"","overlay-gradient":""},"tablet":{"background-color":"","background-image":"","background-repeat":"repeat","background-position":"center center","background-size":"auto","background-attachment":"scroll","background-type":"","background-media":"","overlay-type":"","overlay-color":"","overlay-opacity":"","overlay-gradient":""},"mobile":{"background-color":"","background-image":"","background-repeat":"repeat","background-position":"center center","background-size":"auto","background-attachment":"scroll","background-type":"","background-media":"","overlay-type":"","overlay-color":"","overlay-opacity":"","overlay-gradient":""}},"ast-content-background-meta":{"desktop":{"background-color":"var(--ast-global-color-5)","background-image":"","background-repeat":"repeat","background-position":"center center","background-size":"auto","background-attachment":"scroll","background-type":"","background-media":"","overlay-type":"","overlay-color":"","overlay-opacity":"","overlay-gradient":""},"tablet":{"background-color":"var(--ast-global-color-5)","background-image":"","background-repeat":"repeat","background-position":"center center","background-size":"auto","background-attachment":"scroll","background-type":"","background-media":"","overlay-type":"","overlay-color":"","overlay-opacity":"","overlay-gradient":""},"mobile":{"background-color":"var(--ast-global-color-5)","background-image":"","background-repeat":"repeat","background-position":"center center","background-size":"auto","background-attachment":"scroll","background-type":"","background-media":"","overlay-type":"","overlay-color":"","overlay-opacity":"","overlay-gradient":""}}},"product_brand":[],"product_cat":[990],"product_tag":[],"class_list":{"0":"post-9018","1":"product","2":"type-product","3":"status-publish","4":"has-post-thumbnail","6":"product_cat-toys-childrens-and-baby-products","7":"pa_41603_jkdy6rfl-1-kpl","8":"pa_41603_jkdy6rfl-2-kpl","9":"desktop-align-left","10":"tablet-align-left","11":"mobile-align-left","13":"first","14":"instock","15":"shipping-taxable","16":"purchasable","17":"product-type-variable"},"_links":{"self":[{"href":"https:\/\/keluvo.com\/fi\/wp-json\/wp\/v2\/product\/9018","targetHints":{"allow":["GET"]}}],"collection":[{"href":"https:\/\/keluvo.com\/fi\/wp-json\/wp\/v2\/product"}],"about":[{"href":"https:\/\/keluvo.com\/fi\/wp-json\/wp\/v2\/types\/product"}],"replies":[{"embeddable":true,"href":"https:\/\/keluvo.com\/fi\/wp-json\/wp\/v2\/comments?post=9018"}],"wp:featuredmedia":[{"embeddable":true,"href":"https:\/\/keluvo.com\/fi\/wp-json\/wp\/v2\/media\/9014"}],"wp:attachment":[{"href":"https:\/\/keluvo.com\/fi\/wp-json\/wp\/v2\/media?parent=9018"}],"wp:term":[{"taxonomy":"product_brand","embeddable":true,"href":"https:\/\/keluvo.com\/fi\/wp-json\/wp\/v2\/product_brand?post=9018"},{"taxonomy":"product_cat","embeddable":true,"href":"https:\/\/keluvo.com\/fi\/wp-json\/wp\/v2\/product_cat?post=9018"},{"taxonomy":"product_tag","embeddable":true,"href":"https:\/\/keluvo.com\/fi\/wp-json\/wp\/v2\/product_tag?post=9018"}],"curies":[{"name":"wp","href":"https:\/\/api.w.org\/{rel}","templated":true}]}}