{"id":8966,"date":"2025-07-07T12:14:00","date_gmt":"2025-07-07T10:14:00","guid":{"rendered":"https:\/\/keluvo.com\/fi\/product\/langaton-puhelinlaturi-2\/"},"modified":"2025-07-14T14:07:47","modified_gmt":"2025-07-14T12:07:47","slug":"langaton-puhelinlaturi-2","status":"publish","type":"product","link":"https:\/\/keluvo.com\/fi\/product\/langaton-puhelinlaturi-2\/","title":{"rendered":"Langaton puhelimen laturi"},"content":{"rendered":"<h2 style=\"text-align: center;\">Esittelyss\u00e4 itselukittuva puhelimen pidike, jossa on langaton lataus!<\/h2>\n<p style=\"text-align: center;\">Pid\u00e4 puhelimesi ladattuna ajon aikana, \u00e4l\u00e4k\u00e4 huolehdi akun tilasta! \u00c4lypuhelimen pidike helpottaa laitteen lataamista matkan aikana, v\u00e4hent\u00e4\u00e4 h\u00e4iri\u00f6tekij\u00f6it\u00e4 ja mahdollistaa silti navigoinnin, puheluihin vastaamisen ja musiikin kuuntelun. Aja turvallisesti ja ilman h\u00e4iri\u00f6it\u00e4!<\/p>\n<p style=\"text-align: center;\">Pidike on suunniteltu parantamaan ajokokemustasi ja se pit\u00e4\u00e4 puhelimesi turvallisesti k\u00e4den ulottuvilla. Siin\u00e4 on 15 W:n langaton latausj\u00e4rjestelm\u00e4, joka lataa puhelimesi nopeasti ja t\u00e4yteen vain 30 minuutissa. Pidike on yhteensopiva l\u00e4hes kaikkien \u00e4lypuhelinten kanssa, olipa sinulla sitten iPhone, Samsung tai muu puhelin. Puhelimessa voi olla my\u00f6s kuoret.<br \/>\n<img decoding=\"async\" class=\"alignnone size-full wp-image-24294 aligncenter\" style=\"font-style: inherit; font-weight: inherit;\" src=\"https:\/\/keluvo.com\/template\/wp-content\/uploads\/sites\/5\/2024\/11\/mc-cleaned1715737208unnamed.webp\" alt=\"\" \/><\/p>\n<h2 style=\"text-align: center;\">Miksi langaton puhelintelineemme on niin suosittu?<\/h2>\n<p style=\"text-align: center;\">\u2714 Infrapuna-automaattitunnistus: Puhelimen pidike k\u00e4ytt\u00e4\u00e4 kehittynytt\u00e4 infrapunatekniikkaa puhelimesi koon tunnistamiseen. Aseta vain puhelimesi pidikkeeseen ja k\u00e4yt\u00e4 sit\u00e4 helposti yhdell\u00e4 k\u00e4dell\u00e4.<\/p>\n<p style=\"text-align: center;\">\u2714 Vakaa ja s\u00e4\u00e4dett\u00e4v\u00e4: Vahvan imukupin ja 360 asteen kierron ansiosta n\u00e4et puhelimesi kunnolla ja pystyt k\u00e4ytt\u00e4m\u00e4\u00e4n kaikkia puhelimen toimintoja ajon aikana.<\/p>\n<p style=\"text-align: center;\">\u2714 Helppo asennus: Auton tuuletusaukkoihin kiinnitett\u00e4v\u00e4 pidike asennetaan paikoilleen helposti ilman ty\u00f6kaluja. Se voidaan kiinnitt\u00e4\u00e4 turvallisesti l\u00e4hes mink\u00e4 tahansa ajoneuvon tuuletusaukkoihin aiheuttamatta vahinkoa.<\/p>\n<p style=\"text-align: center;\">\u2714 Kest\u00e4v\u00e4t materiaalit: Valmistettu naarmuuntumattomasta liukumattomasta kumista ja kest\u00e4v\u00e4st\u00e4 ABS\/PC\/magnesium-alumiiniseoksesta, joiden ansiosta pidike tarjoaa vahvan otteen ja kest\u00e4\u00e4 jopa kuoppaisilla teill\u00e4.<\/p>\n<p><img decoding=\"async\" class=\"alignnone size-full wp-image-24293 aligncenter\" src=\"https:\/\/keluvo.com\/template\/wp-content\/uploads\/sites\/5\/2024\/11\/mc-cleaned1715737210unnamed_1.webp\" alt=\"\" \/><\/p>\n<h2 style=\"text-align: center;\">Tekniset tiedot:<\/h2>\n<ul>\n<li>Materiaali: ABS\/PC\/magnesium-alumiiniseos<\/li>\n<li>Koko: 13 x 6.5 x 1.5mm<\/li>\n<li>Latausteho: 15W<\/li>\n<li>Sopii: \u00c4lypuhelimet v\u00e4lill\u00e4 4,5-6,5 tuumaa<\/li>\n<\/ul>\n<p><img decoding=\"async\" class=\"alignnone size-full wp-image-24292 aligncenter\" src=\"https:\/\/keluvo.com\/template\/wp-content\/uploads\/sites\/5\/2024\/11\/mc-cleaned171573719633c2de14-4381-425b-b434-d112f110eb5c_bca0460a-d915-4ed8-b67a-841ec1cf492c.webp\" alt=\"\" \/><\/p>\n<h2 style=\"text-align: center;\">Pakkauksen sis\u00e4lt\u00f6:<\/h2>\n<ul>\n<li>1x langaton puhelimen laturi ja pidike<\/li>\n<li>1x langaton laturi<\/li>\n<li>1x USB Type C -kaapeli<\/li>\n<li>1x k\u00e4ytt\u00f6ohjeet<\/li>\n<\/ul>\n","protected":false},"excerpt":{"rendered":"<p>Esittelyss\u00e4 itselukittuva puhelimen pidike, jossa on langaton lataus! Pid\u00e4 puhelimesi ladattuna ajon aikana, \u00e4l\u00e4k\u00e4 huolehdi akun tilasta! \u00c4lypuhelimen pidike helpottaa [&hellip;]<\/p>\n","protected":false},"featured_media":8962,"comment_status":"open","ping_status":"closed","template":"","meta":{"site-sidebar-layout":"default","site-content-layout":"","ast-site-content-layout":"default","site-content-style":"default","site-sidebar-style":"default","ast-global-header-display":"","ast-banner-title-visibility":"","ast-main-header-display":"","ast-hfb-above-header-display":"","ast-hfb-below-header-display":"","ast-hfb-mobile-header-display":"","site-post-title":"","ast-breadcrumbs-content":"","ast-featured-img":"","footer-sml-layout":"","theme-transparent-header-meta":"default","adv-header-id-meta":"","stick-header-meta":"","header-above-stick-meta":"","header-main-stick-meta":"","header-below-stick-meta":"","astra-migrate-meta-layouts":"set","ast-page-background-enabled":"default","ast-page-background-meta":{"desktop":{"background-color":"var(--ast-global-color-4)","background-image":"","background-repeat":"repeat","background-position":"center center","background-size":"auto","background-attachment":"scroll","background-type":"","background-media":"","overlay-type":"","overlay-color":"","overlay-opacity":"","overlay-gradient":""},"tablet":{"background-color":"","background-image":"","background-repeat":"repeat","background-position":"center center","background-size":"auto","background-attachment":"scroll","background-type":"","background-media":"","overlay-type":"","overlay-color":"","overlay-opacity":"","overlay-gradient":""},"mobile":{"background-color":"","background-image":"","background-repeat":"repeat","background-position":"center center","background-size":"auto","background-attachment":"scroll","background-type":"","background-media":"","overlay-type":"","overlay-color":"","overlay-opacity":"","overlay-gradient":""}},"ast-content-background-meta":{"desktop":{"background-color":"var(--ast-global-color-5)","background-image":"","background-repeat":"repeat","background-position":"center center","background-size":"auto","background-attachment":"scroll","background-type":"","background-media":"","overlay-type":"","overlay-color":"","overlay-opacity":"","overlay-gradient":""},"tablet":{"background-color":"var(--ast-global-color-5)","background-image":"","background-repeat":"repeat","background-position":"center center","background-size":"auto","background-attachment":"scroll","background-type":"","background-media":"","overlay-type":"","overlay-color":"","overlay-opacity":"","overlay-gradient":""},"mobile":{"background-color":"var(--ast-global-color-5)","background-image":"","background-repeat":"repeat","background-position":"center center","background-size":"auto","background-attachment":"scroll","background-type":"","background-media":"","overlay-type":"","overlay-color":"","overlay-opacity":"","overlay-gradient":""}}},"product_brand":[],"product_cat":[998],"product_tag":[],"class_list":{"0":"post-8966","1":"product","2":"type-product","3":"status-publish","4":"has-post-thumbnail","6":"product_cat-automotive-products","7":"pa_16251_gqkdt5a2-hopea","8":"pa_16251_gqkdt5a2-musta","9":"desktop-align-left","10":"tablet-align-left","11":"mobile-align-left","13":"first","14":"instock","15":"shipping-taxable","16":"purchasable","17":"product-type-variable"},"_links":{"self":[{"href":"https:\/\/keluvo.com\/fi\/wp-json\/wp\/v2\/product\/8966","targetHints":{"allow":["GET"]}}],"collection":[{"href":"https:\/\/keluvo.com\/fi\/wp-json\/wp\/v2\/product"}],"about":[{"href":"https:\/\/keluvo.com\/fi\/wp-json\/wp\/v2\/types\/product"}],"replies":[{"embeddable":true,"href":"https:\/\/keluvo.com\/fi\/wp-json\/wp\/v2\/comments?post=8966"}],"wp:featuredmedia":[{"embeddable":true,"href":"https:\/\/keluvo.com\/fi\/wp-json\/wp\/v2\/media\/8962"}],"wp:attachment":[{"href":"https:\/\/keluvo.com\/fi\/wp-json\/wp\/v2\/media?parent=8966"}],"wp:term":[{"taxonomy":"product_brand","embeddable":true,"href":"https:\/\/keluvo.com\/fi\/wp-json\/wp\/v2\/product_brand?post=8966"},{"taxonomy":"product_cat","embeddable":true,"href":"https:\/\/keluvo.com\/fi\/wp-json\/wp\/v2\/product_cat?post=8966"},{"taxonomy":"product_tag","embeddable":true,"href":"https:\/\/keluvo.com\/fi\/wp-json\/wp\/v2\/product_tag?post=8966"}],"curies":[{"name":"wp","href":"https:\/\/api.w.org\/{rel}","templated":true}]}}