{"id":8956,"date":"2025-07-07T12:06:03","date_gmt":"2025-07-07T10:06:03","guid":{"rendered":"https:\/\/keluvo.com\/fi\/product\/riippumatto\/"},"modified":"2025-07-14T15:03:41","modified_gmt":"2025-07-14T13:03:41","slug":"riippumatto","status":"publish","type":"product","link":"https:\/\/keluvo.com\/fi\/product\/riippumatto\/","title":{"rendered":"Riippumatto"},"content":{"rendered":"<p style=\"text-align: center;\" data-start=\"129\" data-end=\"392\"><strong>Rentoutukaa yhdess\u00e4 luonnossa! \ud83c\udf33\ud83d\ude0c<\/strong><\/p>\n<p style=\"text-align: center;\" data-start=\"129\" data-end=\"392\">T\u00e4ss\u00e4 tilavassa monen hengen riippumatossa voit rentoutua yst\u00e4vien tai perheen kanssa t\u00e4ysin mukavasti. Olitpa sitten retkeilem\u00e4ss\u00e4, hengailemassa takapihalla tai vain nauttimassa ulkoilmasta, se on t\u00e4ydellinen tapa keinua, rentoutua ja viett\u00e4\u00e4 aikaa yhdess\u00e4.<\/p>\n<p data-start=\"129\" data-end=\"392\"><img decoding=\"async\" class=\"size-full wp-image-24934 aligncenter\" src=\"https:\/\/keluvo.com\/template\/wp-content\/uploads\/sites\/5\/2025\/06\/29737882e9dcb787bb6a2891be14df15.webp\" alt=\"\" \/><\/p>\n<h2 style=\"text-align: center;\" data-start=\"399\" data-end=\"422\">T\u00e4rkeimm\u00e4t ominaisuudet \ud83c\udfd5\ufe0f<\/h2>\n<p data-start=\"425\" data-end=\"466\">\ud83d\udc68\u200d\ud83d\udc69\u200d\ud83d\udc67\u200d\ud83d\udc66 Sopii jopa 3 henkil\u00f6lle kerralla<\/p>\n<p data-start=\"469\" data-end=\"506\">\ud83e\uddf5 Valmistettu vahvasta mutta pehme\u00e4st\u00e4 kankaasta<\/p>\n<p data-start=\"509\" data-end=\"543\">\ud83e\uddf3 Kevyt ja helppo kuljettaa<\/p>\n<p data-start=\"546\" data-end=\"585\">\ud83e\uddfa Konepest\u00e4v\u00e4, helppo puhdistaa<\/p>\n<p data-start=\"588\" data-end=\"625\">\ud83d\udee0\ufe0f Ei tarvita ty\u00f6kaluja \u2013 kokoaminen onnistuu muutamassa minuutissa<\/p>\n<p data-start=\"588\" data-end=\"625\"><img decoding=\"async\" class=\"size-full wp-image-24933 aligncenter\" src=\"https:\/\/keluvo.com\/template\/wp-content\/uploads\/sites\/5\/2025\/06\/55a6fb3e9459dec351f1b5dd9b8e0110727c7825.avif\" alt=\"\" \/><\/p>\n<h2 style=\"text-align: center;\" data-start=\"632\" data-end=\"652\">K\u00e4ytt\u00f6ohjeet \ud83d\udee0\ufe0f<\/h2>\n<ol data-start=\"653\" data-end=\"791\">\n<li data-start=\"653\" data-end=\"711\">\n<p data-start=\"656\" data-end=\"711\">Valitse vahva kiinnityspiste (puu, aita tai jalusta)<\/p>\n<\/li>\n<li data-start=\"712\" data-end=\"759\">\n<p data-start=\"715\" data-end=\"759\">Kiinnit\u00e4 k\u00f6ydet ja karabiinit (mukana)<\/p>\n<\/li>\n<li data-start=\"760\" data-end=\"791\">\n<p data-start=\"763\" data-end=\"791\">Hypp\u00e4\u00e4 kyytiin, makaa ja rentoudu!<\/p>\n<\/li>\n<\/ol>\n<h2 style=\"text-align: center;\" data-start=\"798\" data-end=\"822\">Tuotetiedot \ud83d\udccb<\/h2>\n<ul data-start=\"823\" data-end=\"991\">\n<li data-start=\"823\" data-end=\"899\">\n<p data-start=\"825\" data-end=\"899\">Koko: 280\u00d7280\u00d7280 cm (2\u20133 henkil\u00f6\u00e4)<\/p>\n<\/li>\n<li data-start=\"900\" data-end=\"933\">\n<p data-start=\"902\" data-end=\"933\">Painokapasiteetti: jopa 300 kg<\/p>\n<\/li>\n<li data-start=\"961\" data-end=\"991\">\n<p data-start=\"963\" data-end=\"991\">Taittuu kompaktiksi kantolaukuksi<\/p>\n<\/li>\n<\/ul>\n<h2 style=\"text-align: center;\" data-start=\"998\" data-end=\"1023\">Pakkaus Sis\u00e4lt\u00e4\u00e4 \ud83c\udf92<\/h2>\n<ul data-start=\"1024\" data-end=\"1102\">\n<li data-start=\"1024\" data-end=\"1051\">\n<p data-start=\"1026\" data-end=\"1051\">1x usean henkil\u00f6n riippumatto<\/p>\n<\/li>\n<li data-start=\"1052\" data-end=\"1069\">\n<p data-start=\"1054\" data-end=\"1069\">3x karabiinit<\/p>\n<\/li>\n<li data-start=\"1070\" data-end=\"1085\">\n<p data-start=\"1072\" data-end=\"1085\">3x 2m k\u00f6ydet<\/p>\n<\/li>\n<li data-start=\"1086\" data-end=\"1102\">\n<p data-start=\"1088\" data-end=\"1102\">1x s\u00e4ilytyspussi.<\/p>\n<\/li>\n<\/ul>\n","protected":false},"excerpt":{"rendered":"<p>Rentoutukaa yhdess\u00e4 luonnossa! \ud83c\udf33\ud83d\ude0c T\u00e4ss\u00e4 tilavassa monen hengen riippumatossa voit rentoutua yst\u00e4vien tai perheen kanssa t\u00e4ysin mukavasti. Olitpa sitten retkeilem\u00e4ss\u00e4, [&hellip;]<\/p>\n","protected":false},"featured_media":8952,"comment_status":"open","ping_status":"closed","template":"","meta":{"site-sidebar-layout":"default","site-content-layout":"","ast-site-content-layout":"default","site-content-style":"default","site-sidebar-style":"default","ast-global-header-display":"","ast-banner-title-visibility":"","ast-main-header-display":"","ast-hfb-above-header-display":"","ast-hfb-below-header-display":"","ast-hfb-mobile-header-display":"","site-post-title":"","ast-breadcrumbs-content":"","ast-featured-img":"","footer-sml-layout":"","theme-transparent-header-meta":"default","adv-header-id-meta":"","stick-header-meta":"","header-above-stick-meta":"","header-main-stick-meta":"","header-below-stick-meta":"","astra-migrate-meta-layouts":"set","ast-page-background-enabled":"default","ast-page-background-meta":{"desktop":{"background-color":"var(--ast-global-color-4)","background-image":"","background-repeat":"repeat","background-position":"center center","background-size":"auto","background-attachment":"scroll","background-type":"","background-media":"","overlay-type":"","overlay-color":"","overlay-opacity":"","overlay-gradient":""},"tablet":{"background-color":"","background-image":"","background-repeat":"repeat","background-position":"center center","background-size":"auto","background-attachment":"scroll","background-type":"","background-media":"","overlay-type":"","overlay-color":"","overlay-opacity":"","overlay-gradient":""},"mobile":{"background-color":"","background-image":"","background-repeat":"repeat","background-position":"center center","background-size":"auto","background-attachment":"scroll","background-type":"","background-media":"","overlay-type":"","overlay-color":"","overlay-opacity":"","overlay-gradient":""}},"ast-content-background-meta":{"desktop":{"background-color":"var(--ast-global-color-5)","background-image":"","background-repeat":"repeat","background-position":"center center","background-size":"auto","background-attachment":"scroll","background-type":"","background-media":"","overlay-type":"","overlay-color":"","overlay-opacity":"","overlay-gradient":""},"tablet":{"background-color":"var(--ast-global-color-5)","background-image":"","background-repeat":"repeat","background-position":"center center","background-size":"auto","background-attachment":"scroll","background-type":"","background-media":"","overlay-type":"","overlay-color":"","overlay-opacity":"","overlay-gradient":""},"mobile":{"background-color":"var(--ast-global-color-5)","background-image":"","background-repeat":"repeat","background-position":"center center","background-size":"auto","background-attachment":"scroll","background-type":"","background-media":"","overlay-type":"","overlay-color":"","overlay-opacity":"","overlay-gradient":""}}},"product_brand":[],"product_cat":[1000],"product_tag":[],"class_list":{"0":"post-8956","1":"product","2":"type-product","3":"status-publish","4":"has-post-thumbnail","6":"product_cat-hiking-camping-and-leisure-goods","7":"pa_41881_56e81quv-musta","8":"pa_41881_56e81quv-vihrea","9":"desktop-align-left","10":"tablet-align-left","11":"mobile-align-left","13":"first","14":"instock","15":"shipping-taxable","16":"purchasable","17":"product-type-variable"},"_links":{"self":[{"href":"https:\/\/keluvo.com\/fi\/wp-json\/wp\/v2\/product\/8956","targetHints":{"allow":["GET"]}}],"collection":[{"href":"https:\/\/keluvo.com\/fi\/wp-json\/wp\/v2\/product"}],"about":[{"href":"https:\/\/keluvo.com\/fi\/wp-json\/wp\/v2\/types\/product"}],"replies":[{"embeddable":true,"href":"https:\/\/keluvo.com\/fi\/wp-json\/wp\/v2\/comments?post=8956"}],"wp:featuredmedia":[{"embeddable":true,"href":"https:\/\/keluvo.com\/fi\/wp-json\/wp\/v2\/media\/8952"}],"wp:attachment":[{"href":"https:\/\/keluvo.com\/fi\/wp-json\/wp\/v2\/media?parent=8956"}],"wp:term":[{"taxonomy":"product_brand","embeddable":true,"href":"https:\/\/keluvo.com\/fi\/wp-json\/wp\/v2\/product_brand?post=8956"},{"taxonomy":"product_cat","embeddable":true,"href":"https:\/\/keluvo.com\/fi\/wp-json\/wp\/v2\/product_cat?post=8956"},{"taxonomy":"product_tag","embeddable":true,"href":"https:\/\/keluvo.com\/fi\/wp-json\/wp\/v2\/product_tag?post=8956"}],"curies":[{"name":"wp","href":"https:\/\/api.w.org\/{rel}","templated":true}]}}