{"id":8827,"date":"2025-07-07T12:00:23","date_gmt":"2025-07-07T10:00:23","guid":{"rendered":"https:\/\/keluvo.com\/fi\/product\/premium-vauvan-helistin-setti-4kpl\/"},"modified":"2025-09-13T13:26:59","modified_gmt":"2025-09-13T10:26:59","slug":"premium-vauvan-helistin-setti-4kpl","status":"publish","type":"product","link":"https:\/\/keluvo.com\/fi\/product\/premium-vauvan-helistin-setti-4kpl\/","title":{"rendered":"Premium vauvan helistinsetti (4kpl)"},"content":{"rendered":"<p style=\"text-align: center;\">Tuo iloa ja oppimista pikkuisesi el\u00e4m\u00e4\u00e4n t\u00e4ll\u00e4 ihanalla helistinsetill\u00e4! Siin\u00e4 on pehme\u00e4t ja eloisat helistimet pienille k\u00e4sille ja jaloille. Helistimet her\u00e4tt\u00e4v\u00e4t taatusti naurua ja stimuloivat aisteja &#8211; t\u00e4ydellinen leikkihetkiin!<\/p>\n<p><img decoding=\"async\" class=\"alignnone size-full wp-image-22075 aligncenter\" src=\"https:\/\/keluvo.com\/template\/wp-content\/uploads\/sites\/5\/2025\/05\/RattleStarGIF.webp\" alt=\"\" \/><\/p>\n<h2 style=\"text-align: center;\">Kiehtovat v\u00e4rit ja \u00e4\u00e4net<\/h2>\n<p style=\"text-align: center;\">Kirkkaat v\u00e4rit ja vieh\u00e4tt\u00e4v\u00e4t kuviot on suunniteltu kiinnitt\u00e4m\u00e4\u00e4n vauvan huomio. Lempe\u00e4t helistimet auttavat kehitt\u00e4m\u00e4\u00e4n kuuloaistia.<\/p>\n<p><img decoding=\"async\" class=\"alignnone size-full wp-image-22076 aligncenter\" src=\"https:\/\/keluvo.com\/template\/wp-content\/uploads\/sites\/5\/2025\/05\/1-37.jpg\" alt=\"\" \/><\/p>\n<h2 style=\"text-align: center;\">K\u00e4ytt\u00e4j\u00e4yst\u00e4v\u00e4llinen muotoilu<\/h2>\n<p style=\"text-align: center;\">Tarranauhalla varustetut rannekkeet, jotka on helppo kiinnitt\u00e4\u00e4 ja s\u00e4\u00e4t\u00e4\u00e4, sek\u00e4 tukevasti paikoillaan pysyv\u00e4t jalkahihnat tekev\u00e4t t\u00e4st\u00e4 setist\u00e4 ihanteellisen sek\u00e4 leikkimiseen ett\u00e4 tutkimiseen!<\/p>\n<p><img decoding=\"async\" class=\"alignnone size-full wp-image-22078 aligncenter\" src=\"https:\/\/keluvo.com\/template\/wp-content\/uploads\/sites\/5\/2025\/05\/3-34.jpg\" alt=\"\" \/><\/p>\n<h2 style=\"text-align: center;\">Tuotetiedot<\/h2>\n<ul>\n<li>Laadukas helistinsetti vauvoille<\/li>\n<li>Vahvistaa kuuloa<\/li>\n<li>Tukee visuaalista kehityst\u00e4<\/li>\n<li>Valmistettu pehme\u00e4st\u00e4, joustavasta ja hengitt\u00e4v\u00e4st\u00e4 kankaasta<\/li>\n<li>Helppo s\u00e4\u00e4t\u00e4\u00e4 tarranauhan avulla<\/li>\n<li>V\u00e4rik\u00e4s ja kiehtova ulkon\u00e4k\u00f6<\/li>\n<\/ul>\n","protected":false},"excerpt":{"rendered":"<p>Tuo iloa ja oppimista pikkuisesi el\u00e4m\u00e4\u00e4n t\u00e4ll\u00e4 ihanalla helistinsetill\u00e4! Siin\u00e4 on pehme\u00e4t ja eloisat helistimet pienille k\u00e4sille ja jaloille. Helistimet [&hellip;]<\/p>\n","protected":false},"featured_media":8823,"comment_status":"open","ping_status":"closed","template":"","meta":{"site-sidebar-layout":"default","site-content-layout":"","ast-site-content-layout":"default","site-content-style":"default","site-sidebar-style":"default","ast-global-header-display":"","ast-banner-title-visibility":"","ast-main-header-display":"","ast-hfb-above-header-display":"","ast-hfb-below-header-display":"","ast-hfb-mobile-header-display":"","site-post-title":"","ast-breadcrumbs-content":"","ast-featured-img":"","footer-sml-layout":"","theme-transparent-header-meta":"default","adv-header-id-meta":"","stick-header-meta":"","header-above-stick-meta":"","header-main-stick-meta":"","header-below-stick-meta":"","astra-migrate-meta-layouts":"set","ast-page-background-enabled":"default","ast-page-background-meta":{"desktop":{"background-color":"var(--ast-global-color-4)","background-image":"","background-repeat":"repeat","background-position":"center center","background-size":"auto","background-attachment":"scroll","background-type":"","background-media":"","overlay-type":"","overlay-color":"","overlay-opacity":"","overlay-gradient":""},"tablet":{"background-color":"","background-image":"","background-repeat":"repeat","background-position":"center center","background-size":"auto","background-attachment":"scroll","background-type":"","background-media":"","overlay-type":"","overlay-color":"","overlay-opacity":"","overlay-gradient":""},"mobile":{"background-color":"","background-image":"","background-repeat":"repeat","background-position":"center center","background-size":"auto","background-attachment":"scroll","background-type":"","background-media":"","overlay-type":"","overlay-color":"","overlay-opacity":"","overlay-gradient":""}},"ast-content-background-meta":{"desktop":{"background-color":"var(--ast-global-color-5)","background-image":"","background-repeat":"repeat","background-position":"center center","background-size":"auto","background-attachment":"scroll","background-type":"","background-media":"","overlay-type":"","overlay-color":"","overlay-opacity":"","overlay-gradient":""},"tablet":{"background-color":"var(--ast-global-color-5)","background-image":"","background-repeat":"repeat","background-position":"center center","background-size":"auto","background-attachment":"scroll","background-type":"","background-media":"","overlay-type":"","overlay-color":"","overlay-opacity":"","overlay-gradient":""},"mobile":{"background-color":"var(--ast-global-color-5)","background-image":"","background-repeat":"repeat","background-position":"center center","background-size":"auto","background-attachment":"scroll","background-type":"","background-media":"","overlay-type":"","overlay-color":"","overlay-opacity":"","overlay-gradient":""}}},"product_brand":[],"product_cat":[990],"product_tag":[],"class_list":{"0":"post-8827","1":"product","2":"type-product","3":"status-publish","4":"has-post-thumbnail","6":"product_cat-toys-childrens-and-baby-products","7":"desktop-align-left","8":"tablet-align-left","9":"mobile-align-left","11":"first","12":"instock","13":"shipping-taxable","14":"purchasable","15":"product-type-simple"},"_links":{"self":[{"href":"https:\/\/keluvo.com\/fi\/wp-json\/wp\/v2\/product\/8827","targetHints":{"allow":["GET"]}}],"collection":[{"href":"https:\/\/keluvo.com\/fi\/wp-json\/wp\/v2\/product"}],"about":[{"href":"https:\/\/keluvo.com\/fi\/wp-json\/wp\/v2\/types\/product"}],"replies":[{"embeddable":true,"href":"https:\/\/keluvo.com\/fi\/wp-json\/wp\/v2\/comments?post=8827"}],"wp:featuredmedia":[{"embeddable":true,"href":"https:\/\/keluvo.com\/fi\/wp-json\/wp\/v2\/media\/8823"}],"wp:attachment":[{"href":"https:\/\/keluvo.com\/fi\/wp-json\/wp\/v2\/media?parent=8827"}],"wp:term":[{"taxonomy":"product_brand","embeddable":true,"href":"https:\/\/keluvo.com\/fi\/wp-json\/wp\/v2\/product_brand?post=8827"},{"taxonomy":"product_cat","embeddable":true,"href":"https:\/\/keluvo.com\/fi\/wp-json\/wp\/v2\/product_cat?post=8827"},{"taxonomy":"product_tag","embeddable":true,"href":"https:\/\/keluvo.com\/fi\/wp-json\/wp\/v2\/product_tag?post=8827"}],"curies":[{"name":"wp","href":"https:\/\/api.w.org\/{rel}","templated":true}]}}