{"id":8814,"date":"2025-07-07T11:58:13","date_gmt":"2025-07-07T09:58:13","guid":{"rendered":"https:\/\/keluvo.com\/fi\/product\/jokapaivainen-laukku\/"},"modified":"2025-12-08T12:09:13","modified_gmt":"2025-12-08T10:09:13","slug":"jokapaivainen-laukku","status":"publish","type":"product","link":"https:\/\/keluvo.com\/fi\/product\/jokapaivainen-laukku\/","title":{"rendered":"Arkilaukku"},"content":{"rendered":"<h2 style=\"text-align: center;\">Hanki tyyli\u00e4 ja toiminnallisuutta arkilaukulla<\/h2>\n<p style=\"text-align: center;\">Edist\u00e4 p\u00e4ivitt\u00e4ist\u00e4 asuasi jokap\u00e4iv\u00e4isell\u00e4 laukulla. T\u00e4m\u00e4 tyylik\u00e4s corduroy-laukku sopii t\u00e4ydellisesti kiireisiin rutiineihisi. Olitpa sitten menossa t\u00f6ihin, kouluun tai vain ulos, siin\u00e4 on tarpeeksi tilaa v\u00e4ltt\u00e4m\u00e4tt\u00f6mille tavaroillesi ja se korostaa ulkon\u00e4k\u00f6\u00e4si.<\/p>\n<p><img fetchpriority=\"high\" decoding=\"async\" class=\"alignnone size-full wp-image-22657 aligncenter\" src=\"https:\/\/keluvo.com\/template\/wp-content\/uploads\/sites\/5\/2025\/06\/1e9c1941a86e40737cd6947a91aebbcbc0bb10dcd6ea51af5d13e29421f84725-ezgif.com-crop.webp\" alt=\"\" width=\"576\" height=\"695\" \/><\/p>\n<h2 style=\"text-align: center;\">T\u00e4ss\u00e4 on syy, miksi rakastat t\u00e4t\u00e4 arkilaukkua:<\/h2>\n<p><strong>K\u00e4yt\u00e4nn\u00f6llist\u00e4 s\u00e4ilytystilaa<\/strong>: Kaksi vetoketjullista etutaskua ja suuri p\u00e4\u00e4lokero pit\u00e4v\u00e4t kaiken j\u00e4rjestyksess\u00e4.<\/p>\n<p><strong>Trendik\u00e4s muotoilu<\/strong>: Pehme\u00e4 corduroy tuo tyylikk\u00e4\u00e4n lis\u00e4n mihin tahansa asuun.<\/p>\n<p><strong>Tilava Mutta K\u00e4yt\u00e4nn\u00f6llinen<\/strong>: Mukaan mahtuu kannettava tietokone, kirjat, meikit ja paljon muuta.<\/p>\n<p><strong>Monipuoliset kantovaihtoehdot<\/strong>: K\u00e4yt\u00e4 kahvoja klassiseen tyyliin tai s\u00e4\u00e4dett\u00e4v\u00e4\u00e4 olkahihnaa mukavuuden takaamiseen.<\/p>\n<p><strong>Kest\u00e4v\u00e4 ja tyylik\u00e4s<\/strong>: Rakennettu kest\u00e4m\u00e4\u00e4n huomioimalla yksityiskohdat.<\/p>\n<p><img decoding=\"async\" class=\"alignnone size-full wp-image-22656 aligncenter\" src=\"https:\/\/keluvo.com\/template\/wp-content\/uploads\/sites\/5\/2025\/06\/ezgif.com-optimize_6.webp\" alt=\"\" width=\"576\" height=\"1024\" \/><\/p>\n<h2 style=\"text-align: center;\">Tuotetiedot:<\/h2>\n<ul>\n<li>Koko: 36 cm leve\u00e4, 28 cm korkea, 14 cm syv\u00e4<\/li>\n<li>Materiaali: Pehme\u00e4 corduroy<\/li>\n<li>Kantotyyli: K\u00e4densijat (22 cm korkea) ja s\u00e4\u00e4dett\u00e4v\u00e4 olkahihna<\/li>\n<\/ul>\n<p style=\"text-align: center;\"><strong>\u23f3 \u00c4l\u00e4 odota! Arjen ba on eritt\u00e4in suosittu ja se myyd\u00e4\u00e4n nopeasti loppuun!<\/strong><\/p>\n","protected":false},"excerpt":{"rendered":"<p>Hanki tyyli\u00e4 ja toiminnallisuutta arkilaukulla Edist\u00e4 p\u00e4ivitt\u00e4ist\u00e4 asuasi jokap\u00e4iv\u00e4isell\u00e4 laukulla. T\u00e4m\u00e4 tyylik\u00e4s corduroy-laukku sopii t\u00e4ydellisesti kiireisiin rutiineihisi. Olitpa sitten menossa [&hellip;]<\/p>\n","protected":false},"featured_media":8810,"comment_status":"open","ping_status":"closed","template":"","meta":{"site-sidebar-layout":"default","site-content-layout":"","ast-site-content-layout":"default","site-content-style":"default","site-sidebar-style":"default","ast-global-header-display":"","ast-banner-title-visibility":"","ast-main-header-display":"","ast-hfb-above-header-display":"","ast-hfb-below-header-display":"","ast-hfb-mobile-header-display":"","site-post-title":"","ast-breadcrumbs-content":"","ast-featured-img":"","footer-sml-layout":"","theme-transparent-header-meta":"default","adv-header-id-meta":"","stick-header-meta":"","header-above-stick-meta":"","header-main-stick-meta":"","header-below-stick-meta":"","astra-migrate-meta-layouts":"set","ast-page-background-enabled":"default","ast-page-background-meta":{"desktop":{"background-color":"var(--ast-global-color-4)","background-image":"","background-repeat":"repeat","background-position":"center center","background-size":"auto","background-attachment":"scroll","background-type":"","background-media":"","overlay-type":"","overlay-color":"","overlay-opacity":"","overlay-gradient":""},"tablet":{"background-color":"","background-image":"","background-repeat":"repeat","background-position":"center center","background-size":"auto","background-attachment":"scroll","background-type":"","background-media":"","overlay-type":"","overlay-color":"","overlay-opacity":"","overlay-gradient":""},"mobile":{"background-color":"","background-image":"","background-repeat":"repeat","background-position":"center center","background-size":"auto","background-attachment":"scroll","background-type":"","background-media":"","overlay-type":"","overlay-color":"","overlay-opacity":"","overlay-gradient":""}},"ast-content-background-meta":{"desktop":{"background-color":"var(--ast-global-color-5)","background-image":"","background-repeat":"repeat","background-position":"center center","background-size":"auto","background-attachment":"scroll","background-type":"","background-media":"","overlay-type":"","overlay-color":"","overlay-opacity":"","overlay-gradient":""},"tablet":{"background-color":"var(--ast-global-color-5)","background-image":"","background-repeat":"repeat","background-position":"center center","background-size":"auto","background-attachment":"scroll","background-type":"","background-media":"","overlay-type":"","overlay-color":"","overlay-opacity":"","overlay-gradient":""},"mobile":{"background-color":"var(--ast-global-color-5)","background-image":"","background-repeat":"repeat","background-position":"center center","background-size":"auto","background-attachment":"scroll","background-type":"","background-media":"","overlay-type":"","overlay-color":"","overlay-opacity":"","overlay-gradient":""}}},"product_brand":[],"product_cat":[993],"product_tag":[],"class_list":{"0":"post-8814","1":"product","2":"type-product","3":"status-publish","4":"has-post-thumbnail","6":"product_cat-footwear-accessories","7":"pa_48170_cqn714qb-musta","8":"pa_48170_cqn714qb-ruskea","9":"pa_48170_cqn714qb-valkoinen","10":"pa_48170_cqn714qb-vihrea","11":"desktop-align-left","12":"tablet-align-left","13":"mobile-align-left","15":"first","16":"instock","17":"shipping-taxable","18":"purchasable","19":"product-type-variable"},"_links":{"self":[{"href":"https:\/\/keluvo.com\/fi\/wp-json\/wp\/v2\/product\/8814","targetHints":{"allow":["GET"]}}],"collection":[{"href":"https:\/\/keluvo.com\/fi\/wp-json\/wp\/v2\/product"}],"about":[{"href":"https:\/\/keluvo.com\/fi\/wp-json\/wp\/v2\/types\/product"}],"replies":[{"embeddable":true,"href":"https:\/\/keluvo.com\/fi\/wp-json\/wp\/v2\/comments?post=8814"}],"wp:featuredmedia":[{"embeddable":true,"href":"https:\/\/keluvo.com\/fi\/wp-json\/wp\/v2\/media\/8810"}],"wp:attachment":[{"href":"https:\/\/keluvo.com\/fi\/wp-json\/wp\/v2\/media?parent=8814"}],"wp:term":[{"taxonomy":"product_brand","embeddable":true,"href":"https:\/\/keluvo.com\/fi\/wp-json\/wp\/v2\/product_brand?post=8814"},{"taxonomy":"product_cat","embeddable":true,"href":"https:\/\/keluvo.com\/fi\/wp-json\/wp\/v2\/product_cat?post=8814"},{"taxonomy":"product_tag","embeddable":true,"href":"https:\/\/keluvo.com\/fi\/wp-json\/wp\/v2\/product_tag?post=8814"}],"curies":[{"name":"wp","href":"https:\/\/api.w.org\/{rel}","templated":true}]}}