{"id":8809,"date":"2025-07-07T11:57:12","date_gmt":"2025-07-07T09:57:12","guid":{"rendered":"https:\/\/keluvo.com\/fi\/product\/kihartimella\/"},"modified":"2025-07-14T14:25:07","modified_gmt":"2025-07-14T12:25:07","slug":"kihartimella","status":"publish","type":"product","link":"https:\/\/keluvo.com\/fi\/product\/kihartimella\/","title":{"rendered":"Kiharrin"},"content":{"rendered":"<p style=\"text-align: center;\" data-start=\"138\" data-end=\"422\"><strong>Saat vaivattomat ranskalaistyyliset kiharat muutamassa minuutissa! \ud83d\udc81\u200d\u2640\ufe0f\u2728<\/strong><\/p>\n<p style=\"text-align: center;\" data-start=\"138\" data-end=\"422\">T\u00e4ll\u00e4 kihartimella on helppo luoda luonnollisia ja tuuheita laineita salonkilaatuisella viimeistelyll\u00e4 &#8211; suoraan kotoa k\u00e4sin. Olitpa sitten muotoilemassa hiuksiasi illanviettoa varten tai halusitpa vain pehme\u00e4\u00e4 jokap\u00e4iv\u00e4ist\u00e4 glamouria, t\u00e4ll\u00e4 kihartimella se onnistuu.<\/p>\n<p data-start=\"138\" data-end=\"422\"><img decoding=\"async\" class=\"size-full wp-image-24847 aligncenter\" src=\"https:\/\/keluvo.com\/template\/wp-content\/uploads\/sites\/5\/2025\/06\/0c09532abe4b64d6dfa0b8d17dc31f6aa9594f60_480x480.webp\" alt=\"\" \/><\/p>\n<h2 style=\"text-align: center;\" data-start=\"429\" data-end=\"451\"><strong>T\u00e4rkeimm\u00e4t hy\u00f6dyt \ud83d\udc9c<\/strong><\/h2>\n<p data-start=\"454\" data-end=\"497\">\ud83c\udf0a Luo pehme\u00e4t ja vapaat ranskalaistyyliset kiharat<\/p>\n<p data-start=\"500\" data-end=\"532\">\ud83d\udd25 L\u00e4mpi\u00e4\u00e4 vain 15 sekunnissa<\/p>\n<p data-start=\"535\" data-end=\"582\">\ud83d\udc87\u200d\u2640\ufe0f Muotoilee hiukset nopeasti vahingoittamatta niit\u00e4<\/p>\n<p data-start=\"585\" data-end=\"628\">\ud83c\udf80 T\u00e4ydellinen kaikille hiusten pituuksille ja tyypeille<\/p>\n<p data-start=\"631\" data-end=\"664\">\ud83d\udca1 Helppok\u00e4ytt\u00f6inen &#8211; my\u00f6s aloittelijoille<\/p>\n<p data-start=\"631\" data-end=\"664\"><img decoding=\"async\" class=\"size-full wp-image-24848 aligncenter\" src=\"https:\/\/keluvo.com\/template\/wp-content\/uploads\/sites\/5\/2025\/06\/81edc00b0b53e3a4ce4be966ee77749431b8d5c7_480x480.webp\" alt=\"\" \/><\/p>\n<h2 style=\"text-align: center;\" data-start=\"671\" data-end=\"691\"><strong>K\u00e4ytt\u00f6ohjeet \ud83d\udee0\ufe0f<\/strong><\/h2>\n<ol data-start=\"692\" data-end=\"839\">\n<li data-start=\"692\" data-end=\"740\">\n<p data-start=\"695\" data-end=\"740\">Kiinnit\u00e4 s\u00e4hk\u00f6johto ja odota 220 \u00b0C:n nopeaa l\u00e4mpenemisaikaa<\/p>\n<\/li>\n<li data-start=\"741\" data-end=\"796\">\n<p data-start=\"744\" data-end=\"796\">Tartu osaan hiuksia kihartimella ja pid\u00e4 niit\u00e4 muutaman sekunnin ajan<\/p>\n<\/li>\n<li data-start=\"797\" data-end=\"839\">\n<p data-start=\"800\" data-end=\"839\">P\u00e4\u00e4st\u00e4 vain irti ja toista \u2013 nauti t\u00e4ydellisist\u00e4 kiharista!<\/p>\n<\/li>\n<\/ol>\n<h2 style=\"text-align: center;\" data-start=\"846\" data-end=\"870\"><strong>Tuotetiedot \ud83d\udccb<\/strong><\/h2>\n<ul data-start=\"871\" data-end=\"1035\">\n<li data-start=\"903\" data-end=\"931\">\n<p data-start=\"905\" data-end=\"931\">L\u00e4mp\u00f6tila: jopa 220\u00b0C<\/p>\n<\/li>\n<li data-start=\"932\" data-end=\"961\">\n<p data-start=\"934\" data-end=\"961\">Nopea l\u00e4mpeneminen: 15 sekuntia<\/p>\n<\/li>\n<li data-start=\"962\" data-end=\"1001\">\n<p data-start=\"964\" data-end=\"1001\">Materiaali: turmaliinikeraamiset levyt<\/p>\n<\/li>\n<li data-start=\"1002\" data-end=\"1035\">\n<p data-start=\"1004\" data-end=\"1035\">Kevyt ja matkustusyst\u00e4v\u00e4llinen<\/p>\n<\/li>\n<\/ul>\n<h2 style=\"text-align: center;\" data-start=\"846\" data-end=\"870\"><strong>Pakkaus sis\u00e4lt\u00e4\u00e4 \ud83d\udce6<\/strong><\/h2>\n<ul data-start=\"1068\" data-end=\"1097\">\n<li data-start=\"1068\" data-end=\"1097\">\n<p data-start=\"1070\" data-end=\"1097\">1x kiharrin.<\/p>\n<\/li>\n<\/ul>\n","protected":false},"excerpt":{"rendered":"<p>Saat vaivattomat ranskalaistyyliset kiharat muutamassa minuutissa! \ud83d\udc81\u200d\u2640\ufe0f\u2728 T\u00e4ll\u00e4 kihartimella on helppo luoda luonnollisia ja tuuheita laineita salonkilaatuisella viimeistelyll\u00e4 &#8211; suoraan [&hellip;]<\/p>\n","protected":false},"featured_media":8805,"comment_status":"open","ping_status":"closed","template":"","meta":{"site-sidebar-layout":"default","site-content-layout":"","ast-site-content-layout":"default","site-content-style":"default","site-sidebar-style":"default","ast-global-header-display":"","ast-banner-title-visibility":"","ast-main-header-display":"","ast-hfb-above-header-display":"","ast-hfb-below-header-display":"","ast-hfb-mobile-header-display":"","site-post-title":"","ast-breadcrumbs-content":"","ast-featured-img":"","footer-sml-layout":"","theme-transparent-header-meta":"default","adv-header-id-meta":"","stick-header-meta":"","header-above-stick-meta":"","header-main-stick-meta":"","header-below-stick-meta":"","astra-migrate-meta-layouts":"set","ast-page-background-enabled":"default","ast-page-background-meta":{"desktop":{"background-color":"var(--ast-global-color-4)","background-image":"","background-repeat":"repeat","background-position":"center center","background-size":"auto","background-attachment":"scroll","background-type":"","background-media":"","overlay-type":"","overlay-color":"","overlay-opacity":"","overlay-gradient":""},"tablet":{"background-color":"","background-image":"","background-repeat":"repeat","background-position":"center center","background-size":"auto","background-attachment":"scroll","background-type":"","background-media":"","overlay-type":"","overlay-color":"","overlay-opacity":"","overlay-gradient":""},"mobile":{"background-color":"","background-image":"","background-repeat":"repeat","background-position":"center center","background-size":"auto","background-attachment":"scroll","background-type":"","background-media":"","overlay-type":"","overlay-color":"","overlay-opacity":"","overlay-gradient":""}},"ast-content-background-meta":{"desktop":{"background-color":"var(--ast-global-color-5)","background-image":"","background-repeat":"repeat","background-position":"center center","background-size":"auto","background-attachment":"scroll","background-type":"","background-media":"","overlay-type":"","overlay-color":"","overlay-opacity":"","overlay-gradient":""},"tablet":{"background-color":"var(--ast-global-color-5)","background-image":"","background-repeat":"repeat","background-position":"center center","background-size":"auto","background-attachment":"scroll","background-type":"","background-media":"","overlay-type":"","overlay-color":"","overlay-opacity":"","overlay-gradient":""},"mobile":{"background-color":"var(--ast-global-color-5)","background-image":"","background-repeat":"repeat","background-position":"center center","background-size":"auto","background-attachment":"scroll","background-type":"","background-media":"","overlay-type":"","overlay-color":"","overlay-opacity":"","overlay-gradient":""}}},"product_brand":[],"product_cat":[992],"product_tag":[],"class_list":{"0":"post-8809","1":"product","2":"type-product","3":"status-publish","4":"has-post-thumbnail","6":"product_cat-beauty-and-hygiene-products","7":"desktop-align-left","8":"tablet-align-left","9":"mobile-align-left","11":"first","12":"instock","13":"shipping-taxable","14":"purchasable","15":"product-type-simple"},"_links":{"self":[{"href":"https:\/\/keluvo.com\/fi\/wp-json\/wp\/v2\/product\/8809","targetHints":{"allow":["GET"]}}],"collection":[{"href":"https:\/\/keluvo.com\/fi\/wp-json\/wp\/v2\/product"}],"about":[{"href":"https:\/\/keluvo.com\/fi\/wp-json\/wp\/v2\/types\/product"}],"replies":[{"embeddable":true,"href":"https:\/\/keluvo.com\/fi\/wp-json\/wp\/v2\/comments?post=8809"}],"wp:featuredmedia":[{"embeddable":true,"href":"https:\/\/keluvo.com\/fi\/wp-json\/wp\/v2\/media\/8805"}],"wp:attachment":[{"href":"https:\/\/keluvo.com\/fi\/wp-json\/wp\/v2\/media?parent=8809"}],"wp:term":[{"taxonomy":"product_brand","embeddable":true,"href":"https:\/\/keluvo.com\/fi\/wp-json\/wp\/v2\/product_brand?post=8809"},{"taxonomy":"product_cat","embeddable":true,"href":"https:\/\/keluvo.com\/fi\/wp-json\/wp\/v2\/product_cat?post=8809"},{"taxonomy":"product_tag","embeddable":true,"href":"https:\/\/keluvo.com\/fi\/wp-json\/wp\/v2\/product_tag?post=8809"}],"curies":[{"name":"wp","href":"https:\/\/api.w.org\/{rel}","templated":true}]}}