{"id":8740,"date":"2025-07-07T11:52:09","date_gmt":"2025-07-07T09:52:09","guid":{"rendered":"https:\/\/keluvo.com\/fi\/product\/kulmakyna\/"},"modified":"2025-07-14T14:12:16","modified_gmt":"2025-07-14T12:12:16","slug":"kulmakyna","status":"publish","type":"product","link":"https:\/\/keluvo.com\/fi\/product\/kulmakyna\/","title":{"rendered":"Kulmakyn\u00e4"},"content":{"rendered":"<p style=\"text-align: center;\"><strong>\ud83d\udc84 Esittelyss\u00e4 4-k\u00e4rkinen kulmakyn\u00e4 &#8211; helppo tapa saada t\u00e4ydelliset ja luonnolliset kulmakarvat joka p\u00e4iv\u00e4! \ud83e\udd0e<\/strong><\/p>\n<p style=\"text-align: center;\">Kulmakyn\u00e4ss\u00e4 on \u00e4lyk\u00e4s 4-k\u00e4rkinen muotoilu, jonka avulla on helppo piirt\u00e4\u00e4 aidon n\u00e4k\u00f6iset kulmakarvat. Se on nopea, sile\u00e4 ja kest\u00e4\u00e4 koko p\u00e4iv\u00e4n!<\/p>\n<p><img decoding=\"async\" class=\"size-full wp-image-16736 aligncenter\" src=\"https:\/\/keluvo.com\/template\/wp-content\/uploads\/sites\/5\/2025\/05\/eyebrowpencil-ezgif.com-video-to-webp-converter.webp\" alt=\"\" \/><\/p>\n<h2 style=\"text-align: center;\">T\u00e4rkeimm\u00e4t hy\u00f6dyt<\/h2>\n<ul>\n<li style=\"font-weight: 400;\"><b>Luonnollinen ilme<\/b><span style=\"font-weight: 400;\"> \u2013 luo pehme\u00e4t, t\u00e4ytel\u00e4iset kulmakarvat, jotka n\u00e4ytt\u00e4v\u00e4t aidoilta.<\/span><span style=\"font-weight: 400;\"><br \/>\n<\/span><\/li>\n<li style=\"font-weight: 400;\"><span style=\"font-weight: 400;\"><strong>4-k\u00e4rkinen haarautuva muotoilu<\/strong> \u2013 piirt\u00e4\u00e4 viivoja, jotka sulautuvat todellisiin kulmakarvoihisi.<\/span><\/li>\n<li style=\"font-weight: 400;\"><span style=\"font-weight: 400;\"><strong>Tahraton ja hikoilun kest\u00e4v\u00e4<\/strong> \u2013 pysyy koko p\u00e4iv\u00e4n, jopa treenin tai sateen aikana.<\/span><\/li>\n<li style=\"font-weight: 400;\"><strong>Helppo puhdistaa<\/strong> \u2013 pyyhkiytyy pois meikinpoistoaineella tai puhdistus\u00f6ljyll\u00e4.<\/li>\n<li style=\"font-weight: 400;\"><strong>Toimii kaiken muotoille kulmakarvoille<\/strong> \u2013 sopii hyvin ohuille, paksuille, kaareville tai suorille kulmakarvoille.<\/li>\n<\/ul>\n<p><img decoding=\"async\" class=\"size-full wp-image-16738 aligncenter\" src=\"https:\/\/keluvo.com\/template\/wp-content\/uploads\/sites\/5\/2025\/05\/fd3c597e-954d-4ae3-8bf0-d4d54abbce40.webp\" alt=\"\" \/><\/p>\n<h2 style=\"text-align: center;\"><b>Miksi hankkia t\u00e4m\u00e4 tuote?<\/b><\/h2>\n<p style=\"text-align: center;\">Nelj\u00e4k\u00e4rkinen kulmakyn\u00e4 on toimiva apuv\u00e4line, jolla saat nopeat, siistit ja kauniit kulmakarvat.<\/p>\n<p style=\"text-align: center;\"><span style=\"font-weight: 400;\"> Se sopii t\u00e4ydellisesti:<\/span><\/p>\n<ul>\n<li style=\"font-weight: 400;\"><span style=\"font-weight: 400;\">Aloittelijoille tai ammattilaisille, jotka haluavat helppoja ja siistit kulmakarvat.<\/span><\/li>\n<li style=\"font-weight: 400;\">Pit\u00e4m\u00e4\u00e4n kulmakarvat ter\u00e4vin\u00e4 aamusta iltaan.<\/li>\n<li style=\"font-weight: 400;\">Siistim\u00e4\u00e4n kulmakarvat luonnollisen hiusv\u00e4risi mukaisesti, koska valittavana on 5 s\u00e4vy\u00e4.<\/li>\n<\/ul>\n<h2 style=\"text-align: center;\">Pakkaus sis\u00e4lt\u00e4\u00e4:<\/h2>\n<ul>\n<li style=\"font-weight: 400;\"><span style=\"font-weight: 400;\">1, 2, 4\u00d7 4-k\u00e4rkinen kulmakyn\u00e4.<\/span><\/li>\n<\/ul>\n","protected":false},"excerpt":{"rendered":"<p>\ud83d\udc84 Esittelyss\u00e4 4-k\u00e4rkinen kulmakyn\u00e4 &#8211; helppo tapa saada t\u00e4ydelliset ja luonnolliset kulmakarvat joka p\u00e4iv\u00e4! \ud83e\udd0e Kulmakyn\u00e4ss\u00e4 on \u00e4lyk\u00e4s 4-k\u00e4rkinen muotoilu, [&hellip;]<\/p>\n","protected":false},"featured_media":8736,"comment_status":"open","ping_status":"closed","template":"","meta":{"site-sidebar-layout":"default","site-content-layout":"","ast-site-content-layout":"default","site-content-style":"default","site-sidebar-style":"default","ast-global-header-display":"","ast-banner-title-visibility":"","ast-main-header-display":"","ast-hfb-above-header-display":"","ast-hfb-below-header-display":"","ast-hfb-mobile-header-display":"","site-post-title":"","ast-breadcrumbs-content":"","ast-featured-img":"","footer-sml-layout":"","theme-transparent-header-meta":"default","adv-header-id-meta":"","stick-header-meta":"","header-above-stick-meta":"","header-main-stick-meta":"","header-below-stick-meta":"","astra-migrate-meta-layouts":"set","ast-page-background-enabled":"default","ast-page-background-meta":{"desktop":{"background-color":"var(--ast-global-color-4)","background-image":"","background-repeat":"repeat","background-position":"center center","background-size":"auto","background-attachment":"scroll","background-type":"","background-media":"","overlay-type":"","overlay-color":"","overlay-opacity":"","overlay-gradient":""},"tablet":{"background-color":"","background-image":"","background-repeat":"repeat","background-position":"center center","background-size":"auto","background-attachment":"scroll","background-type":"","background-media":"","overlay-type":"","overlay-color":"","overlay-opacity":"","overlay-gradient":""},"mobile":{"background-color":"","background-image":"","background-repeat":"repeat","background-position":"center center","background-size":"auto","background-attachment":"scroll","background-type":"","background-media":"","overlay-type":"","overlay-color":"","overlay-opacity":"","overlay-gradient":""}},"ast-content-background-meta":{"desktop":{"background-color":"var(--ast-global-color-5)","background-image":"","background-repeat":"repeat","background-position":"center center","background-size":"auto","background-attachment":"scroll","background-type":"","background-media":"","overlay-type":"","overlay-color":"","overlay-opacity":"","overlay-gradient":""},"tablet":{"background-color":"var(--ast-global-color-5)","background-image":"","background-repeat":"repeat","background-position":"center center","background-size":"auto","background-attachment":"scroll","background-type":"","background-media":"","overlay-type":"","overlay-color":"","overlay-opacity":"","overlay-gradient":""},"mobile":{"background-color":"var(--ast-global-color-5)","background-image":"","background-repeat":"repeat","background-position":"center center","background-size":"auto","background-attachment":"scroll","background-type":"","background-media":"","overlay-type":"","overlay-color":"","overlay-opacity":"","overlay-gradient":""}}},"product_brand":[],"product_cat":[992],"product_tag":[],"class_list":{"0":"post-8740","1":"product","2":"type-product","3":"status-publish","4":"has-post-thumbnail","6":"product_cat-beauty-and-hygiene-products","7":"pa_22262_gcvcwd06-1-kpl","8":"pa_22262_gcvcwd06-2-kpl","9":"pa_22262_gcvcwd06-4-kpl","10":"pa_22262_iwz67bpy-musta","11":"pa_22262_iwz67bpy-punainen-ruskea","12":"pa_22262_iwz67bpy-ruskea","13":"pa_22262_iwz67bpy-tummanruskea","14":"pa_22262_iwz67bpy-vaaleanruskea","15":"desktop-align-left","16":"tablet-align-left","17":"mobile-align-left","19":"first","20":"instock","21":"shipping-taxable","22":"purchasable","23":"product-type-variable","24":"has-default-attributes"},"_links":{"self":[{"href":"https:\/\/keluvo.com\/fi\/wp-json\/wp\/v2\/product\/8740","targetHints":{"allow":["GET"]}}],"collection":[{"href":"https:\/\/keluvo.com\/fi\/wp-json\/wp\/v2\/product"}],"about":[{"href":"https:\/\/keluvo.com\/fi\/wp-json\/wp\/v2\/types\/product"}],"replies":[{"embeddable":true,"href":"https:\/\/keluvo.com\/fi\/wp-json\/wp\/v2\/comments?post=8740"}],"wp:featuredmedia":[{"embeddable":true,"href":"https:\/\/keluvo.com\/fi\/wp-json\/wp\/v2\/media\/8736"}],"wp:attachment":[{"href":"https:\/\/keluvo.com\/fi\/wp-json\/wp\/v2\/media?parent=8740"}],"wp:term":[{"taxonomy":"product_brand","embeddable":true,"href":"https:\/\/keluvo.com\/fi\/wp-json\/wp\/v2\/product_brand?post=8740"},{"taxonomy":"product_cat","embeddable":true,"href":"https:\/\/keluvo.com\/fi\/wp-json\/wp\/v2\/product_cat?post=8740"},{"taxonomy":"product_tag","embeddable":true,"href":"https:\/\/keluvo.com\/fi\/wp-json\/wp\/v2\/product_tag?post=8740"}],"curies":[{"name":"wp","href":"https:\/\/api.w.org\/{rel}","templated":true}]}}