{"id":8701,"date":"2025-07-07T11:18:23","date_gmt":"2025-07-07T09:18:23","guid":{"rendered":"https:\/\/keluvo.com\/fi\/product\/ruohomatto\/"},"modified":"2025-07-14T14:33:30","modified_gmt":"2025-07-14T12:33:30","slug":"ruohomatto","status":"publish","type":"product","link":"https:\/\/keluvo.com\/fi\/product\/ruohomatto\/","title":{"rendered":"Ruohomatto"},"content":{"rendered":"<p style=\"text-align: center;\" data-start=\"77\" data-end=\"131\"><strong>\ud83c\udf31 Kasvata paksua ja vihre\u00e4\u00e4 nurmikkoa\u2014Puutarhanhoitotaitoja ei tarvita!<\/strong><\/p>\n<p style=\"text-align: center;\" data-start=\"133\" data-end=\"367\">T\u00e4m\u00e4 biohajoava ruohosiemenmatto kasvattaa kauniin nurmikon nopeaa ja idioottivarmasti. Rullaa se vain ulos, kastele ja katso, kuinka ruoho alkaa kasvaa jo 2 viikossa. T\u00e4ydellinen paljaisiin ruohokohtiin, rinteisiin tai minne tahansa haluat rehev\u00e4\u00e4 vehreytt\u00e4!<\/p>\n<p data-start=\"133\" data-end=\"367\"><img decoding=\"async\" class=\"size-full wp-image-24550 aligncenter\" src=\"https:\/\/keluvo.com\/template\/wp-content\/uploads\/sites\/5\/2025\/06\/Screenshot_2024-04-08_125303.webp\" alt=\"\" \/><\/p>\n<h2 style=\"text-align: center;\" data-start=\"369\" data-end=\"390\">\ud83c\udf1f T\u00e4rkeimm\u00e4t hy\u00f6dyt<\/h2>\n<p data-start=\"393\" data-end=\"443\">\ud83c\udf3f Esikylv\u00f6matto kasvattaa ruohon nopeasti ja tasaisesti<\/p>\n<p data-start=\"446\" data-end=\"479\">\u23f1\ufe0f Nopeat tulokset vain 14 p\u00e4iv\u00e4ss\u00e4<\/p>\n<p data-start=\"482\" data-end=\"544\">\ud83c\udf27\ufe0f S\u00e4ilytt\u00e4\u00e4 kosteuden ja suojaa siemeni\u00e4 tuulelta &amp; huuhtoutumiselta<\/p>\n<p data-start=\"547\" data-end=\"576\">\ud83d\udeab Auttaa v\u00e4hent\u00e4m\u00e4\u00e4n rikkakasvien kasvua<\/p>\n<p data-start=\"579\" data-end=\"631\">\ud83c\udf0e 100 % biohajoava ja turvallinen ymp\u00e4rist\u00f6lle<\/p>\n<h2 style=\"text-align: center;\" data-start=\"633\" data-end=\"650\">\u2705 K\u00e4ytt\u00f6ohjeet<\/h2>\n<ol data-start=\"651\" data-end=\"797\">\n<li data-start=\"651\" data-end=\"699\">\n<p data-start=\"654\" data-end=\"699\">K\u00e4\u00e4ri matto haluamallesi maa-alueelle.<\/p>\n<\/li>\n<li data-start=\"700\" data-end=\"745\">\n<p data-start=\"703\" data-end=\"745\">Kastele huolellisesti ja pid\u00e4 matto kosteana.<\/p>\n<\/li>\n<li data-start=\"746\" data-end=\"797\">\n<p data-start=\"749\" data-end=\"797\">Katso, kuinka uusi nurmikkosi alkaa kasvaa muutamassa p\u00e4iv\u00e4ss\u00e4!<\/p>\n<\/li>\n<\/ol>\n<h2 style=\"text-align: center;\" data-start=\"799\" data-end=\"822\">\ud83d\udce6 Tuotetiedot<\/h2>\n<ul data-start=\"823\" data-end=\"933\">\n<li data-start=\"843\" data-end=\"892\">\n<p data-start=\"845\" data-end=\"892\">Sis\u00e4lt\u00e4\u00e4 ruohon siemeni\u00e4 ja lannoitetta matossa<\/p>\n<\/li>\n<li data-start=\"893\" data-end=\"933\">\n<p data-start=\"895\" data-end=\"933\">Ymp\u00e4rist\u00f6yst\u00e4v\u00e4llinen, turvallinen lemmikeille ja lapsille<\/p>\n<\/li>\n<\/ul>\n<h2 style=\"text-align: center;\" data-start=\"935\" data-end=\"959\">\ud83d\udcec Pakkaus sis\u00e4lt\u00e4\u00e4<\/h2>\n<ul data-start=\"960\" data-end=\"995\">\n<li data-start=\"960\" data-end=\"995\">\n<p data-start=\"962\" data-end=\"995\">1x biologisesti hajoava ruohosiemenmatto.<\/p>\n<\/li>\n<\/ul>\n","protected":false},"excerpt":{"rendered":"<p>\ud83c\udf31 Kasvata paksua ja vihre\u00e4\u00e4 nurmikkoa\u2014Puutarhanhoitotaitoja ei tarvita! T\u00e4m\u00e4 biohajoava ruohosiemenmatto kasvattaa kauniin nurmikon nopeaa ja idioottivarmasti. Rullaa se vain [&hellip;]<\/p>\n","protected":false},"featured_media":8697,"comment_status":"open","ping_status":"closed","template":"","meta":{"site-sidebar-layout":"default","site-content-layout":"","ast-site-content-layout":"default","site-content-style":"default","site-sidebar-style":"default","ast-global-header-display":"","ast-banner-title-visibility":"","ast-main-header-display":"","ast-hfb-above-header-display":"","ast-hfb-below-header-display":"","ast-hfb-mobile-header-display":"","site-post-title":"","ast-breadcrumbs-content":"","ast-featured-img":"","footer-sml-layout":"","theme-transparent-header-meta":"default","adv-header-id-meta":"","stick-header-meta":"","header-above-stick-meta":"","header-main-stick-meta":"","header-below-stick-meta":"","astra-migrate-meta-layouts":"set","ast-page-background-enabled":"default","ast-page-background-meta":{"desktop":{"background-color":"var(--ast-global-color-4)","background-image":"","background-repeat":"repeat","background-position":"center center","background-size":"auto","background-attachment":"scroll","background-type":"","background-media":"","overlay-type":"","overlay-color":"","overlay-opacity":"","overlay-gradient":""},"tablet":{"background-color":"","background-image":"","background-repeat":"repeat","background-position":"center center","background-size":"auto","background-attachment":"scroll","background-type":"","background-media":"","overlay-type":"","overlay-color":"","overlay-opacity":"","overlay-gradient":""},"mobile":{"background-color":"","background-image":"","background-repeat":"repeat","background-position":"center center","background-size":"auto","background-attachment":"scroll","background-type":"","background-media":"","overlay-type":"","overlay-color":"","overlay-opacity":"","overlay-gradient":""}},"ast-content-background-meta":{"desktop":{"background-color":"var(--ast-global-color-5)","background-image":"","background-repeat":"repeat","background-position":"center center","background-size":"auto","background-attachment":"scroll","background-type":"","background-media":"","overlay-type":"","overlay-color":"","overlay-opacity":"","overlay-gradient":""},"tablet":{"background-color":"var(--ast-global-color-5)","background-image":"","background-repeat":"repeat","background-position":"center center","background-size":"auto","background-attachment":"scroll","background-type":"","background-media":"","overlay-type":"","overlay-color":"","overlay-opacity":"","overlay-gradient":""},"mobile":{"background-color":"var(--ast-global-color-5)","background-image":"","background-repeat":"repeat","background-position":"center center","background-size":"auto","background-attachment":"scroll","background-type":"","background-media":"","overlay-type":"","overlay-color":"","overlay-opacity":"","overlay-gradient":""}}},"product_brand":[],"product_cat":[1001,996],"product_tag":[],"class_list":{"0":"post-8701","1":"product","2":"type-product","3":"status-publish","4":"has-post-thumbnail","6":"product_cat-household-goods","7":"product_cat-tools","8":"pa_41635_wdt0ltrk-1-m","9":"pa_41635_wdt0ltrk-2-m","10":"pa_41635_wdt0ltrk-3-m","11":"pa_41635_wdt0ltrk-10-m","12":"desktop-align-left","13":"tablet-align-left","14":"mobile-align-left","16":"first","17":"instock","18":"shipping-taxable","19":"purchasable","20":"product-type-variable"},"_links":{"self":[{"href":"https:\/\/keluvo.com\/fi\/wp-json\/wp\/v2\/product\/8701","targetHints":{"allow":["GET"]}}],"collection":[{"href":"https:\/\/keluvo.com\/fi\/wp-json\/wp\/v2\/product"}],"about":[{"href":"https:\/\/keluvo.com\/fi\/wp-json\/wp\/v2\/types\/product"}],"replies":[{"embeddable":true,"href":"https:\/\/keluvo.com\/fi\/wp-json\/wp\/v2\/comments?post=8701"}],"wp:featuredmedia":[{"embeddable":true,"href":"https:\/\/keluvo.com\/fi\/wp-json\/wp\/v2\/media\/8697"}],"wp:attachment":[{"href":"https:\/\/keluvo.com\/fi\/wp-json\/wp\/v2\/media?parent=8701"}],"wp:term":[{"taxonomy":"product_brand","embeddable":true,"href":"https:\/\/keluvo.com\/fi\/wp-json\/wp\/v2\/product_brand?post=8701"},{"taxonomy":"product_cat","embeddable":true,"href":"https:\/\/keluvo.com\/fi\/wp-json\/wp\/v2\/product_cat?post=8701"},{"taxonomy":"product_tag","embeddable":true,"href":"https:\/\/keluvo.com\/fi\/wp-json\/wp\/v2\/product_tag?post=8701"}],"curies":[{"name":"wp","href":"https:\/\/api.w.org\/{rel}","templated":true}]}}