{"id":8487,"date":"2025-06-20T11:11:47","date_gmt":"2025-06-20T09:11:47","guid":{"rendered":"https:\/\/keluvo.com\/fi\/product\/imukahva-2\/"},"modified":"2025-06-20T11:22:43","modified_gmt":"2025-06-20T09:22:43","slug":"imukahva","status":"publish","type":"product","link":"https:\/\/keluvo.com\/fi\/product\/imukahva\/","title":{"rendered":"Imukahva"},"content":{"rendered":"<p style=\"text-align: center;\"><strong>Voit k\u00e4ytt\u00e4\u00e4 imukahvaa mill\u00e4 tahansa tasaisella pinnalla kotonasi.<\/strong><\/p>\n<p style=\"text-align: center;\">Se on loistava tuki nostettaessa, ovia avattaessa ja monissa muissa teht\u00e4viss\u00e4! Kiinnit\u00e4 se helposti kylpyammeen tai suihkun sein\u00e4\u00e4n. T\u00e4ydellinen k\u00e4ytett\u00e4v\u00e4ksi kylpyammeen, suihkun, wc:n, portaikon tai tuolin vieress\u00e4. Jos haluat vaihtaa kahvan paikkaa, irrota vain lukitus ja siirr\u00e4 se haluamaasi paikkaan! Kahvassa on erityinen imulaite, joka kiinnittyy mihin tahansa sile\u00e4\u00e4n tasaiseen pintaan sekunneissa.<\/p>\n<p style=\"text-align: center;\">Imukahvamme, jossa on saranoidut lukituskielekkeet, takaa turvallisuuden, olitpa sitten suihkussa, ammeessa tai vessassa. T\u00e4m\u00e4 imukahva tarjoaa tarvitsemasi tuen. Hieman kaareva muotoilu takaa turvallisen otteen, ja sen kompaktin tyylin ansiosta se on helppo kuljettaa, ja se sopii hyvin mihin tahansa sisustukseen.<\/p>\n<p><img decoding=\"async\" class=\"size-full wp-image-24406 aligncenter\" src=\"https:\/\/keluvo.com\/template\/wp-content\/uploads\/sites\/5\/2024\/12\/15ac30a5d94fc76ae09a8a2cdf58ff8ff427318d.webp\" alt=\"\" \/><\/p>\n<h2 style=\"text-align: center;\">\ud83c\udf1fP\u00e4\u00e4edut<\/h2>\n<p>\u2714 Kiinnittyy mihin tahansa sile\u00e4\u00e4n, tasaiseen pintaan, kuten kaakeliin, lasiin tai lasikuituun, vain muutamassa sekunnissa.<\/p>\n<p>\u2714 Sis\u00e4lt\u00e4\u00e4 turvalliset imukupit, joissa on saranoidut lukitusv\u00e4lilehdet.<\/p>\n<p>\u2714 Ei vahingoita seini\u00e4si.<\/p>\n<p>\u2714 Parantaa turvallisuutta ja vakautta.<\/p>\n<p>\u2714 Kannettava k\u00e4ytett\u00e4v\u00e4ksi siell\u00e4, miss\u00e4 tarvitset sit\u00e4.<\/p>\n<p>\u2714 Ihanteellinen monenlaisille k\u00e4ytt\u00e4jille, kuten senioreille, lapsille ja henkil\u00f6ille, joilla on liikuntarajoitteita.<\/p>\n<p>\u2714 N\u00e4m\u00e4 imukahvatangot on helppo asentaa ja irrottaa ilman porausta tai sein\u00e4vaurioita, mik\u00e4 mahdollistaa nopeat s\u00e4\u00e4d\u00f6t tarpeidesi mukaan.<\/p>\n<p><img decoding=\"async\" class=\"size-full wp-image-24407 aligncenter\" src=\"https:\/\/keluvo.com\/template\/wp-content\/uploads\/sites\/5\/2024\/12\/9307e563120ad7ac72733836f26db87880c3f742.webp\" alt=\"\" \/><\/p>\n<h2 style=\"text-align: center;\">\ud83d\udec0Miten imukahvaa k\u00e4ytet\u00e4\u00e4n?<\/h2>\n<p style=\"text-align: center;\">Varmista, ett\u00e4 alue on puhdas ja kuiva parhaan imun saamiseksi. Tarkista kahva ennen k\u00e4ytt\u00f6\u00e4 varmistaaksesi, ett\u00e4 se on turvallinen. Voit asettaa sen uudelleen milloin tahansa. Jos tyynyihin kertyy likaa, huuhtele ne vedell\u00e4, anna niiden kuivua ja kiinnit\u00e4 uudelleen.<\/p>\n<h2 style=\"text-align: center;\">\ud83d\udce6Tekniset tiedot<\/h2>\n<ul>\n<li>Materiaali: PP<\/li>\n<li>Koko: 29,2 x 10,8 x 8,9 cm<\/li>\n<li>Soveltuu eri paikkoihin (wc, kylpyamme, suihku jne.).<\/li>\n<\/ul>\n","protected":false},"excerpt":{"rendered":"<p>Voit k\u00e4ytt\u00e4\u00e4 imukahvaa mill\u00e4 tahansa tasaisella pinnalla kotonasi. Se on loistava tuki nostettaessa, ovia avattaessa ja monissa muissa teht\u00e4viss\u00e4! Kiinnit\u00e4 [&hellip;]<\/p>\n","protected":false},"featured_media":8483,"comment_status":"open","ping_status":"closed","template":"","meta":{"site-sidebar-layout":"default","site-content-layout":"","ast-site-content-layout":"default","site-content-style":"default","site-sidebar-style":"default","ast-global-header-display":"","ast-banner-title-visibility":"","ast-main-header-display":"","ast-hfb-above-header-display":"","ast-hfb-below-header-display":"","ast-hfb-mobile-header-display":"","site-post-title":"","ast-breadcrumbs-content":"","ast-featured-img":"","footer-sml-layout":"","theme-transparent-header-meta":"default","adv-header-id-meta":"","stick-header-meta":"","header-above-stick-meta":"","header-main-stick-meta":"","header-below-stick-meta":"","astra-migrate-meta-layouts":"set","ast-page-background-enabled":"default","ast-page-background-meta":{"desktop":{"background-color":"var(--ast-global-color-4)","background-image":"","background-repeat":"repeat","background-position":"center center","background-size":"auto","background-attachment":"scroll","background-type":"","background-media":"","overlay-type":"","overlay-color":"","overlay-opacity":"","overlay-gradient":""},"tablet":{"background-color":"","background-image":"","background-repeat":"repeat","background-position":"center center","background-size":"auto","background-attachment":"scroll","background-type":"","background-media":"","overlay-type":"","overlay-color":"","overlay-opacity":"","overlay-gradient":""},"mobile":{"background-color":"","background-image":"","background-repeat":"repeat","background-position":"center center","background-size":"auto","background-attachment":"scroll","background-type":"","background-media":"","overlay-type":"","overlay-color":"","overlay-opacity":"","overlay-gradient":""}},"ast-content-background-meta":{"desktop":{"background-color":"var(--ast-global-color-5)","background-image":"","background-repeat":"repeat","background-position":"center center","background-size":"auto","background-attachment":"scroll","background-type":"","background-media":"","overlay-type":"","overlay-color":"","overlay-opacity":"","overlay-gradient":""},"tablet":{"background-color":"var(--ast-global-color-5)","background-image":"","background-repeat":"repeat","background-position":"center center","background-size":"auto","background-attachment":"scroll","background-type":"","background-media":"","overlay-type":"","overlay-color":"","overlay-opacity":"","overlay-gradient":""},"mobile":{"background-color":"var(--ast-global-color-5)","background-image":"","background-repeat":"repeat","background-position":"center center","background-size":"auto","background-attachment":"scroll","background-type":"","background-media":"","overlay-type":"","overlay-color":"","overlay-opacity":"","overlay-gradient":""}}},"product_brand":[],"product_cat":[1001],"product_tag":[],"class_list":{"0":"post-8487","1":"product","2":"type-product","3":"status-publish","4":"has-post-thumbnail","6":"product_cat-household-goods","7":"pa_23431_a6b6btbn-harmaa","8":"pa_23431_a6b6btbn-musta","9":"pa_23431_a6b6btbn-vihrea","10":"desktop-align-left","11":"tablet-align-left","12":"mobile-align-left","14":"first","15":"instock","16":"shipping-taxable","17":"purchasable","18":"product-type-variable"},"_links":{"self":[{"href":"https:\/\/keluvo.com\/fi\/wp-json\/wp\/v2\/product\/8487","targetHints":{"allow":["GET"]}}],"collection":[{"href":"https:\/\/keluvo.com\/fi\/wp-json\/wp\/v2\/product"}],"about":[{"href":"https:\/\/keluvo.com\/fi\/wp-json\/wp\/v2\/types\/product"}],"replies":[{"embeddable":true,"href":"https:\/\/keluvo.com\/fi\/wp-json\/wp\/v2\/comments?post=8487"}],"wp:featuredmedia":[{"embeddable":true,"href":"https:\/\/keluvo.com\/fi\/wp-json\/wp\/v2\/media\/8483"}],"wp:attachment":[{"href":"https:\/\/keluvo.com\/fi\/wp-json\/wp\/v2\/media?parent=8487"}],"wp:term":[{"taxonomy":"product_brand","embeddable":true,"href":"https:\/\/keluvo.com\/fi\/wp-json\/wp\/v2\/product_brand?post=8487"},{"taxonomy":"product_cat","embeddable":true,"href":"https:\/\/keluvo.com\/fi\/wp-json\/wp\/v2\/product_cat?post=8487"},{"taxonomy":"product_tag","embeddable":true,"href":"https:\/\/keluvo.com\/fi\/wp-json\/wp\/v2\/product_tag?post=8487"}],"curies":[{"name":"wp","href":"https:\/\/api.w.org\/{rel}","templated":true}]}}