{"id":8461,"date":"2025-06-20T10:45:00","date_gmt":"2025-06-20T08:45:00","guid":{"rendered":"https:\/\/keluvo.com\/fi\/product\/sit-up-bar-2\/"},"modified":"2025-06-20T10:59:38","modified_gmt":"2025-06-20T08:59:38","slug":"sit-up-bar","status":"publish","type":"product","link":"https:\/\/keluvo.com\/fi\/product\/sit-up-bar\/","title":{"rendered":"Sit up bar"},"content":{"rendered":"<p style=\"text-align: center;\"><strong>Haluatko Parantaa Keskivartaloharjoitteluasi Kotona?<\/strong><\/p>\n<p style=\"text-align: center;\">Sit-up-tanko on t\u00e4\u00e4ll\u00e4 auttamassa! T\u00e4m\u00e4 laite vahvistaa ydint\u00e4si, mik\u00e4 on v\u00e4ltt\u00e4m\u00e4t\u00f6nt\u00e4 terveelle ja aktiiviselle el\u00e4m\u00e4ntavalle. Se tehostaa my\u00f6s aineenvaihduntaa, joten se on erinomainen vaihtoehto painonpudotukseen ja yleiseen kuntoiluun.<\/p>\n<p style=\"text-align: center;\">Sit-up-palkin avulla voit vahvistaa ydint\u00e4si ja vy\u00f6t\u00e4r\u00f6si ymp\u00e4rill\u00e4 olevia lihaksia. Kun k\u00e4yt\u00e4t sit\u00e4 rutistusten ja istumaannousujen aikana, se lis\u00e4\u00e4 vastusta, mik\u00e4 auttaa ydinlihaksia vahvistumaan. Se kohdistuu t\u00e4rkeille alueille, kuten suoralle vatsalihakselle (&#8221;six pack&#8221;) ja poikittaiselle vatsalihakselle, jotka tukevat selk\u00e4rankaa ja pit\u00e4v\u00e4t ytimen vakaana. N\u00e4iden lihasten vahvistaminen on elint\u00e4rke\u00e4\u00e4 yleisen vakauden kannalta.<\/p>\n<p><img decoding=\"async\" class=\"size-full wp-image-24403 aligncenter\" src=\"https:\/\/keluvo.com\/template\/wp-content\/uploads\/sites\/5\/2024\/11\/A4pTx6pr2oCSjYpUSqdq-ezgif.com-video-to-webp-converter.webp\" alt=\"\" \/><\/p>\n<h2 style=\"text-align: center;\">\ud83c\udf1fP\u00e4\u00e4hy\u00f6dyt<\/h2>\n<p><strong>Mukavuus<\/strong>: Treenaa kotona mukavasti.<\/p>\n<p><strong>Nopeat Tulokset<\/strong>: Saavuta kuntotavoitteesi nopeammin, kun p\u00e4\u00e4set helposti harjoittelemaan.<\/p>\n<p><strong>Monipuolisuus<\/strong>: Se ei ole vain istumaannousuja varten; k\u00e4yt\u00e4 sit\u00e4 erilaisiin ydinharjoitteisiin eri lihasten treenaamiseksi.<\/p>\n<p><img decoding=\"async\" class=\"size-full wp-image-24404 aligncenter\" src=\"https:\/\/keluvo.com\/template\/wp-content\/uploads\/sites\/5\/2024\/11\/DM_20240307220601_004_480x480.webp\" alt=\"\" \/><\/p>\n<p style=\"text-align: center;\">Istumaannousutanko on tehokas ja suoraviivainen. Toisin kuin tilaa viev\u00e4t kuntosalilaitteet, t\u00e4m\u00e4 laite on kompakti ja kannettava, joten sit\u00e4 on helppo k\u00e4ytt\u00e4\u00e4 ja s\u00e4ilytt\u00e4\u00e4. Se on yksinkertainen tapa kehitt\u00e4\u00e4 ydinvoimaa milloin tahansa!<\/p>\n","protected":false},"excerpt":{"rendered":"<p>Haluatko Parantaa Keskivartaloharjoitteluasi Kotona? Sit-up-tanko on t\u00e4\u00e4ll\u00e4 auttamassa! T\u00e4m\u00e4 laite vahvistaa ydint\u00e4si, mik\u00e4 on v\u00e4ltt\u00e4m\u00e4t\u00f6nt\u00e4 terveelle ja aktiiviselle el\u00e4m\u00e4ntavalle. Se [&hellip;]<\/p>\n","protected":false},"featured_media":8457,"comment_status":"open","ping_status":"closed","template":"","meta":{"site-sidebar-layout":"default","site-content-layout":"","ast-site-content-layout":"default","site-content-style":"default","site-sidebar-style":"default","ast-global-header-display":"","ast-banner-title-visibility":"","ast-main-header-display":"","ast-hfb-above-header-display":"","ast-hfb-below-header-display":"","ast-hfb-mobile-header-display":"","site-post-title":"","ast-breadcrumbs-content":"","ast-featured-img":"","footer-sml-layout":"","theme-transparent-header-meta":"default","adv-header-id-meta":"","stick-header-meta":"","header-above-stick-meta":"","header-main-stick-meta":"","header-below-stick-meta":"","astra-migrate-meta-layouts":"set","ast-page-background-enabled":"default","ast-page-background-meta":{"desktop":{"background-color":"var(--ast-global-color-4)","background-image":"","background-repeat":"repeat","background-position":"center center","background-size":"auto","background-attachment":"scroll","background-type":"","background-media":"","overlay-type":"","overlay-color":"","overlay-opacity":"","overlay-gradient":""},"tablet":{"background-color":"","background-image":"","background-repeat":"repeat","background-position":"center center","background-size":"auto","background-attachment":"scroll","background-type":"","background-media":"","overlay-type":"","overlay-color":"","overlay-opacity":"","overlay-gradient":""},"mobile":{"background-color":"","background-image":"","background-repeat":"repeat","background-position":"center center","background-size":"auto","background-attachment":"scroll","background-type":"","background-media":"","overlay-type":"","overlay-color":"","overlay-opacity":"","overlay-gradient":""}},"ast-content-background-meta":{"desktop":{"background-color":"var(--ast-global-color-5)","background-image":"","background-repeat":"repeat","background-position":"center center","background-size":"auto","background-attachment":"scroll","background-type":"","background-media":"","overlay-type":"","overlay-color":"","overlay-opacity":"","overlay-gradient":""},"tablet":{"background-color":"var(--ast-global-color-5)","background-image":"","background-repeat":"repeat","background-position":"center center","background-size":"auto","background-attachment":"scroll","background-type":"","background-media":"","overlay-type":"","overlay-color":"","overlay-opacity":"","overlay-gradient":""},"mobile":{"background-color":"var(--ast-global-color-5)","background-image":"","background-repeat":"repeat","background-position":"center center","background-size":"auto","background-attachment":"scroll","background-type":"","background-media":"","overlay-type":"","overlay-color":"","overlay-opacity":"","overlay-gradient":""}}},"product_brand":[],"product_cat":[991],"product_tag":[],"class_list":{"0":"post-8461","1":"product","2":"type-product","3":"status-publish","4":"has-post-thumbnail","6":"product_cat-health-care-supplies","7":"pa_15906_6pkadofo-musta","8":"pa_15906_6pkadofo-punainen","9":"pa_15906_6pkadofo-sininen","10":"pa_15906_6pkadofo-vaaleanpunainen","11":"pa_15906_6pkadofo-violetti","12":"desktop-align-left","13":"tablet-align-left","14":"mobile-align-left","16":"first","17":"instock","18":"shipping-taxable","19":"purchasable","20":"product-type-variable"},"_links":{"self":[{"href":"https:\/\/keluvo.com\/fi\/wp-json\/wp\/v2\/product\/8461","targetHints":{"allow":["GET"]}}],"collection":[{"href":"https:\/\/keluvo.com\/fi\/wp-json\/wp\/v2\/product"}],"about":[{"href":"https:\/\/keluvo.com\/fi\/wp-json\/wp\/v2\/types\/product"}],"replies":[{"embeddable":true,"href":"https:\/\/keluvo.com\/fi\/wp-json\/wp\/v2\/comments?post=8461"}],"wp:featuredmedia":[{"embeddable":true,"href":"https:\/\/keluvo.com\/fi\/wp-json\/wp\/v2\/media\/8457"}],"wp:attachment":[{"href":"https:\/\/keluvo.com\/fi\/wp-json\/wp\/v2\/media?parent=8461"}],"wp:term":[{"taxonomy":"product_brand","embeddable":true,"href":"https:\/\/keluvo.com\/fi\/wp-json\/wp\/v2\/product_brand?post=8461"},{"taxonomy":"product_cat","embeddable":true,"href":"https:\/\/keluvo.com\/fi\/wp-json\/wp\/v2\/product_cat?post=8461"},{"taxonomy":"product_tag","embeddable":true,"href":"https:\/\/keluvo.com\/fi\/wp-json\/wp\/v2\/product_tag?post=8461"}],"curies":[{"name":"wp","href":"https:\/\/api.w.org\/{rel}","templated":true}]}}