{"id":8452,"date":"2025-06-20T10:08:00","date_gmt":"2025-06-20T08:08:00","guid":{"rendered":"https:\/\/keluvo.com\/fi\/product\/fidget-lelu\/"},"modified":"2025-06-20T10:10:37","modified_gmt":"2025-06-20T08:10:37","slug":"fidget-lelu","status":"publish","type":"product","link":"https:\/\/keluvo.com\/fi\/product\/fidget-lelu\/","title":{"rendered":"Fidget-lelu"},"content":{"rendered":"<p style=\"text-align: center;\"><strong>Onko Lapsesi Stressaantunut?<\/strong><\/p>\n<p style=\"text-align: center;\">Tutustu uuteen stressinpoistopeliin!<\/p>\n<p><img fetchpriority=\"high\" decoding=\"async\" class=\" wp-image-24375 aligncenter\" src=\"https:\/\/keluvo.com\/template\/wp-content\/uploads\/sites\/5\/2024\/11\/STRGAME-GIF.gif\" alt=\"\" width=\"421\" height=\"421\" \/><\/p>\n<h2 style=\"text-align: center;\">\u2728Haittapuoli<\/h2>\n<p>\ud83c\udf81 <strong>Loistava lahja<\/strong>: T\u00e4m\u00e4 on hauska lomalahja lapsille.<\/p>\n<p>\ud83c\udfeb <strong>Opetuspeli<\/strong>: N\u00e4m\u00e4 sensoriset kuplapelit pit\u00e4v\u00e4t lapset sitoutuneina tuntikausia.<\/p>\n<p>\ud83e\uddf5 <strong>Kest\u00e4v\u00e4 materiaali<\/strong>: Painikkeet on valmistettu pehme\u00e4st\u00e4 kumista, jossa on sile\u00e4 pinta.<\/p>\n<p><img decoding=\"async\" class=\"size-full wp-image-24376 aligncenter\" src=\"https:\/\/keluvo.com\/template\/wp-content\/uploads\/sites\/5\/2024\/11\/strgame2-desna-1.webp\" alt=\"\" \/><\/p>\n<h2 style=\"text-align: center;\">\ud83d\udccfSpecifications<\/h2>\n<ul>\n<li>Materiaali: ABS + silikoni<\/li>\n<li>Koko: 13 x 10,8 cm, 12,5 x 10 cm, 12 x 13 cm<\/li>\n<li>Suositellaan lapsille<\/li>\n<\/ul>\n<h2 style=\"text-align: center;\">Pakkaus Sis\u00e4lt\u00e4\u00e4<\/h2>\n<ul>\n<li>1 x fidget-lelu.<\/li>\n<\/ul>\n","protected":false},"excerpt":{"rendered":"<p>Onko Lapsesi Stressaantunut? Tutustu uuteen stressinpoistopeliin! \u2728Haittapuoli \ud83c\udf81 Loistava lahja: T\u00e4m\u00e4 on hauska lomalahja lapsille. \ud83c\udfeb Opetuspeli: N\u00e4m\u00e4 sensoriset kuplapelit [&hellip;]<\/p>\n","protected":false},"featured_media":8448,"comment_status":"open","ping_status":"closed","template":"","meta":{"site-sidebar-layout":"default","site-content-layout":"","ast-site-content-layout":"default","site-content-style":"default","site-sidebar-style":"default","ast-global-header-display":"","ast-banner-title-visibility":"","ast-main-header-display":"","ast-hfb-above-header-display":"","ast-hfb-below-header-display":"","ast-hfb-mobile-header-display":"","site-post-title":"","ast-breadcrumbs-content":"","ast-featured-img":"","footer-sml-layout":"","theme-transparent-header-meta":"default","adv-header-id-meta":"","stick-header-meta":"","header-above-stick-meta":"","header-main-stick-meta":"","header-below-stick-meta":"","astra-migrate-meta-layouts":"set","ast-page-background-enabled":"default","ast-page-background-meta":{"desktop":{"background-color":"var(--ast-global-color-4)","background-image":"","background-repeat":"repeat","background-position":"center center","background-size":"auto","background-attachment":"scroll","background-type":"","background-media":"","overlay-type":"","overlay-color":"","overlay-opacity":"","overlay-gradient":""},"tablet":{"background-color":"","background-image":"","background-repeat":"repeat","background-position":"center center","background-size":"auto","background-attachment":"scroll","background-type":"","background-media":"","overlay-type":"","overlay-color":"","overlay-opacity":"","overlay-gradient":""},"mobile":{"background-color":"","background-image":"","background-repeat":"repeat","background-position":"center center","background-size":"auto","background-attachment":"scroll","background-type":"","background-media":"","overlay-type":"","overlay-color":"","overlay-opacity":"","overlay-gradient":""}},"ast-content-background-meta":{"desktop":{"background-color":"var(--ast-global-color-5)","background-image":"","background-repeat":"repeat","background-position":"center center","background-size":"auto","background-attachment":"scroll","background-type":"","background-media":"","overlay-type":"","overlay-color":"","overlay-opacity":"","overlay-gradient":""},"tablet":{"background-color":"var(--ast-global-color-5)","background-image":"","background-repeat":"repeat","background-position":"center center","background-size":"auto","background-attachment":"scroll","background-type":"","background-media":"","overlay-type":"","overlay-color":"","overlay-opacity":"","overlay-gradient":""},"mobile":{"background-color":"var(--ast-global-color-5)","background-image":"","background-repeat":"repeat","background-position":"center center","background-size":"auto","background-attachment":"scroll","background-type":"","background-media":"","overlay-type":"","overlay-color":"","overlay-opacity":"","overlay-gradient":""}}},"product_brand":[],"product_cat":[990],"product_tag":[],"class_list":{"0":"post-8452","1":"product","2":"type-product","3":"status-publish","4":"has-post-thumbnail","6":"product_cat-toys-childrens-and-baby-products","7":"pa_15939_xzs2g7ja-ruskea","8":"pa_15939_xzs2g7ja-sininen","9":"desktop-align-left","10":"tablet-align-left","11":"mobile-align-left","13":"first","14":"instock","15":"shipping-taxable","16":"purchasable","17":"product-type-variable"},"_links":{"self":[{"href":"https:\/\/keluvo.com\/fi\/wp-json\/wp\/v2\/product\/8452","targetHints":{"allow":["GET"]}}],"collection":[{"href":"https:\/\/keluvo.com\/fi\/wp-json\/wp\/v2\/product"}],"about":[{"href":"https:\/\/keluvo.com\/fi\/wp-json\/wp\/v2\/types\/product"}],"replies":[{"embeddable":true,"href":"https:\/\/keluvo.com\/fi\/wp-json\/wp\/v2\/comments?post=8452"}],"wp:featuredmedia":[{"embeddable":true,"href":"https:\/\/keluvo.com\/fi\/wp-json\/wp\/v2\/media\/8448"}],"wp:attachment":[{"href":"https:\/\/keluvo.com\/fi\/wp-json\/wp\/v2\/media?parent=8452"}],"wp:term":[{"taxonomy":"product_brand","embeddable":true,"href":"https:\/\/keluvo.com\/fi\/wp-json\/wp\/v2\/product_brand?post=8452"},{"taxonomy":"product_cat","embeddable":true,"href":"https:\/\/keluvo.com\/fi\/wp-json\/wp\/v2\/product_cat?post=8452"},{"taxonomy":"product_tag","embeddable":true,"href":"https:\/\/keluvo.com\/fi\/wp-json\/wp\/v2\/product_tag?post=8452"}],"curies":[{"name":"wp","href":"https:\/\/api.w.org\/{rel}","templated":true}]}}