{"id":8364,"date":"2025-06-18T11:29:01","date_gmt":"2025-06-18T09:29:01","guid":{"rendered":"https:\/\/keluvo.com\/fi\/product\/kissan-lelu-lintujen-aanilla\/"},"modified":"2025-06-18T11:29:13","modified_gmt":"2025-06-18T09:29:13","slug":"kissan-lelu-lintujen-aanilla","status":"publish","type":"product","link":"https:\/\/keluvo.com\/fi\/product\/kissan-lelu-lintujen-aanilla\/","title":{"rendered":"Kissan lelu lintujen \u00e4\u00e4nill\u00e4"},"content":{"rendered":"<p style=\"text-align: center\"><strong>\ud83d\udc26 T\u00e4m\u00e4 kissan lelu antaa linnun sirkutus\u00e4\u00e4ni\u00e4! \ud83d\udd0a<\/strong><\/p>\n<p style=\"text-align: center\">Tiesitk\u00f6, ett\u00e4 kissat voivat vahingossa vahingoittaa lapsia leikkiess\u00e4\u00e4n? Se johtuu siit\u00e4, ett\u00e4 ne pit\u00e4v\u00e4t niit\u00e4 saaliina. Voit est\u00e4\u00e4 t\u00e4m\u00e4n yksinkertaisella ratkaisulla &#8211; lelulla, jonka avulla kissasi voi k\u00e4ytt\u00e4\u00e4 mets\u00e4stysvaistoaan turvallisesti. \u00c4l\u00e4 anna lapsesi olla kissasi leikkikalu. Anna sen sijaan kissallesi lelu!<\/p>\n<p><img fetchpriority=\"high\" decoding=\"async\" class=\"alignnone  wp-image-24300 aligncenter\" src=\"https:\/\/keluvo.com\/template\/wp-content\/uploads\/sites\/5\/2024\/11\/kalvin_tool_20230927172241.webp\" alt=\"\" width=\"500\" height=\"500\" \/><\/p>\n<p style=\"text-align: center\"><strong>Mets\u00e4stysvaisto<\/strong>: Aivan kuin linnulla! Valmistettu aidoista linnun h\u00f6yhenist\u00e4 luonnollisen tuntuman ja tuoksun takaamiseksi. El\u00e4v\u00e4iset linnun \u00e4\u00e4net aktivoivat kissasi aistit. T\u00e4m\u00e4 upea lelu viihdytt\u00e4\u00e4 kissaasi ja saa sen luonnollisen mets\u00e4stysk\u00e4ytt\u00e4ytymisen esiin.<\/p>\n<p><img decoding=\"async\" class=\"alignnone  wp-image-24299 aligncenter\" src=\"https:\/\/keluvo.com\/template\/wp-content\/uploads\/sites\/5\/2024\/11\/kalvin_tool_20230927173727.webp\" alt=\"\" width=\"500\" height=\"500\" \/><\/p>\n<p style=\"text-align: center\">Lelu on valmistettu paksusta huovasta, ja h\u00f6yhenet ovat per\u00e4isin tarhattujen lintujen luonnollisesti irtoavista h\u00f6yhenist\u00e4, mik\u00e4 takaa, ettei niille aiheudu haittaa. H\u00f6yhenet ovat turvallisia kissoille, jos niit\u00e4 vahingossa niell\u00e4\u00e4n, joten sinun ei tarvitse olla huolissasi.<\/p>\n<p><img decoding=\"async\" class=\"alignnone  wp-image-24298 aligncenter\" src=\"https:\/\/keluvo.com\/template\/wp-content\/uploads\/sites\/5\/2024\/11\/kalvin_tool_20230927170247.gif\" alt=\"\" width=\"500\" height=\"500\" \/><\/p>\n<p style=\"text-align: center\">Sirisev\u00e4 \u00e4\u00e4ni syntyy elektronisista komponenteista, ja koska h\u00f6yhenet eiv\u00e4t ole konepest\u00e4vi\u00e4, se on parasta puhdistaa s\u00e4\u00e4nn\u00f6llisesti kostealla liinalla.<\/p>\n<p style=\"text-align: center\">T\u00e4m\u00e4 sirisev\u00e4 lintulelu sopii erinomaisesti kissoille ja koirille, joilla on mets\u00e4stysvaisto.<\/p>\n<h2 style=\"text-align: center\">Tekniset Tiedot<\/h2>\n<ul>\n<li>Materiaali: Plush<\/li>\n<li>Paino: n. 60 g<\/li>\n<li>Koko: 7 cm x 14 cm<\/li>\n<li>Pakkaus sis\u00e4lt\u00e4\u00e4: 1 pehmolelu<\/li>\n<\/ul>\n","protected":false},"excerpt":{"rendered":"<p>\ud83d\udc26 T\u00e4m\u00e4 kissan lelu antaa linnun sirkutus\u00e4\u00e4ni\u00e4! \ud83d\udd0a Tiesitk\u00f6, ett\u00e4 kissat voivat vahingossa vahingoittaa lapsia leikkiess\u00e4\u00e4n? Se johtuu siit\u00e4, ett\u00e4 [&hellip;]<\/p>\n","protected":false},"featured_media":8360,"comment_status":"open","ping_status":"closed","template":"","meta":{"site-sidebar-layout":"default","site-content-layout":"","ast-site-content-layout":"default","site-content-style":"default","site-sidebar-style":"default","ast-global-header-display":"","ast-banner-title-visibility":"","ast-main-header-display":"","ast-hfb-above-header-display":"","ast-hfb-below-header-display":"","ast-hfb-mobile-header-display":"","site-post-title":"","ast-breadcrumbs-content":"","ast-featured-img":"","footer-sml-layout":"","theme-transparent-header-meta":"default","adv-header-id-meta":"","stick-header-meta":"","header-above-stick-meta":"","header-main-stick-meta":"","header-below-stick-meta":"","astra-migrate-meta-layouts":"set","ast-page-background-enabled":"default","ast-page-background-meta":{"desktop":{"background-color":"var(--ast-global-color-4)","background-image":"","background-repeat":"repeat","background-position":"center center","background-size":"auto","background-attachment":"scroll","background-type":"","background-media":"","overlay-type":"","overlay-color":"","overlay-opacity":"","overlay-gradient":""},"tablet":{"background-color":"","background-image":"","background-repeat":"repeat","background-position":"center center","background-size":"auto","background-attachment":"scroll","background-type":"","background-media":"","overlay-type":"","overlay-color":"","overlay-opacity":"","overlay-gradient":""},"mobile":{"background-color":"","background-image":"","background-repeat":"repeat","background-position":"center center","background-size":"auto","background-attachment":"scroll","background-type":"","background-media":"","overlay-type":"","overlay-color":"","overlay-opacity":"","overlay-gradient":""}},"ast-content-background-meta":{"desktop":{"background-color":"var(--ast-global-color-5)","background-image":"","background-repeat":"repeat","background-position":"center center","background-size":"auto","background-attachment":"scroll","background-type":"","background-media":"","overlay-type":"","overlay-color":"","overlay-opacity":"","overlay-gradient":""},"tablet":{"background-color":"var(--ast-global-color-5)","background-image":"","background-repeat":"repeat","background-position":"center center","background-size":"auto","background-attachment":"scroll","background-type":"","background-media":"","overlay-type":"","overlay-color":"","overlay-opacity":"","overlay-gradient":""},"mobile":{"background-color":"var(--ast-global-color-5)","background-image":"","background-repeat":"repeat","background-position":"center center","background-size":"auto","background-attachment":"scroll","background-type":"","background-media":"","overlay-type":"","overlay-color":"","overlay-opacity":"","overlay-gradient":""}}},"product_brand":[],"product_cat":[997],"product_tag":[],"class_list":{"0":"post-8364","1":"product","2":"type-product","3":"status-publish","4":"has-post-thumbnail","6":"product_cat-pets-products","7":"pa_31988_ty7ruzek-hiiri","8":"pa_31988_ty7ruzek-kuoriainen","9":"pa_31988_ty7ruzek-lintu","10":"pa_31988_ty7ruzek-longbill","11":"pa_31988_ty7ruzek-mehilainen","12":"pa_31988_ty7ruzek-punainen-papukaija","13":"pa_31988_ty7ruzek-siili","14":"pa_31988_ty7ruzek-sininen-papukaija","15":"pa_31988_ty7ruzek-sirkat","16":"desktop-align-left","17":"tablet-align-left","18":"mobile-align-left","20":"first","21":"instock","22":"shipping-taxable","23":"purchasable","24":"product-type-variable"},"_links":{"self":[{"href":"https:\/\/keluvo.com\/fi\/wp-json\/wp\/v2\/product\/8364","targetHints":{"allow":["GET"]}}],"collection":[{"href":"https:\/\/keluvo.com\/fi\/wp-json\/wp\/v2\/product"}],"about":[{"href":"https:\/\/keluvo.com\/fi\/wp-json\/wp\/v2\/types\/product"}],"replies":[{"embeddable":true,"href":"https:\/\/keluvo.com\/fi\/wp-json\/wp\/v2\/comments?post=8364"}],"wp:featuredmedia":[{"embeddable":true,"href":"https:\/\/keluvo.com\/fi\/wp-json\/wp\/v2\/media\/8360"}],"wp:attachment":[{"href":"https:\/\/keluvo.com\/fi\/wp-json\/wp\/v2\/media?parent=8364"}],"wp:term":[{"taxonomy":"product_brand","embeddable":true,"href":"https:\/\/keluvo.com\/fi\/wp-json\/wp\/v2\/product_brand?post=8364"},{"taxonomy":"product_cat","embeddable":true,"href":"https:\/\/keluvo.com\/fi\/wp-json\/wp\/v2\/product_cat?post=8364"},{"taxonomy":"product_tag","embeddable":true,"href":"https:\/\/keluvo.com\/fi\/wp-json\/wp\/v2\/product_tag?post=8364"}],"curies":[{"name":"wp","href":"https:\/\/api.w.org\/{rel}","templated":true}]}}