{"id":8030,"date":"2025-05-30T15:17:06","date_gmt":"2025-05-30T13:17:06","guid":{"rendered":"https:\/\/keluvo.com\/fi\/product\/kesafarkkumekko-v-paantiella\/"},"modified":"2025-06-01T14:52:18","modified_gmt":"2025-06-01T12:52:18","slug":"kesafarkkumekko-v-paantiella","status":"publish","type":"product","link":"https:\/\/keluvo.com\/fi\/product\/kesafarkkumekko-v-paantiella\/","title":{"rendered":"Kes\u00e4farkkumekko V-p\u00e4\u00e4ntiell\u00e4"},"content":{"rendered":"<h2><img decoding=\"async\" class=\"alignnone size-full wp-image-21992 aligncenter\" src=\"https:\/\/keluvo.com\/template\/wp-content\/uploads\/sites\/5\/2025\/05\/denim-chart.jpg\" alt=\"\" \/><\/h2>\n<h2 style=\"text-align: center;\">Her\u00e4t\u00e4 huomiota farkkumekolla, jossa yhdistyv\u00e4t rento tyyli ja hy\u00f6dylliset ominaisuudet.<\/h2>\n<p style=\"text-align: center;\">Se on suunniteltu naisille, jotka arvostavat monipuolista muotia &#8211; ihanteellinen rennoille brunsseille, yll\u00e4tt\u00e4ville retkille tai tyylikk\u00e4isiin iltoihin. Jos haluat mekon, joka imartelee ja on helppok\u00e4ytt\u00f6inen, t\u00e4m\u00e4 on se oikea valinta.<\/p>\n<p><img decoding=\"async\" class=\"alignnone size-full wp-image-21530 aligncenter\" src=\"https:\/\/keluvo.com\/template\/wp-content\/uploads\/sites\/5\/2025\/05\/Janina_Lindberg_Stockholm_T1_1.webp\" alt=\"\" \/><\/p>\n<h2 style=\"text-align: center;\">Uusi go-to-kappale vaatekaappiisi<\/h2>\n<p>\u2713 <strong>Imarteleva siluetti<\/strong>: Suunniteltu korostamaan luonnollista muotoasi rennolla ja ilmavalla tuntumalla, jota arvostat koko p\u00e4iv\u00e4n. Voit kirist\u00e4\u00e4 sen vy\u00f6ll\u00e4 r\u00e4\u00e4t\u00e4l\u00f6idymp\u00e4\u00e4 ilmett\u00e4 varten tai k\u00e4ytt\u00e4\u00e4 sit\u00e4 l\u00f6ys\u00e4n\u00e4 rentoa tunnelmaa varten.<\/p>\n<p>\u2713 <strong>Monik\u00e4ytt\u00f6inen kaikkina vuodenaikoina<\/strong>: Yhdist\u00e4 se saappaiden ja villatakin kanssa syksyll\u00e4 tai sandaalien kanssa kes\u00e4ll\u00e4. T\u00e4m\u00e4 mekko sopii mihin vuodenaikaan tahansa &#8211; ajaton suosikki.<\/p>\n<p>\u2713 <strong>Ylellinen, laadukas farkkumekko<\/strong>: Valmistettu ensiluokkaisesta denimist\u00e4, joka tuntuu ihanalta ja n\u00e4ytt\u00e4\u00e4 upealta &#8211; pehme\u00e4 ihoa vasten ja t\u00e4ydellinen rakenne. Riitt\u00e4v\u00e4n kest\u00e4v\u00e4 jokap\u00e4iv\u00e4iseen k\u00e4ytt\u00f6\u00f6n, mutta silti tarpeeksi mukava koko p\u00e4iv\u00e4n k\u00e4ytt\u00f6\u00f6n.<\/p>\n<p>\u2713 <strong>V-Kaula-aukko ja toiminnalliset taskut<\/strong>: Tyylik\u00e4s V-p\u00e4\u00e4ntie ja kaksi k\u00e4tev\u00e4\u00e4 sivutaskua yhdist\u00e4v\u00e4t tyylin ja toiminnallisuuden. Pue tai pid\u00e4 se rennosti &#8211; valinta on sinun!<\/p>\n<p><img decoding=\"async\" class=\"alignnone size-full wp-image-21529 aligncenter\" src=\"https:\/\/keluvo.com\/template\/wp-content\/uploads\/sites\/5\/2025\/05\/Janina_Lindberg_Stockholm_T2.webp\" alt=\"\" \/><\/p>\n","protected":false},"excerpt":{"rendered":"<p>Her\u00e4t\u00e4 huomiota farkkumekolla, jossa yhdistyv\u00e4t rento tyyli ja hy\u00f6dylliset ominaisuudet. Se on suunniteltu naisille, jotka arvostavat monipuolista muotia &#8211; ihanteellinen [&hellip;]<\/p>\n","protected":false},"featured_media":8026,"comment_status":"open","ping_status":"closed","template":"","meta":{"site-sidebar-layout":"default","site-content-layout":"","ast-site-content-layout":"default","site-content-style":"default","site-sidebar-style":"default","ast-global-header-display":"","ast-banner-title-visibility":"","ast-main-header-display":"","ast-hfb-above-header-display":"","ast-hfb-below-header-display":"","ast-hfb-mobile-header-display":"","site-post-title":"","ast-breadcrumbs-content":"","ast-featured-img":"","footer-sml-layout":"","theme-transparent-header-meta":"default","adv-header-id-meta":"","stick-header-meta":"","header-above-stick-meta":"","header-main-stick-meta":"","header-below-stick-meta":"","astra-migrate-meta-layouts":"set","ast-page-background-enabled":"default","ast-page-background-meta":{"desktop":{"background-color":"var(--ast-global-color-4)","background-image":"","background-repeat":"repeat","background-position":"center center","background-size":"auto","background-attachment":"scroll","background-type":"","background-media":"","overlay-type":"","overlay-color":"","overlay-opacity":"","overlay-gradient":""},"tablet":{"background-color":"","background-image":"","background-repeat":"repeat","background-position":"center center","background-size":"auto","background-attachment":"scroll","background-type":"","background-media":"","overlay-type":"","overlay-color":"","overlay-opacity":"","overlay-gradient":""},"mobile":{"background-color":"","background-image":"","background-repeat":"repeat","background-position":"center center","background-size":"auto","background-attachment":"scroll","background-type":"","background-media":"","overlay-type":"","overlay-color":"","overlay-opacity":"","overlay-gradient":""}},"ast-content-background-meta":{"desktop":{"background-color":"var(--ast-global-color-5)","background-image":"","background-repeat":"repeat","background-position":"center center","background-size":"auto","background-attachment":"scroll","background-type":"","background-media":"","overlay-type":"","overlay-color":"","overlay-opacity":"","overlay-gradient":""},"tablet":{"background-color":"var(--ast-global-color-5)","background-image":"","background-repeat":"repeat","background-position":"center center","background-size":"auto","background-attachment":"scroll","background-type":"","background-media":"","overlay-type":"","overlay-color":"","overlay-opacity":"","overlay-gradient":""},"mobile":{"background-color":"var(--ast-global-color-5)","background-image":"","background-repeat":"repeat","background-position":"center center","background-size":"auto","background-attachment":"scroll","background-type":"","background-media":"","overlay-type":"","overlay-color":"","overlay-opacity":"","overlay-gradient":""}}},"product_brand":[],"product_cat":[994],"product_tag":[],"class_list":{"0":"post-8030","1":"product","2":"type-product","3":"status-publish","4":"has-post-thumbnail","6":"product_cat-clothing-for-women","7":"pa_48139_bztchkrd-s","8":"pa_48139_bztchkrd-m","9":"pa_48139_bztchkrd-l","10":"pa_48139_bztchkrd-xl","11":"pa_48139_bztchkrd-2xl","12":"pa_48139_bztchkrd-3-xl","13":"desktop-align-left","14":"tablet-align-left","15":"mobile-align-left","17":"first","18":"instock","19":"shipping-taxable","20":"purchasable","21":"product-type-variable"},"_links":{"self":[{"href":"https:\/\/keluvo.com\/fi\/wp-json\/wp\/v2\/product\/8030","targetHints":{"allow":["GET"]}}],"collection":[{"href":"https:\/\/keluvo.com\/fi\/wp-json\/wp\/v2\/product"}],"about":[{"href":"https:\/\/keluvo.com\/fi\/wp-json\/wp\/v2\/types\/product"}],"replies":[{"embeddable":true,"href":"https:\/\/keluvo.com\/fi\/wp-json\/wp\/v2\/comments?post=8030"}],"wp:featuredmedia":[{"embeddable":true,"href":"https:\/\/keluvo.com\/fi\/wp-json\/wp\/v2\/media\/8026"}],"wp:attachment":[{"href":"https:\/\/keluvo.com\/fi\/wp-json\/wp\/v2\/media?parent=8030"}],"wp:term":[{"taxonomy":"product_brand","embeddable":true,"href":"https:\/\/keluvo.com\/fi\/wp-json\/wp\/v2\/product_brand?post=8030"},{"taxonomy":"product_cat","embeddable":true,"href":"https:\/\/keluvo.com\/fi\/wp-json\/wp\/v2\/product_cat?post=8030"},{"taxonomy":"product_tag","embeddable":true,"href":"https:\/\/keluvo.com\/fi\/wp-json\/wp\/v2\/product_tag?post=8030"}],"curies":[{"name":"wp","href":"https:\/\/api.w.org\/{rel}","templated":true}]}}