{"id":7983,"date":"2025-05-30T15:15:52","date_gmt":"2025-05-30T13:15:52","guid":{"rendered":"https:\/\/keluvo.com\/fi\/product\/camden-nahkatakki\/"},"modified":"2025-07-03T14:38:28","modified_gmt":"2025-07-03T12:38:28","slug":"camden-nahkatakki","status":"publish","type":"product","link":"https:\/\/keluvo.com\/fi\/product\/camden-nahkatakki\/","title":{"rendered":"Camden nahkatakki"},"content":{"rendered":"<p><img fetchpriority=\"high\" decoding=\"async\" class=\"alignnone size-full wp-image-8654 aligncenter\" src=\"https:\/\/keluvo.com\/fi\/wp-content\/uploads\/sites\/11\/2025\/05\/camden.jpg\" alt=\"\" width=\"832\" height=\"492\" \/><\/p>\n<p style=\"text-align: center;\">T\u00e4m\u00e4 aito nahkatakki on jokaisen vaatekaapin olennainen osa, ja se vaivattoman tyylin. Asiantuntevasti r\u00e4\u00e4t\u00e4l\u00f6ity tyylik\u00e4s siluetti ja varustettu k\u00e4yt\u00e4nn\u00f6llisill\u00e4 ominaisuuksilla, se on valmis mihin tahansa seikkailuun, jonka y\u00f6 tuo tullessaan.<\/p>\n<p style=\"text-align: left;\">\u2022 Valmistettu korkealaatuisesta aidosta nahasta<br \/>\n\u2022 R\u00e4\u00e4t\u00e4l\u00f6ity istuvuus antaa modernin ulkon\u00e4\u00f6n<br \/>\n\u2022 K\u00e4yt\u00e4nn\u00f6lliset taskut p\u00e4ivitt\u00e4iseen k\u00e4ytt\u00f6\u00f6n<\/p>\n","protected":false},"excerpt":{"rendered":"<p>T\u00e4m\u00e4 aito nahkatakki on jokaisen vaatekaapin olennainen osa, ja se vaivattoman tyylin. Asiantuntevasti r\u00e4\u00e4t\u00e4l\u00f6ity tyylik\u00e4s siluetti ja varustettu k\u00e4yt\u00e4nn\u00f6llisill\u00e4 ominaisuuksilla, [&hellip;]<\/p>\n","protected":false},"featured_media":7979,"comment_status":"open","ping_status":"closed","template":"","meta":{"site-sidebar-layout":"default","site-content-layout":"","ast-site-content-layout":"default","site-content-style":"default","site-sidebar-style":"default","ast-global-header-display":"","ast-banner-title-visibility":"","ast-main-header-display":"","ast-hfb-above-header-display":"","ast-hfb-below-header-display":"","ast-hfb-mobile-header-display":"","site-post-title":"","ast-breadcrumbs-content":"","ast-featured-img":"","footer-sml-layout":"","theme-transparent-header-meta":"default","adv-header-id-meta":"","stick-header-meta":"","header-above-stick-meta":"","header-main-stick-meta":"","header-below-stick-meta":"","astra-migrate-meta-layouts":"set","ast-page-background-enabled":"default","ast-page-background-meta":{"desktop":{"background-color":"var(--ast-global-color-4)","background-image":"","background-repeat":"repeat","background-position":"center center","background-size":"auto","background-attachment":"scroll","background-type":"","background-media":"","overlay-type":"","overlay-color":"","overlay-opacity":"","overlay-gradient":""},"tablet":{"background-color":"","background-image":"","background-repeat":"repeat","background-position":"center center","background-size":"auto","background-attachment":"scroll","background-type":"","background-media":"","overlay-type":"","overlay-color":"","overlay-opacity":"","overlay-gradient":""},"mobile":{"background-color":"","background-image":"","background-repeat":"repeat","background-position":"center center","background-size":"auto","background-attachment":"scroll","background-type":"","background-media":"","overlay-type":"","overlay-color":"","overlay-opacity":"","overlay-gradient":""}},"ast-content-background-meta":{"desktop":{"background-color":"var(--ast-global-color-5)","background-image":"","background-repeat":"repeat","background-position":"center center","background-size":"auto","background-attachment":"scroll","background-type":"","background-media":"","overlay-type":"","overlay-color":"","overlay-opacity":"","overlay-gradient":""},"tablet":{"background-color":"var(--ast-global-color-5)","background-image":"","background-repeat":"repeat","background-position":"center center","background-size":"auto","background-attachment":"scroll","background-type":"","background-media":"","overlay-type":"","overlay-color":"","overlay-opacity":"","overlay-gradient":""},"mobile":{"background-color":"var(--ast-global-color-5)","background-image":"","background-repeat":"repeat","background-position":"center center","background-size":"auto","background-attachment":"scroll","background-type":"","background-media":"","overlay-type":"","overlay-color":"","overlay-opacity":"","overlay-gradient":""}}},"product_brand":[],"product_cat":[995],"product_tag":[],"class_list":{"0":"post-7983","1":"product","2":"type-product","3":"status-publish","4":"has-post-thumbnail","6":"product_cat-clothing-for-men","7":"pa_48134_l52uer0l-xs","8":"pa_48134_l52uer0l-s","9":"pa_48134_l52uer0l-m","10":"pa_48134_l52uer0l-l","11":"pa_48134_l52uer0l-xl","12":"pa_48134_l52uer0l-2xl","13":"pa_48134_l52uer0l-3xl","14":"pa_48134_wm684h0y-harmaa","15":"pa_48134_wm684h0y-musta","16":"pa_48134_wm684h0y-ruskea","17":"desktop-align-left","18":"tablet-align-left","19":"mobile-align-left","21":"first","22":"instock","23":"shipping-taxable","24":"purchasable","25":"product-type-variable","26":"has-default-attributes"},"_links":{"self":[{"href":"https:\/\/keluvo.com\/fi\/wp-json\/wp\/v2\/product\/7983","targetHints":{"allow":["GET"]}}],"collection":[{"href":"https:\/\/keluvo.com\/fi\/wp-json\/wp\/v2\/product"}],"about":[{"href":"https:\/\/keluvo.com\/fi\/wp-json\/wp\/v2\/types\/product"}],"replies":[{"embeddable":true,"href":"https:\/\/keluvo.com\/fi\/wp-json\/wp\/v2\/comments?post=7983"}],"wp:featuredmedia":[{"embeddable":true,"href":"https:\/\/keluvo.com\/fi\/wp-json\/wp\/v2\/media\/7979"}],"wp:attachment":[{"href":"https:\/\/keluvo.com\/fi\/wp-json\/wp\/v2\/media?parent=7983"}],"wp:term":[{"taxonomy":"product_brand","embeddable":true,"href":"https:\/\/keluvo.com\/fi\/wp-json\/wp\/v2\/product_brand?post=7983"},{"taxonomy":"product_cat","embeddable":true,"href":"https:\/\/keluvo.com\/fi\/wp-json\/wp\/v2\/product_cat?post=7983"},{"taxonomy":"product_tag","embeddable":true,"href":"https:\/\/keluvo.com\/fi\/wp-json\/wp\/v2\/product_tag?post=7983"}],"curies":[{"name":"wp","href":"https:\/\/api.w.org\/{rel}","templated":true}]}}