{"id":7957,"date":"2025-05-30T09:40:57","date_gmt":"2025-05-30T07:40:57","guid":{"rendered":"https:\/\/keluvo.com\/fi\/product\/loysa-istuvuus-distressed-denim-haalari\/"},"modified":"2025-05-31T18:46:41","modified_gmt":"2025-05-31T16:46:41","slug":"loysa-istuvuus-distressed-denim-haalari","status":"publish","type":"product","link":"https:\/\/keluvo.com\/fi\/product\/loysa-istuvuus-distressed-denim-haalari\/","title":{"rendered":"Farkkuhaalari l\u00f6ys\u00e4 istuvuus ja kuluneella ilmeell\u00e4"},"content":{"rendered":"<p style=\"text-align: center;\">N\u00e4m\u00e4 farkkuhaalarit on valmistettu pestyst\u00e4 farkkukankaasta, mik\u00e4 antaa niille trendikk\u00e4\u00e4n, kuluneen ilmeen. Niiss\u00e4 on l\u00f6ys\u00e4, ylimitoitettu istuvuus, s\u00e4\u00e4dett\u00e4v\u00e4t olkaimet ja joitakin revitettyj\u00e4 yksityiskohtia, jotka lis\u00e4\u00e4v\u00e4t luonnetta.<\/p>\n<ul>\n<li>Materiaali: 81% puuvillaa, 14% viskoosia, 5% lyocell<\/li>\n<li>Pesty haalistunut viimeistely<\/li>\n<li>S\u00e4\u00e4dett\u00e4v\u00e4t nappiolkaimet<\/li>\n<li>Lapputaskut<\/li>\n<li>Sivu- ja takataskut<\/li>\n<li>Leve\u00e4, l\u00f6ys\u00e4 istuvuus<\/li>\n<li>Leve\u00e4 lahkeensuuntainen tyyli<\/li>\n<li>Revitettyj\u00e4 yksityiskohtia<\/li>\n<li>Hoito: Konepesu kylm\u00e4ll\u00e4 vedell\u00e4 nurinp\u00e4in k\u00e4\u00e4nnettyn\u00e4, rumpukuivaus matalalla l\u00e4mp\u00f6tilalla<\/li>\n<\/ul>\n<p><img decoding=\"async\" class=\"alignnone size-full wp-image-22035 aligncenter\" src=\"https:\/\/keluvo.com\/template\/wp-content\/uploads\/sites\/5\/2025\/05\/denim-charts.jpg\" alt=\"\" \/><\/p>\n<h2 style=\"text-align: center;\">Miten valita oikea koko?<\/h2>\n<p style=\"text-align: center;\">Oikean koon l\u00f6yt\u00e4miseksi tarkista kokotaulukko. Mittaa rintakeh\u00e4si, vy\u00f6t\u00e4r\u00f6si ja lantiosi ja vertaa mittoja taulukkoon. Voit my\u00f6s mitata jo omistamasi hyvin istuvan vaatekappaleen ja k\u00e4ytt\u00e4\u00e4 sit\u00e4 apuna koon valinnassa.<\/p>\n<p style=\"text-align: center;\">Jos et ole varma, mink\u00e4 koon valita, ota meihin yhteytt\u00e4. Autamme mielell\u00e4mme!<\/p>\n<p>&nbsp;<\/p>\n","protected":false},"excerpt":{"rendered":"<p>N\u00e4m\u00e4 farkkuhaalarit on valmistettu pestyst\u00e4 farkkukankaasta, mik\u00e4 antaa niille trendikk\u00e4\u00e4n, kuluneen ilmeen. Niiss\u00e4 on l\u00f6ys\u00e4, ylimitoitettu istuvuus, s\u00e4\u00e4dett\u00e4v\u00e4t olkaimet ja [&hellip;]<\/p>\n","protected":false},"featured_media":7953,"comment_status":"open","ping_status":"closed","template":"","meta":{"site-sidebar-layout":"default","site-content-layout":"","ast-site-content-layout":"default","site-content-style":"default","site-sidebar-style":"default","ast-global-header-display":"","ast-banner-title-visibility":"","ast-main-header-display":"","ast-hfb-above-header-display":"","ast-hfb-below-header-display":"","ast-hfb-mobile-header-display":"","site-post-title":"","ast-breadcrumbs-content":"","ast-featured-img":"","footer-sml-layout":"","theme-transparent-header-meta":"default","adv-header-id-meta":"","stick-header-meta":"","header-above-stick-meta":"","header-main-stick-meta":"","header-below-stick-meta":"","astra-migrate-meta-layouts":"set","ast-page-background-enabled":"default","ast-page-background-meta":{"desktop":{"background-color":"var(--ast-global-color-4)","background-image":"","background-repeat":"repeat","background-position":"center center","background-size":"auto","background-attachment":"scroll","background-type":"","background-media":"","overlay-type":"","overlay-color":"","overlay-opacity":"","overlay-gradient":""},"tablet":{"background-color":"","background-image":"","background-repeat":"repeat","background-position":"center center","background-size":"auto","background-attachment":"scroll","background-type":"","background-media":"","overlay-type":"","overlay-color":"","overlay-opacity":"","overlay-gradient":""},"mobile":{"background-color":"","background-image":"","background-repeat":"repeat","background-position":"center center","background-size":"auto","background-attachment":"scroll","background-type":"","background-media":"","overlay-type":"","overlay-color":"","overlay-opacity":"","overlay-gradient":""}},"ast-content-background-meta":{"desktop":{"background-color":"var(--ast-global-color-5)","background-image":"","background-repeat":"repeat","background-position":"center center","background-size":"auto","background-attachment":"scroll","background-type":"","background-media":"","overlay-type":"","overlay-color":"","overlay-opacity":"","overlay-gradient":""},"tablet":{"background-color":"var(--ast-global-color-5)","background-image":"","background-repeat":"repeat","background-position":"center center","background-size":"auto","background-attachment":"scroll","background-type":"","background-media":"","overlay-type":"","overlay-color":"","overlay-opacity":"","overlay-gradient":""},"mobile":{"background-color":"var(--ast-global-color-5)","background-image":"","background-repeat":"repeat","background-position":"center center","background-size":"auto","background-attachment":"scroll","background-type":"","background-media":"","overlay-type":"","overlay-color":"","overlay-opacity":"","overlay-gradient":""}}},"product_brand":[],"product_cat":[994],"product_tag":[],"class_list":{"0":"post-7957","1":"product","2":"type-product","3":"status-publish","4":"has-post-thumbnail","6":"product_cat-clothing-for-women","7":"pa_48145_00hv8by1-tummansininen","8":"pa_48145_00hv8by1-vaaleansininen","9":"pa_48145_t6qqe4c5-s","10":"pa_48145_t6qqe4c5-m","11":"pa_48145_t6qqe4c5-l","12":"pa_48145_t6qqe4c5-xl","13":"pa_48145_t6qqe4c5-2xl","14":"desktop-align-left","15":"tablet-align-left","16":"mobile-align-left","18":"first","19":"instock","20":"shipping-taxable","21":"purchasable","22":"product-type-variable","23":"has-default-attributes"},"_links":{"self":[{"href":"https:\/\/keluvo.com\/fi\/wp-json\/wp\/v2\/product\/7957","targetHints":{"allow":["GET"]}}],"collection":[{"href":"https:\/\/keluvo.com\/fi\/wp-json\/wp\/v2\/product"}],"about":[{"href":"https:\/\/keluvo.com\/fi\/wp-json\/wp\/v2\/types\/product"}],"replies":[{"embeddable":true,"href":"https:\/\/keluvo.com\/fi\/wp-json\/wp\/v2\/comments?post=7957"}],"wp:featuredmedia":[{"embeddable":true,"href":"https:\/\/keluvo.com\/fi\/wp-json\/wp\/v2\/media\/7953"}],"wp:attachment":[{"href":"https:\/\/keluvo.com\/fi\/wp-json\/wp\/v2\/media?parent=7957"}],"wp:term":[{"taxonomy":"product_brand","embeddable":true,"href":"https:\/\/keluvo.com\/fi\/wp-json\/wp\/v2\/product_brand?post=7957"},{"taxonomy":"product_cat","embeddable":true,"href":"https:\/\/keluvo.com\/fi\/wp-json\/wp\/v2\/product_cat?post=7957"},{"taxonomy":"product_tag","embeddable":true,"href":"https:\/\/keluvo.com\/fi\/wp-json\/wp\/v2\/product_tag?post=7957"}],"curies":[{"name":"wp","href":"https:\/\/api.w.org\/{rel}","templated":true}]}}