{"id":7946,"date":"2025-05-30T09:40:27","date_gmt":"2025-05-30T07:40:27","guid":{"rendered":"https:\/\/keluvo.com\/fi\/product\/magneettinen-monitoiminen-langaton-seinavalaisin\/"},"modified":"2025-07-04T14:59:02","modified_gmt":"2025-07-04T12:59:02","slug":"magneettinen-monitoiminen-langaton-seinavalaisin","status":"publish","type":"product","link":"https:\/\/keluvo.com\/fi\/product\/magneettinen-monitoiminen-langaton-seinavalaisin\/","title":{"rendered":"Magneettinen monitoiminen langaton sein\u00e4valaisin"},"content":{"rendered":"<h2 style=\"text-align: center;\">Magneettinen valo jokaiseen moderniin tilaan<\/h2>\n<p style=\"text-align: center;\">T\u00e4m\u00e4 on tyylik\u00e4s, langaton LED-sein\u00e4valaisin, joka asennetaan muutamassa sekunnissa \u2013 ilman johtoja, poraamista tai vaivaa. Sopii erinomaisesti makuuhuoneisiin, eteisiin, olohuoneisiin ja galleriatyyliseen valaistukseen miss\u00e4 tahansa kodissasi.<\/p>\n<p><img decoding=\"async\" class=\"size-full wp-image-21123 aligncenter\" src=\"https:\/\/keluvo.com\/template\/wp-content\/uploads\/sites\/5\/2025\/05\/ledgif-ezgif.com-video-to-webp-converter.webp\" alt=\"\" \/><\/p>\n<h2 style=\"text-align: center;\"><strong>Mik\u00e4 tekee t\u00e4st\u00e4 loistavan:<\/strong><\/h2>\n<ul data-start=\"565\" data-end=\"1210\">\n<li data-start=\"565\" data-end=\"716\"><strong>Langaton ja ladattava<\/strong> \u2013 Sano hyv\u00e4stit sotkuisille kaapeleille ja kalliille asennuksille. Se latautuu USB:n kautta ja kiinnittyy minne tahansa, miss\u00e4 tarvitset valoa.<\/li>\n<li data-start=\"717\" data-end=\"807\"><strong>Magneettinen kiinnitys<\/strong> \u2013 Kiinnit\u00e4 valaisin paikalleen tai irrota se helposti k\u00e4sik\u00e4ytt\u00f6\u00e4 varten.<\/li>\n<li data-start=\"808\" data-end=\"911\"><strong>S\u00e4\u00e4dett\u00e4v\u00e4 valaistus<\/strong> \u2013 Kierr\u00e4 valaisimen p\u00e4\u00e4t\u00e4 ja valitse mielialasi mukainen kirkkaustaso.<\/li>\n<li data-start=\"912\" data-end=\"1024\"><strong>Liiketunnistintila<\/strong> \u2013 Kytkeytyy automaattisesti p\u00e4\u00e4lle, kun liikett\u00e4 havaitaan. Sopii erinomaisesti vaatekomeroihin, eteisiin tai y\u00f6valaistukseen.<\/li>\n<li data-start=\"1025\" data-end=\"1112\"><strong>Kosketusohjaus<\/strong> \u2013 Napauta kytke\u00e4ksesi valon p\u00e4\u00e4lle\/pois tai s\u00e4\u00e4t\u00e4\u00e4ksesi voimakkuutta. Yksinkertainen ja intuitiivinen.<\/li>\n<li data-start=\"1113\" data-end=\"1210\"><strong>Moderni ja minimalistinen muotoilu<\/strong> \u2013 Puhtaat linjat ja mattapintainen viimeistely sopivat vaivattomasti mihin tahansa sisustukseen.<\/li>\n<\/ul>\n<p><img decoding=\"async\" class=\"alignnone size-full wp-image-21120 aligncenter\" src=\"https:\/\/keluvo.com\/template\/wp-content\/uploads\/sites\/5\/2025\/05\/produktbild-15.webp\" alt=\"\" \/><\/p>\n<h2 style=\"text-align: center;\" data-start=\"1217\" data-end=\"1247\">Suunniteltu jokaiseen huoneeseen<\/h2>\n<p style=\"text-align: center;\">Lukitpa sitten s\u00e4ngyss\u00e4, valaistat sein\u00e4taidetta tai portaikkoa \u2014 valaisimemme tarjoaa joustavan ja tyylikk\u00e4\u00e4n valaistuksen siell\u00e4, miss\u00e4 perinteiset valaisimet eiv\u00e4t siihen pysty!<\/p>\n<h2 style=\"text-align: center;\" data-start=\"1418\" data-end=\"1441\">Tuotetiedot:<\/h2>\n<ul data-start=\"1443\" data-end=\"1735\">\n<li data-start=\"1485\" data-end=\"1525\">\ud83d\udd0b USB-ladattava (kaapeli sis\u00e4ltyy toimitukseen)<\/li>\n<li data-start=\"1485\" data-end=\"1525\">\ud83d\udcd0 K\u00e4\u00e4nnett\u00e4v\u00e4 muotoilu suunnattua valaistusta varten<\/li>\n<li data-start=\"1485\" data-end=\"1525\">\ud83c\udf19 3 toimintatilaa: Kosketus, vakio, liiketunnistin<\/li>\n<li data-start=\"1485\" data-end=\"1525\">\ud83d\udce6 Helppo irrotettava ja kiinnitett\u00e4v\u00e4 sein\u00e4kiinnike<\/li>\n<li data-start=\"1485\" data-end=\"1525\">\u23f1 Jopa 20 tuntia valoa yhdell\u00e4 latauksella<\/li>\n<li data-start=\"1485\" data-end=\"1525\">RGB-v\u00e4rit erilaisiin tunnelmiin<\/li>\n<\/ul>\n<h2 style=\"text-align: center;\">Helppo asentaa, upea vaikutus<\/h2>\n<p style=\"text-align: center;\" data-start=\"1782\" data-end=\"1926\">Ei s\u00e4hk\u00f6asentajaa. Ei ty\u00f6kaluja. Irrota, aseta ja kiinnit\u00e4 valo paikalleen magneettisella pohjalla. Tarvitseeko valaisin latausta? Irrota se ja kytke se pistorasiaan.<\/p>\n","protected":false},"excerpt":{"rendered":"<p>Magneettinen valo jokaiseen moderniin tilaan T\u00e4m\u00e4 on tyylik\u00e4s, langaton LED-sein\u00e4valaisin, joka asennetaan muutamassa sekunnissa \u2013 ilman johtoja, poraamista tai vaivaa. [&hellip;]<\/p>\n","protected":false},"featured_media":7942,"comment_status":"open","ping_status":"closed","template":"","meta":{"site-sidebar-layout":"default","site-content-layout":"","ast-site-content-layout":"default","site-content-style":"default","site-sidebar-style":"default","ast-global-header-display":"","ast-banner-title-visibility":"","ast-main-header-display":"","ast-hfb-above-header-display":"","ast-hfb-below-header-display":"","ast-hfb-mobile-header-display":"","site-post-title":"","ast-breadcrumbs-content":"","ast-featured-img":"","footer-sml-layout":"","theme-transparent-header-meta":"default","adv-header-id-meta":"","stick-header-meta":"","header-above-stick-meta":"","header-main-stick-meta":"","header-below-stick-meta":"","astra-migrate-meta-layouts":"set","ast-page-background-enabled":"default","ast-page-background-meta":{"desktop":{"background-color":"var(--ast-global-color-4)","background-image":"","background-repeat":"repeat","background-position":"center center","background-size":"auto","background-attachment":"scroll","background-type":"","background-media":"","overlay-type":"","overlay-color":"","overlay-opacity":"","overlay-gradient":""},"tablet":{"background-color":"","background-image":"","background-repeat":"repeat","background-position":"center center","background-size":"auto","background-attachment":"scroll","background-type":"","background-media":"","overlay-type":"","overlay-color":"","overlay-opacity":"","overlay-gradient":""},"mobile":{"background-color":"","background-image":"","background-repeat":"repeat","background-position":"center center","background-size":"auto","background-attachment":"scroll","background-type":"","background-media":"","overlay-type":"","overlay-color":"","overlay-opacity":"","overlay-gradient":""}},"ast-content-background-meta":{"desktop":{"background-color":"var(--ast-global-color-5)","background-image":"","background-repeat":"repeat","background-position":"center center","background-size":"auto","background-attachment":"scroll","background-type":"","background-media":"","overlay-type":"","overlay-color":"","overlay-opacity":"","overlay-gradient":""},"tablet":{"background-color":"var(--ast-global-color-5)","background-image":"","background-repeat":"repeat","background-position":"center center","background-size":"auto","background-attachment":"scroll","background-type":"","background-media":"","overlay-type":"","overlay-color":"","overlay-opacity":"","overlay-gradient":""},"mobile":{"background-color":"var(--ast-global-color-5)","background-image":"","background-repeat":"repeat","background-position":"center center","background-size":"auto","background-attachment":"scroll","background-type":"","background-media":"","overlay-type":"","overlay-color":"","overlay-opacity":"","overlay-gradient":""}}},"product_brand":[],"product_cat":[1001],"product_tag":[],"class_list":{"0":"post-7946","1":"product","2":"type-product","3":"status-publish","4":"has-post-thumbnail","6":"product_cat-household-goods","7":"pa_48128_5la05owi-kultainen-3-pack","8":"pa_48128_5la05owi-musta-3-pack","9":"pa_48128_5la05owi-valkoinen-3-pack","10":"desktop-align-left","11":"tablet-align-left","12":"mobile-align-left","14":"first","15":"instock","16":"shipping-taxable","17":"purchasable","18":"product-type-variable"},"_links":{"self":[{"href":"https:\/\/keluvo.com\/fi\/wp-json\/wp\/v2\/product\/7946","targetHints":{"allow":["GET"]}}],"collection":[{"href":"https:\/\/keluvo.com\/fi\/wp-json\/wp\/v2\/product"}],"about":[{"href":"https:\/\/keluvo.com\/fi\/wp-json\/wp\/v2\/types\/product"}],"replies":[{"embeddable":true,"href":"https:\/\/keluvo.com\/fi\/wp-json\/wp\/v2\/comments?post=7946"}],"wp:featuredmedia":[{"embeddable":true,"href":"https:\/\/keluvo.com\/fi\/wp-json\/wp\/v2\/media\/7942"}],"wp:attachment":[{"href":"https:\/\/keluvo.com\/fi\/wp-json\/wp\/v2\/media?parent=7946"}],"wp:term":[{"taxonomy":"product_brand","embeddable":true,"href":"https:\/\/keluvo.com\/fi\/wp-json\/wp\/v2\/product_brand?post=7946"},{"taxonomy":"product_cat","embeddable":true,"href":"https:\/\/keluvo.com\/fi\/wp-json\/wp\/v2\/product_cat?post=7946"},{"taxonomy":"product_tag","embeddable":true,"href":"https:\/\/keluvo.com\/fi\/wp-json\/wp\/v2\/product_tag?post=7946"}],"curies":[{"name":"wp","href":"https:\/\/api.w.org\/{rel}","templated":true}]}}