{"id":7901,"date":"2025-05-30T09:39:21","date_gmt":"2025-05-30T07:39:21","guid":{"rendered":"https:\/\/keluvo.com\/fi\/product\/naisten-kankaiset-collegehousut\/"},"modified":"2025-07-04T17:19:17","modified_gmt":"2025-07-04T15:19:17","slug":"naisten-kankaiset-collegehousut","status":"publish","type":"product","link":"https:\/\/keluvo.com\/fi\/product\/naisten-kankaiset-collegehousut\/","title":{"rendered":"Naisten kankaiset collegehousut"},"content":{"rendered":"<h2 style=\"text-align: center;\"><strong>\ud83d\udc56 Naisten kest\u00e4v\u00e4 kangashaalari \u2013 eritt\u00e4in rento istuvuus<\/strong><\/h2>\n<p style=\"text-align: center;\"><strong>Vaivaton mukavuus ja kest\u00e4v\u00e4 ty\u00f6vaate \u2013 t\u00e4ydellinen haalari, joka yhdist\u00e4\u00e4 tyylin, kest\u00e4vyyden ja liikkuvuuden.<\/strong><\/p>\n<p style=\"text-align: center;\" data-start=\"353\" data-end=\"566\">T\u00e4m\u00e4 kangashaalari on suunniteltu p\u00e4ivitt\u00e4iseen k\u00e4ytt\u00f6\u00f6n. S\u00e4\u00e4dett\u00e4v\u00e4t olkaimet, syv\u00e4t taskut ja kest\u00e4v\u00e4 kangas tekev\u00e4t siit\u00e4 ihanteellisen puutarhanhoitoon, k\u00e4sity\u00f6h\u00f6n, ulkoty\u00f6h\u00f6n \u2013 tai vain tyylikk\u00e4\u00e4n ty\u00f6vaatteen.<\/p>\n<h2 style=\"text-align: center;\" data-start=\"573\" data-end=\"593\">\ud83d\udd0d T\u00e4rkeimm\u00e4t ominaisuudet:<\/h2>\n<ul data-start=\"595\" data-end=\"916\">\n<li data-start=\"595\" data-end=\"633\">\n<p data-start=\"597\" data-end=\"633\">\ud83d\udd27 Joustavat olkaimet takaavat yksil\u00f6llisen istuvuuden<\/p>\n<\/li>\n<li data-start=\"595\" data-end=\"633\">\n<p data-start=\"597\" data-end=\"633\">\ud83e\uddf5 Kolminkertainen ommel lis\u00e4\u00e4 kest\u00e4vyytt\u00e4<\/p>\n<\/li>\n<li data-start=\"595\" data-end=\"633\">\n<p data-start=\"597\" data-end=\"633\">\ud83c\udf92 Suuri rintatasku nepparikiinnityksell\u00e4<\/p>\n<\/li>\n<li data-start=\"595\" data-end=\"633\">\n<p data-start=\"597\" data-end=\"633\">\ud83d\udc56 Kaksi tilavaa etutaskua<\/p>\n<\/li>\n<li data-start=\"595\" data-end=\"633\">\n<p data-start=\"597\" data-end=\"633\">\ud83d\udd28 Vasaralenkki vasemmassa lahkeessa<\/p>\n<\/li>\n<li data-start=\"595\" data-end=\"633\">\n<p data-start=\"597\" data-end=\"633\">\ud83e\uddfa Vahvistetut takataskut p\u00e4ivitt\u00e4iseen k\u00e4ytt\u00f6\u00f6n<\/p>\n<\/li>\n<li data-start=\"595\" data-end=\"633\">\n<p data-start=\"597\" data-end=\"633\">\ud83e\uddf6 Valmistettu paksusta, hengitt\u00e4v\u00e4st\u00e4 100% puuvillasta<\/p>\n<\/li>\n<li data-start=\"595\" data-end=\"633\">\n<p data-start=\"597\" data-end=\"633\">\ud83e\uddfc Konepest\u00e4v\u00e4, helppohoitoinen<\/p>\n<\/li>\n<li data-start=\"595\" data-end=\"633\">\n<p data-start=\"597\" data-end=\"633\">\ud83d\udccf 74cm sis\u00e4sauma.<\/p>\n<\/li>\n<\/ul>\n<h2 style=\"text-align: center;\">Kokotaulukko<\/h2>\n<p><img decoding=\"async\" class=\"alignnone size-full wp-image-20986 aligncenter\" src=\"https:\/\/keluvo.com\/template\/wp-content\/uploads\/sites\/5\/2025\/05\/canvas-chart.jpg\" alt=\"\" \/><\/p>\n<div>\n<h2 class=\"summary__title\" style=\"text-align: center;\">Koon valinta<\/h2>\n<\/div>\n<div id=\"ProductAccordion-edf1794e-3b04-4bfc-a440-8f499b72f231-template--20624063660336__main\" class=\"accordion__content rte\">\n<p style=\"text-align: center;\">Koon valitseminen Jokaisen tuotteen yksityiskohtaisella sivulla on kokotaulukko, josta n\u00e4et tuotteen todelliset mitat.<\/p>\n<p style=\"text-align: center;\">Mittaa omat vartalomitat (esim. rinta, vy\u00f6t\u00e4r\u00f6 ja lantio), vertaa niit\u00e4 kokotaulukkoon ja valitse sopiva koko.<\/p>\n<p style=\"text-align: center;\">Voit my\u00f6s mitata omat vaatemitat, verrata niit\u00e4 kokotaulukkoon ja valita koon, joka on l\u00e4hell\u00e4 vaatemittojasi. Suosittelemme t\u00e4t\u00e4 menetelm\u00e4\u00e4.<\/p>\n<p style=\"text-align: center;\">Jos olet edelleen ep\u00e4varma koon valinnasta, ota meihin yhteytt\u00e4. Suosittelemme mielell\u00e4mme sinulle sopivan koon.<\/p>\n<\/div>\n","protected":false},"excerpt":{"rendered":"<p>\ud83d\udc56 Naisten kest\u00e4v\u00e4 kangashaalari \u2013 eritt\u00e4in rento istuvuus Vaivaton mukavuus ja kest\u00e4v\u00e4 ty\u00f6vaate \u2013 t\u00e4ydellinen haalari, joka yhdist\u00e4\u00e4 tyylin, kest\u00e4vyyden [&hellip;]<\/p>\n","protected":false},"featured_media":7897,"comment_status":"open","ping_status":"closed","template":"","meta":{"site-sidebar-layout":"default","site-content-layout":"","ast-site-content-layout":"default","site-content-style":"default","site-sidebar-style":"default","ast-global-header-display":"","ast-banner-title-visibility":"","ast-main-header-display":"","ast-hfb-above-header-display":"","ast-hfb-below-header-display":"","ast-hfb-mobile-header-display":"","site-post-title":"","ast-breadcrumbs-content":"","ast-featured-img":"","footer-sml-layout":"","theme-transparent-header-meta":"default","adv-header-id-meta":"","stick-header-meta":"","header-above-stick-meta":"","header-main-stick-meta":"","header-below-stick-meta":"","astra-migrate-meta-layouts":"set","ast-page-background-enabled":"default","ast-page-background-meta":{"desktop":{"background-color":"var(--ast-global-color-4)","background-image":"","background-repeat":"repeat","background-position":"center center","background-size":"auto","background-attachment":"scroll","background-type":"","background-media":"","overlay-type":"","overlay-color":"","overlay-opacity":"","overlay-gradient":""},"tablet":{"background-color":"","background-image":"","background-repeat":"repeat","background-position":"center center","background-size":"auto","background-attachment":"scroll","background-type":"","background-media":"","overlay-type":"","overlay-color":"","overlay-opacity":"","overlay-gradient":""},"mobile":{"background-color":"","background-image":"","background-repeat":"repeat","background-position":"center center","background-size":"auto","background-attachment":"scroll","background-type":"","background-media":"","overlay-type":"","overlay-color":"","overlay-opacity":"","overlay-gradient":""}},"ast-content-background-meta":{"desktop":{"background-color":"var(--ast-global-color-5)","background-image":"","background-repeat":"repeat","background-position":"center center","background-size":"auto","background-attachment":"scroll","background-type":"","background-media":"","overlay-type":"","overlay-color":"","overlay-opacity":"","overlay-gradient":""},"tablet":{"background-color":"var(--ast-global-color-5)","background-image":"","background-repeat":"repeat","background-position":"center center","background-size":"auto","background-attachment":"scroll","background-type":"","background-media":"","overlay-type":"","overlay-color":"","overlay-opacity":"","overlay-gradient":""},"mobile":{"background-color":"var(--ast-global-color-5)","background-image":"","background-repeat":"repeat","background-position":"center center","background-size":"auto","background-attachment":"scroll","background-type":"","background-media":"","overlay-type":"","overlay-color":"","overlay-opacity":"","overlay-gradient":""}}},"product_brand":[],"product_cat":[994],"product_tag":[],"class_list":{"0":"post-7901","1":"product","2":"type-product","3":"status-publish","4":"has-post-thumbnail","6":"product_cat-clothing-for-women","7":"pa_48125_kilb6quq-s","8":"pa_48125_kilb6quq-m","9":"pa_48125_kilb6quq-l","10":"pa_48125_kilb6quq-xl","11":"pa_48125_kilb6quq-2xl","12":"pa_48125_w5kvo416-camel","13":"pa_48125_w5kvo416-harmaa","14":"pa_48125_w5kvo416-musta","15":"pa_48125_w5kvo416-vihrea","16":"desktop-align-left","17":"tablet-align-left","18":"mobile-align-left","20":"first","21":"instock","22":"shipping-taxable","23":"purchasable","24":"product-type-variable","25":"has-default-attributes"},"_links":{"self":[{"href":"https:\/\/keluvo.com\/fi\/wp-json\/wp\/v2\/product\/7901","targetHints":{"allow":["GET"]}}],"collection":[{"href":"https:\/\/keluvo.com\/fi\/wp-json\/wp\/v2\/product"}],"about":[{"href":"https:\/\/keluvo.com\/fi\/wp-json\/wp\/v2\/types\/product"}],"replies":[{"embeddable":true,"href":"https:\/\/keluvo.com\/fi\/wp-json\/wp\/v2\/comments?post=7901"}],"wp:featuredmedia":[{"embeddable":true,"href":"https:\/\/keluvo.com\/fi\/wp-json\/wp\/v2\/media\/7897"}],"wp:attachment":[{"href":"https:\/\/keluvo.com\/fi\/wp-json\/wp\/v2\/media?parent=7901"}],"wp:term":[{"taxonomy":"product_brand","embeddable":true,"href":"https:\/\/keluvo.com\/fi\/wp-json\/wp\/v2\/product_brand?post=7901"},{"taxonomy":"product_cat","embeddable":true,"href":"https:\/\/keluvo.com\/fi\/wp-json\/wp\/v2\/product_cat?post=7901"},{"taxonomy":"product_tag","embeddable":true,"href":"https:\/\/keluvo.com\/fi\/wp-json\/wp\/v2\/product_tag?post=7901"}],"curies":[{"name":"wp","href":"https:\/\/api.w.org\/{rel}","templated":true}]}}