{"id":7765,"date":"2025-05-20T18:14:54","date_gmt":"2025-05-20T16:14:54","guid":{"rendered":"https:\/\/keluvo.com\/fi\/product\/varia-vaihtavat-uimahousut\/"},"modified":"2025-05-20T18:15:23","modified_gmt":"2025-05-20T16:15:23","slug":"varia-vaihtavat-uimahousut","status":"publish","type":"product","link":"https:\/\/keluvo.com\/fi\/product\/varia-vaihtavat-uimahousut\/","title":{"rendered":"V\u00e4ri\u00e4 vaihtavat uimahousut"},"content":{"rendered":"<p><img decoding=\"async\" class=\"alignnone size-full wp-image-20102 aligncenter\" src=\"https:\/\/keluvo.com\/template\/wp-content\/uploads\/sites\/5\/2025\/05\/gif1-252.webp\" alt=\"\" \/><\/p>\n<div class=\"elementor-element elementor-element-36331468 elementor-widget elementor-widget-heading\" data-id=\"36331468\" data-element_type=\"widget\" data-widget_type=\"heading.default\">\n<div class=\"elementor-widget-container\">\n<h2 class=\"elementor-heading-title elementor-size-medium\" style=\"text-align: center\">Tyylikk\u00e4\u00e4t uimashortsit, joissa on v\u00e4rinvaihto<\/h2>\n<p class=\"elementor-heading-title elementor-size-medium\" style=\"text-align: center\"><strong>El\u00e4myksi\u00e4 Uimashortseista, Joissa Yhdistyv\u00e4t Tyylik\u00e4s Muotoilu Ja Innovatiivinen Toiminnallisuus.<\/strong><\/p>\n<p>&nbsp;<\/p>\n<p class=\"elementor-heading-title elementor-size-medium\" style=\"text-align: center\">N\u00e4m\u00e4 uimashortsit vaihtavat v\u00e4ri\u00e4, kun ne joutuvat kosketuksiin veden kanssa &#8211; hienovarainen mutta tehokas yksityiskohta, joka tekee niist\u00e4 yht\u00e4 ainutlaatuiset kuin k\u00e4yt\u00e4nn\u00f6llisetkin.<\/p>\n<\/div>\n<\/div>\n<div class=\"elementor-element elementor-element-25314240 elementor-widget elementor-widget-text-editor\" data-id=\"25314240\" data-element_type=\"widget\" data-widget_type=\"text-editor.default\">\n<div class=\"elementor-widget-container\" style=\"text-align: center\">\n<p><img decoding=\"async\" class=\"alignnone size-full wp-image-20103 aligncenter\" src=\"https:\/\/keluvo.com\/template\/wp-content\/uploads\/sites\/5\/2025\/05\/chart.jpg\" alt=\"\" \/><\/p>\n<\/div>\n<div class=\"elementor-element elementor-element-389555e0 elementor-widget elementor-widget-text-editor\" data-id=\"389555e0\" data-element_type=\"widget\" data-widget_type=\"text-editor.default\">\n<h2 class=\"elementor-widget-container\" style=\"text-align: center\">Eritt\u00e4in miellytt\u00e4v\u00e4t<\/h2>\n<\/div>\n<div class=\"elementor-element elementor-element-63533c1 elementor-widget elementor-widget-text-editor\" data-id=\"63533c1\" data-element_type=\"widget\" data-widget_type=\"text-editor.default\">\n<div class=\"elementor-widget-container\">\n<ul>\n<li class=\"\" data-start=\"903\" data-end=\"1014\">\n<p class=\"\" data-start=\"905\" data-end=\"1014\">Kevyt, pehme\u00e4 materiaali, jossa on miellytt\u00e4v\u00e4 istuvuus ja joustava vy\u00f6t\u00e4r\u00f6 optimaalista liikkumisvapautta varten.<\/p>\n<\/li>\n<li class=\"\" data-start=\"1016\" data-end=\"1155\">\n<p class=\"\" data-start=\"1018\" data-end=\"1155\">Nopeasti kuivuvat<\/p>\n<\/li>\n<li data-start=\"1016\" data-end=\"1155\">Kest\u00e4v\u00e4 ja toiminnallinen<\/li>\n<\/ul>\n<\/div>\n<\/div>\n<\/div>\n<p style=\"text-align: center\"><strong><em data-start=\"162\" data-end=\"240\">Kokeile Uimashortseja, Joissa Yhdistyv\u00e4t Tyylik\u00e4s Muotoilu Ja Innovatiivinen Toiminnallisuus.<\/em><\/strong><\/p>\n<p style=\"text-align: center\">Seitsem\u00e4n huolellisesti valmistetun mallin joukosta voit valita, mink\u00e4 kahden v\u00e4rin v\u00e4lill\u00e4 shortsit vuorottelevat &#8211; hillityist\u00e4 s\u00e4vyist\u00e4 eloisampiin s\u00e4vyihin.<\/p>\n<p style=\"text-align: center\">T\u00e4ydelliset rannalle, uima-altaalle tai rennolle lounaalle auringossa.<\/p>\n<p><img decoding=\"async\" class=\"alignnone size-full wp-image-20100 aligncenter\" src=\"https:\/\/keluvo.com\/template\/wp-content\/uploads\/sites\/5\/2025\/05\/gif3-120.webp\" alt=\"\" \/><\/p>\n<p class=\"\" style=\"text-align: center\" data-start=\"905\" data-end=\"1014\"><strong>Shortsit Vaihtavat V\u00e4ri\u00e4 Joutuessaan Kosketuksiin Veden Kanssa Luoden Tyylikk\u00e4\u00e4n Ja Yll\u00e4tt\u00e4v\u00e4n Efektin.<\/strong><\/p>\n","protected":false},"excerpt":{"rendered":"<p>Tyylikk\u00e4\u00e4t uimashortsit, joissa on v\u00e4rinvaihto El\u00e4myksi\u00e4 Uimashortseista, Joissa Yhdistyv\u00e4t Tyylik\u00e4s Muotoilu Ja Innovatiivinen Toiminnallisuus. &nbsp; N\u00e4m\u00e4 uimashortsit vaihtavat v\u00e4ri\u00e4, kun [&hellip;]<\/p>\n","protected":false},"featured_media":7761,"comment_status":"open","ping_status":"closed","template":"","meta":{"site-sidebar-layout":"default","site-content-layout":"","ast-site-content-layout":"default","site-content-style":"default","site-sidebar-style":"default","ast-global-header-display":"","ast-banner-title-visibility":"","ast-main-header-display":"","ast-hfb-above-header-display":"","ast-hfb-below-header-display":"","ast-hfb-mobile-header-display":"","site-post-title":"","ast-breadcrumbs-content":"","ast-featured-img":"","footer-sml-layout":"","theme-transparent-header-meta":"default","adv-header-id-meta":"","stick-header-meta":"","header-above-stick-meta":"","header-main-stick-meta":"","header-below-stick-meta":"","astra-migrate-meta-layouts":"set","ast-page-background-enabled":"default","ast-page-background-meta":{"desktop":{"background-color":"var(--ast-global-color-4)","background-image":"","background-repeat":"repeat","background-position":"center center","background-size":"auto","background-attachment":"scroll","background-type":"","background-media":"","overlay-type":"","overlay-color":"","overlay-opacity":"","overlay-gradient":""},"tablet":{"background-color":"","background-image":"","background-repeat":"repeat","background-position":"center center","background-size":"auto","background-attachment":"scroll","background-type":"","background-media":"","overlay-type":"","overlay-color":"","overlay-opacity":"","overlay-gradient":""},"mobile":{"background-color":"","background-image":"","background-repeat":"repeat","background-position":"center center","background-size":"auto","background-attachment":"scroll","background-type":"","background-media":"","overlay-type":"","overlay-color":"","overlay-opacity":"","overlay-gradient":""}},"ast-content-background-meta":{"desktop":{"background-color":"var(--ast-global-color-5)","background-image":"","background-repeat":"repeat","background-position":"center center","background-size":"auto","background-attachment":"scroll","background-type":"","background-media":"","overlay-type":"","overlay-color":"","overlay-opacity":"","overlay-gradient":""},"tablet":{"background-color":"var(--ast-global-color-5)","background-image":"","background-repeat":"repeat","background-position":"center center","background-size":"auto","background-attachment":"scroll","background-type":"","background-media":"","overlay-type":"","overlay-color":"","overlay-opacity":"","overlay-gradient":""},"mobile":{"background-color":"var(--ast-global-color-5)","background-image":"","background-repeat":"repeat","background-position":"center center","background-size":"auto","background-attachment":"scroll","background-type":"","background-media":"","overlay-type":"","overlay-color":"","overlay-opacity":"","overlay-gradient":""}}},"product_brand":[],"product_cat":[995],"product_tag":[],"class_list":{"0":"post-7765","1":"product","2":"type-product","3":"status-publish","4":"has-post-thumbnail","6":"product_cat-clothing-for-men","7":"pa_48115_fxmkiiks-s","8":"pa_48115_fxmkiiks-m","9":"pa_48115_fxmkiiks-l","10":"pa_48115_fxmkiiks-xl","11":"pa_48115_fxmkiiks-xxl","12":"pa_48115_nega5aqu-keltainen","13":"pa_48115_nega5aqu-sininen","14":"pa_48115_nega5aqu-vaaleanpunainen","15":"pa_48115_nega5aqu-vihrea","16":"desktop-align-left","17":"tablet-align-left","18":"mobile-align-left","20":"first","21":"instock","22":"shipping-taxable","23":"purchasable","24":"product-type-variable","25":"has-default-attributes"},"_links":{"self":[{"href":"https:\/\/keluvo.com\/fi\/wp-json\/wp\/v2\/product\/7765","targetHints":{"allow":["GET"]}}],"collection":[{"href":"https:\/\/keluvo.com\/fi\/wp-json\/wp\/v2\/product"}],"about":[{"href":"https:\/\/keluvo.com\/fi\/wp-json\/wp\/v2\/types\/product"}],"replies":[{"embeddable":true,"href":"https:\/\/keluvo.com\/fi\/wp-json\/wp\/v2\/comments?post=7765"}],"wp:featuredmedia":[{"embeddable":true,"href":"https:\/\/keluvo.com\/fi\/wp-json\/wp\/v2\/media\/7761"}],"wp:attachment":[{"href":"https:\/\/keluvo.com\/fi\/wp-json\/wp\/v2\/media?parent=7765"}],"wp:term":[{"taxonomy":"product_brand","embeddable":true,"href":"https:\/\/keluvo.com\/fi\/wp-json\/wp\/v2\/product_brand?post=7765"},{"taxonomy":"product_cat","embeddable":true,"href":"https:\/\/keluvo.com\/fi\/wp-json\/wp\/v2\/product_cat?post=7765"},{"taxonomy":"product_tag","embeddable":true,"href":"https:\/\/keluvo.com\/fi\/wp-json\/wp\/v2\/product_tag?post=7765"}],"curies":[{"name":"wp","href":"https:\/\/api.w.org\/{rel}","templated":true}]}}