{"id":7510,"date":"2025-05-05T15:27:11","date_gmt":"2025-05-05T13:27:11","guid":{"rendered":"https:\/\/keluvo.com\/fi\/product\/kitkentatyokalu\/"},"modified":"2025-06-05T10:49:31","modified_gmt":"2025-06-05T08:49:31","slug":"kitkentatyokalu","status":"publish","type":"product","link":"https:\/\/keluvo.com\/fi\/product\/kitkentatyokalu\/","title":{"rendered":"Kitkent\u00e4ty\u00f6kalu"},"content":{"rendered":"<p style=\"text-align: center;\"><span style=\"font-weight: 400;\"><strong>Vahva, \u00e4lyk\u00e4s ja selk\u00e4\u00e4si s\u00e4\u00e4st\u00e4v\u00e4<\/strong><\/span><\/p>\n<p style=\"text-align: center;\">T\u00e4m\u00e4n ty\u00f6kalun avulla voit kitke\u00e4 rikkaruohot pois ahtaista paikoista ja suurista halkeamista ilman, ett\u00e4 k\u00e4siin sattuu tai ne joutuvat v\u00e4\u00e4ntym\u00e4\u00e4n. T\u00e4m\u00e4 ty\u00f6kalu on kevyt, tehokas ja tekee ty\u00f6n nopeasti.<\/p>\n<h2 style=\"text-align: center;\"><img decoding=\"async\" class=\"size-full wp-image-15835 aligncenter\" src=\"https:\/\/keluvo.com\/template\/wp-content\/uploads\/sites\/5\/2025\/04\/sRV2rfEPuFIP0y8i4YPW-Trim-ezgif.com-video-to-webp-converter.webp\" alt=\"\" \/><b><\/b><\/h2>\n<h2 style=\"text-align: center;\">T\u00e4rkeimm\u00e4t edut<\/h2>\n<ul>\n<li><strong>Vahva ja kest\u00e4v\u00e4<\/strong> \u2013 valmistettu sitke\u00e4st\u00e4 raudasta, joka kest\u00e4\u00e4 pitk\u00e4\u00e4n<\/li>\n<li><strong>Kaksi ty\u00f6kalua yhdess\u00e4<\/strong> \u2013 suorat ja kaarevat ter\u00e4t poistavat kaikenlaiset rikkaruohot<\/li>\n<li><strong>S\u00e4\u00e4st\u00e4\u00e4 aikaa ja vaivaa<\/strong> \u2013 sis\u00e4\u00e4nrakennettu rulla tekee liikuttelusta sujuvaa ja helppoa<\/li>\n<li><strong>Ei kumartelua<\/strong> \u2013 s\u00e4\u00e4dett\u00e4v\u00e4 korkeus, joten voit ty\u00f6skennell\u00e4 seisaaltaan<\/li>\n<li><strong>Helppo varastoida<\/strong> \u2013 pieni, kevyt eik\u00e4 vie tilaa<\/li>\n<\/ul>\n<p><img fetchpriority=\"high\" decoding=\"async\" class=\"size-full wp-image-15836 aligncenter\" src=\"https:\/\/keluvo.com\/template\/wp-content\/uploads\/sites\/5\/2025\/04\/892d07d4-2aab-4902-938b-d6ca4677227c.webp\" alt=\"\" width=\"800\" height=\"800\" \/><\/p>\n<h2 style=\"text-align: center;\">T\u00e4ydellinen mille tahansa piha-alueelle<\/h2>\n<p style=\"text-align: center;\">Olipa kyseess\u00e4 rikkaruohon kitkent\u00e4 tiilien v\u00e4list\u00e4, kukkapenkkist\u00e4 tai sen reunoilta &#8211; t\u00e4m\u00e4 ty\u00f6kalu selvi\u00e4\u00e4 kaikista. Sek\u00e4 suoralla naulalla ett\u00e4 kaarevalla ter\u00e4ll\u00e4 saat rikkaruohot kitketty\u00e4 mist\u00e4 tahansa halkeamasta tai raosta. Se rullaa pehme\u00e4sti, mukautuu korkeutesi mukaan ja tekee kitkemisest\u00e4 nopeaa ja kivutonta. T\u00e4ydellinen kotipuutarhureille, senioreille tai kaikille, jotka haluavat rikkaruohottomat polut ja kukkapenkit!<\/p>\n<p><img decoding=\"async\" class=\"size-full wp-image-15838 aligncenter\" src=\"https:\/\/keluvo.com\/template\/wp-content\/uploads\/sites\/5\/2025\/04\/255b2a3d-28a4-4f5b-8b65-f51f34fbebef.webp\" alt=\"\" width=\"500\" height=\"500\" \/><\/p>\n<h2 style=\"text-align: center;\">Pakkaus sis\u00e4lt\u00e4\u00e4<b><br \/>\n<\/b><\/h2>\n<p style=\"text-align: center;\">Kun ostat t\u00e4m\u00e4n tuotteen, saat:<\/p>\n<ul>\n<li style=\"font-weight: 400;\">1 metallisen kitkent\u00e4ty\u00f6kalun<\/li>\n<li style=\"font-weight: 400;\">Sis\u00e4lt\u00e4\u00e4 sek\u00e4 suoran ett\u00e4 kaarevan ter\u00e4n.<\/li>\n<\/ul>\n","protected":false},"excerpt":{"rendered":"<p>Vahva, \u00e4lyk\u00e4s ja selk\u00e4\u00e4si s\u00e4\u00e4st\u00e4v\u00e4 T\u00e4m\u00e4n ty\u00f6kalun avulla voit kitke\u00e4 rikkaruohot pois ahtaista paikoista ja suurista halkeamista ilman, ett\u00e4 k\u00e4siin [&hellip;]<\/p>\n","protected":false},"featured_media":7506,"comment_status":"open","ping_status":"closed","template":"","meta":{"site-sidebar-layout":"default","site-content-layout":"","ast-site-content-layout":"default","site-content-style":"default","site-sidebar-style":"default","ast-global-header-display":"","ast-banner-title-visibility":"","ast-main-header-display":"","ast-hfb-above-header-display":"","ast-hfb-below-header-display":"","ast-hfb-mobile-header-display":"","site-post-title":"","ast-breadcrumbs-content":"","ast-featured-img":"","footer-sml-layout":"","theme-transparent-header-meta":"default","adv-header-id-meta":"","stick-header-meta":"","header-above-stick-meta":"","header-main-stick-meta":"","header-below-stick-meta":"","astra-migrate-meta-layouts":"set","ast-page-background-enabled":"default","ast-page-background-meta":{"desktop":{"background-color":"var(--ast-global-color-4)","background-image":"","background-repeat":"repeat","background-position":"center center","background-size":"auto","background-attachment":"scroll","background-type":"","background-media":"","overlay-type":"","overlay-color":"","overlay-opacity":"","overlay-gradient":""},"tablet":{"background-color":"","background-image":"","background-repeat":"repeat","background-position":"center center","background-size":"auto","background-attachment":"scroll","background-type":"","background-media":"","overlay-type":"","overlay-color":"","overlay-opacity":"","overlay-gradient":""},"mobile":{"background-color":"","background-image":"","background-repeat":"repeat","background-position":"center center","background-size":"auto","background-attachment":"scroll","background-type":"","background-media":"","overlay-type":"","overlay-color":"","overlay-opacity":"","overlay-gradient":""}},"ast-content-background-meta":{"desktop":{"background-color":"var(--ast-global-color-5)","background-image":"","background-repeat":"repeat","background-position":"center center","background-size":"auto","background-attachment":"scroll","background-type":"","background-media":"","overlay-type":"","overlay-color":"","overlay-opacity":"","overlay-gradient":""},"tablet":{"background-color":"var(--ast-global-color-5)","background-image":"","background-repeat":"repeat","background-position":"center center","background-size":"auto","background-attachment":"scroll","background-type":"","background-media":"","overlay-type":"","overlay-color":"","overlay-opacity":"","overlay-gradient":""},"mobile":{"background-color":"var(--ast-global-color-5)","background-image":"","background-repeat":"repeat","background-position":"center center","background-size":"auto","background-attachment":"scroll","background-type":"","background-media":"","overlay-type":"","overlay-color":"","overlay-opacity":"","overlay-gradient":""}}},"product_brand":[],"product_cat":[1001],"product_tag":[],"class_list":{"0":"post-7510","1":"product","2":"type-product","3":"status-publish","4":"has-post-thumbnail","6":"product_cat-household-goods","7":"desktop-align-left","8":"tablet-align-left","9":"mobile-align-left","11":"first","12":"instock","13":"shipping-taxable","14":"purchasable","15":"product-type-simple"},"_links":{"self":[{"href":"https:\/\/keluvo.com\/fi\/wp-json\/wp\/v2\/product\/7510","targetHints":{"allow":["GET"]}}],"collection":[{"href":"https:\/\/keluvo.com\/fi\/wp-json\/wp\/v2\/product"}],"about":[{"href":"https:\/\/keluvo.com\/fi\/wp-json\/wp\/v2\/types\/product"}],"replies":[{"embeddable":true,"href":"https:\/\/keluvo.com\/fi\/wp-json\/wp\/v2\/comments?post=7510"}],"wp:featuredmedia":[{"embeddable":true,"href":"https:\/\/keluvo.com\/fi\/wp-json\/wp\/v2\/media\/7506"}],"wp:attachment":[{"href":"https:\/\/keluvo.com\/fi\/wp-json\/wp\/v2\/media?parent=7510"}],"wp:term":[{"taxonomy":"product_brand","embeddable":true,"href":"https:\/\/keluvo.com\/fi\/wp-json\/wp\/v2\/product_brand?post=7510"},{"taxonomy":"product_cat","embeddable":true,"href":"https:\/\/keluvo.com\/fi\/wp-json\/wp\/v2\/product_cat?post=7510"},{"taxonomy":"product_tag","embeddable":true,"href":"https:\/\/keluvo.com\/fi\/wp-json\/wp\/v2\/product_tag?post=7510"}],"curies":[{"name":"wp","href":"https:\/\/api.w.org\/{rel}","templated":true}]}}