{"id":7505,"date":"2025-05-05T15:26:26","date_gmt":"2025-05-05T13:26:26","guid":{"rendered":"https:\/\/keluvo.com\/fi\/product\/kaiverrustyokalusarja\/"},"modified":"2025-05-06T16:32:38","modified_gmt":"2025-05-06T14:32:38","slug":"kaiverrustyokalusarja","status":"publish","type":"product","link":"https:\/\/keluvo.com\/fi\/product\/kaiverrustyokalusarja\/","title":{"rendered":"Kaiverrusty\u00f6kalusarja"},"content":{"rendered":"<p style=\"text-align: center;\"><strong>\ud83d\udd25 Helppo tapa tehd\u00e4 kauniita, persoonallisia t\u00f6it\u00e4. \ud83d\udd25<\/strong><\/p>\n<p style=\"text-align: center;\">T\u00e4m\u00e4n ty\u00f6kalun avulla voit kirjoittaa nimi\u00e4, piirt\u00e4\u00e4 kuvioita ja tehd\u00e4 taidetta puuhun, nahkaan, korkkiin ja muihin materiaaleihin.<\/p>\n<p><img decoding=\"async\" class=\"size-full wp-image-15404 aligncenter\" src=\"https:\/\/keluvo.com\/template\/wp-content\/uploads\/sites\/5\/2025\/04\/engravingtool-ezgif.com-video-to-webp-converter.webp\" alt=\"\" \/><\/p>\n<h2 style=\"text-align: center;\">Kaiverra kirjaimia ja muotoja l\u00e4mm\u00f6n avulla.<\/h2>\n<p>\u2714 Helppo k\u00e4ytt\u00e4\u00e4 puuhun, nahkaan, korkkiin ja muihin pintoihin<\/p>\n<p>\u2714 Mukana koko aakkosto mukautettuja sanoja varten<\/p>\n<p>\u2714 Vahvat ja pitk\u00e4kestoiset metallik\u00e4rjet<\/p>\n<p>\u2714 T\u00e4ydellinen DIY-rakastajille ja k\u00e4sity\u00f6l\u00e4isille<\/p>\n<p>\u2714 Sopii useimpiin juotosraudoille turvallisella ja vakaalla liit\u00e4nn\u00e4ll\u00e4<\/p>\n<p><img decoding=\"async\" class=\"size-full wp-image-15406 aligncenter\" src=\"https:\/\/keluvo.com\/template\/wp-content\/uploads\/sites\/5\/2025\/04\/6db52931-02f4-40ad-9487-29a413c0c849.webp\" alt=\"\" \/><\/p>\n<h2 style=\"text-align: center;\">Ty\u00f6skentelee juotosraudan kanssa!<\/h2>\n<p style=\"text-align: center;\">T\u00e4m\u00e4n kaiverrussarjan avulla voit polttaa kirjaimia k\u00e4sit\u00f6ihisi l\u00e4mm\u00f6n avulla. K\u00e4yt\u00e4 sit\u00e4 lahjojen, kylttien tai tarrojen tekemiseen. Valitse vain kirjain, kiinnit\u00e4 se juotosrautaasi ja paina varovasti, jotta siit\u00e4 j\u00e4\u00e4 puhdas j\u00e4lki. T\u00e4m\u00e4 setti sopii erinomaisesti sek\u00e4 aloittelijoille ett\u00e4 asiantuntijoille, jotka rakastavat luovia projekteja.<\/p>\n<h2 style=\"text-align: center;\">Setin k\u00e4ytt\u00f6ohjeet?<\/h2>\n<p style=\"text-align: center;\"><b><\/b>Kytke juotosrauta. Valitse haluamasi kirjaink\u00e4rki ja ruuvaa se kiinni. Odota, ett\u00e4 se kuumenee. Paina k\u00e4rki varovasti pintaan polttaaksesi kirjaimen tai muodon. Vaihda k\u00e4rjet helposti jatkaaksesi suunnittelua.<\/p>\n<h2 style=\"text-align: center;\">Paketti sis\u00e4lt\u00e4\u00e4<\/h2>\n<ul>\n<li><b><\/b>1 puunpolttosarja, jossa on 56 metallista kaiverrusk\u00e4rke\u00e4 (sis\u00e4lt\u00e4\u00e4 koko aakkosto)<\/li>\n<li>1 s\u00e4hk\u00f6inen kuumennusty\u00f6kalu.<\/li>\n<li>(80W, US-pistoke).<\/li>\n<\/ul>\n","protected":false},"excerpt":{"rendered":"<p>\ud83d\udd25 Helppo tapa tehd\u00e4 kauniita, persoonallisia t\u00f6it\u00e4. \ud83d\udd25 T\u00e4m\u00e4n ty\u00f6kalun avulla voit kirjoittaa nimi\u00e4, piirt\u00e4\u00e4 kuvioita ja tehd\u00e4 taidetta puuhun, [&hellip;]<\/p>\n","protected":false},"featured_media":7501,"comment_status":"open","ping_status":"closed","template":"","meta":{"site-sidebar-layout":"default","site-content-layout":"","ast-site-content-layout":"default","site-content-style":"default","site-sidebar-style":"default","ast-global-header-display":"","ast-banner-title-visibility":"","ast-main-header-display":"","ast-hfb-above-header-display":"","ast-hfb-below-header-display":"","ast-hfb-mobile-header-display":"","site-post-title":"","ast-breadcrumbs-content":"","ast-featured-img":"","footer-sml-layout":"","theme-transparent-header-meta":"default","adv-header-id-meta":"","stick-header-meta":"","header-above-stick-meta":"","header-main-stick-meta":"","header-below-stick-meta":"","astra-migrate-meta-layouts":"set","ast-page-background-enabled":"default","ast-page-background-meta":{"desktop":{"background-color":"var(--ast-global-color-4)","background-image":"","background-repeat":"repeat","background-position":"center center","background-size":"auto","background-attachment":"scroll","background-type":"","background-media":"","overlay-type":"","overlay-color":"","overlay-opacity":"","overlay-gradient":""},"tablet":{"background-color":"","background-image":"","background-repeat":"repeat","background-position":"center center","background-size":"auto","background-attachment":"scroll","background-type":"","background-media":"","overlay-type":"","overlay-color":"","overlay-opacity":"","overlay-gradient":""},"mobile":{"background-color":"","background-image":"","background-repeat":"repeat","background-position":"center center","background-size":"auto","background-attachment":"scroll","background-type":"","background-media":"","overlay-type":"","overlay-color":"","overlay-opacity":"","overlay-gradient":""}},"ast-content-background-meta":{"desktop":{"background-color":"var(--ast-global-color-5)","background-image":"","background-repeat":"repeat","background-position":"center center","background-size":"auto","background-attachment":"scroll","background-type":"","background-media":"","overlay-type":"","overlay-color":"","overlay-opacity":"","overlay-gradient":""},"tablet":{"background-color":"var(--ast-global-color-5)","background-image":"","background-repeat":"repeat","background-position":"center center","background-size":"auto","background-attachment":"scroll","background-type":"","background-media":"","overlay-type":"","overlay-color":"","overlay-opacity":"","overlay-gradient":""},"mobile":{"background-color":"var(--ast-global-color-5)","background-image":"","background-repeat":"repeat","background-position":"center center","background-size":"auto","background-attachment":"scroll","background-type":"","background-media":"","overlay-type":"","overlay-color":"","overlay-opacity":"","overlay-gradient":""}}},"product_brand":[],"product_cat":[15],"product_tag":[],"class_list":{"0":"post-7505","1":"product","2":"type-product","3":"status-publish","4":"has-post-thumbnail","6":"product_cat-uncategorized","7":"desktop-align-left","8":"tablet-align-left","9":"mobile-align-left","11":"first","12":"instock","13":"shipping-taxable","14":"purchasable","15":"product-type-simple"},"_links":{"self":[{"href":"https:\/\/keluvo.com\/fi\/wp-json\/wp\/v2\/product\/7505","targetHints":{"allow":["GET"]}}],"collection":[{"href":"https:\/\/keluvo.com\/fi\/wp-json\/wp\/v2\/product"}],"about":[{"href":"https:\/\/keluvo.com\/fi\/wp-json\/wp\/v2\/types\/product"}],"replies":[{"embeddable":true,"href":"https:\/\/keluvo.com\/fi\/wp-json\/wp\/v2\/comments?post=7505"}],"wp:featuredmedia":[{"embeddable":true,"href":"https:\/\/keluvo.com\/fi\/wp-json\/wp\/v2\/media\/7501"}],"wp:attachment":[{"href":"https:\/\/keluvo.com\/fi\/wp-json\/wp\/v2\/media?parent=7505"}],"wp:term":[{"taxonomy":"product_brand","embeddable":true,"href":"https:\/\/keluvo.com\/fi\/wp-json\/wp\/v2\/product_brand?post=7505"},{"taxonomy":"product_cat","embeddable":true,"href":"https:\/\/keluvo.com\/fi\/wp-json\/wp\/v2\/product_cat?post=7505"},{"taxonomy":"product_tag","embeddable":true,"href":"https:\/\/keluvo.com\/fi\/wp-json\/wp\/v2\/product_tag?post=7505"}],"curies":[{"name":"wp","href":"https:\/\/api.w.org\/{rel}","templated":true}]}}