{"id":7488,"date":"2025-05-05T15:24:33","date_gmt":"2025-05-05T13:24:33","guid":{"rendered":"https:\/\/keluvo.com\/fi\/product\/sahkoinen-hiomakone\/"},"modified":"2025-05-06T16:27:37","modified_gmt":"2025-05-06T14:27:37","slug":"sahkoinen-hiomakone","status":"publish","type":"product","link":"https:\/\/keluvo.com\/fi\/product\/sahkoinen-hiomakone\/","title":{"rendered":"S\u00e4hk\u00f6inen silppuri"},"content":{"rendered":"<p style=\"text-align: center;\" data-start=\"40\" data-end=\"96\"><strong>\ud83d\udd2aKeitti\u00f6si uusi paras yst\u00e4v\u00e4<\/strong><\/p>\n<p class=\"\" style=\"text-align: center;\" data-start=\"98\" data-end=\"217\">Tee aterianvalmistuksesta helppoa s\u00e4hk\u00f6silppurimme avulla! T\u00e4m\u00e4 tehokas ja monipuolinen keitti\u00f6ty\u00f6kalu on t\u00e4ydellinen erilaisten ainesosien pilkkomiseen, jauhamiseen ja sekoittamiseen, mik\u00e4 s\u00e4\u00e4st\u00e4\u00e4 aikaa ja vaivaa keitti\u00f6ss\u00e4.<\/p>\n<p data-start=\"98\" data-end=\"217\"><img decoding=\"async\" class=\"size-full wp-image-14365 aligncenter\" src=\"https:\/\/keluvo.com\/template\/wp-content\/uploads\/sites\/5\/2025\/04\/cutter-3.jpg\" alt=\"\" \/><\/p>\n<h2 style=\"text-align: center;\">\ud83c\udf1f T\u00e4rkeimm\u00e4t edut<\/h2>\n<ul>\n<li class=\"\" data-start=\"249\" data-end=\"358\">\n<p class=\"\" data-start=\"251\" data-end=\"358\"><strong>Tehokas suorituskyky<\/strong>: Varustettu 500 W:n moottorilla ja nelj\u00e4ll\u00e4 ruostumattomasta ter\u00e4ksest\u00e4 valmistetulla ter\u00e4ll\u00e4, silppuri k\u00e4sittelee tehokkaasti lihaa, vihanneksia, hedelmi\u00e4 ja paljon muuta.\u200b\u200b<\/p>\n<\/li>\n<li class=\"\" data-start=\"360\" data-end=\"534\">\n<p class=\"\" data-start=\"362\" data-end=\"534\"><strong>Suuri kapasiteetti<\/strong>: Ruostumattomasta ter\u00e4ksest\u00e4 valmistettu 2 litran kulho on kest\u00e4v\u00e4 ja helppo puhdistaa, ja se sopii t\u00e4ydellisesti aterioiden valmistamiseen koko perheelle.\u200b<\/p>\n<\/li>\n<li class=\"\" data-start=\"536\" data-end=\"713\">\n<p class=\"\" data-start=\"538\" data-end=\"713\"><strong>K\u00e4ytt\u00e4j\u00e4yst\u00e4v\u00e4llinen muotoilu<\/strong>: Kaksi nopeusasetusta tarkkaa s\u00e4\u00e4t\u00f6\u00e4 varten ja liukumaton matto, joka pit\u00e4\u00e4 silppurin vakaana k\u00e4yt\u00f6n aikana.\u200b<\/p>\n<\/li>\n<li class=\"\" data-start=\"715\" data-end=\"817\">\n<p class=\"\" data-start=\"717\" data-end=\"817\"><strong>Helppo puhdistaa<\/strong>: Irrotettavien osien ansiosta puhdistaminen on helppoa, jotta silppuri on valmis seuraavaa k\u00e4ytt\u00f6\u00e4 varten.<\/p>\n<\/li>\n<\/ul>\n<p><img decoding=\"async\" class=\"size-full wp-image-14369 aligncenter\" src=\"https:\/\/keluvo.com\/template\/wp-content\/uploads\/sites\/5\/2025\/04\/main-image-3-2.jpeg\" alt=\"\" \/><\/p>\n<h2 style=\"text-align: center;\" data-start=\"824\" data-end=\"857\">\ud83d\udce6 Tuotetiedot<\/h2>\n<ul data-start=\"859\" data-end=\"1322\">\n<li class=\"\" data-start=\"859\" data-end=\"957\">\n<p class=\"\" data-start=\"861\" data-end=\"957\">Teho: 500W\u200b<\/p>\n<\/li>\n<li class=\"\" data-start=\"859\" data-end=\"957\">\n<p class=\"\" data-start=\"861\" data-end=\"957\">Kapasiteetti: 2L\u200b<\/p>\n<\/li>\n<li class=\"\" data-start=\"859\" data-end=\"957\">\n<p class=\"\" data-start=\"861\" data-end=\"957\">Materiaali: Ruostumattomasta ter\u00e4ksest\u00e4 valmistettu kulho ja ter\u00e4t<\/p>\n<\/li>\n<li class=\"\" data-start=\"859\" data-end=\"957\">\n<p class=\"\" data-start=\"861\" data-end=\"957\">Nopeudet: 2.<span style=\"font-size: 16px; text-align: center;\">\u200b<\/span><\/p>\n<\/li>\n<\/ul>\n","protected":false},"excerpt":{"rendered":"<p>\ud83d\udd2aKeitti\u00f6si uusi paras yst\u00e4v\u00e4 Tee aterianvalmistuksesta helppoa s\u00e4hk\u00f6silppurimme avulla! T\u00e4m\u00e4 tehokas ja monipuolinen keitti\u00f6ty\u00f6kalu on t\u00e4ydellinen erilaisten ainesosien pilkkomiseen, jauhamiseen [&hellip;]<\/p>\n","protected":false},"featured_media":7483,"comment_status":"open","ping_status":"closed","template":"","meta":{"site-sidebar-layout":"default","site-content-layout":"","ast-site-content-layout":"default","site-content-style":"default","site-sidebar-style":"default","ast-global-header-display":"","ast-banner-title-visibility":"","ast-main-header-display":"","ast-hfb-above-header-display":"","ast-hfb-below-header-display":"","ast-hfb-mobile-header-display":"","site-post-title":"","ast-breadcrumbs-content":"","ast-featured-img":"","footer-sml-layout":"","theme-transparent-header-meta":"default","adv-header-id-meta":"","stick-header-meta":"","header-above-stick-meta":"","header-main-stick-meta":"","header-below-stick-meta":"","astra-migrate-meta-layouts":"set","ast-page-background-enabled":"default","ast-page-background-meta":{"desktop":{"background-color":"var(--ast-global-color-4)","background-image":"","background-repeat":"repeat","background-position":"center center","background-size":"auto","background-attachment":"scroll","background-type":"","background-media":"","overlay-type":"","overlay-color":"","overlay-opacity":"","overlay-gradient":""},"tablet":{"background-color":"","background-image":"","background-repeat":"repeat","background-position":"center center","background-size":"auto","background-attachment":"scroll","background-type":"","background-media":"","overlay-type":"","overlay-color":"","overlay-opacity":"","overlay-gradient":""},"mobile":{"background-color":"","background-image":"","background-repeat":"repeat","background-position":"center center","background-size":"auto","background-attachment":"scroll","background-type":"","background-media":"","overlay-type":"","overlay-color":"","overlay-opacity":"","overlay-gradient":""}},"ast-content-background-meta":{"desktop":{"background-color":"var(--ast-global-color-5)","background-image":"","background-repeat":"repeat","background-position":"center center","background-size":"auto","background-attachment":"scroll","background-type":"","background-media":"","overlay-type":"","overlay-color":"","overlay-opacity":"","overlay-gradient":""},"tablet":{"background-color":"var(--ast-global-color-5)","background-image":"","background-repeat":"repeat","background-position":"center center","background-size":"auto","background-attachment":"scroll","background-type":"","background-media":"","overlay-type":"","overlay-color":"","overlay-opacity":"","overlay-gradient":""},"mobile":{"background-color":"var(--ast-global-color-5)","background-image":"","background-repeat":"repeat","background-position":"center center","background-size":"auto","background-attachment":"scroll","background-type":"","background-media":"","overlay-type":"","overlay-color":"","overlay-opacity":"","overlay-gradient":""}}},"product_brand":[],"product_cat":[15],"product_tag":[],"class_list":{"0":"post-7488","1":"product","2":"type-product","3":"status-publish","4":"has-post-thumbnail","6":"product_cat-uncategorized","7":"desktop-align-left","8":"tablet-align-left","9":"mobile-align-left","11":"first","12":"instock","13":"shipping-taxable","14":"purchasable","15":"product-type-simple"},"_links":{"self":[{"href":"https:\/\/keluvo.com\/fi\/wp-json\/wp\/v2\/product\/7488","targetHints":{"allow":["GET"]}}],"collection":[{"href":"https:\/\/keluvo.com\/fi\/wp-json\/wp\/v2\/product"}],"about":[{"href":"https:\/\/keluvo.com\/fi\/wp-json\/wp\/v2\/types\/product"}],"replies":[{"embeddable":true,"href":"https:\/\/keluvo.com\/fi\/wp-json\/wp\/v2\/comments?post=7488"}],"wp:featuredmedia":[{"embeddable":true,"href":"https:\/\/keluvo.com\/fi\/wp-json\/wp\/v2\/media\/7483"}],"wp:attachment":[{"href":"https:\/\/keluvo.com\/fi\/wp-json\/wp\/v2\/media?parent=7488"}],"wp:term":[{"taxonomy":"product_brand","embeddable":true,"href":"https:\/\/keluvo.com\/fi\/wp-json\/wp\/v2\/product_brand?post=7488"},{"taxonomy":"product_cat","embeddable":true,"href":"https:\/\/keluvo.com\/fi\/wp-json\/wp\/v2\/product_cat?post=7488"},{"taxonomy":"product_tag","embeddable":true,"href":"https:\/\/keluvo.com\/fi\/wp-json\/wp\/v2\/product_tag?post=7488"}],"curies":[{"name":"wp","href":"https:\/\/api.w.org\/{rel}","templated":true}]}}