{"id":7482,"date":"2025-05-05T15:22:12","date_gmt":"2025-05-05T13:22:12","guid":{"rendered":"https:\/\/keluvo.com\/fi\/product\/kokoontaitettava-istuinkepi\/"},"modified":"2025-06-03T20:24:30","modified_gmt":"2025-06-03T18:24:30","slug":"kokoontaitettava-istuinkepi","status":"publish","type":"product","link":"https:\/\/keluvo.com\/fi\/product\/kokoontaitettava-istuinkepi\/","title":{"rendered":"Kokoontaitettava istuinkeppi"},"content":{"rendered":"<p style=\"text-align: center;\"><strong>\ud83d\udeb6\u200d\u2642\ufe0f Kevyt ja tukeva k\u00e4velykeppi, joka muuttuu nopeasti mukavaksi istuimeksi. \ud83e\ude91<\/strong><\/p>\n<h2 style=\"text-align: center;\">K\u00e4vele helposti, lep\u00e4\u00e4 mukavasti<\/h2>\n<p style=\"text-align: center;\">T\u00e4m\u00e4 2-in-1-k\u00e4velykeppi sopii erinomaisesti senioreille tai kaikille, jotka tarvitsevat lis\u00e4tukea. Kun olet v\u00e4synyt, taita se yksinkertaisesti vakaaksi istuimeksi. Se sopii erinomaisesti k\u00e4velylle, ostoksille tai jonoissa odotteluun.<\/p>\n<p><img decoding=\"async\" class=\"size-full wp-image-14981 aligncenter\" src=\"https:\/\/keluvo.com\/template\/wp-content\/uploads\/sites\/5\/2025\/04\/ezgif.com-gif-to-webp-converter.webp\" alt=\"\" \/><\/p>\n<h2 style=\"text-align: center;\">Vahva ja kest\u00e4v\u00e4, tukee jopa 120 kg!<\/h2>\n<p>\u2714 Kevyt muotoilu, helppo kuljettaa<\/p>\n<p>\u2714 Nopea taitto kepist\u00e4 istuimeksi<\/p>\n<p>\u2714 Mukava ote ja istuin pitk\u00e4\u00e4n k\u00e4ytt\u00f6\u00f6n<\/p>\n<p>\u2714 Liukumattomat jalat turvallisuuden takaamiseksi<\/p>\n<p><img decoding=\"async\" class=\"size-full wp-image-14982 aligncenter\" src=\"https:\/\/keluvo.com\/template\/wp-content\/uploads\/sites\/5\/2025\/04\/a4efc535-ffd9-4037-a818-180aea411b8a.webp\" alt=\"\" \/><\/p>\n<h2 style=\"text-align: center;\">Miten tulisi k\u00e4ytt\u00e4\u00e4 kokoontaitettavaa istuinkeppi\u00e4?<\/h2>\n<p style=\"text-align: center;\">Paina painiketta istuimen avaamiseksi. Istu alas, kun tarvitset lepoa. Taita se takaisin kepiksi, kun olet valmis l\u00e4htem\u00e4\u00e4n.<\/p>\n<h2 style=\"text-align: center;\">Mit\u00e4 Saat:<\/h2>\n<p style=\"text-align: center;\">Kun ostat t\u00e4m\u00e4n tuotteen, saat:<\/p>\n<ul>\n<li style=\"font-weight: 400;\"><span style=\"font-weight: 400;\">1 kokoontaitettavan istuinkepin<\/span><\/li>\n<\/ul>\n<p style=\"text-align: center;\">T\u00e4m\u00e4 keppi on valmistettu k\u00e4ytt\u00f6\u00f6n soveltuvasta alumiinista ja muovista. Istuinkeppi painaa noin 1,02 kg.<\/p>\n","protected":false},"excerpt":{"rendered":"<p>\ud83d\udeb6\u200d\u2642\ufe0f Kevyt ja tukeva k\u00e4velykeppi, joka muuttuu nopeasti mukavaksi istuimeksi. \ud83e\ude91 K\u00e4vele helposti, lep\u00e4\u00e4 mukavasti T\u00e4m\u00e4 2-in-1-k\u00e4velykeppi sopii erinomaisesti senioreille [&hellip;]<\/p>\n","protected":false},"featured_media":7479,"comment_status":"open","ping_status":"closed","template":"","meta":{"site-sidebar-layout":"default","site-content-layout":"","ast-site-content-layout":"default","site-content-style":"default","site-sidebar-style":"default","ast-global-header-display":"","ast-banner-title-visibility":"","ast-main-header-display":"","ast-hfb-above-header-display":"","ast-hfb-below-header-display":"","ast-hfb-mobile-header-display":"","site-post-title":"","ast-breadcrumbs-content":"","ast-featured-img":"","footer-sml-layout":"","theme-transparent-header-meta":"default","adv-header-id-meta":"","stick-header-meta":"","header-above-stick-meta":"","header-main-stick-meta":"","header-below-stick-meta":"","astra-migrate-meta-layouts":"set","ast-page-background-enabled":"default","ast-page-background-meta":{"desktop":{"background-color":"var(--ast-global-color-4)","background-image":"","background-repeat":"repeat","background-position":"center center","background-size":"auto","background-attachment":"scroll","background-type":"","background-media":"","overlay-type":"","overlay-color":"","overlay-opacity":"","overlay-gradient":""},"tablet":{"background-color":"","background-image":"","background-repeat":"repeat","background-position":"center center","background-size":"auto","background-attachment":"scroll","background-type":"","background-media":"","overlay-type":"","overlay-color":"","overlay-opacity":"","overlay-gradient":""},"mobile":{"background-color":"","background-image":"","background-repeat":"repeat","background-position":"center center","background-size":"auto","background-attachment":"scroll","background-type":"","background-media":"","overlay-type":"","overlay-color":"","overlay-opacity":"","overlay-gradient":""}},"ast-content-background-meta":{"desktop":{"background-color":"var(--ast-global-color-5)","background-image":"","background-repeat":"repeat","background-position":"center center","background-size":"auto","background-attachment":"scroll","background-type":"","background-media":"","overlay-type":"","overlay-color":"","overlay-opacity":"","overlay-gradient":""},"tablet":{"background-color":"var(--ast-global-color-5)","background-image":"","background-repeat":"repeat","background-position":"center center","background-size":"auto","background-attachment":"scroll","background-type":"","background-media":"","overlay-type":"","overlay-color":"","overlay-opacity":"","overlay-gradient":""},"mobile":{"background-color":"var(--ast-global-color-5)","background-image":"","background-repeat":"repeat","background-position":"center center","background-size":"auto","background-attachment":"scroll","background-type":"","background-media":"","overlay-type":"","overlay-color":"","overlay-opacity":"","overlay-gradient":""}}},"product_brand":[],"product_cat":[991],"product_tag":[],"class_list":{"0":"post-7482","1":"product","2":"type-product","3":"status-publish","4":"has-post-thumbnail","6":"product_cat-health-care-supplies","7":"desktop-align-left","8":"tablet-align-left","9":"mobile-align-left","11":"first","12":"instock","13":"shipping-taxable","14":"purchasable","15":"product-type-simple"},"_links":{"self":[{"href":"https:\/\/keluvo.com\/fi\/wp-json\/wp\/v2\/product\/7482","targetHints":{"allow":["GET"]}}],"collection":[{"href":"https:\/\/keluvo.com\/fi\/wp-json\/wp\/v2\/product"}],"about":[{"href":"https:\/\/keluvo.com\/fi\/wp-json\/wp\/v2\/types\/product"}],"replies":[{"embeddable":true,"href":"https:\/\/keluvo.com\/fi\/wp-json\/wp\/v2\/comments?post=7482"}],"wp:featuredmedia":[{"embeddable":true,"href":"https:\/\/keluvo.com\/fi\/wp-json\/wp\/v2\/media\/7479"}],"wp:attachment":[{"href":"https:\/\/keluvo.com\/fi\/wp-json\/wp\/v2\/media?parent=7482"}],"wp:term":[{"taxonomy":"product_brand","embeddable":true,"href":"https:\/\/keluvo.com\/fi\/wp-json\/wp\/v2\/product_brand?post=7482"},{"taxonomy":"product_cat","embeddable":true,"href":"https:\/\/keluvo.com\/fi\/wp-json\/wp\/v2\/product_cat?post=7482"},{"taxonomy":"product_tag","embeddable":true,"href":"https:\/\/keluvo.com\/fi\/wp-json\/wp\/v2\/product_tag?post=7482"}],"curies":[{"name":"wp","href":"https:\/\/api.w.org\/{rel}","templated":true}]}}