{"id":7247,"date":"2025-04-21T11:16:32","date_gmt":"2025-04-21T09:16:32","guid":{"rendered":"https:\/\/keluvo.com\/fi\/product\/hampaiden-korjausrakeet\/"},"modified":"2025-09-22T18:55:44","modified_gmt":"2025-09-22T15:55:44","slug":"hampaiden-korjausrakeet","status":"publish","type":"product","link":"https:\/\/keluvo.com\/fi\/product\/hampaiden-korjausrakeet\/","title":{"rendered":"Hampaiden korjauspalat"},"content":{"rendered":"<h2 style=\"text-align: center;\" data-start=\"40\" data-end=\"112\">\ud83e\uddb7 Nopea &amp; helppo v\u00e4liaikainen korjaus hymyyn<\/h2>\n<p class=\"\" style=\"text-align: center;\" data-start=\"114\" data-end=\"195\">Onko sinulla sattumalta lohjennut hammas tai aukko, jonka haluaisit peitt\u00e4\u00e4? Hampaiden korjauspalat tarjoavat nopean, yksinkertaisen ja turvallisen ratkaisun itsevarman hymysi palauttamiseen &#8211; ja kaikki t\u00e4m\u00e4 mukavasti kotonasi.<\/p>\n<p data-start=\"114\" data-end=\"195\"><img decoding=\"async\" class=\"size-full wp-image-14268 aligncenter\" src=\"https:\/\/keluvo.com\/template\/wp-content\/uploads\/sites\/5\/2025\/04\/main-image-4.jpg\" alt=\"\" \/><\/p>\n<h2 style=\"text-align: center;\" data-start=\"202\" data-end=\"249\">\u2705 Miksi valita hampaiden korjauspalat?<\/h2>\n<ul data-start=\"251\" data-end=\"801\">\n<li class=\"\" data-start=\"251\" data-end=\"365\">\n<p class=\"\" data-start=\"253\" data-end=\"365\"><strong>Hymyn v\u00e4lit\u00f6n parantaminen<\/strong>: Muotoiltavat palat t\u00e4ytt\u00e4v\u00e4t puuttuvat tai rikkin\u00e4iset hampaat ja tarjoavat luonnollisen n\u00e4k\u00f6isen v\u00e4liaikaisen korjauksen.\u200b<\/p>\n<\/li>\n<li class=\"\" data-start=\"367\" data-end=\"481\">\n<p class=\"\" data-start=\"369\" data-end=\"481\"><strong>K\u00e4ytt\u00e4j\u00e4yst\u00e4v\u00e4llinen<\/strong>: Ei vaadi erikoisty\u00f6kaluja. L\u00e4mmit\u00e4 vain palat kuumassa vedess\u00e4, muotoile ne ja aseta vaurioituneelle alueelle.\u200b<\/p>\n<\/li>\n<li class=\"\" data-start=\"483\" data-end=\"588\">\n<p class=\"\" data-start=\"485\" data-end=\"588\"><strong>Turvallinen &amp; Myrkyt\u00f6n<\/strong>: Valmistettu elintarvikekelpoisesta muovimateriaalista, mik\u00e4 takaa turvallisuuden my\u00f6s jos palat vahingossa tulee nielty\u00e4.\u200b<\/p>\n<\/li>\n<li class=\"\" data-start=\"590\" data-end=\"693\">\n<p class=\"\" data-start=\"592\" data-end=\"693\"><strong>Kest\u00e4v\u00e4<\/strong>: Kun pala on asetettu, se voi pysy\u00e4 paikallaan pitk\u00e4\u00e4n, jolloin hymysi pysyy luonnollisena.<\/p>\n<\/li>\n<li class=\"\" data-start=\"695\" data-end=\"801\">\n<p class=\"\" data-start=\"697\" data-end=\"801\"><strong>Monipuolinen<\/strong>: Ihanteellinen v\u00e4liaikaiseen kiinnitykseen valokuvausten, haastattelujen tai sosiaalisten tapahtumien aikana.<\/p>\n<\/li>\n<\/ul>\n<p><img decoding=\"async\" class=\"size-full wp-image-14271 aligncenter\" src=\"https:\/\/keluvo.com\/template\/wp-content\/uploads\/sites\/5\/2025\/04\/4131850a-bd4a-475f-8a08-ed024a239cc9.webp\" alt=\"\" \/><\/p>\n<h2 style=\"text-align: center;\" data-start=\"808\" data-end=\"834\">\ud83d\udce6 Tuotetiedot<\/h2>\n<ul data-start=\"836\" data-end=\"1463\">\n<li class=\"\" data-start=\"943\" data-end=\"1044\">\n<p class=\"\" data-start=\"945\" data-end=\"1044\"><strong>Kapasiteetti<\/strong>: <span class=\"relative -mx-px my-[-0.2rem] rounded px-px py-[0.2rem] transition-colors duration-100 ease-in-out\">30ml<\/span>\u200b<\/p>\n<\/li>\n<li class=\"\" data-start=\"1046\" data-end=\"1147\">\n<p class=\"\" data-start=\"1048\" data-end=\"1147\"><strong>Materiaali<\/strong>: Elintarvikemuovi\u200b<\/p>\n<\/li>\n<li class=\"\" data-start=\"1149\" data-end=\"1252\">\n<p class=\"\" data-start=\"1151\" data-end=\"1252\"><strong>S\u00e4ilyvyysaika<\/strong>: 3 vuotta<\/p>\n<\/li>\n<li class=\"\" data-start=\"1254\" data-end=\"1352\">\n<p class=\"\" data-start=\"1256\" data-end=\"1352\"><strong>V\u00e4ri<\/strong>: Valkoinen (voidaan sovittaa hampaiden v\u00e4riin liottamalla teess\u00e4)<\/p>\n<\/li>\n<\/ul>\n","protected":false},"excerpt":{"rendered":"<p>\ud83e\uddb7 Nopea &amp; helppo v\u00e4liaikainen korjaus hymyyn Onko sinulla sattumalta lohjennut hammas tai aukko, jonka haluaisit peitt\u00e4\u00e4? Hampaiden korjauspalat tarjoavat [&hellip;]<\/p>\n","protected":false},"featured_media":7243,"comment_status":"open","ping_status":"closed","template":"","meta":{"site-sidebar-layout":"default","site-content-layout":"","ast-site-content-layout":"default","site-content-style":"default","site-sidebar-style":"default","ast-global-header-display":"","ast-banner-title-visibility":"","ast-main-header-display":"","ast-hfb-above-header-display":"","ast-hfb-below-header-display":"","ast-hfb-mobile-header-display":"","site-post-title":"","ast-breadcrumbs-content":"","ast-featured-img":"","footer-sml-layout":"","theme-transparent-header-meta":"default","adv-header-id-meta":"","stick-header-meta":"","header-above-stick-meta":"","header-main-stick-meta":"","header-below-stick-meta":"","astra-migrate-meta-layouts":"set","ast-page-background-enabled":"default","ast-page-background-meta":{"desktop":{"background-color":"var(--ast-global-color-4)","background-image":"","background-repeat":"repeat","background-position":"center center","background-size":"auto","background-attachment":"scroll","background-type":"","background-media":"","overlay-type":"","overlay-color":"","overlay-opacity":"","overlay-gradient":""},"tablet":{"background-color":"","background-image":"","background-repeat":"repeat","background-position":"center center","background-size":"auto","background-attachment":"scroll","background-type":"","background-media":"","overlay-type":"","overlay-color":"","overlay-opacity":"","overlay-gradient":""},"mobile":{"background-color":"","background-image":"","background-repeat":"repeat","background-position":"center center","background-size":"auto","background-attachment":"scroll","background-type":"","background-media":"","overlay-type":"","overlay-color":"","overlay-opacity":"","overlay-gradient":""}},"ast-content-background-meta":{"desktop":{"background-color":"var(--ast-global-color-5)","background-image":"","background-repeat":"repeat","background-position":"center center","background-size":"auto","background-attachment":"scroll","background-type":"","background-media":"","overlay-type":"","overlay-color":"","overlay-opacity":"","overlay-gradient":""},"tablet":{"background-color":"var(--ast-global-color-5)","background-image":"","background-repeat":"repeat","background-position":"center center","background-size":"auto","background-attachment":"scroll","background-type":"","background-media":"","overlay-type":"","overlay-color":"","overlay-opacity":"","overlay-gradient":""},"mobile":{"background-color":"var(--ast-global-color-5)","background-image":"","background-repeat":"repeat","background-position":"center center","background-size":"auto","background-attachment":"scroll","background-type":"","background-media":"","overlay-type":"","overlay-color":"","overlay-opacity":"","overlay-gradient":""}}},"product_brand":[],"product_cat":[992],"product_tag":[],"class_list":{"0":"post-7247","1":"product","2":"type-product","3":"status-publish","4":"has-post-thumbnail","6":"product_cat-beauty-and-hygiene-products","7":"pa_46510_ai5g3yar-1-kpl","8":"pa_46510_ai5g3yar-2-kpl","9":"pa_46510_ai5g3yar-4-kpl","10":"desktop-align-left","11":"tablet-align-left","12":"mobile-align-left","14":"first","15":"instock","16":"shipping-taxable","17":"purchasable","18":"product-type-variable"},"_links":{"self":[{"href":"https:\/\/keluvo.com\/fi\/wp-json\/wp\/v2\/product\/7247","targetHints":{"allow":["GET"]}}],"collection":[{"href":"https:\/\/keluvo.com\/fi\/wp-json\/wp\/v2\/product"}],"about":[{"href":"https:\/\/keluvo.com\/fi\/wp-json\/wp\/v2\/types\/product"}],"replies":[{"embeddable":true,"href":"https:\/\/keluvo.com\/fi\/wp-json\/wp\/v2\/comments?post=7247"}],"wp:featuredmedia":[{"embeddable":true,"href":"https:\/\/keluvo.com\/fi\/wp-json\/wp\/v2\/media\/7243"}],"wp:attachment":[{"href":"https:\/\/keluvo.com\/fi\/wp-json\/wp\/v2\/media?parent=7247"}],"wp:term":[{"taxonomy":"product_brand","embeddable":true,"href":"https:\/\/keluvo.com\/fi\/wp-json\/wp\/v2\/product_brand?post=7247"},{"taxonomy":"product_cat","embeddable":true,"href":"https:\/\/keluvo.com\/fi\/wp-json\/wp\/v2\/product_cat?post=7247"},{"taxonomy":"product_tag","embeddable":true,"href":"https:\/\/keluvo.com\/fi\/wp-json\/wp\/v2\/product_tag?post=7247"}],"curies":[{"name":"wp","href":"https:\/\/api.w.org\/{rel}","templated":true}]}}