{"id":7201,"date":"2025-04-16T15:48:52","date_gmt":"2025-04-16T13:48:52","guid":{"rendered":"https:\/\/keluvo.com\/fi\/product\/saadettava-asennon-korjausvyo-2\/"},"modified":"2025-09-13T13:28:27","modified_gmt":"2025-09-13T10:28:27","slug":"saadettava-asennon-korjausvyo","status":"publish","type":"product","link":"https:\/\/keluvo.com\/fi\/product\/saadettava-asennon-korjausvyo\/","title":{"rendered":"S\u00e4\u00e4dett\u00e4v\u00e4 asennon korjausvy\u00f6"},"content":{"rendered":"<h2 style=\"text-align: center;\">\ud83c\udfaf Istu suoremmin, seiso pitemp\u00e4\u00e4n, tunne olosi paremmaksi!<\/h2>\n<p style=\"text-align: center;\"><span style=\"font-weight: 400;\">Oletko kyll\u00e4stynyt selk\u00e4kipuihin tai notkisteluun?<\/span><\/p>\n<p style=\"text-align: center;\"><span style=\"font-weight: 400;\">S\u00e4\u00e4dett\u00e4v\u00e4 asennonkorjausvy\u00f6 auttaa sinua pysym\u00e4\u00e4n pystyss\u00e4, mukavana ja itsevarmana. Se on pehme\u00e4, hengitt\u00e4v\u00e4 ja helppo k\u00e4ytt\u00e4\u00e4 koko p\u00e4iv\u00e4n &#8211; kukaan ei edes huomaa, ett\u00e4 k\u00e4yt\u00e4t sit\u00e4.<\/span><\/p>\n<p><img decoding=\"async\" class=\"size-full wp-image-14703 aligncenter\" src=\"https:\/\/keluvo.com\/template\/wp-content\/uploads\/sites\/5\/2024\/12\/fb03e20f-7d09-4e60-a430-9b71174ee40e-ezgif.com-optiwebp.webp\" alt=\"\" \/><\/p>\n<h2 style=\"text-align: center;\">\ud83d\udcaa Tunne ero<\/h2>\n<p style=\"text-align: center;\"><span style=\"font-weight: 400;\">T\u00e4m\u00e4n vy\u00f6n k\u00e4ytt\u00e4minen auttaa sinua kehitt\u00e4m\u00e4\u00e4n parempia asentotottumuksia. Ajan my\u00f6t\u00e4 lihaksesi muistavat oikean asennon my\u00f6s ilman vy\u00f6t\u00e4.<\/span><\/p>\n<p><img decoding=\"async\" class=\"alignnone size-medium wp-image-5061 aligncenter\" src=\"https:\/\/keluvo.com\/template\/wp-content\/uploads\/sites\/5\/2024\/12\/Afb0d9e63af814f5f817dca7eafaae795f.jpg_960x960q75.jpg_.jpeg\" alt=\"\" \/><\/p>\n<h2 style=\"text-align: center;\">\u2705 Miksi tulet rakastamaan sit\u00e4:<\/h2>\n<ul>\n<li style=\"font-weight: 400;\"><span style=\"font-weight: 400;\">Tukee selk\u00e4\u00e4si ja vy\u00f6t\u00e4r\u00f6\u00e4si parantaaksesi ryhti\u00e4si<\/span><\/li>\n<li style=\"font-weight: 400;\"><span style=\"font-weight: 400;\">Pehme\u00e4, hengitt\u00e4v\u00e4 kangas pit\u00e4\u00e4 sinut viile\u00e4n\u00e4 ja mukavana<\/span><\/li>\n<li style=\"font-weight: 400;\"><span style=\"font-weight: 400;\">Onton vaahtomuovin muotoilu pysyy n\u00e4kym\u00e4tt\u00f6miss\u00e4 vaatteiden alla<\/span><\/li>\n<li style=\"font-weight: 400;\"><span style=\"font-weight: 400;\">S\u00e4\u00e4dett\u00e4v\u00e4t tarranauhahihnat t\u00e4ydelliseen istuvuuteen<\/span><\/li>\n<li style=\"font-weight: 400;\"><span style=\"font-weight: 400;\">Sopii kaikille vartalotyypeille pienest\u00e4 plus-kokoon (koot S-XXL)<\/span><\/li>\n<li style=\"font-weight: 400;\"><span style=\"font-weight: 400;\">V\u00e4hent\u00e4\u00e4 selk\u00e4kipuja, olkap\u00e4iden rasitusta ja notkumista<\/span><\/li>\n<li><span style=\"font-weight: 400;\">Sopii hyvin ty\u00f6h\u00f6n, kouluun tai p\u00e4ivitt\u00e4iseen k\u00e4ytt\u00f6\u00f6n<\/span><span style=\"font-weight: 400;\"><br \/>\n<\/span><\/li>\n<\/ul>\n<h2 style=\"text-align: center;\">\ud83d\udce6 Mit\u00e4 pakkauksessa on:<\/h2>\n<ul>\n<li style=\"font-weight: 400;\"><span style=\"font-weight: 400;\">1 x s\u00e4\u00e4dett\u00e4v\u00e4 asennonkorjausvy\u00f6 (materiaali: hengitt\u00e4v\u00e4, kevyt kangas vaahtomuovilla pehmustettuna)<\/span><span style=\"font-weight: 400;\"><br \/>\n<\/span><\/li>\n<\/ul>\n","protected":false},"excerpt":{"rendered":"<p>\ud83c\udfaf Istu suoremmin, seiso pitemp\u00e4\u00e4n, tunne olosi paremmaksi! Oletko kyll\u00e4stynyt selk\u00e4kipuihin tai notkisteluun? S\u00e4\u00e4dett\u00e4v\u00e4 asennonkorjausvy\u00f6 auttaa sinua pysym\u00e4\u00e4n pystyss\u00e4, mukavana [&hellip;]<\/p>\n","protected":false},"featured_media":7197,"comment_status":"open","ping_status":"closed","template":"","meta":{"site-sidebar-layout":"default","site-content-layout":"","ast-site-content-layout":"default","site-content-style":"default","site-sidebar-style":"default","ast-global-header-display":"","ast-banner-title-visibility":"","ast-main-header-display":"","ast-hfb-above-header-display":"","ast-hfb-below-header-display":"","ast-hfb-mobile-header-display":"","site-post-title":"","ast-breadcrumbs-content":"","ast-featured-img":"","footer-sml-layout":"","theme-transparent-header-meta":"default","adv-header-id-meta":"","stick-header-meta":"","header-above-stick-meta":"","header-main-stick-meta":"","header-below-stick-meta":"","astra-migrate-meta-layouts":"set","ast-page-background-enabled":"default","ast-page-background-meta":{"desktop":{"background-color":"var(--ast-global-color-4)","background-image":"","background-repeat":"repeat","background-position":"center center","background-size":"auto","background-attachment":"scroll","background-type":"","background-media":"","overlay-type":"","overlay-color":"","overlay-opacity":"","overlay-gradient":""},"tablet":{"background-color":"","background-image":"","background-repeat":"repeat","background-position":"center center","background-size":"auto","background-attachment":"scroll","background-type":"","background-media":"","overlay-type":"","overlay-color":"","overlay-opacity":"","overlay-gradient":""},"mobile":{"background-color":"","background-image":"","background-repeat":"repeat","background-position":"center center","background-size":"auto","background-attachment":"scroll","background-type":"","background-media":"","overlay-type":"","overlay-color":"","overlay-opacity":"","overlay-gradient":""}},"ast-content-background-meta":{"desktop":{"background-color":"var(--ast-global-color-5)","background-image":"","background-repeat":"repeat","background-position":"center center","background-size":"auto","background-attachment":"scroll","background-type":"","background-media":"","overlay-type":"","overlay-color":"","overlay-opacity":"","overlay-gradient":""},"tablet":{"background-color":"var(--ast-global-color-5)","background-image":"","background-repeat":"repeat","background-position":"center center","background-size":"auto","background-attachment":"scroll","background-type":"","background-media":"","overlay-type":"","overlay-color":"","overlay-opacity":"","overlay-gradient":""},"mobile":{"background-color":"var(--ast-global-color-5)","background-image":"","background-repeat":"repeat","background-position":"center center","background-size":"auto","background-attachment":"scroll","background-type":"","background-media":"","overlay-type":"","overlay-color":"","overlay-opacity":"","overlay-gradient":""}}},"product_brand":[],"product_cat":[991],"product_tag":[],"class_list":{"0":"post-7201","1":"product","2":"type-product","3":"status-publish","4":"has-post-thumbnail","6":"product_cat-health-care-supplies","7":"pa_46730_9cwjlok0-s","8":"pa_46730_9cwjlok0-m","9":"pa_46730_9cwjlok0-l","10":"pa_46730_9cwjlok0-xl","11":"pa_46730_9cwjlok0-xxl","12":"desktop-align-left","13":"tablet-align-left","14":"mobile-align-left","16":"first","17":"instock","18":"shipping-taxable","19":"purchasable","20":"product-type-variable"},"_links":{"self":[{"href":"https:\/\/keluvo.com\/fi\/wp-json\/wp\/v2\/product\/7201","targetHints":{"allow":["GET"]}}],"collection":[{"href":"https:\/\/keluvo.com\/fi\/wp-json\/wp\/v2\/product"}],"about":[{"href":"https:\/\/keluvo.com\/fi\/wp-json\/wp\/v2\/types\/product"}],"replies":[{"embeddable":true,"href":"https:\/\/keluvo.com\/fi\/wp-json\/wp\/v2\/comments?post=7201"}],"wp:featuredmedia":[{"embeddable":true,"href":"https:\/\/keluvo.com\/fi\/wp-json\/wp\/v2\/media\/7197"}],"wp:attachment":[{"href":"https:\/\/keluvo.com\/fi\/wp-json\/wp\/v2\/media?parent=7201"}],"wp:term":[{"taxonomy":"product_brand","embeddable":true,"href":"https:\/\/keluvo.com\/fi\/wp-json\/wp\/v2\/product_brand?post=7201"},{"taxonomy":"product_cat","embeddable":true,"href":"https:\/\/keluvo.com\/fi\/wp-json\/wp\/v2\/product_cat?post=7201"},{"taxonomy":"product_tag","embeddable":true,"href":"https:\/\/keluvo.com\/fi\/wp-json\/wp\/v2\/product_tag?post=7201"}],"curies":[{"name":"wp","href":"https:\/\/api.w.org\/{rel}","templated":true}]}}