{"id":7188,"date":"2025-04-16T14:05:05","date_gmt":"2025-04-16T12:05:05","guid":{"rendered":"https:\/\/keluvo.com\/fi\/product\/silikoninen-suihkuharja-2\/"},"modified":"2025-09-15T17:29:34","modified_gmt":"2025-09-15T14:29:34","slug":"silikoninen-suihkuharja","status":"publish","type":"product","link":"https:\/\/keluvo.com\/fi\/product\/silikoninen-suihkuharja\/","title":{"rendered":"Silikoninen suihkuharja"},"content":{"rendered":"<h2 style=\"text-align: center;\" data-start=\"0\" data-end=\"30\">\ud83d\udec1 Kuori, hiero ja rentoudu<\/h2>\n<p style=\"text-align: center;\" data-start=\"31\" data-end=\"263\">Silikonisuihkuharjalla on pehme\u00e4 mutta tehokas rakenne, joka auttaa poistamaan likaa ja kuollutta ihoa. Sen joustavat harjakset luovat runsaan vaahdon virkist\u00e4v\u00e4\u00e4 suihkukokemusta varten. T\u00e4ydellinen p\u00e4ivitt\u00e4iseen puhdistukseen ihoa \u00e4rsytt\u00e4m\u00e4tt\u00e4.<\/p>\n<p data-start=\"31\" data-end=\"263\"><img decoding=\"async\" class=\"size-full wp-image-14698 aligncenter\" src=\"https:\/\/keluvo.com\/template\/wp-content\/uploads\/sites\/5\/2025\/02\/siliconeshowerbrushvideo-ezgif.com-video-to-webp-converter.webp\" alt=\"\" \/><\/p>\n<h2 style=\"text-align: center;\">\ud83e\uddfd Enemm\u00e4n kuin pelkk\u00e4 harja<\/h2>\n<p style=\"text-align: center;\" data-start=\"31\" data-end=\"263\"><span style=\"font-weight: 400;\">Yksi sivussa on silikoniharjakset, jotka vaahtoavat nopeasti ja puhdistavat syv\u00e4sti.<\/span><span style=\"font-weight: 400;\"><br \/>\n<\/span><span style=\"font-weight: 400;\">Toisella puolella on hell\u00e4varaiset hierontakuopat, jotka auttavat kuorimaan ja rentouttamaan lihaksia.<\/span><\/p>\n<p><img decoding=\"async\" class=\"alignnone size-medium wp-image-11781 aligncenter\" src=\"https:\/\/keluvo.com\/template\/wp-content\/uploads\/sites\/5\/2025\/02\/S2f034842e3344a868048b34d5aea4340E.jpeg\" alt=\"\" \/><\/p>\n<h2 style=\"text-align: center;\">\u2705 Miksi tulet rakastamaan sit\u00e4:<\/h2>\n<ul>\n<li><span style=\"font-weight: 400;\">Pehme\u00e4 silikoni on hell\u00e4varainen ihollesi<\/span><\/li>\n<li style=\"font-weight: 400;\"><span style=\"font-weight: 400;\">Pitk\u00e4 60 cm:n muotoilu auttaa saavuttamaan koko sel\u00e4n<\/span><\/li>\n<li style=\"font-weight: 400;\"><span style=\"font-weight: 400;\">Kaksi sivua hankaamiseen ja hieromiseen<\/span><\/li>\n<li style=\"font-weight: 400;\"><span style=\"font-weight: 400;\">T\u00e4ydellinen aikuisille, lapsille ja senioreille<\/span><\/li>\n<li style=\"font-weight: 400;\"><span style=\"font-weight: 400;\">Vahvistaa verenkiertoa ja auttaa ihoasi tuntumaan raikkaalta<\/span><\/li>\n<li style=\"font-weight: 400;\"><span style=\"font-weight: 400;\">Liukumattomat kahvat helpottavat pit\u00e4mist\u00e4 ja k\u00e4ytt\u00f6\u00e4<\/span><\/li>\n<li style=\"text-align: left;\"><span style=\"font-weight: 400;\">Sis\u00e4lt\u00e4\u00e4 koukun, jotta voit ripustaa sen k\u00e4yt\u00f6n j\u00e4lkeen<\/span><span style=\"font-weight: 400;\"><br \/>\n<\/span><\/li>\n<\/ul>\n<h2 style=\"text-align: center;\" data-start=\"265\" data-end=\"292\"><img decoding=\"async\" class=\"alignnone size-medium wp-image-11783 aligncenter\" style=\"font-size: 16px; font-style: inherit; font-weight: inherit;\" src=\"https:\/\/keluvo.com\/template\/wp-content\/uploads\/sites\/5\/2025\/02\/S65bf769a4690459caae00baf6b0a5aa6L.jpg_960x960q75.jpg_.jpeg\" alt=\"\" \/><\/h2>\n<h2 style=\"text-align: center;\">\ud83d\udce6 Mit\u00e4 pakkauksessa on:<\/h2>\n<ul>\n<li style=\"font-weight: 400;\"><span style=\"font-weight: 400;\">1 x silikoninen suihkuharja (70 cm)<\/span><\/li>\n<\/ul>\n","protected":false},"excerpt":{"rendered":"<p>\ud83d\udec1 Kuori, hiero ja rentoudu Silikonisuihkuharjalla on pehme\u00e4 mutta tehokas rakenne, joka auttaa poistamaan likaa ja kuollutta ihoa. Sen joustavat [&hellip;]<\/p>\n","protected":false},"featured_media":7184,"comment_status":"open","ping_status":"closed","template":"","meta":{"site-sidebar-layout":"default","site-content-layout":"","ast-site-content-layout":"default","site-content-style":"default","site-sidebar-style":"default","ast-global-header-display":"","ast-banner-title-visibility":"","ast-main-header-display":"","ast-hfb-above-header-display":"","ast-hfb-below-header-display":"","ast-hfb-mobile-header-display":"","site-post-title":"","ast-breadcrumbs-content":"","ast-featured-img":"","footer-sml-layout":"","theme-transparent-header-meta":"default","adv-header-id-meta":"","stick-header-meta":"","header-above-stick-meta":"","header-main-stick-meta":"","header-below-stick-meta":"","astra-migrate-meta-layouts":"set","ast-page-background-enabled":"default","ast-page-background-meta":{"desktop":{"background-color":"var(--ast-global-color-4)","background-image":"","background-repeat":"repeat","background-position":"center center","background-size":"auto","background-attachment":"scroll","background-type":"","background-media":"","overlay-type":"","overlay-color":"","overlay-opacity":"","overlay-gradient":""},"tablet":{"background-color":"","background-image":"","background-repeat":"repeat","background-position":"center center","background-size":"auto","background-attachment":"scroll","background-type":"","background-media":"","overlay-type":"","overlay-color":"","overlay-opacity":"","overlay-gradient":""},"mobile":{"background-color":"","background-image":"","background-repeat":"repeat","background-position":"center center","background-size":"auto","background-attachment":"scroll","background-type":"","background-media":"","overlay-type":"","overlay-color":"","overlay-opacity":"","overlay-gradient":""}},"ast-content-background-meta":{"desktop":{"background-color":"var(--ast-global-color-5)","background-image":"","background-repeat":"repeat","background-position":"center center","background-size":"auto","background-attachment":"scroll","background-type":"","background-media":"","overlay-type":"","overlay-color":"","overlay-opacity":"","overlay-gradient":""},"tablet":{"background-color":"var(--ast-global-color-5)","background-image":"","background-repeat":"repeat","background-position":"center center","background-size":"auto","background-attachment":"scroll","background-type":"","background-media":"","overlay-type":"","overlay-color":"","overlay-opacity":"","overlay-gradient":""},"mobile":{"background-color":"var(--ast-global-color-5)","background-image":"","background-repeat":"repeat","background-position":"center center","background-size":"auto","background-attachment":"scroll","background-type":"","background-media":"","overlay-type":"","overlay-color":"","overlay-opacity":"","overlay-gradient":""}}},"product_brand":[],"product_cat":[993],"product_tag":[],"class_list":{"0":"post-7188","1":"product","2":"type-product","3":"status-publish","4":"has-post-thumbnail","6":"product_cat-footwear-accessories","7":"pa_19172_omzmtw2k-sininen","8":"pa_19172_omzmtw2k-vaaleanpunainen","9":"pa_19172_omzmtw2k-vihrea","10":"pa_19172_omzmtw2k-violetti","11":"desktop-align-left","12":"tablet-align-left","13":"mobile-align-left","15":"first","16":"instock","17":"shipping-taxable","18":"purchasable","19":"product-type-variable"},"_links":{"self":[{"href":"https:\/\/keluvo.com\/fi\/wp-json\/wp\/v2\/product\/7188","targetHints":{"allow":["GET"]}}],"collection":[{"href":"https:\/\/keluvo.com\/fi\/wp-json\/wp\/v2\/product"}],"about":[{"href":"https:\/\/keluvo.com\/fi\/wp-json\/wp\/v2\/types\/product"}],"replies":[{"embeddable":true,"href":"https:\/\/keluvo.com\/fi\/wp-json\/wp\/v2\/comments?post=7188"}],"wp:featuredmedia":[{"embeddable":true,"href":"https:\/\/keluvo.com\/fi\/wp-json\/wp\/v2\/media\/7184"}],"wp:attachment":[{"href":"https:\/\/keluvo.com\/fi\/wp-json\/wp\/v2\/media?parent=7188"}],"wp:term":[{"taxonomy":"product_brand","embeddable":true,"href":"https:\/\/keluvo.com\/fi\/wp-json\/wp\/v2\/product_brand?post=7188"},{"taxonomy":"product_cat","embeddable":true,"href":"https:\/\/keluvo.com\/fi\/wp-json\/wp\/v2\/product_cat?post=7188"},{"taxonomy":"product_tag","embeddable":true,"href":"https:\/\/keluvo.com\/fi\/wp-json\/wp\/v2\/product_tag?post=7188"}],"curies":[{"name":"wp","href":"https:\/\/api.w.org\/{rel}","templated":true}]}}