{"id":7182,"date":"2025-04-16T10:55:57","date_gmt":"2025-04-16T08:55:57","guid":{"rendered":"https:\/\/keluvo.com\/fi\/product\/muovin-kunnostusaine-kiillotusaine-2\/"},"modified":"2025-09-03T12:41:02","modified_gmt":"2025-09-03T09:41:02","slug":"muovin-kunnostusaine-kiillotusaine","status":"publish","type":"product","link":"https:\/\/keluvo.com\/fi\/product\/muovin-kunnostusaine-kiillotusaine\/","title":{"rendered":"Muovin kunnostusaine kiillotusaine"},"content":{"rendered":"<h2 style=\"text-align: center\">\u2728 Se Saa Muovin N\u00e4ytt\u00e4m\u00e4\u00e4n Kuin Uudelta!<\/h2>\n<p style=\"text-align: center\">Muovin kunnostava kiillotusaine on suunniteltu her\u00e4tt\u00e4m\u00e4\u00e4n haalistuneet auton muovit henkiin. Se palauttaa alkuper\u00e4isen syv\u00e4n mustan kiillon ja saa pinnat n\u00e4ytt\u00e4m\u00e4\u00e4n j\u00e4lleen raikkailta ja puhtailta. T\u00e4ydellinen puskureille, verhoiluille ja muille ulko-osille.<\/p>\n<p><img decoding=\"async\" class=\"size-full wp-image-14596 aligncenter\" src=\"https:\/\/keluvo.com\/template\/wp-content\/uploads\/sites\/5\/2024\/12\/plasticrestorervideo-ezgif.com-video-to-webp-converter.webp\" alt=\"\" \/><\/p>\n<h2 style=\"text-align: center\">\ud83d\udee1 Pitk\u00e4kestoinen Suoja<\/h2>\n<p style=\"text-align: center\">T\u00e4m\u00e4 tuote ei vain kiillota vaan my\u00f6s suojaa. Se luo kest\u00e4v\u00e4n pinnoitteen, joka suojaa muovipintoja haalistumiselta, halkeilulta ja UV-vaurioilta. Pid\u00e4 autosi upean n\u00e4k\u00f6isen\u00e4 pidemp\u00e4\u00e4n.<\/p>\n<p><img decoding=\"async\" class=\"size-medium wp-image-5131 aligncenter\" src=\"https:\/\/keluvo.com\/template\/wp-content\/uploads\/sites\/5\/2024\/12\/Sb437c8c7408441d78340be2f3b3a8084U.jpeg\" alt=\"\" \/><\/p>\n<h2 style=\"text-align: center\" data-start=\"764\" data-end=\"782\">\ud83d\udee0 N\u00e4in K\u00e4yt\u00e4t:<\/h2>\n<ol data-start=\"784\" data-end=\"957\">\n<li class=\"\" data-start=\"784\" data-end=\"826\">\n<p class=\"\" data-start=\"787\" data-end=\"826\">Puhdista pinta, jonka haluat kunnostaa<\/p>\n<\/li>\n<li class=\"\" data-start=\"827\" data-end=\"871\">\n<p class=\"\" data-start=\"830\" data-end=\"871\">Pane muutama tippa kiillotusaineita sienelle<\/p>\n<\/li>\n<li class=\"\" data-start=\"872\" data-end=\"908\">\n<p class=\"\" data-start=\"875\" data-end=\"908\">Jaa se tasaisesti pinnalle<\/p>\n<\/li>\n<li class=\"\" data-start=\"909\" data-end=\"957\">\n<p class=\"\" data-start=\"912\" data-end=\"957\">J\u00e4t\u00e4 kuivumaan ja nauti raikkaasta, kiilt\u00e4v\u00e4st\u00e4 ulkon\u00e4\u00f6st\u00e4<\/p>\n<\/li>\n<\/ol>\n<p><img decoding=\"async\" class=\"size-full wp-image-14608 aligncenter\" src=\"https:\/\/keluvo.com\/template\/wp-content\/uploads\/sites\/5\/2024\/12\/Sc3e98ad4ad8041e794adc01be6a78a451.png\" alt=\"\" \/><\/p>\n<h2 style=\"text-align: center\" data-start=\"318\" data-end=\"343\">\u2705 Miksi Tulet Rakastamaan Sit\u00e4:<\/h2>\n<ul data-start=\"345\" data-end=\"643\">\n<li class=\"\" data-start=\"345\" data-end=\"381\">\n<p class=\"\" data-start=\"347\" data-end=\"381\">Saa vanhan muovin n\u00e4ytt\u00e4m\u00e4\u00e4n upouudelta<\/p>\n<\/li>\n<li class=\"\" data-start=\"382\" data-end=\"410\">\n<p class=\"\" data-start=\"384\" data-end=\"410\">Toimii vain yhdell\u00e4 pyyhk\u00e4isyll\u00e4<\/p>\n<\/li>\n<li class=\"\" data-start=\"411\" data-end=\"457\">\n<p class=\"\" data-start=\"413\" data-end=\"457\">Pitk\u00e4kestoinen suoja jopa 6 kuukauden ajan<\/p>\n<\/li>\n<li class=\"\" data-start=\"458\" data-end=\"507\">\n<p class=\"\" data-start=\"460\" data-end=\"507\">Helppoo haalistumista, kellastumista ja halkeilua<\/p>\n<\/li>\n<li class=\"\" data-start=\"508\" data-end=\"547\">\n<p class=\"\" data-start=\"510\" data-end=\"547\">Se antaa syv\u00e4n mustan tekstuurin ja kiillon<\/p>\n<\/li>\n<li class=\"\" data-start=\"548\" data-end=\"595\">\n<p class=\"\" data-start=\"550\" data-end=\"595\">Turvallinen muoville, kumille, nahalle ja muullekin<\/p>\n<\/li>\n<li class=\"\" data-start=\"596\" data-end=\"643\">\n<p class=\"\" data-start=\"598\" data-end=\"643\">Mukava auton sis\u00e4tiloihin, verhoiluihin ja puskureihin<\/p>\n<\/li>\n<\/ul>\n<h2 style=\"text-align: center\" data-start=\"650\" data-end=\"683\">\ud83d\udce6 Mit\u00e4 Paketissa On:<\/h2>\n<ul data-start=\"685\" data-end=\"757\">\n<li class=\"\" data-start=\"685\" data-end=\"731\">\n<p class=\"\" data-start=\"687\" data-end=\"731\">1 x 30ml pullo muovin kunnostuskynsilakkaa<\/p>\n<\/li>\n<li class=\"\" data-start=\"732\" data-end=\"757\">\n<p class=\"\" data-start=\"734\" data-end=\"757\">1 x sieni<\/p>\n<\/li>\n<\/ul>\n","protected":false},"excerpt":{"rendered":"<p>\u2728 Se Saa Muovin N\u00e4ytt\u00e4m\u00e4\u00e4n Kuin Uudelta! Muovin kunnostava kiillotusaine on suunniteltu her\u00e4tt\u00e4m\u00e4\u00e4n haalistuneet auton muovit henkiin. Se palauttaa alkuper\u00e4isen [&hellip;]<\/p>\n","protected":false},"featured_media":7178,"comment_status":"open","ping_status":"closed","template":"","meta":{"site-sidebar-layout":"default","site-content-layout":"","ast-site-content-layout":"default","site-content-style":"default","site-sidebar-style":"default","ast-global-header-display":"","ast-banner-title-visibility":"","ast-main-header-display":"","ast-hfb-above-header-display":"","ast-hfb-below-header-display":"","ast-hfb-mobile-header-display":"","site-post-title":"","ast-breadcrumbs-content":"","ast-featured-img":"","footer-sml-layout":"","theme-transparent-header-meta":"default","adv-header-id-meta":"","stick-header-meta":"","header-above-stick-meta":"","header-main-stick-meta":"","header-below-stick-meta":"","astra-migrate-meta-layouts":"set","ast-page-background-enabled":"default","ast-page-background-meta":{"desktop":{"background-color":"var(--ast-global-color-4)","background-image":"","background-repeat":"repeat","background-position":"center center","background-size":"auto","background-attachment":"scroll","background-type":"","background-media":"","overlay-type":"","overlay-color":"","overlay-opacity":"","overlay-gradient":""},"tablet":{"background-color":"","background-image":"","background-repeat":"repeat","background-position":"center center","background-size":"auto","background-attachment":"scroll","background-type":"","background-media":"","overlay-type":"","overlay-color":"","overlay-opacity":"","overlay-gradient":""},"mobile":{"background-color":"","background-image":"","background-repeat":"repeat","background-position":"center center","background-size":"auto","background-attachment":"scroll","background-type":"","background-media":"","overlay-type":"","overlay-color":"","overlay-opacity":"","overlay-gradient":""}},"ast-content-background-meta":{"desktop":{"background-color":"var(--ast-global-color-5)","background-image":"","background-repeat":"repeat","background-position":"center center","background-size":"auto","background-attachment":"scroll","background-type":"","background-media":"","overlay-type":"","overlay-color":"","overlay-opacity":"","overlay-gradient":""},"tablet":{"background-color":"var(--ast-global-color-5)","background-image":"","background-repeat":"repeat","background-position":"center center","background-size":"auto","background-attachment":"scroll","background-type":"","background-media":"","overlay-type":"","overlay-color":"","overlay-opacity":"","overlay-gradient":""},"mobile":{"background-color":"var(--ast-global-color-5)","background-image":"","background-repeat":"repeat","background-position":"center center","background-size":"auto","background-attachment":"scroll","background-type":"","background-media":"","overlay-type":"","overlay-color":"","overlay-opacity":"","overlay-gradient":""}}},"product_brand":[],"product_cat":[998],"product_tag":[],"class_list":{"0":"post-7182","1":"product","2":"type-product","3":"status-publish","4":"has-post-thumbnail","6":"product_cat-automotive-products","7":"desktop-align-left","8":"tablet-align-left","9":"mobile-align-left","11":"first","12":"instock","13":"shipping-taxable","14":"purchasable","15":"product-type-simple"},"_links":{"self":[{"href":"https:\/\/keluvo.com\/fi\/wp-json\/wp\/v2\/product\/7182","targetHints":{"allow":["GET"]}}],"collection":[{"href":"https:\/\/keluvo.com\/fi\/wp-json\/wp\/v2\/product"}],"about":[{"href":"https:\/\/keluvo.com\/fi\/wp-json\/wp\/v2\/types\/product"}],"replies":[{"embeddable":true,"href":"https:\/\/keluvo.com\/fi\/wp-json\/wp\/v2\/comments?post=7182"}],"wp:featuredmedia":[{"embeddable":true,"href":"https:\/\/keluvo.com\/fi\/wp-json\/wp\/v2\/media\/7178"}],"wp:attachment":[{"href":"https:\/\/keluvo.com\/fi\/wp-json\/wp\/v2\/media?parent=7182"}],"wp:term":[{"taxonomy":"product_brand","embeddable":true,"href":"https:\/\/keluvo.com\/fi\/wp-json\/wp\/v2\/product_brand?post=7182"},{"taxonomy":"product_cat","embeddable":true,"href":"https:\/\/keluvo.com\/fi\/wp-json\/wp\/v2\/product_cat?post=7182"},{"taxonomy":"product_tag","embeddable":true,"href":"https:\/\/keluvo.com\/fi\/wp-json\/wp\/v2\/product_tag?post=7182"}],"curies":[{"name":"wp","href":"https:\/\/api.w.org\/{rel}","templated":true}]}}