{"id":7146,"date":"2025-04-10T10:50:35","date_gmt":"2025-04-10T08:50:35","guid":{"rendered":"https:\/\/keluvo.com\/fi\/product\/kuparipetrooli-sytytin\/"},"modified":"2025-04-10T10:50:39","modified_gmt":"2025-04-10T08:50:39","slug":"kuparipetrooli-sytytin","status":"publish","type":"product","link":"https:\/\/keluvo.com\/fi\/product\/kuparipetrooli-sytytin\/","title":{"rendered":"Kuparipetrooli sytytin"},"content":{"rendered":"<h2 style=\"text-align: center\" data-start=\"81\" data-end=\"116\">\ud83d\udd70\ufe0f Vintage-henkinen muotoilu<\/h2>\n<p class=\"\" style=\"text-align: center\" data-start=\"117\" data-end=\"312\"><span class=\"relative -mx-px my-[-0.2rem] rounded px-px py-[0.2rem] transition-colors duration-100 ease-in-out\">Hyv\u00e4ksy historian ja tyylin yhdistelm\u00e4 t\u00e4m\u00e4n antiikkityylisen trench-sytyttimen kanssa.<\/span> <span class=\"relative -mx-px my-[-0.2rem] rounded px-px py-[0.2rem] transition-colors duration-100 ease-in-out\">Sen l\u00e4pin\u00e4kyv\u00e4 polttoainekammio ei ainoastaan lis\u00e4\u00e4 retroestetiikkaa, vaan sen avulla voit my\u00f6s seurata polttoainem\u00e4\u00e4r\u00e4\u00e4, jolloin et j\u00e4\u00e4 koskaan yll\u00e4tt\u00e4m\u00e4tt\u00e4.<\/span> <span class=\"relative -mx-px my-[-0.2rem] rounded px-px py-[0.2rem] transition-colors duration-100 ease-in-out\">Ainutlaatuisessa muotoilussa on irrotettava ulkokotelo ja niittihiontapy\u00f6r\u00e4, joka tuottaa tasaisia kipin\u00f6it\u00e4 luotettavaa sytytyst\u00e4 varten.<\/span><\/p>\n<p data-start=\"117\" data-end=\"312\"><img decoding=\"async\" class=\"size-medium wp-image-13780 aligncenter\" src=\"https:\/\/keluvo.com\/template\/wp-content\/uploads\/sites\/5\/2025\/02\/lightervideo-ezgif.com-video-to-webp-converter.webp\" alt=\"\" \/><\/p>\n<h2 style=\"text-align: center\" data-start=\"319\" data-end=\"355\">\ud83d\udd04 Uudelleent\u00e4ytett\u00e4v\u00e4 &amp; ymp\u00e4rist\u00f6yst\u00e4v\u00e4llinen<\/h2>\n<p class=\"\" style=\"text-align: center\" data-start=\"356\" data-end=\"551\"><span class=\"relative -mx-px my-[-0.2rem] rounded px-px py-[0.2rem] transition-colors duration-100 ease-in-out\">T\u00e4m\u00e4 sytytin on suunniteltu kest\u00e4v\u00e4\u00e4 kehityst\u00e4 silm\u00e4ll\u00e4 pit\u00e4en, ja siin\u00e4 on uudelleent\u00e4ytett\u00e4v\u00e4 petrolikammio.<\/span> <span class=\"relative -mx-px my-[-0.2rem] rounded px-px py-[0.2rem] transition-colors duration-100 ease-in-out\">K\u00e4\u00e4nn\u00e4 vain pohjakansi, niin p\u00e4\u00e4set k\u00e4siksi \u00f6ljyn t\u00e4ytt\u00f6aukkoon helppoa tankkausta varten.<\/span> <span class=\"relative -mx-px my-[-0.2rem] rounded px-px py-[0.2rem] transition-colors duration-100 ease-in-out\">Integroitu kumityyny est\u00e4\u00e4 tehokkaasti vuodot ja takaa turvallisuuden ja pitk\u00e4ik\u00e4isyyden.<\/span> <\/p>\n<h2 style=\"text-align: center\" data-start=\"558\" data-end=\"591\">\ud83d\udee1\ufe0f Kest\u00e4v\u00e4 k\u00e4sity\u00f6<\/h2>\n<p class=\"\" style=\"text-align: center\" data-start=\"592\" data-end=\"757\"><span class=\"relative -mx-px my-[-0.2rem] rounded px-px py-[0.2rem] transition-colors duration-100 ease-in-out\">T\u00e4m\u00e4 sytytin on valmistettu korkealaatuisista kupari- ja messinkimateriaaleista, ja se lupaa kest\u00e4vyytt\u00e4 ja tuntumaa.<\/span> <span class=\"relative -mx-px my-[-0.2rem] rounded px-px py-[0.2rem] transition-colors duration-100 ease-in-out\">Hammaspy\u00f6r\u00e4muotoilu helpottaa hiomapy\u00f6r\u00e4n k\u00e4ytt\u00f6\u00e4, mik\u00e4 takaa saumattoman sytytyskokemuksen.<\/span><\/p>\n<p><img decoding=\"async\" class=\"size-medium wp-image-13778 aligncenter\" src=\"https:\/\/keluvo.com\/template\/wp-content\/uploads\/sites\/5\/2025\/02\/118ca348-ad04-4fcd-be64-f26f5df597d2.webp\" alt=\"\" \/><\/p>\n<h2 style=\"text-align: center\" data-start=\"764\" data-end=\"795\">\ud83d\udeb6 Kannettava mukavuus<\/h2>\n<p class=\"\" style=\"text-align: center\" data-start=\"796\" data-end=\"961\"><span class=\"relative -mx-px my-[-0.2rem] rounded px-px py-[0.2rem] transition-colors duration-100 ease-in-out\">Kompakti koko tekee siit\u00e4 ihanteellisen kumppanin erilaisiin aktiviteetteihin.<\/span> <span class=\"relative -mx-px my-[-0.2rem] rounded px-px py-[0.2rem] transition-colors duration-100 ease-in-out\">Sytyt\u00e4tp\u00e4 sitten savukkeen, nautit piipusta tai tarvitset luotettavaa liekki\u00e4 retkeilyn aikana, t\u00e4m\u00e4 sytytin mahtuu vaivattomasti taskuusi tai lompakkoosi.<\/span> <\/p>\n<p><img decoding=\"async\" class=\"size-medium wp-image-13777 aligncenter\" src=\"https:\/\/keluvo.com\/template\/wp-content\/uploads\/sites\/5\/2025\/02\/b0fafeb0-4d6c-4c3d-8efc-381481cf8a23.webp\" alt=\"\" \/><\/p>\n<h2 style=\"text-align: center\" data-start=\"968\" data-end=\"996\">\ud83c\udf81 Ihanteellinen lahjavalinta<\/h2>\n<p class=\"\" style=\"text-align: center\" data-start=\"997\" data-end=\"1122\"><span class=\"relative -mx-px my-[-0.2rem] rounded px-px py-[0.2rem] transition-colors duration-100 ease-in-out\">T\u00e4m\u00e4 hienossa lahjapakkauksessa oleva vintage-\u00f6ljysytytin toimii huomaavaisena lahjana l\u00e4heisille esimerkiksi yst\u00e4v\u00e4np\u00e4iv\u00e4n\u00e4, syntym\u00e4p\u00e4ivin\u00e4, h\u00e4iss\u00e4, is\u00e4np\u00e4iv\u00e4n\u00e4, merkkip\u00e4ivin\u00e4, kiitosp\u00e4iv\u00e4n\u00e4 ja jouluna.<\/span><\/p>\n<h2 style=\"text-align: center\" data-start=\"1129\" data-end=\"1143\">\u2753 Usein kysyttyj\u00e4 kysymyksi\u00e4:<\/h2>\n<p class=\"\" style=\"text-align: center\" data-start=\"1145\" data-end=\"1280\"><strong data-start=\"1145\" data-end=\"1192\">Mink\u00e4laista polttoainetta t\u00e4m\u00e4 sytytin k\u00e4ytt\u00e4\u00e4?<\/strong><br data-start=\"1192\" data-end=\"1195\" \/><span class=\"relative -mx-px my-[-0.2rem] rounded px-px py-[0.2rem] transition-colors duration-100 ease-in-out\">T\u00e4m\u00e4 sytytin on suunniteltu tavalliselle petroolille tai sytytysnesteelle. Huomaa, ett\u00e4 polttoaine ei sis\u00e4lly toimituss\u00e4\u00e4nn\u00f6sten vuoksi.<\/span>\u200b<\/p>\n<p class=\"\" style=\"text-align: center\" data-start=\"1282\" data-end=\"1405\"><strong data-start=\"1282\" data-end=\"1317\">Miten t\u00e4yt\u00e4n sytyttimen uudelleen?<\/strong><br data-start=\"1317\" data-end=\"1320\" \/><span class=\"relative -mx-px my-[-0.2rem] rounded px-px py-[0.2rem] transition-colors duration-100 ease-in-out\">K\u00e4\u00e4nn\u00e4 pohjakansi, jotta p\u00e4\u00e4set k\u00e4siksi \u00f6ljyn t\u00e4ytt\u00f6aukkoon, ja lis\u00e4\u00e4 sitten varovasti sopivaa polttoainetta. Varmista, ett\u00e4 kansi on kiinnitetty tukevasti tankkauksen j\u00e4lkeen.<\/span>\u200b<\/p>\n<p class=\"\" style=\"text-align: center\" data-start=\"1407\" data-end=\"1527\"><strong data-start=\"1407\" data-end=\"1439\">Onko sytytin tuulenpit\u00e4v\u00e4?<\/strong><br data-start=\"1439\" data-end=\"1442\" \/><span class=\"relative -mx-px my-[-0.2rem] rounded px-px py-[0.2rem] transition-colors duration-100 ease-in-out\">Kyll\u00e4, muotoilu tarjoaa tuulenpit\u00e4vi\u00e4 ominaisuuksia, joten se soveltuu ulkoiluun ja ep\u00e4suotuisiin s\u00e4\u00e4olosuhteisiin.<\/span><\/p>\n","protected":false},"excerpt":{"rendered":"<p>\ud83d\udd70\ufe0f Vintage-henkinen muotoilu Hyv\u00e4ksy historian ja tyylin yhdistelm\u00e4 t\u00e4m\u00e4n antiikkityylisen trench-sytyttimen kanssa. Sen l\u00e4pin\u00e4kyv\u00e4 polttoainekammio ei ainoastaan lis\u00e4\u00e4 retroestetiikkaa, vaan [&hellip;]<\/p>\n","protected":false},"featured_media":7142,"comment_status":"open","ping_status":"closed","template":"","meta":{"site-sidebar-layout":"default","site-content-layout":"","ast-site-content-layout":"default","site-content-style":"default","site-sidebar-style":"default","ast-global-header-display":"","ast-banner-title-visibility":"","ast-main-header-display":"","ast-hfb-above-header-display":"","ast-hfb-below-header-display":"","ast-hfb-mobile-header-display":"","site-post-title":"","ast-breadcrumbs-content":"","ast-featured-img":"","footer-sml-layout":"","theme-transparent-header-meta":"default","adv-header-id-meta":"","stick-header-meta":"","header-above-stick-meta":"","header-main-stick-meta":"","header-below-stick-meta":"","astra-migrate-meta-layouts":"set","ast-page-background-enabled":"default","ast-page-background-meta":{"desktop":{"background-color":"var(--ast-global-color-4)","background-image":"","background-repeat":"repeat","background-position":"center center","background-size":"auto","background-attachment":"scroll","background-type":"","background-media":"","overlay-type":"","overlay-color":"","overlay-opacity":"","overlay-gradient":""},"tablet":{"background-color":"","background-image":"","background-repeat":"repeat","background-position":"center center","background-size":"auto","background-attachment":"scroll","background-type":"","background-media":"","overlay-type":"","overlay-color":"","overlay-opacity":"","overlay-gradient":""},"mobile":{"background-color":"","background-image":"","background-repeat":"repeat","background-position":"center center","background-size":"auto","background-attachment":"scroll","background-type":"","background-media":"","overlay-type":"","overlay-color":"","overlay-opacity":"","overlay-gradient":""}},"ast-content-background-meta":{"desktop":{"background-color":"var(--ast-global-color-5)","background-image":"","background-repeat":"repeat","background-position":"center center","background-size":"auto","background-attachment":"scroll","background-type":"","background-media":"","overlay-type":"","overlay-color":"","overlay-opacity":"","overlay-gradient":""},"tablet":{"background-color":"var(--ast-global-color-5)","background-image":"","background-repeat":"repeat","background-position":"center center","background-size":"auto","background-attachment":"scroll","background-type":"","background-media":"","overlay-type":"","overlay-color":"","overlay-opacity":"","overlay-gradient":""},"mobile":{"background-color":"var(--ast-global-color-5)","background-image":"","background-repeat":"repeat","background-position":"center center","background-size":"auto","background-attachment":"scroll","background-type":"","background-media":"","overlay-type":"","overlay-color":"","overlay-opacity":"","overlay-gradient":""}}},"product_brand":[],"product_cat":[1000],"product_tag":[],"class_list":{"0":"post-7146","1":"product","2":"type-product","3":"status-publish","4":"has-post-thumbnail","6":"product_cat-hiking-camping-and-leisure-goods","7":"pa_40536_2b99hu3p-hopea","8":"pa_40536_2b99hu3p-kulta","9":"desktop-align-left","10":"tablet-align-left","11":"mobile-align-left","13":"first","14":"instock","15":"shipping-taxable","16":"purchasable","17":"product-type-variable"},"_links":{"self":[{"href":"https:\/\/keluvo.com\/fi\/wp-json\/wp\/v2\/product\/7146","targetHints":{"allow":["GET"]}}],"collection":[{"href":"https:\/\/keluvo.com\/fi\/wp-json\/wp\/v2\/product"}],"about":[{"href":"https:\/\/keluvo.com\/fi\/wp-json\/wp\/v2\/types\/product"}],"replies":[{"embeddable":true,"href":"https:\/\/keluvo.com\/fi\/wp-json\/wp\/v2\/comments?post=7146"}],"wp:featuredmedia":[{"embeddable":true,"href":"https:\/\/keluvo.com\/fi\/wp-json\/wp\/v2\/media\/7142"}],"wp:attachment":[{"href":"https:\/\/keluvo.com\/fi\/wp-json\/wp\/v2\/media?parent=7146"}],"wp:term":[{"taxonomy":"product_brand","embeddable":true,"href":"https:\/\/keluvo.com\/fi\/wp-json\/wp\/v2\/product_brand?post=7146"},{"taxonomy":"product_cat","embeddable":true,"href":"https:\/\/keluvo.com\/fi\/wp-json\/wp\/v2\/product_cat?post=7146"},{"taxonomy":"product_tag","embeddable":true,"href":"https:\/\/keluvo.com\/fi\/wp-json\/wp\/v2\/product_tag?post=7146"}],"curies":[{"name":"wp","href":"https:\/\/api.w.org\/{rel}","templated":true}]}}