{"id":7015,"date":"2025-03-27T21:15:53","date_gmt":"2025-03-27T19:15:53","guid":{"rendered":"https:\/\/keluvo.com\/fi\/product\/mini-alypuhelin\/"},"modified":"2025-05-16T20:12:08","modified_gmt":"2025-05-16T18:12:08","slug":"mini-alypuhelin","status":"publish","type":"product","link":"https:\/\/keluvo.com\/fi\/product\/mini-alypuhelin\/","title":{"rendered":"Mini \u00e4lypuhelin"},"content":{"rendered":"<h2 style=\"text-align: center;\" data-start=\"43\" data-end=\"71\">Taskukokoinen<\/h2>\n<p class=\"\" style=\"text-align: center;\" data-start=\"73\" data-end=\"192\">Kokeile \u00e4\u00e4rimm\u00e4ist\u00e4 kannettavuutta mini\u00e4lypuhelimellamme. Mitoiltaan vain 90 mm x 47 mm x 12,2 mm ja painoltaan vain 67 grammaa, t\u00e4m\u00e4 laite mahtuu mukavasti k\u00e4teen tai taskuun, joten se sopii t\u00e4ydellisesti liikkeell\u00e4 olevalle.<\/p>\n<p class=\"\" style=\"text-align: center;\" data-start=\"73\" data-end=\"192\"><img decoding=\"async\" class=\"alignnone size-medium wp-image-12959\" src=\"https:\/\/keluvo.com\/template\/wp-content\/uploads\/sites\/5\/2025\/03\/pocket-phone.jpg\" alt=\"\" \/>\u200b<\/p>\n<h2 style=\"text-align: center;\" data-start=\"194\" data-end=\"219\">Tehokas suorituskyky<\/h2>\n<p class=\"\" style=\"text-align: center;\" data-start=\"221\" data-end=\"340\">T\u00e4m\u00e4 MTK6580-neliydinsuorittimella ja 2 Gt:lla RAM-muistilla sek\u00e4 16 Gt:lla sis\u00e4isell\u00e4 tallennustilalla varustettu \u00e4lypuhelin selviytyy p\u00e4ivitt\u00e4isist\u00e4 teht\u00e4vist\u00e4 helposti. Selaatpa sitten interneti\u00e4, tarkistat s\u00e4hk\u00f6posteja tai k\u00e4yt\u00e4t suosikkisovelluksiasi, nauti sujuvasta ja reagoivasta k\u00e4ytt\u00f6kokemuksesta.<\/p>\n<p class=\"\" style=\"text-align: center;\" data-start=\"221\" data-end=\"340\"><img decoding=\"async\" class=\"alignnone size-medium wp-image-12958\" src=\"https:\/\/keluvo.com\/template\/wp-content\/uploads\/sites\/5\/2025\/03\/minismartphonevideo-ezgif.com-gif-to-webp-converter.webp\" alt=\"\" \/>\u200b<\/p>\n<h2 style=\"text-align: center;\" data-start=\"342\" data-end=\"366\">Kahden SIM-kortin joustavuus<\/h2>\n<p class=\"\" style=\"text-align: center;\" data-start=\"368\" data-end=\"487\">Pysy yhteydess\u00e4 miss\u00e4 ikin\u00e4 oletkin kahden SIM-kortin tuen ansiosta. Hallitse henkil\u00f6kohtaisia ja ty\u00f6kontakteja yhdell\u00e4 laitteella tai hy\u00f6dynn\u00e4 eri operaattoreiden liittymi\u00e4 kattavuuden ja kustannusten optimoimiseksi.<\/p>\n<p class=\"\" style=\"text-align: center;\" data-start=\"368\" data-end=\"487\"><img decoding=\"async\" class=\"alignnone size-medium wp-image-12957\" src=\"https:\/\/keluvo.com\/template\/wp-content\/uploads\/sites\/5\/2025\/03\/dual-sim-smart-phone.jpg\" alt=\"\" \/>\u200b<\/p>\n<h2 style=\"text-align: center;\" data-start=\"489\" data-end=\"517\">K\u00e4ytt\u00e4j\u00e4yst\u00e4v\u00e4llinen Android-k\u00e4ytt\u00f6j\u00e4rjestelm\u00e4<\/h2>\n<p class=\"\" style=\"text-align: center;\" data-start=\"519\" data-end=\"642\">T\u00e4m\u00e4 Android 9.0 -k\u00e4ytt\u00f6j\u00e4rjestelm\u00e4ll\u00e4 toimiva mini\u00e4lypuhelin tarjoaa p\u00e4\u00e4syn laajaan valikoimaan sovelluksia Google Play Storen kautta. Mukauta laite tarpeittesi mukaan ja nauti k\u00e4ytt\u00e4j\u00e4yst\u00e4v\u00e4llisest\u00e4 liittym\u00e4st\u00e4, joka on suunniteltu yksinkertaiseksi ja tehokkaaksi.<\/p>\n<p class=\"\" style=\"text-align: center;\" data-start=\"519\" data-end=\"642\"><img decoding=\"async\" class=\"alignnone size-medium wp-image-12954\" src=\"https:\/\/keluvo.com\/template\/wp-content\/uploads\/sites\/5\/2025\/03\/android-mini-phone.jpg\" alt=\"\" \/>\u200b<\/p>\n<h2 style=\"text-align: center;\" data-start=\"644\" data-end=\"666\">Ota hetket talteen<\/h2>\n<p class=\"\" style=\"text-align: center;\" data-start=\"668\" data-end=\"793\">Laitteessa on kompaktista koostaan huolimatta 5 megapikselin takakamera ja 2 megapikselin etukamera, joiden avulla voit ottaa valokuvia ja k\u00e4yd\u00e4 videokeskusteluja helposti. Huomaa, ett\u00e4 vain yksi takakamera on toimiva. Muut linssit ovat koristeellisia.<\/p>\n<p class=\"\" style=\"text-align: center;\" data-start=\"668\" data-end=\"793\"><img decoding=\"async\" class=\"alignnone size-medium wp-image-12947\" src=\"https:\/\/keluvo.com\/template\/wp-content\/uploads\/sites\/5\/2025\/03\/main-image-6-removebg-preview.png\" alt=\"\" \/>\u200b<\/p>\n<h2 style=\"text-align: center;\" data-start=\"795\" data-end=\"836\">Olennaiset ominaisuudet k\u00e4den ulottuvilla<\/h2>\n<p class=\"\" style=\"text-align: center;\" data-start=\"838\" data-end=\"963\">T\u00e4ss\u00e4 mini\u00e4lypuhelimessa on olennaiset ty\u00f6kalut, kuten laskin, her\u00e4tyskello, kalenteri, muistilista ja paljon muuta. Pysy organisoituna ja tuottavana koko p\u00e4iv\u00e4si ajan n\u00e4iden k\u00e4tevien ominaisuuksien avulla.\u200b<\/p>\n<h2 style=\"text-align: center;\" data-start=\"965\" data-end=\"987\">Mit\u00e4 pakkaus sis\u00e4lt\u00e4\u00e4:<\/h2>\n<ul style=\"text-align: center;\" data-start=\"989\" data-end=\"1521\">\n<li class=\"\" data-start=\"989\" data-end=\"1076\">\n<p class=\"\" data-start=\"991\" data-end=\"1076\"><span class=\"relative -mx-px my-[-0.2rem] rounded px-px py-[0.2rem]\">1 x Mini\u00e4lypuhelin<\/span>\u200b<\/p>\n<\/li>\n<li class=\"\" data-start=\"1078\" data-end=\"1165\">\n<p class=\"\" data-start=\"1080\" data-end=\"1165\"><span class=\"relative -mx-px my-[-0.2rem] rounded px-px py-[0.2rem]\">1 x K\u00e4ytt\u00f6opas<\/span>\u200b<\/p>\n<\/li>\n<li class=\"\" data-start=\"1167\" data-end=\"1254\">\n<p class=\"\" data-start=\"1169\" data-end=\"1254\"><span class=\"relative -mx-px my-[-0.2rem] rounded px-px py-[0.2rem]\">1 x SIM-kortin irrotusnasta<\/span>\u200b<\/p>\n<\/li>\n<li class=\"\" data-start=\"1434\" data-end=\"1521\">\n<p class=\"\" data-start=\"1436\" data-end=\"1521\"><span class=\"relative -mx-px my-[-0.2rem] rounded px-px py-[0.2rem]\">1 x USB Type-C -kaapeli<\/span>\u200b<\/p>\n<\/li>\n<\/ul>\n<p class=\"\" style=\"text-align: center;\" data-start=\"1523\" data-end=\"1697\"><em><strong>Huomaa<\/strong>: Virtal\u00e4hde ei sis\u00e4lly toimitukseen. Pakkaus sis\u00e4lt\u00e4\u00e4 USB Type-C -kaapelin, joka on yhteensopiva tavallisten latauspistokkeiden kanssa. Varmista, ett\u00e4 k\u00e4yt\u00f6ss\u00e4si on 5 V:n lataussovitin optimaalisen lataustehon saavuttamiseksi.<\/em><\/p>\n<h2 style=\"text-align: center;\" data-start=\"1523\" data-end=\"1697\">Pysy yhteydess\u00e4 ja ole tuottava<\/h2>\n<p style=\"text-align: center;\" data-start=\"1523\" data-end=\"1697\">T\u00e4m\u00e4 mini\u00e4lypuhelin tukee GPS:\u00e4\u00e4, Bluetoothia, Wi-Fi:t\u00e4, hotspotjakamista ja USB-C-\u00e4\u00e4nil\u00e4ht\u00f6\u00e4, joten voit pit\u00e4\u00e4 yhteytt\u00e4 ja viihdytt\u00e4\u00e4 itse\u00e4si miss\u00e4 tahansa oletkin. Sen kompakti muotoilu yhdistettyn\u00e4 olennaisiin ominaisuuksiin tekee t\u00e4st\u00e4 puhelimesta ihanteellisen kumppanin niille, jotka etsiv\u00e4t mukavuutta toiminnallisuudesta tinkim\u00e4tt\u00e4.<\/p>\n","protected":false},"excerpt":{"rendered":"<p>Taskukokoinen Kokeile \u00e4\u00e4rimm\u00e4ist\u00e4 kannettavuutta mini\u00e4lypuhelimellamme. Mitoiltaan vain 90 mm x 47 mm x 12,2 mm ja painoltaan vain 67 grammaa, [&hellip;]<\/p>\n","protected":false},"featured_media":7010,"comment_status":"open","ping_status":"closed","template":"","meta":{"site-sidebar-layout":"default","site-content-layout":"","ast-site-content-layout":"default","site-content-style":"default","site-sidebar-style":"default","ast-global-header-display":"","ast-banner-title-visibility":"","ast-main-header-display":"","ast-hfb-above-header-display":"","ast-hfb-below-header-display":"","ast-hfb-mobile-header-display":"","site-post-title":"","ast-breadcrumbs-content":"","ast-featured-img":"","footer-sml-layout":"","theme-transparent-header-meta":"default","adv-header-id-meta":"","stick-header-meta":"","header-above-stick-meta":"","header-main-stick-meta":"","header-below-stick-meta":"","astra-migrate-meta-layouts":"set","ast-page-background-enabled":"default","ast-page-background-meta":{"desktop":{"background-color":"var(--ast-global-color-4)","background-image":"","background-repeat":"repeat","background-position":"center center","background-size":"auto","background-attachment":"scroll","background-type":"","background-media":"","overlay-type":"","overlay-color":"","overlay-opacity":"","overlay-gradient":""},"tablet":{"background-color":"","background-image":"","background-repeat":"repeat","background-position":"center center","background-size":"auto","background-attachment":"scroll","background-type":"","background-media":"","overlay-type":"","overlay-color":"","overlay-opacity":"","overlay-gradient":""},"mobile":{"background-color":"","background-image":"","background-repeat":"repeat","background-position":"center center","background-size":"auto","background-attachment":"scroll","background-type":"","background-media":"","overlay-type":"","overlay-color":"","overlay-opacity":"","overlay-gradient":""}},"ast-content-background-meta":{"desktop":{"background-color":"var(--ast-global-color-5)","background-image":"","background-repeat":"repeat","background-position":"center center","background-size":"auto","background-attachment":"scroll","background-type":"","background-media":"","overlay-type":"","overlay-color":"","overlay-opacity":"","overlay-gradient":""},"tablet":{"background-color":"var(--ast-global-color-5)","background-image":"","background-repeat":"repeat","background-position":"center center","background-size":"auto","background-attachment":"scroll","background-type":"","background-media":"","overlay-type":"","overlay-color":"","overlay-opacity":"","overlay-gradient":""},"mobile":{"background-color":"var(--ast-global-color-5)","background-image":"","background-repeat":"repeat","background-position":"center center","background-size":"auto","background-attachment":"scroll","background-type":"","background-media":"","overlay-type":"","overlay-color":"","overlay-opacity":"","overlay-gradient":""}}},"product_brand":[],"product_cat":[998],"product_tag":[],"class_list":{"0":"post-7015","1":"product","2":"type-product","3":"status-publish","4":"has-post-thumbnail","6":"product_cat-automotive-products","7":"pa_skpl3z96-harmaa","8":"pa_skpl3z96-musta","9":"pa_skpl3z96-sininen","10":"pa_skpl3z96-vaaleanpunainen","11":"pa_skpl3z96-violetti","12":"desktop-align-left","13":"tablet-align-left","14":"mobile-align-left","16":"first","17":"instock","18":"shipping-taxable","19":"purchasable","20":"product-type-variable"},"_links":{"self":[{"href":"https:\/\/keluvo.com\/fi\/wp-json\/wp\/v2\/product\/7015","targetHints":{"allow":["GET"]}}],"collection":[{"href":"https:\/\/keluvo.com\/fi\/wp-json\/wp\/v2\/product"}],"about":[{"href":"https:\/\/keluvo.com\/fi\/wp-json\/wp\/v2\/types\/product"}],"replies":[{"embeddable":true,"href":"https:\/\/keluvo.com\/fi\/wp-json\/wp\/v2\/comments?post=7015"}],"wp:featuredmedia":[{"embeddable":true,"href":"https:\/\/keluvo.com\/fi\/wp-json\/wp\/v2\/media\/7010"}],"wp:attachment":[{"href":"https:\/\/keluvo.com\/fi\/wp-json\/wp\/v2\/media?parent=7015"}],"wp:term":[{"taxonomy":"product_brand","embeddable":true,"href":"https:\/\/keluvo.com\/fi\/wp-json\/wp\/v2\/product_brand?post=7015"},{"taxonomy":"product_cat","embeddable":true,"href":"https:\/\/keluvo.com\/fi\/wp-json\/wp\/v2\/product_cat?post=7015"},{"taxonomy":"product_tag","embeddable":true,"href":"https:\/\/keluvo.com\/fi\/wp-json\/wp\/v2\/product_tag?post=7015"}],"curies":[{"name":"wp","href":"https:\/\/api.w.org\/{rel}","templated":true}]}}