{"id":6997,"date":"2025-03-27T01:40:08","date_gmt":"2025-03-26T23:40:08","guid":{"rendered":"https:\/\/keluvo.com\/fi\/product\/koulutuksellinen-lasten-tarina-aluksella\/"},"modified":"2025-04-01T13:02:32","modified_gmt":"2025-04-01T11:02:32","slug":"koulutuksellinen-lasten-tarinakerronta-alusta","status":"publish","type":"product","link":"https:\/\/keluvo.com\/fi\/product\/koulutuksellinen-lasten-tarinakerronta-alusta\/","title":{"rendered":"Koulutuksellinen lasten tarinakerronta alusta"},"content":{"rendered":"<h2 style=\"text-align: center;\" data-start=\"59\" data-end=\"87\">Hauskaa ja opettavaista leikki\u00e4<\/h2>\n<p class=\"\" style=\"text-align: center;\" data-start=\"89\" data-end=\"208\">Vuorovaikutteinen huopa-alusteinen setti tekee el\u00e4imist\u00e4 ja luonnosta oppimisesta j\u00e4nnitt\u00e4v\u00e4\u00e4 pienille lapsille. Asettamalla huopakappaleita suurelle alustalle lapset voivat luoda omia tarinoitaan, mik\u00e4 edist\u00e4\u00e4 heid\u00e4n luovuuttaan ja mielikuvitustaan.<\/p>\n<p class=\"\" style=\"text-align: center;\" data-start=\"89\" data-end=\"208\"><img decoding=\"async\" class=\"alignnone size-medium wp-image-12931\" src=\"https:\/\/keluvo.com\/template\/wp-content\/uploads\/sites\/5\/2024\/12\/0326-ezgif.com-gif-to-webp-converter.webp\" alt=\"\" \/>\u200b<\/p>\n<h2 style=\"text-align: center;\" data-start=\"210\" data-end=\"242\">Montessori-oppiminen<\/h2>\n<p class=\"\" style=\"text-align: center;\" data-start=\"244\" data-end=\"363\">T\u00e4m\u00e4 setti on suunniteltu Montessori-periaatteiden mukaisesti, ja se kannustaa k\u00e4yt\u00e4nn\u00f6n tutkimiseen. Lapset voivat j\u00e4rjest\u00e4\u00e4 ja asettaa huopakappaleita yh\u00e4 uudelleen ja uudelleen, mik\u00e4 auttaa kehitt\u00e4m\u00e4\u00e4n heid\u00e4n ajatteluaan ja ongelmanratkaisutaitojaan.<\/p>\n<p class=\"\" style=\"text-align: center;\" data-start=\"244\" data-end=\"363\"><img decoding=\"async\" class=\"alignnone size-medium wp-image-12927\" src=\"https:\/\/keluvo.com\/template\/wp-content\/uploads\/sites\/5\/2024\/12\/main-image-6.webp\" alt=\"\" \/>\u200b<\/p>\n<h2 style=\"text-align: center;\" data-start=\"365\" data-end=\"387\">Turvallinen ja sertifioitu<\/h2>\n<p class=\"\" style=\"text-align: center;\" data-start=\"389\" data-end=\"546\">Turvallisuus on etusijalla. T\u00e4m\u00e4 tuote t\u00e4ytt\u00e4\u00e4 CE-turvallisuusstandardit, mik\u00e4 takaa, ett\u00e4 lapset voivat turvallisesti k\u00e4ytt\u00e4\u00e4 sit\u00e4. Materiaalit ovat korkealaatuisia ja lapsiyst\u00e4v\u00e4llisi\u00e4.\u200b<\/p>\n<h2 style=\"text-align: center;\" data-start=\"548\" data-end=\"582\">T\u00e4ydellinen setti luovaan leikkiin<\/h2>\n<p class=\"\" style=\"text-align: center;\" data-start=\"584\" data-end=\"709\">Sarjaan kuuluu suuri 105 cm:n huopa-alusta ja erilaisia el\u00e4inhahmoja, jotka on mitoitettu pienille k\u00e4sille sopiviksi. Mukana on kaksi tukevaa koukkua helpottamaan alustan ripustamista sein\u00e4lle, jolloin lapset voivat suunnitella omia kohtauksiaan ja tarinoitaan.<\/p>\n<p class=\"\" style=\"text-align: center;\" data-start=\"584\" data-end=\"709\"><img decoding=\"async\" class=\"alignnone size-medium wp-image-12928\" src=\"https:\/\/keluvo.com\/template\/wp-content\/uploads\/sites\/5\/2024\/12\/main-image-5.webp\" alt=\"\" \/>\u200b<\/p>\n<h2 style=\"text-align: center;\" data-start=\"711\" data-end=\"738\">Kest\u00e4v\u00e4 ja helppok\u00e4ytt\u00f6inen<\/h2>\n<p class=\"\" style=\"text-align: center;\" data-start=\"740\" data-end=\"905\">Perinteisest\u00e4 huovasta valmistetut kappaleet ovat pehmeit\u00e4, turvallisia ja uudelleenk\u00e4ytett\u00e4vi\u00e4. Itsekiinnittyvien taikapisteiden ansiosta ne on helppo asettaa alustalle ilman magneetteja. Alusta voidaan ripustaa sein\u00e4lle tai sit\u00e4 voidaan k\u00e4ytt\u00e4\u00e4 tasaisilla pinnoilla, mik\u00e4 tarjoaa monipuolisia leikkivaihtoehtoja.<\/p>\n<p class=\"\" style=\"text-align: center;\" data-start=\"740\" data-end=\"905\"><img decoding=\"async\" class=\"alignnone size-medium wp-image-12929\" src=\"https:\/\/keluvo.com\/template\/wp-content\/uploads\/sites\/5\/2024\/12\/main-image-2.jpeg\" alt=\"\" \/>\u200b<\/p>\n<h2 style=\"text-align: center;\" data-start=\"907\" data-end=\"931\">Kasvatukselliset hy\u00f6dyt<\/h2>\n<p class=\"\" style=\"text-align: center;\" data-start=\"933\" data-end=\"1058\">T\u00e4m\u00e4 huopa-alusta sarja auttaa lapsia kehitt\u00e4m\u00e4\u00e4n hienomotoriikkaa, kielellisi\u00e4 kykyj\u00e4, luovuutta, k\u00e4rsiv\u00e4llisyytt\u00e4 ja mielikuvitusta. Siin\u00e4 yhdistyv\u00e4t leikki ja oppiminen, mik\u00e4 tekee koulutuksesta nautinnollista.<\/p>\n","protected":false},"excerpt":{"rendered":"<p>Hauskaa ja opettavaista leikki\u00e4 Vuorovaikutteinen huopa-alusteinen setti tekee el\u00e4imist\u00e4 ja luonnosta oppimisesta j\u00e4nnitt\u00e4v\u00e4\u00e4 pienille lapsille. Asettamalla huopakappaleita suurelle alustalle lapset [&hellip;]<\/p>\n","protected":false},"featured_media":6993,"comment_status":"open","ping_status":"closed","template":"","meta":{"site-sidebar-layout":"default","site-content-layout":"","ast-site-content-layout":"default","site-content-style":"default","site-sidebar-style":"default","ast-global-header-display":"","ast-banner-title-visibility":"","ast-main-header-display":"","ast-hfb-above-header-display":"","ast-hfb-below-header-display":"","ast-hfb-mobile-header-display":"","site-post-title":"","ast-breadcrumbs-content":"","ast-featured-img":"","footer-sml-layout":"","theme-transparent-header-meta":"default","adv-header-id-meta":"","stick-header-meta":"","header-above-stick-meta":"","header-main-stick-meta":"","header-below-stick-meta":"","astra-migrate-meta-layouts":"set","ast-page-background-enabled":"default","ast-page-background-meta":{"desktop":{"background-color":"var(--ast-global-color-4)","background-image":"","background-repeat":"repeat","background-position":"center center","background-size":"auto","background-attachment":"scroll","background-type":"","background-media":"","overlay-type":"","overlay-color":"","overlay-opacity":"","overlay-gradient":""},"tablet":{"background-color":"","background-image":"","background-repeat":"repeat","background-position":"center center","background-size":"auto","background-attachment":"scroll","background-type":"","background-media":"","overlay-type":"","overlay-color":"","overlay-opacity":"","overlay-gradient":""},"mobile":{"background-color":"","background-image":"","background-repeat":"repeat","background-position":"center center","background-size":"auto","background-attachment":"scroll","background-type":"","background-media":"","overlay-type":"","overlay-color":"","overlay-opacity":"","overlay-gradient":""}},"ast-content-background-meta":{"desktop":{"background-color":"var(--ast-global-color-5)","background-image":"","background-repeat":"repeat","background-position":"center center","background-size":"auto","background-attachment":"scroll","background-type":"","background-media":"","overlay-type":"","overlay-color":"","overlay-opacity":"","overlay-gradient":""},"tablet":{"background-color":"var(--ast-global-color-5)","background-image":"","background-repeat":"repeat","background-position":"center center","background-size":"auto","background-attachment":"scroll","background-type":"","background-media":"","overlay-type":"","overlay-color":"","overlay-opacity":"","overlay-gradient":""},"mobile":{"background-color":"var(--ast-global-color-5)","background-image":"","background-repeat":"repeat","background-position":"center center","background-size":"auto","background-attachment":"scroll","background-type":"","background-media":"","overlay-type":"","overlay-color":"","overlay-opacity":"","overlay-gradient":""}}},"product_brand":[],"product_cat":[990],"product_tag":[],"class_list":{"0":"post-6997","1":"product","2":"type-product","3":"status-publish","4":"has-post-thumbnail","6":"product_cat-toys-childrens-and-baby-products","7":"pa_2mckww71-elaintarha","8":"pa_2mckww71-maatila","9":"pa_2mckww71-puu","10":"pa_2mckww71-vedenalainen","11":"desktop-align-left","12":"tablet-align-left","13":"mobile-align-left","15":"first","16":"instock","17":"shipping-taxable","18":"purchasable","19":"product-type-variable"},"_links":{"self":[{"href":"https:\/\/keluvo.com\/fi\/wp-json\/wp\/v2\/product\/6997","targetHints":{"allow":["GET"]}}],"collection":[{"href":"https:\/\/keluvo.com\/fi\/wp-json\/wp\/v2\/product"}],"about":[{"href":"https:\/\/keluvo.com\/fi\/wp-json\/wp\/v2\/types\/product"}],"replies":[{"embeddable":true,"href":"https:\/\/keluvo.com\/fi\/wp-json\/wp\/v2\/comments?post=6997"}],"wp:featuredmedia":[{"embeddable":true,"href":"https:\/\/keluvo.com\/fi\/wp-json\/wp\/v2\/media\/6993"}],"wp:attachment":[{"href":"https:\/\/keluvo.com\/fi\/wp-json\/wp\/v2\/media?parent=6997"}],"wp:term":[{"taxonomy":"product_brand","embeddable":true,"href":"https:\/\/keluvo.com\/fi\/wp-json\/wp\/v2\/product_brand?post=6997"},{"taxonomy":"product_cat","embeddable":true,"href":"https:\/\/keluvo.com\/fi\/wp-json\/wp\/v2\/product_cat?post=6997"},{"taxonomy":"product_tag","embeddable":true,"href":"https:\/\/keluvo.com\/fi\/wp-json\/wp\/v2\/product_tag?post=6997"}],"curies":[{"name":"wp","href":"https:\/\/api.w.org\/{rel}","templated":true}]}}