{"id":6970,"date":"2025-03-24T12:34:05","date_gmt":"2025-03-24T10:34:05","guid":{"rendered":"https:\/\/keluvo.com\/fi\/product\/koiran-hammasharja\/"},"modified":"2025-03-25T22:33:32","modified_gmt":"2025-03-25T20:33:32","slug":"lemmikkihammasharja","status":"publish","type":"product","link":"https:\/\/keluvo.com\/fi\/product\/lemmikkihammasharja\/","title":{"rendered":"Lemmikkihammasharja"},"content":{"rendered":"<h2 style=\"text-align: center;\" data-start=\"453\" data-end=\"475\">Helppok\u00e4ytt\u00f6inen<\/h2>\n<p class=\"\" style=\"text-align: center;\" data-start=\"477\" data-end=\"828\">T\u00e4m\u00e4 hammasharja on suunniteltu istumaan mukavasti sormeen, mik\u00e4 helpottaa hammasharjan hallintaa ja ulottumista lemmikkisi suun vaikeasti tavoitettaviin kohtiin. Muotoilu on erityisen hy\u00f6dyllinen lemmikeille, joille harjaus on uusi kokemus tai jotka ovat herkki\u00e4 perinteisille harjoille.<\/p>\n<p data-start=\"109\" data-end=\"451\"><img decoding=\"async\" class=\"size-medium wp-image-12787 aligncenter\" src=\"https:\/\/keluvo.com\/template\/wp-content\/uploads\/sites\/5\/2025\/03\/dogtoothbrushvideogif-ezgif.com-gif-to-webp-converter.webp\" alt=\"\" \/><\/p>\n<h2 style=\"text-align: center;\">Tehokas ja Hell\u00e4varainen<\/h2>\n<p class=\"\" style=\"text-align: center;\" data-start=\"109\" data-end=\"451\">K\u00e4yt\u00e4nn\u00f6llinen lemmikkihammasharjamme on valmistettu korkealaatuisesta silikonista, joka takaa sek\u00e4 tehokkaan ett\u00e4 lempe\u00e4n puhdistuksen. Pehme\u00e4t harjakset poistavat ruokaj\u00e4\u00e4m\u00e4t ja plakin, mik\u00e4 auttaa ehk\u00e4isem\u00e4\u00e4n hammassairauksia ja pahanhajuista hengityst\u00e4.<\/p>\n<p data-start=\"477\" data-end=\"828\"><img decoding=\"async\" class=\"size-medium wp-image-12788 aligncenter\" src=\"https:\/\/keluvo.com\/template\/wp-content\/uploads\/sites\/5\/2025\/03\/toothbrush-image.jpg\" alt=\"\" \/><\/p>\n<h2 style=\"text-align: center;\" data-start=\"830\" data-end=\"857\">Yleismuotoilu<\/h2>\n<p class=\"\" style=\"text-align: center;\" data-start=\"859\" data-end=\"1016\"><span class=\"relative -mx-px my-[-0.2rem] rounded px-px py-[0.2rem]\">Harja sopii sek\u00e4 koirille ett\u00e4 kissoille ja on monipuolinen lis\u00e4 lemmikkisi hoitorutiineihin. S\u00e4\u00e4nn\u00f6llinen k\u00e4ytt\u00f6 ehk\u00e4isee hammaskiven muodostumista, hillitsee plakin kertymist\u00e4 ja tukee ikenien terveytt\u00e4 \u2013 edist\u00e4en samalla lemmikkisi kokonaisvaltaista hyvinvointia.<\/span><\/p>\n<p data-start=\"859\" data-end=\"1016\"><img decoding=\"async\" class=\"size-medium wp-image-12784 aligncenter\" src=\"https:\/\/keluvo.com\/template\/wp-content\/uploads\/sites\/5\/2025\/03\/main-image-4.jpeg\" alt=\"\" \/><\/p>\n<h2 style=\"text-align: center;\" data-start=\"1018\" data-end=\"1048\">Kest\u00e4v\u00e4t ja Turvalliset Materiaalit<\/h2>\n<p class=\"\" style=\"text-align: center;\" data-start=\"1050\" data-end=\"1171\">Hammasharja on valmistettu kest\u00e4v\u00e4st\u00e4, myrkytt\u00f6m\u00e4st\u00e4 silikonista, joten se on turvallinen lemmikillesi ja tehty kest\u00e4m\u00e4\u00e4n k\u00e4ytt\u00f6\u00e4. L\u00e4pin\u00e4kyv\u00e4 materiaali helpottaa puhtauden seuraamista ja takaa hygienisen harjauskokemuksen joka kerta.<\/p>\n<p class=\"\" style=\"text-align: center;\" data-start=\"1050\" data-end=\"1171\"><img decoding=\"async\" class=\"alignnone size-medium wp-image-12417\" src=\"https:\/\/keluvo.com\/template\/wp-content\/uploads\/sites\/5\/2025\/03\/S8f46b9cbadf64de99591c09a2595f614L.jpeg\" alt=\"\" \/>\u200b<\/p>\n<h2 style=\"text-align: center;\" data-start=\"1173\" data-end=\"1199\">Kompakti ja K\u00e4tev\u00e4<\/h2>\n<p class=\"\" style=\"text-align: center;\" data-start=\"1201\" data-end=\"1326\"><span class=\"relative -mx-px my-[-0.2rem] rounded px-px py-[0.2rem]\">Pienen kokonsa (55 mm x 23 mm) ja vain noin 5 gramman painonsa ansiosta harja on helppo s\u00e4ilytt\u00e4\u00e4 ja kuljettaa mukana. Kevyt ja k\u00e4yt\u00e4nn\u00f6llinen \u2013 t\u00e4ydellinen my\u00f6s matkalle mukaan, jotta lemmikkisi hammashygienia s\u00e4ilyy miss\u00e4 tahansa oletkin.<\/span>\u200b<\/p>\n<h2 style=\"text-align: center;\" data-start=\"1328\" data-end=\"1343\">K\u00e4ytt\u00f6:<\/h2>\n<ol>\n<li data-start=\"1348\" data-end=\"1433\"><span class=\"relative -mx-px my-[-0.2rem] rounded px-px py-[0.2rem]\"><strong>Valmistele<\/strong>: Aseta harja sormeesi ja lis\u00e4\u00e4 pieni m\u00e4\u00e4r\u00e4 lemmikeille tarkoitettua hammastahnaa.<\/span>\u200b<\/li>\n<li data-start=\"1348\" data-end=\"1433\"><span class=\"relative -mx-px my-[-0.2rem] rounded px-px py-[0.2rem]\"><strong data-start=\"0\" data-end=\"9\" data-is-only-node=\"\">Harjaa<\/strong>: Puhdista hampaat ja ikenet hell\u00e4varaisesti py\u00f6rivin liikkein \u2013 \u00e4l\u00e4 unohda takahampaita.<\/span><\/li>\n<li data-start=\"1348\" data-end=\"1433\"><span class=\"relative -mx-px my-[-0.2rem] rounded px-px py-[0.2rem]\"><strong>Puhdista harja<\/strong>: Huuhtele huolellisesti vedell\u00e4 ja anna kuivua ilmavasti.<\/span>\u200b<\/li>\n<\/ol>\n","protected":false},"excerpt":{"rendered":"<p>Helppok\u00e4ytt\u00f6inen T\u00e4m\u00e4 hammasharja on suunniteltu istumaan mukavasti sormeen, mik\u00e4 helpottaa hammasharjan hallintaa ja ulottumista lemmikkisi suun vaikeasti tavoitettaviin kohtiin. Muotoilu [&hellip;]<\/p>\n","protected":false},"featured_media":6964,"comment_status":"open","ping_status":"closed","template":"","meta":{"site-sidebar-layout":"default","site-content-layout":"","ast-site-content-layout":"default","site-content-style":"default","site-sidebar-style":"default","ast-global-header-display":"","ast-banner-title-visibility":"","ast-main-header-display":"","ast-hfb-above-header-display":"","ast-hfb-below-header-display":"","ast-hfb-mobile-header-display":"","site-post-title":"","ast-breadcrumbs-content":"","ast-featured-img":"","footer-sml-layout":"","theme-transparent-header-meta":"default","adv-header-id-meta":"","stick-header-meta":"","header-above-stick-meta":"","header-main-stick-meta":"","header-below-stick-meta":"","astra-migrate-meta-layouts":"set","ast-page-background-enabled":"default","ast-page-background-meta":{"desktop":{"background-color":"var(--ast-global-color-4)","background-image":"","background-repeat":"repeat","background-position":"center center","background-size":"auto","background-attachment":"scroll","background-type":"","background-media":"","overlay-type":"","overlay-color":"","overlay-opacity":"","overlay-gradient":""},"tablet":{"background-color":"","background-image":"","background-repeat":"repeat","background-position":"center center","background-size":"auto","background-attachment":"scroll","background-type":"","background-media":"","overlay-type":"","overlay-color":"","overlay-opacity":"","overlay-gradient":""},"mobile":{"background-color":"","background-image":"","background-repeat":"repeat","background-position":"center center","background-size":"auto","background-attachment":"scroll","background-type":"","background-media":"","overlay-type":"","overlay-color":"","overlay-opacity":"","overlay-gradient":""}},"ast-content-background-meta":{"desktop":{"background-color":"var(--ast-global-color-5)","background-image":"","background-repeat":"repeat","background-position":"center center","background-size":"auto","background-attachment":"scroll","background-type":"","background-media":"","overlay-type":"","overlay-color":"","overlay-opacity":"","overlay-gradient":""},"tablet":{"background-color":"var(--ast-global-color-5)","background-image":"","background-repeat":"repeat","background-position":"center center","background-size":"auto","background-attachment":"scroll","background-type":"","background-media":"","overlay-type":"","overlay-color":"","overlay-opacity":"","overlay-gradient":""},"mobile":{"background-color":"var(--ast-global-color-5)","background-image":"","background-repeat":"repeat","background-position":"center center","background-size":"auto","background-attachment":"scroll","background-type":"","background-media":"","overlay-type":"","overlay-color":"","overlay-opacity":"","overlay-gradient":""}}},"product_brand":[],"product_cat":[997],"product_tag":[],"class_list":{"0":"post-6970","1":"product","2":"type-product","3":"status-publish","4":"has-post-thumbnail","6":"product_cat-pets-products","7":"pa_8snf30av-2-kpl","8":"pa_8snf30av-5-kpl","9":"pa_8snf30av-10-kpl","10":"desktop-align-left","11":"tablet-align-left","12":"mobile-align-left","14":"first","15":"instock","16":"shipping-taxable","17":"purchasable","18":"product-type-variable"},"_links":{"self":[{"href":"https:\/\/keluvo.com\/fi\/wp-json\/wp\/v2\/product\/6970","targetHints":{"allow":["GET"]}}],"collection":[{"href":"https:\/\/keluvo.com\/fi\/wp-json\/wp\/v2\/product"}],"about":[{"href":"https:\/\/keluvo.com\/fi\/wp-json\/wp\/v2\/types\/product"}],"replies":[{"embeddable":true,"href":"https:\/\/keluvo.com\/fi\/wp-json\/wp\/v2\/comments?post=6970"}],"wp:featuredmedia":[{"embeddable":true,"href":"https:\/\/keluvo.com\/fi\/wp-json\/wp\/v2\/media\/6964"}],"wp:attachment":[{"href":"https:\/\/keluvo.com\/fi\/wp-json\/wp\/v2\/media?parent=6970"}],"wp:term":[{"taxonomy":"product_brand","embeddable":true,"href":"https:\/\/keluvo.com\/fi\/wp-json\/wp\/v2\/product_brand?post=6970"},{"taxonomy":"product_cat","embeddable":true,"href":"https:\/\/keluvo.com\/fi\/wp-json\/wp\/v2\/product_cat?post=6970"},{"taxonomy":"product_tag","embeddable":true,"href":"https:\/\/keluvo.com\/fi\/wp-json\/wp\/v2\/product_tag?post=6970"}],"curies":[{"name":"wp","href":"https:\/\/api.w.org\/{rel}","templated":true}]}}