{"id":6926,"date":"2025-03-21T19:21:06","date_gmt":"2025-03-21T17:21:06","guid":{"rendered":"https:\/\/keluvo.com\/fi\/product\/kynsilakanpoistoaine-2\/"},"modified":"2025-09-22T18:53:57","modified_gmt":"2025-09-22T15:53:57","slug":"kynsilakanpoistoaine","status":"publish","type":"product","link":"https:\/\/keluvo.com\/fi\/product\/kynsilakanpoistoaine\/","title":{"rendered":"Kynsilakanpoistoaine"},"content":{"rendered":"<h2 style=\"text-align: center;\" data-start=\"46\" data-end=\"76\">Nopea Poisto<\/h2>\n<p style=\"text-align: center;\" data-start=\"78\" data-end=\"235\">Gelikynsilakanpoistoaineemme liuottaa tehokkaasti geelilakan, UV-geelin ja puolikiinte\u00e4n lakan. Levit\u00e4, odota muutama minuutti, ja lakka irtoaa helposti \u2013 s\u00e4\u00e4st\u00e4t aikaa ja vaivaa.<\/p>\n<p data-start=\"78\" data-end=\"235\"><img decoding=\"async\" class=\"size-medium wp-image-12727 aligncenter\" src=\"https:\/\/keluvo.com\/template\/wp-content\/uploads\/sites\/5\/2025\/02\/nailpolishremover-ezgif.com-gif-to-webp-converter.webp\" alt=\"\" \/><\/p>\n<h2 style=\"text-align: center;\" data-start=\"237\" data-end=\"256\">Hell\u00e4varainen Kynsille<\/h2>\n<p style=\"text-align: center;\" data-start=\"258\" data-end=\"415\">Tehokkuudestaan huolimatta t\u00e4m\u00e4 poistoaine on hell\u00e4varainen kynsillesi. Se irrottaa lakan kuivattamatta tai vahingoittamatta kynsi\u00e4, jolloin ne pysyv\u00e4t tervein\u00e4 ja silein\u00e4 jokaisen k\u00e4ytt\u00f6kerran j\u00e4lkeen.<\/p>\n<h2 style=\"text-align: center;\" data-start=\"417\" data-end=\"432\">Helppo K\u00e4ytt\u00e4\u00e4<\/h2>\n<p><img decoding=\"async\" class=\"size-medium wp-image-12724 aligncenter\" src=\"https:\/\/keluvo.com\/template\/wp-content\/uploads\/sites\/5\/2025\/02\/615OGG45RzL._SL1500_.jpg\" alt=\"\" \/><\/p>\n<ol style=\"text-align: center;\" data-start=\"434\" data-end=\"788\">\n<li data-start=\"434\" data-end=\"518\">\n<p data-start=\"437\" data-end=\"518\">Viilaa geelikynnen pinta, jotta suojakerros rikkoutuu.\u200b<\/p>\n<\/li>\n<li data-start=\"520\" data-end=\"608\">\n<p data-start=\"523\" data-end=\"608\">Levit\u00e4 poistoainetta koko kynnen alueelle.\u200b<\/p>\n<\/li>\n<li data-start=\"610\" data-end=\"698\">\n<p data-start=\"613\" data-end=\"698\">Anna vaikuttaa 3\u20135 minuuttia.\u200b<\/p>\n<\/li>\n<li data-start=\"700\" data-end=\"788\">\n<p data-start=\"703\" data-end=\"788\">Raaputa pehmentynyt geeli varovasti pois kynsinauhaty\u00f6ntimell\u00e4.\u200b<\/p>\n<\/li>\n<\/ol>\n<p style=\"text-align: center;\" data-start=\"790\" data-end=\"915\">T\u00e4ll\u00e4 yksinkertaisella menetelm\u00e4ll\u00e4 voit poistaa geelilakan kotona ilman liottamista tai folioon k\u00e4\u00e4rimist\u00e4.<\/p>\n<h2 style=\"text-align: center;\" data-start=\"917\" data-end=\"952\">Sopii Kaikille Kynsityypeille<\/h2>\n<p style=\"text-align: center;\" data-start=\"954\" data-end=\"1119\">Olipa sinulla UV-geelikynnet, akryylikynnet tai luonnonkynnet, t\u00e4m\u00e4 poistoaine toimii tehokkaasti kaikille kynsityypeille. Saat puhtaan lopputuloksen ilman k\u00e4ynti\u00e4 kynsisalongissa.<\/p>\n<p data-start=\"954\" data-end=\"1119\"><img decoding=\"async\" class=\"size-medium wp-image-12726 aligncenter\" src=\"https:\/\/keluvo.com\/template\/wp-content\/uploads\/sites\/5\/2025\/02\/61vg6wONySL._SL1500_.jpg\" alt=\"\" \/><\/p>\n<h2 style=\"text-align: center;\" data-start=\"1121\" data-end=\"1157\">T\u00e4ydellinen DIY-Kynsien Harrastajille<\/h2>\n<p style=\"text-align: center;\" data-start=\"1159\" data-end=\"1324\">T\u00e4ydellinen valinta sinulle, joka pid\u00e4t kynsien laittamisesta itse. Kynsilakanpoistoaine on k\u00e4tev\u00e4, helppok\u00e4ytt\u00f6inen ja helppo kuljettaa mukana. Erinomainen lahja kaikille, jotka rakastavat kynsitaidetta.<\/p>\n<h2 style=\"text-align: center;\" data-start=\"1326\" data-end=\"1345\">Tekniset tiedot:<\/h2>\n<ul style=\"text-align: center;\" data-start=\"1347\" data-end=\"1649\">\n<li data-start=\"1347\" data-end=\"1448\">\n<p style=\"text-align: left;\" data-start=\"1349\" data-end=\"1448\"><strong>Materiaali<\/strong>: Luonnonhartsipohjaiset ainesosat\u200b<\/p>\n<\/li>\n<li style=\"text-align: left;\" data-start=\"1450\" data-end=\"1548\">\n<p data-start=\"1452\" data-end=\"1548\"><strong>V\u00e4ri<\/strong>: L\u00e4pin\u00e4kyv\u00e4<\/p>\n<\/li>\n<li data-start=\"1550\" data-end=\"1649\">\n<p style=\"text-align: left;\" data-start=\"1552\" data-end=\"1649\"><strong>Tilavuus<\/strong>: <span class=\"relative -mx-px my-[-0.2rem] rounded px-px py-[0.2rem]\">15ml<\/span>\u200b<\/p>\n<\/li>\n<\/ul>\n<h2 style=\"text-align: center;\" data-start=\"1651\" data-end=\"1672\">Pakkaus Sis\u00e4lt\u00e4\u00e4:<\/h2>\n<ul data-start=\"1674\" data-end=\"1761\">\n<li style=\"text-align: left;\" data-start=\"1674\" data-end=\"1761\"><span class=\"relative -mx-px my-[-0.2rem] rounded px-px py-[0.2rem]\">1, 2, 4x Kynsilakanpoistoaine (15ml)<\/span>\u200b<\/li>\n<\/ul>\n","protected":false},"excerpt":{"rendered":"<p>Nopea Poisto Gelikynsilakanpoistoaineemme liuottaa tehokkaasti geelilakan, UV-geelin ja puolikiinte\u00e4n lakan. Levit\u00e4, odota muutama minuutti, ja lakka irtoaa helposti \u2013 s\u00e4\u00e4st\u00e4t [&hellip;]<\/p>\n","protected":false},"featured_media":6922,"comment_status":"open","ping_status":"closed","template":"","meta":{"site-sidebar-layout":"default","site-content-layout":"","ast-site-content-layout":"default","site-content-style":"default","site-sidebar-style":"default","ast-global-header-display":"","ast-banner-title-visibility":"","ast-main-header-display":"","ast-hfb-above-header-display":"","ast-hfb-below-header-display":"","ast-hfb-mobile-header-display":"","site-post-title":"","ast-breadcrumbs-content":"","ast-featured-img":"","footer-sml-layout":"","theme-transparent-header-meta":"default","adv-header-id-meta":"","stick-header-meta":"","header-above-stick-meta":"","header-main-stick-meta":"","header-below-stick-meta":"","astra-migrate-meta-layouts":"set","ast-page-background-enabled":"default","ast-page-background-meta":{"desktop":{"background-color":"var(--ast-global-color-4)","background-image":"","background-repeat":"repeat","background-position":"center center","background-size":"auto","background-attachment":"scroll","background-type":"","background-media":"","overlay-type":"","overlay-color":"","overlay-opacity":"","overlay-gradient":""},"tablet":{"background-color":"","background-image":"","background-repeat":"repeat","background-position":"center center","background-size":"auto","background-attachment":"scroll","background-type":"","background-media":"","overlay-type":"","overlay-color":"","overlay-opacity":"","overlay-gradient":""},"mobile":{"background-color":"","background-image":"","background-repeat":"repeat","background-position":"center center","background-size":"auto","background-attachment":"scroll","background-type":"","background-media":"","overlay-type":"","overlay-color":"","overlay-opacity":"","overlay-gradient":""}},"ast-content-background-meta":{"desktop":{"background-color":"var(--ast-global-color-5)","background-image":"","background-repeat":"repeat","background-position":"center center","background-size":"auto","background-attachment":"scroll","background-type":"","background-media":"","overlay-type":"","overlay-color":"","overlay-opacity":"","overlay-gradient":""},"tablet":{"background-color":"var(--ast-global-color-5)","background-image":"","background-repeat":"repeat","background-position":"center center","background-size":"auto","background-attachment":"scroll","background-type":"","background-media":"","overlay-type":"","overlay-color":"","overlay-opacity":"","overlay-gradient":""},"mobile":{"background-color":"var(--ast-global-color-5)","background-image":"","background-repeat":"repeat","background-position":"center center","background-size":"auto","background-attachment":"scroll","background-type":"","background-media":"","overlay-type":"","overlay-color":"","overlay-opacity":"","overlay-gradient":""}}},"product_brand":[],"product_cat":[992],"product_tag":[],"class_list":{"0":"post-6926","1":"product","2":"type-product","3":"status-publish","4":"has-post-thumbnail","6":"product_cat-beauty-and-hygiene-products","7":"desktop-align-left","8":"tablet-align-left","9":"mobile-align-left","11":"first","12":"instock","13":"shipping-taxable","14":"purchasable","15":"product-type-variable"},"_links":{"self":[{"href":"https:\/\/keluvo.com\/fi\/wp-json\/wp\/v2\/product\/6926","targetHints":{"allow":["GET"]}}],"collection":[{"href":"https:\/\/keluvo.com\/fi\/wp-json\/wp\/v2\/product"}],"about":[{"href":"https:\/\/keluvo.com\/fi\/wp-json\/wp\/v2\/types\/product"}],"replies":[{"embeddable":true,"href":"https:\/\/keluvo.com\/fi\/wp-json\/wp\/v2\/comments?post=6926"}],"wp:featuredmedia":[{"embeddable":true,"href":"https:\/\/keluvo.com\/fi\/wp-json\/wp\/v2\/media\/6922"}],"wp:attachment":[{"href":"https:\/\/keluvo.com\/fi\/wp-json\/wp\/v2\/media?parent=6926"}],"wp:term":[{"taxonomy":"product_brand","embeddable":true,"href":"https:\/\/keluvo.com\/fi\/wp-json\/wp\/v2\/product_brand?post=6926"},{"taxonomy":"product_cat","embeddable":true,"href":"https:\/\/keluvo.com\/fi\/wp-json\/wp\/v2\/product_cat?post=6926"},{"taxonomy":"product_tag","embeddable":true,"href":"https:\/\/keluvo.com\/fi\/wp-json\/wp\/v2\/product_tag?post=6926"}],"curies":[{"name":"wp","href":"https:\/\/api.w.org\/{rel}","templated":true}]}}