{"id":6901,"date":"2025-03-20T20:58:02","date_gmt":"2025-03-20T18:58:02","guid":{"rendered":"https:\/\/keluvo.com\/fi\/product\/keijupuutarha-veistos\/"},"modified":"2025-07-04T17:25:55","modified_gmt":"2025-07-04T15:25:55","slug":"tanssiva-keiju-puutarhaveistos","status":"publish","type":"product","link":"https:\/\/keluvo.com\/fi\/product\/tanssiva-keiju-puutarhaveistos\/","title":{"rendered":"Tanssiva keiju -puutarhaveistos"},"content":{"rendered":"<h2 style=\"text-align: center;\" data-start=\"75\" data-end=\"128\">Lumoava muotoilu muuttaa puutarhasi<\/h2>\n<p style=\"text-align: center;\" data-start=\"130\" data-end=\"287\">Lis\u00e4\u00e4 puutarhaasi ripaus taikaa tanssivilla keijuilla ja voikukkaveistoksillamme. N\u00e4iss\u00e4 kiehtovissa teoksissa keijut tanssivat sulavasti voikukkien kanssa, luoden satumaisen tunnelman, joka ilahduttaa sek\u00e4 lapsia ett\u00e4 aikuisia. Yksityiskohtainen muotoilu ja eloisat asennot tekev\u00e4t niist\u00e4 vieh\u00e4tt\u00e4v\u00e4n katseenvangitsijan miss\u00e4 tahansa ulkotilassa.<\/p>\n<p style=\"text-align: center;\" data-start=\"130\" data-end=\"287\"><img decoding=\"async\" class=\"alignnone size-medium wp-image-12710\" src=\"https:\/\/keluvo.com\/template\/wp-content\/uploads\/sites\/5\/2025\/01\/fairygardendecorationgif-ezgif.com-gif-to-webp-converter.webp\" alt=\"\" \/>\u200b<\/p>\n<h2 style=\"text-align: center;\" data-start=\"289\" data-end=\"336\">Korkealaatuinen k\u00e4sity\u00f6<\/h2>\n<p style=\"text-align: center;\" data-start=\"338\" data-end=\"457\">Korkealaatuisesta metallista valmistetut veistokset on suunniteltu kest\u00e4m\u00e4\u00e4n vaihtelevia s\u00e4\u00e4olosuhteita, mik\u00e4 takaa niiden kauneuden s\u00e4ilymisen ymp\u00e4ri vuoden. Vankka rakenne mahdollistaa lumoavasta l\u00e4sn\u00e4olosta nauttimisen ilman huolta s\u00e4\u00e4n vaikutuksista.<\/p>\n<p style=\"text-align: center;\" data-start=\"338\" data-end=\"457\"><img decoding=\"async\" class=\"alignnone size-medium wp-image-12709\" src=\"https:\/\/keluvo.com\/template\/wp-content\/uploads\/sites\/5\/2025\/01\/main-image-16.jpeg\" alt=\"\" \/>\u200b<\/p>\n<h2 style=\"text-align: center;\" data-start=\"459\" data-end=\"505\">T\u00e4ydellinen jokaiseen puutarhaan<\/h2>\n<p style=\"text-align: center;\" data-start=\"507\" data-end=\"626\">75 cm korkeina n\u00e4m\u00e4 veistokset ovat juuri sopivan kokoisia t\u00e4ydent\u00e4m\u00e4\u00e4n puutarhaa, pihaa, terassia tai vaikka sis\u00e4tiloja. Ne tuovat tilaan eloa, liikett\u00e4 ja ripauksen keijumaista taikaa \u2013 monik\u00e4ytt\u00f6inen lis\u00e4 mihin tahansa ymp\u00e4rist\u00f6\u00f6n.<\/p>\n<p style=\"text-align: center;\" data-start=\"507\" data-end=\"626\"><img decoding=\"async\" class=\"alignnone size-medium wp-image-12711\" src=\"https:\/\/keluvo.com\/template\/wp-content\/uploads\/sites\/5\/2025\/01\/main-image-1.jpeg\" alt=\"\" \/>\u200b<\/p>\n<h2 style=\"text-align: center;\" data-start=\"628\" data-end=\"671\">Helppo Asennus<\/h2>\n<p style=\"text-align: center;\" data-start=\"673\" data-end=\"838\">Keijuveistosten pystytt\u00e4minen on helppoa ja nopeaa. Ty\u00f6nn\u00e4 vain metalliseiv\u00e4s haluamaasi kohtaan maahan tai puutarhapenkkiin. Jos kuljetus on aiheuttanut pient\u00e4 taipumaa, voit muotoilla veistosta varovasti parhaimman esillepanon saavuttamiseksi.<\/p>\n<h2 style=\"text-align: center;\" data-start=\"840\" data-end=\"874\">Harkittu lahja rakkaillesi<\/h2>\n<p style=\"text-align: center;\" data-start=\"876\" data-end=\"1001\">N\u00e4m\u00e4 keijuvoikukkaveistokset ovat hurmaava lahjaidea puutarhataiteen yst\u00e4ville. Ne sopivat t\u00e4ydellisesti perheelle, yst\u00e4ville tai kenelle tahansa, joka arvostaa kaunista k\u00e4sity\u00f6t\u00e4 ja taianomaista tunnelmaa. Lahja, joka ilahduttaa varmasti.\u200b<\/p>\n<p style=\"text-align: center;\" data-start=\"1003\" data-end=\"1088\">\n","protected":false},"excerpt":{"rendered":"<p>Lumoava muotoilu muuttaa puutarhasi Lis\u00e4\u00e4 puutarhaasi ripaus taikaa tanssivilla keijuilla ja voikukkaveistoksillamme. N\u00e4iss\u00e4 kiehtovissa teoksissa keijut tanssivat sulavasti voikukkien kanssa, [&hellip;]<\/p>\n","protected":false},"featured_media":6895,"comment_status":"open","ping_status":"closed","template":"","meta":{"site-sidebar-layout":"default","site-content-layout":"","ast-site-content-layout":"default","site-content-style":"default","site-sidebar-style":"default","ast-global-header-display":"","ast-banner-title-visibility":"","ast-main-header-display":"","ast-hfb-above-header-display":"","ast-hfb-below-header-display":"","ast-hfb-mobile-header-display":"","site-post-title":"","ast-breadcrumbs-content":"","ast-featured-img":"","footer-sml-layout":"","theme-transparent-header-meta":"default","adv-header-id-meta":"","stick-header-meta":"","header-above-stick-meta":"","header-main-stick-meta":"","header-below-stick-meta":"","astra-migrate-meta-layouts":"set","ast-page-background-enabled":"default","ast-page-background-meta":{"desktop":{"background-color":"var(--ast-global-color-4)","background-image":"","background-repeat":"repeat","background-position":"center center","background-size":"auto","background-attachment":"scroll","background-type":"","background-media":"","overlay-type":"","overlay-color":"","overlay-opacity":"","overlay-gradient":""},"tablet":{"background-color":"","background-image":"","background-repeat":"repeat","background-position":"center center","background-size":"auto","background-attachment":"scroll","background-type":"","background-media":"","overlay-type":"","overlay-color":"","overlay-opacity":"","overlay-gradient":""},"mobile":{"background-color":"","background-image":"","background-repeat":"repeat","background-position":"center center","background-size":"auto","background-attachment":"scroll","background-type":"","background-media":"","overlay-type":"","overlay-color":"","overlay-opacity":"","overlay-gradient":""}},"ast-content-background-meta":{"desktop":{"background-color":"var(--ast-global-color-5)","background-image":"","background-repeat":"repeat","background-position":"center center","background-size":"auto","background-attachment":"scroll","background-type":"","background-media":"","overlay-type":"","overlay-color":"","overlay-opacity":"","overlay-gradient":""},"tablet":{"background-color":"var(--ast-global-color-5)","background-image":"","background-repeat":"repeat","background-position":"center center","background-size":"auto","background-attachment":"scroll","background-type":"","background-media":"","overlay-type":"","overlay-color":"","overlay-opacity":"","overlay-gradient":""},"mobile":{"background-color":"var(--ast-global-color-5)","background-image":"","background-repeat":"repeat","background-position":"center center","background-size":"auto","background-attachment":"scroll","background-type":"","background-media":"","overlay-type":"","overlay-color":"","overlay-opacity":"","overlay-gradient":""}}},"product_brand":[],"product_cat":[993],"product_tag":[],"class_list":{"0":"post-6901","1":"product","2":"type-product","3":"status-publish","4":"has-post-thumbnail","6":"product_cat-footwear-accessories","7":"pa_pzkl5yuj-a","8":"pa_pzkl5yuj-b","9":"pa_pzkl5yuj-c","10":"pa_pzkl5yuj-d","11":"pa_pzkl5yuj-e","12":"desktop-align-left","13":"tablet-align-left","14":"mobile-align-left","16":"first","17":"instock","18":"shipping-taxable","19":"purchasable","20":"product-type-variable"},"_links":{"self":[{"href":"https:\/\/keluvo.com\/fi\/wp-json\/wp\/v2\/product\/6901","targetHints":{"allow":["GET"]}}],"collection":[{"href":"https:\/\/keluvo.com\/fi\/wp-json\/wp\/v2\/product"}],"about":[{"href":"https:\/\/keluvo.com\/fi\/wp-json\/wp\/v2\/types\/product"}],"replies":[{"embeddable":true,"href":"https:\/\/keluvo.com\/fi\/wp-json\/wp\/v2\/comments?post=6901"}],"wp:featuredmedia":[{"embeddable":true,"href":"https:\/\/keluvo.com\/fi\/wp-json\/wp\/v2\/media\/6895"}],"wp:attachment":[{"href":"https:\/\/keluvo.com\/fi\/wp-json\/wp\/v2\/media?parent=6901"}],"wp:term":[{"taxonomy":"product_brand","embeddable":true,"href":"https:\/\/keluvo.com\/fi\/wp-json\/wp\/v2\/product_brand?post=6901"},{"taxonomy":"product_cat","embeddable":true,"href":"https:\/\/keluvo.com\/fi\/wp-json\/wp\/v2\/product_cat?post=6901"},{"taxonomy":"product_tag","embeddable":true,"href":"https:\/\/keluvo.com\/fi\/wp-json\/wp\/v2\/product_tag?post=6901"}],"curies":[{"name":"wp","href":"https:\/\/api.w.org\/{rel}","templated":true}]}}